{"id":7750,"date":"2023-03-13T08:31:08","date_gmt":"2023-03-13T00:31:08","guid":{"rendered":"https:\/\/www.vape4wholesale.com\/?post_type=product&#038;p=7750"},"modified":"2026-01-26T13:43:02","modified_gmt":"2026-01-26T13:43:02","slug":"rm-monster-6000-puffs-einweg-vape-groshandel","status":"publish","type":"product","link":"https:\/\/www.vape4wholesale.com\/de\/product\/rm-monster-6000-puffs-disposable-vape-wholesale","title":{"rendered":"R&amp;M Monster 6000 Puffs Einweg Vape Gro\u00dfhandel"},"content":{"rendered":"<p>R&amp;M Monster 6000 ist ein wiederaufladbarer Einwegdampfer mit eingebautem Akku und 13ml E-Liquid-\u00d6l-Kapazit\u00e4t f\u00fcr 6.000 Z\u00fcge, ultraniedrigem Widerstand, 1.0\u03a9 Mesh-Kern, gro\u00dfen Z\u00fcgen, s\u00fc\u00dfem Geschmack und einer Vielzahl von Geschmacksrichtungen zur Auswahl.<\/p>\n<p>&nbsp;<\/p>\n<h2>R&amp;M Monster 6000 Disposable Vape Spezifikationen:<\/h2>\n<p>Marke: R&amp;M<\/p>\n<p>Puffs:6000 Puffs sind pro Ger\u00e4t verf\u00fcgbar.<\/p>\n<p>Nicotine:5%\/2%\/3%0%<\/p>\n<p>E-Saft Kapazit\u00e4t:13ML<\/p>\n<p>Ladeanschluss:Typ C<\/p>\n<p>Widerstand: 1.0\u03a9 Mesh Coil<\/p>\n<p>&nbsp;<\/p>\n<h2>Geschm\u00e4cker<\/h2>\n<p>Blaues Razzeis<\/p>\n<p>Heidelbeer-Trauben-Eis<\/p>\n<p>Heidelbeer-Himbeer-Eis<\/p>\n<p>Kiwi Drachenbeere<\/p>\n<p>Mango-Zitroneneis<\/p>\n<p>Gemischtes Obst<\/p>\n<p>Herr Blau<\/p>\n<p>Pfirsich-Passionsfrucht-Gumi<\/p>\n<p>Rosa Limonade<\/p>\n<p>Regenbogen-Bonbon<\/p>\n<p>Erdbeer-Kiwi-Eis<\/p>\n<p>Wassermelone Eis<\/p>\n<p>&nbsp;<\/p>\n<h2>Verpackung &amp; Gewicht<\/h2>\n<p>0.07KG\/PCS, einzeln mit kleiner Verpackung, 10 St\u00fcck in einer mittleren Schachtel.<\/p>\n<p>300PCS im Umkarton, 21 KG.<\/p>\n<p><img loading=\"lazy\" decoding=\"async\" class=\"alignnone size-full wp-image-12176\" title=\"RM Monster 6000 Puffs Einweg Vape Gro\u00dfhandel\" src=\"https:\/\/www.vape4wholesale.com\/wp-content\/uploads\/2023\/03\/RM-Monster-6000-Puffs-Disposable-Vape-Wholesale.jpg\" alt=\"RM Monster 6000 Puffs Einweg Vape Gro\u00dfhandel\" width=\"800\" height=\"1085\" srcset=\"https:\/\/www.vape4wholesale.com\/wp-content\/uploads\/2023\/03\/RM-Monster-6000-Puffs-Disposable-Vape-Wholesale.jpg 800w, https:\/\/www.vape4wholesale.com\/wp-content\/uploads\/2023\/03\/RM-Monster-6000-Puffs-Disposable-Vape-Wholesale-510x692.jpg 510w, https:\/\/www.vape4wholesale.com\/wp-content\/uploads\/2023\/03\/RM-Monster-6000-Puffs-Disposable-Vape-Wholesale-64x87.jpg 64w, https:\/\/www.vape4wholesale.com\/wp-content\/uploads\/2023\/03\/RM-Monster-6000-Puffs-Disposable-Vape-Wholesale-221x300.jpg 221w, https:\/\/www.vape4wholesale.com\/wp-content\/uploads\/2023\/03\/RM-Monster-6000-Puffs-Disposable-Vape-Wholesale-755x1024.jpg 755w, https:\/\/www.vape4wholesale.com\/wp-content\/uploads\/2023\/03\/RM-Monster-6000-Puffs-Disposable-Vape-Wholesale-768x1042.jpg 768w\" sizes=\"auto, (max-width: 800px) 100vw, 800px\" \/> <img loading=\"lazy\" decoding=\"async\" class=\"alignnone size-full wp-image-12177\" title=\"RM Monster 6000 Puffs Einweg Vape Gro\u00dfhandel Heidelbeere Traube Eis\" src=\"https:\/\/www.vape4wholesale.com\/wp-content\/uploads\/2023\/03\/RM-Monster-6000-Puffs-Disposable-Vape-Wholesale-Blueberry-Grape-Ice.jpg\" alt=\"RM Monster 6000 Puffs Einweg Vape Gro\u00dfhandel Heidelbeere Traube Eis\" width=\"800\" height=\"800\" srcset=\"https:\/\/www.vape4wholesale.com\/wp-content\/uploads\/2023\/03\/RM-Monster-6000-Puffs-Disposable-Vape-Wholesale-Blueberry-Grape-Ice.jpg 800w, https:\/\/www.vape4wholesale.com\/wp-content\/uploads\/2023\/03\/RM-Monster-6000-Puffs-Disposable-Vape-Wholesale-Blueberry-Grape-Ice-247x247.jpg 247w, https:\/\/www.vape4wholesale.com\/wp-content\/uploads\/2023\/03\/RM-Monster-6000-Puffs-Disposable-Vape-Wholesale-Blueberry-Grape-Ice-100x100.jpg 100w, https:\/\/www.vape4wholesale.com\/wp-content\/uploads\/2023\/03\/RM-Monster-6000-Puffs-Disposable-Vape-Wholesale-Blueberry-Grape-Ice-510x510.jpg 510w, https:\/\/www.vape4wholesale.com\/wp-content\/uploads\/2023\/03\/RM-Monster-6000-Puffs-Disposable-Vape-Wholesale-Blueberry-Grape-Ice-64x64.jpg 64w, https:\/\/www.vape4wholesale.com\/wp-content\/uploads\/2023\/03\/RM-Monster-6000-Puffs-Disposable-Vape-Wholesale-Blueberry-Grape-Ice-300x300.jpg 300w, https:\/\/www.vape4wholesale.com\/wp-content\/uploads\/2023\/03\/RM-Monster-6000-Puffs-Disposable-Vape-Wholesale-Blueberry-Grape-Ice-150x150.jpg 150w, https:\/\/www.vape4wholesale.com\/wp-content\/uploads\/2023\/03\/RM-Monster-6000-Puffs-Disposable-Vape-Wholesale-Blueberry-Grape-Ice-768x768.jpg 768w\" sizes=\"auto, (max-width: 800px) 100vw, 800px\" \/> <img loading=\"lazy\" decoding=\"async\" class=\"alignnone size-full wp-image-12178\" title=\"RM Monster 6000 Puffs Einweg Vape Gro\u00dfhandel Heidelbeere Himbeere Eis\" src=\"https:\/\/www.vape4wholesale.com\/wp-content\/uploads\/2023\/03\/RM-Monster-6000-Puffs-Disposable-Vape-Wholesale-Blueberry-Raspberry-Ice.jpg\" alt=\"RM Monster 6000 Puffs Einweg Vape Gro\u00dfhandel Heidelbeere Himbeere Eis\" width=\"800\" height=\"800\" srcset=\"https:\/\/www.vape4wholesale.com\/wp-content\/uploads\/2023\/03\/RM-Monster-6000-Puffs-Disposable-Vape-Wholesale-Blueberry-Raspberry-Ice.jpg 800w, https:\/\/www.vape4wholesale.com\/wp-content\/uploads\/2023\/03\/RM-Monster-6000-Puffs-Disposable-Vape-Wholesale-Blueberry-Raspberry-Ice-247x247.jpg 247w, https:\/\/www.vape4wholesale.com\/wp-content\/uploads\/2023\/03\/RM-Monster-6000-Puffs-Disposable-Vape-Wholesale-Blueberry-Raspberry-Ice-100x100.jpg 100w, https:\/\/www.vape4wholesale.com\/wp-content\/uploads\/2023\/03\/RM-Monster-6000-Puffs-Disposable-Vape-Wholesale-Blueberry-Raspberry-Ice-510x510.jpg 510w, https:\/\/www.vape4wholesale.com\/wp-content\/uploads\/2023\/03\/RM-Monster-6000-Puffs-Disposable-Vape-Wholesale-Blueberry-Raspberry-Ice-64x64.jpg 64w, https:\/\/www.vape4wholesale.com\/wp-content\/uploads\/2023\/03\/RM-Monster-6000-Puffs-Disposable-Vape-Wholesale-Blueberry-Raspberry-Ice-300x300.jpg 300w, https:\/\/www.vape4wholesale.com\/wp-content\/uploads\/2023\/03\/RM-Monster-6000-Puffs-Disposable-Vape-Wholesale-Blueberry-Raspberry-Ice-150x150.jpg 150w, https:\/\/www.vape4wholesale.com\/wp-content\/uploads\/2023\/03\/RM-Monster-6000-Puffs-Disposable-Vape-Wholesale-Blueberry-Raspberry-Ice-768x768.jpg 768w\" sizes=\"auto, (max-width: 800px) 100vw, 800px\" \/> <img loading=\"lazy\" decoding=\"async\" class=\"alignnone size-full wp-image-12180\" title=\"RM Monster 6000 Puffs Einweg Vape Gro\u00dfhandel Kiwi Dragon Berry\" src=\"https:\/\/www.vape4wholesale.com\/wp-content\/uploads\/2023\/03\/RM-Monster-6000-Puffs-Disposable-Vape-Wholesale-Kiwi-Dragon-Berry.jpg\" alt=\"RM Monster 6000 Puffs Einweg Vape Gro\u00dfhandel Kiwi Dragon Berry\" width=\"800\" height=\"800\" srcset=\"https:\/\/www.vape4wholesale.com\/wp-content\/uploads\/2023\/03\/RM-Monster-6000-Puffs-Disposable-Vape-Wholesale-Kiwi-Dragon-Berry.jpg 800w, https:\/\/www.vape4wholesale.com\/wp-content\/uploads\/2023\/03\/RM-Monster-6000-Puffs-Disposable-Vape-Wholesale-Kiwi-Dragon-Berry-247x247.jpg 247w, https:\/\/www.vape4wholesale.com\/wp-content\/uploads\/2023\/03\/RM-Monster-6000-Puffs-Disposable-Vape-Wholesale-Kiwi-Dragon-Berry-100x100.jpg 100w, https:\/\/www.vape4wholesale.com\/wp-content\/uploads\/2023\/03\/RM-Monster-6000-Puffs-Disposable-Vape-Wholesale-Kiwi-Dragon-Berry-510x510.jpg 510w, https:\/\/www.vape4wholesale.com\/wp-content\/uploads\/2023\/03\/RM-Monster-6000-Puffs-Disposable-Vape-Wholesale-Kiwi-Dragon-Berry-64x64.jpg 64w, https:\/\/www.vape4wholesale.com\/wp-content\/uploads\/2023\/03\/RM-Monster-6000-Puffs-Disposable-Vape-Wholesale-Kiwi-Dragon-Berry-300x300.jpg 300w, https:\/\/www.vape4wholesale.com\/wp-content\/uploads\/2023\/03\/RM-Monster-6000-Puffs-Disposable-Vape-Wholesale-Kiwi-Dragon-Berry-150x150.jpg 150w, https:\/\/www.vape4wholesale.com\/wp-content\/uploads\/2023\/03\/RM-Monster-6000-Puffs-Disposable-Vape-Wholesale-Kiwi-Dragon-Berry-768x768.jpg 768w\" sizes=\"auto, (max-width: 800px) 100vw, 800px\" \/> <img loading=\"lazy\" decoding=\"async\" class=\"alignnone size-full wp-image-12182\" title=\"RM Monster 6000 Puffs Einweg Vape Gro\u00dfhandel gemischte Fr\u00fcchte\" src=\"https:\/\/www.vape4wholesale.com\/wp-content\/uploads\/2023\/03\/RM-Monster-6000-Puffs-Disposable-Vape-Wholesale-Mixed-Fruit.jpg\" alt=\"RM Monster 6000 Puffs Einweg Vape Gro\u00dfhandel gemischte Fr\u00fcchte\" width=\"800\" height=\"800\" srcset=\"https:\/\/www.vape4wholesale.com\/wp-content\/uploads\/2023\/03\/RM-Monster-6000-Puffs-Disposable-Vape-Wholesale-Mixed-Fruit.jpg 800w, https:\/\/www.vape4wholesale.com\/wp-content\/uploads\/2023\/03\/RM-Monster-6000-Puffs-Disposable-Vape-Wholesale-Mixed-Fruit-247x247.jpg 247w, https:\/\/www.vape4wholesale.com\/wp-content\/uploads\/2023\/03\/RM-Monster-6000-Puffs-Disposable-Vape-Wholesale-Mixed-Fruit-100x100.jpg 100w, https:\/\/www.vape4wholesale.com\/wp-content\/uploads\/2023\/03\/RM-Monster-6000-Puffs-Disposable-Vape-Wholesale-Mixed-Fruit-510x510.jpg 510w, https:\/\/www.vape4wholesale.com\/wp-content\/uploads\/2023\/03\/RM-Monster-6000-Puffs-Disposable-Vape-Wholesale-Mixed-Fruit-64x64.jpg 64w, https:\/\/www.vape4wholesale.com\/wp-content\/uploads\/2023\/03\/RM-Monster-6000-Puffs-Disposable-Vape-Wholesale-Mixed-Fruit-300x300.jpg 300w, https:\/\/www.vape4wholesale.com\/wp-content\/uploads\/2023\/03\/RM-Monster-6000-Puffs-Disposable-Vape-Wholesale-Mixed-Fruit-150x150.jpg 150w, https:\/\/www.vape4wholesale.com\/wp-content\/uploads\/2023\/03\/RM-Monster-6000-Puffs-Disposable-Vape-Wholesale-Mixed-Fruit-768x768.jpg 768w\" sizes=\"auto, (max-width: 800px) 100vw, 800px\" \/> <img loading=\"lazy\" decoding=\"async\" class=\"alignnone size-full wp-image-12189\" title=\"RM Monster 6000 Puffs Einweg Vape Gro\u00dfhandel Wassermelone Eis\" src=\"https:\/\/www.vape4wholesale.com\/wp-content\/uploads\/2023\/03\/RM-Monster-6000-Puffs-Disposable-Vape-Wholesale-Watermelon-Ice.jpg\" alt=\"RM Monster 6000 Puffs Einweg Vape Gro\u00dfhandel Wassermelone Eis\" width=\"800\" height=\"800\" srcset=\"https:\/\/www.vape4wholesale.com\/wp-content\/uploads\/2023\/03\/RM-Monster-6000-Puffs-Disposable-Vape-Wholesale-Watermelon-Ice.jpg 800w, https:\/\/www.vape4wholesale.com\/wp-content\/uploads\/2023\/03\/RM-Monster-6000-Puffs-Disposable-Vape-Wholesale-Watermelon-Ice-247x247.jpg 247w, https:\/\/www.vape4wholesale.com\/wp-content\/uploads\/2023\/03\/RM-Monster-6000-Puffs-Disposable-Vape-Wholesale-Watermelon-Ice-100x100.jpg 100w, https:\/\/www.vape4wholesale.com\/wp-content\/uploads\/2023\/03\/RM-Monster-6000-Puffs-Disposable-Vape-Wholesale-Watermelon-Ice-510x510.jpg 510w, https:\/\/www.vape4wholesale.com\/wp-content\/uploads\/2023\/03\/RM-Monster-6000-Puffs-Disposable-Vape-Wholesale-Watermelon-Ice-64x64.jpg 64w, https:\/\/www.vape4wholesale.com\/wp-content\/uploads\/2023\/03\/RM-Monster-6000-Puffs-Disposable-Vape-Wholesale-Watermelon-Ice-300x300.jpg 300w, https:\/\/www.vape4wholesale.com\/wp-content\/uploads\/2023\/03\/RM-Monster-6000-Puffs-Disposable-Vape-Wholesale-Watermelon-Ice-150x150.jpg 150w, https:\/\/www.vape4wholesale.com\/wp-content\/uploads\/2023\/03\/RM-Monster-6000-Puffs-Disposable-Vape-Wholesale-Watermelon-Ice-768x768.jpg 768w\" sizes=\"auto, (max-width: 800px) 100vw, 800px\" \/><\/p>","protected":false},"excerpt":{"rendered":"[scf-template id=&#8217;11434&#8242;]\n","protected":false},"featured_media":12186,"comment_status":"open","ping_status":"closed","template":"","meta":[],"pwb-brand":[1285],"product_cat":[869],"product_tag":[285,396,22,24,173],"class_list":{"0":"post-7750","1":"product","2":"type-product","3":"status-publish","4":"has-post-thumbnail","6":"pwb-brand-r-m","7":"product_cat-5000-8000-puffs","8":"product_tag-13-0ml","9":"product_tag-rm","10":"product_tag-disposable","11":"product_tag-wholesale","12":"product_tag-6000-puffs","13":"wcpa_has_options","15":"first","16":"outofstock","17":"shipping-taxable","18":"purchasable","19":"product-type-variable"},"aioseo_notices":[],"brands":[{"id":1285,"name":"R&amp;M","slug":"r-m"}],"_links":{"self":[{"href":"https:\/\/www.vape4wholesale.com\/de\/wp-json\/wp\/v2\/product\/7750","targetHints":{"allow":["GET"]}}],"collection":[{"href":"https:\/\/www.vape4wholesale.com\/de\/wp-json\/wp\/v2\/product"}],"about":[{"href":"https:\/\/www.vape4wholesale.com\/de\/wp-json\/wp\/v2\/types\/product"}],"replies":[{"embeddable":true,"href":"https:\/\/www.vape4wholesale.com\/de\/wp-json\/wp\/v2\/comments?post=7750"}],"wp:featuredmedia":[{"embeddable":true,"href":"https:\/\/www.vape4wholesale.com\/de\/wp-json\/wp\/v2\/media\/12186"}],"wp:attachment":[{"href":"https:\/\/www.vape4wholesale.com\/de\/wp-json\/wp\/v2\/media?parent=7750"}],"wp:term":[{"taxonomy":"pwb-brand","embeddable":true,"href":"https:\/\/www.vape4wholesale.com\/de\/wp-json\/wp\/v2\/pwb-brand?post=7750"},{"taxonomy":"product_cat","embeddable":true,"href":"https:\/\/www.vape4wholesale.com\/de\/wp-json\/wp\/v2\/product_cat?post=7750"},{"taxonomy":"product_tag","embeddable":true,"href":"https:\/\/www.vape4wholesale.com\/de\/wp-json\/wp\/v2\/product_tag?post=7750"}],"curies":[{"name":"wp","href":"https:\/\/api.w.org\/{rel}","templated":true}]}}