{"id":6660,"date":"2022-11-13T10:30:05","date_gmt":"2022-11-13T02:30:05","guid":{"rendered":"https:\/\/www.vape4wholesale.com\/?post_type=product&#038;p=6660"},"modified":"2026-01-26T13:43:10","modified_gmt":"2026-01-26T13:43:10","slug":"kamry-akula-6000-puffs-einweg-vape-groshandel","status":"publish","type":"product","link":"https:\/\/www.vape4wholesale.com\/de\/product\/kamry-akula-6000-puffs-disposable-vape-wholesale","title":{"rendered":"Kamry Akula 6000 Puffs Einweg Vape Gro\u00dfhandel"},"content":{"rendered":"<p>die<strong><a href=\"https:\/\/www.vape4wholesale.com\/de\/produkt_marke\/kamry\/\"> Kamry<\/a> Akula<\/strong> 6000 ist eine sehr markante Einweg vape, kommt es mit zwei Farbformen und mit Farbverlauf. Seine Batterie ist wiederaufladbar 600mah, unterst\u00fctzt bis zu 6000 Z\u00fcge, mit 5% Nikotin. OEM-Service zur Verf\u00fcgung.<\/p>\n<h2>Kamry Akula 6000 Geschmacksliste<\/h2>\n<p>Pina Colada Rum<br \/>\nMango-Straberry-Eis<br \/>\nRoter Apfel-Zitrone<br \/>\nBananenmilch<br \/>\n\u00dcppiges Eis<br \/>\nObst-Fusion<br \/>\nErdbeer-Donut<br \/>\nTraubeneis<br \/>\nGummib\u00e4rchen<br \/>\nEnergy-Drink<\/p>\n<h2>Schnelles Detail<\/h2>\n<p>Batteriekapazit\u00e4t: 600mAh Typ C Wiederaufladbar<br \/>\nFassungsverm\u00f6gen des Elixiers: 14ML<br \/>\nTyp der Spule: Masche<br \/>\nK\u00f6rpergewicht: 60g<br \/>\nNikotinsalz: 50mg (5%)<br \/>\nUnterst\u00fctzung Puffs: 6000<br \/>\nVerpackungsgewicht: 200\/Karton, 14kg<\/p>\n<figure id=\"attachment_12484\" aria-describedby=\"caption-attachment-12484\" style=\"width: 800px\" class=\"wp-caption alignnone\"><img loading=\"lazy\" decoding=\"async\" class=\"wp-image-12484 size-full\" title=\"kamry akula vape Fruit Fusion\" src=\"https:\/\/www.vape4wholesale.com\/wp-content\/uploads\/2022\/11\/kamry-akula-vape-Fruit-Fusion.jpg\" alt=\"kamry akula vape Fruit Fusion\" width=\"800\" height=\"800\" srcset=\"https:\/\/www.vape4wholesale.com\/wp-content\/uploads\/2022\/11\/kamry-akula-vape-Fruit-Fusion.jpg 800w, https:\/\/www.vape4wholesale.com\/wp-content\/uploads\/2022\/11\/kamry-akula-vape-Fruit-Fusion-247x247.jpg 247w, https:\/\/www.vape4wholesale.com\/wp-content\/uploads\/2022\/11\/kamry-akula-vape-Fruit-Fusion-100x100.jpg 100w, https:\/\/www.vape4wholesale.com\/wp-content\/uploads\/2022\/11\/kamry-akula-vape-Fruit-Fusion-510x510.jpg 510w, https:\/\/www.vape4wholesale.com\/wp-content\/uploads\/2022\/11\/kamry-akula-vape-Fruit-Fusion-64x64.jpg 64w, https:\/\/www.vape4wholesale.com\/wp-content\/uploads\/2022\/11\/kamry-akula-vape-Fruit-Fusion-300x300.jpg 300w, https:\/\/www.vape4wholesale.com\/wp-content\/uploads\/2022\/11\/kamry-akula-vape-Fruit-Fusion-150x150.jpg 150w, https:\/\/www.vape4wholesale.com\/wp-content\/uploads\/2022\/11\/kamry-akula-vape-Fruit-Fusion-768x768.jpg 768w\" sizes=\"auto, (max-width: 800px) 100vw, 800px\" \/><figcaption id=\"caption-attachment-12484\" class=\"wp-caption-text\">Kamry Akula Einweg Vape Gro\u00dfhandel<\/figcaption><\/figure>\n<p>&nbsp;<\/p>\n<p>&nbsp;<\/p>\n<p>&nbsp;<\/p>\n<p>&nbsp;<\/p>","protected":false},"excerpt":{"rendered":"[scf-template id=&#8217;11434&#8242;]\n","protected":false},"featured_media":12480,"comment_status":"open","ping_status":"closed","template":"","meta":[],"pwb-brand":[1281],"product_cat":[869],"product_tag":[22,24,30,173,177],"class_list":{"0":"post-6660","1":"product","2":"type-product","3":"status-publish","4":"has-post-thumbnail","6":"pwb-brand-kamry","7":"product_cat-5000-8000-puffs","8":"product_tag-disposable","9":"product_tag-wholesale","10":"product_tag-kamry","11":"product_tag-6000-puffs","12":"product_tag-14-0ml","14":"first","15":"instock","16":"shipping-taxable","17":"purchasable","18":"product-type-variable"},"aioseo_notices":[],"brands":[{"id":1281,"name":"Kamry","slug":"kamry"}],"_links":{"self":[{"href":"https:\/\/www.vape4wholesale.com\/de\/wp-json\/wp\/v2\/product\/6660","targetHints":{"allow":["GET"]}}],"collection":[{"href":"https:\/\/www.vape4wholesale.com\/de\/wp-json\/wp\/v2\/product"}],"about":[{"href":"https:\/\/www.vape4wholesale.com\/de\/wp-json\/wp\/v2\/types\/product"}],"replies":[{"embeddable":true,"href":"https:\/\/www.vape4wholesale.com\/de\/wp-json\/wp\/v2\/comments?post=6660"}],"wp:featuredmedia":[{"embeddable":true,"href":"https:\/\/www.vape4wholesale.com\/de\/wp-json\/wp\/v2\/media\/12480"}],"wp:attachment":[{"href":"https:\/\/www.vape4wholesale.com\/de\/wp-json\/wp\/v2\/media?parent=6660"}],"wp:term":[{"taxonomy":"pwb-brand","embeddable":true,"href":"https:\/\/www.vape4wholesale.com\/de\/wp-json\/wp\/v2\/pwb-brand?post=6660"},{"taxonomy":"product_cat","embeddable":true,"href":"https:\/\/www.vape4wholesale.com\/de\/wp-json\/wp\/v2\/product_cat?post=6660"},{"taxonomy":"product_tag","embeddable":true,"href":"https:\/\/www.vape4wholesale.com\/de\/wp-json\/wp\/v2\/product_tag?post=6660"}],"curies":[{"name":"wp","href":"https:\/\/api.w.org\/{rel}","templated":true}]}}