{"id":6041,"date":"2022-07-28T21:36:53","date_gmt":"2022-07-28T13:36:53","guid":{"rendered":"https:\/\/www.vape4wholesale.com\/?post_type=product&#038;p=6041"},"modified":"2026-01-26T13:43:27","modified_gmt":"2026-01-26T13:43:27","slug":"randm-dazzle-5000-puffs-wegwerfbare-vape-groshandel","status":"publish","type":"product","link":"https:\/\/www.vape4wholesale.com\/de\/product\/randm-dazzle-5000-puffs-disposable-vape-wholesale","title":{"rendered":"RandM Dazzle 5000 Puffs Einweg Vape Gro\u00dfhandel"},"content":{"rendered":"<p><strong><a href=\"https:\/\/www.vape4wholesale.com\/de\/produkt_marke\/randm\/\">RandM<\/a> Dazzle 5000<\/strong>\u00a0ist ein Einweg-Vape-Ger\u00e4t mit beliebten klaren Tank, bunte RGB-Licht und es ist nachf\u00fcllbar. Es enth\u00e4lt 10ml 0\/2\/3\/5% Nikotinsalz E-Saft und vape bis zu 5000 Z\u00fcge. Es gibt 20 Geschmacksrichtungen f\u00fcr Sie zu w\u00e4hlen. Die RGB-Licht macht es die coolste Einweg-Ger\u00e4t plus es kommt mit einem wiederaufladbaren USB-Anschluss an der Unterseite des Ger\u00e4ts, die gurantte Sie beenden den letzten Tropfen des ejuice in den Tank und Licht leuchtet die ganze Zeit.<\/p>\n<h2><b data-stringify-type=\"bold\">RandM Dazzle 5000 Einwegger\u00e4t Merkmale:<\/b><\/h2>\n<p>\u26110\/2\/3\/5% Nikotinsalz.<br \/>\n\u261110ML E-Fl\u00fcssigkeit.<br \/>\n\u26115000 Puffs pro Ger\u00e4t.<br \/>\n\u26116 Farben RGB-Licht<br \/>\n\u2611Akku wiederaufladbar<br \/>\n\u2611Tank nachf\u00fcllen<br \/>\n\u2611Integrierter 1000mAh Akku.<br \/>\n\u261112 Geschmacksrichtungen verf\u00fcgbar.<br \/>\n\u261110 St\u00fcck in einer Display-Box.<br \/>\n\u2611300 St\u00fcck im Karton.<\/p>\n<h2><b data-stringify-type=\"bold\">Geschm\u00e4cker<\/b><\/h2>\n<p>1.\u00fcppiges ICE<br \/>\n2. erdbeerjoghurt<br \/>\n3. bananeneis<br \/>\n4. blaues Razz-Eis<br \/>\n5. orangefarbene Soda<br \/>\n6. gummib\u00e4rchen<br \/>\n7.stawberry watermelon<br \/>\n8.Baumwollbirnen<br \/>\n9. granatapfel<br \/>\n10.Pfirsich-Eiscreme<br \/>\n11.roter Apfel Meloneneis<br \/>\n12.Beeren mischen<br \/>\n13. k\u00e4sekuchen mit Wassermelone<br \/>\n14. traubeneis<br \/>\n15 Mango-Guave<br \/>\n16 Tabacco<br \/>\n17 Kiwi-Beere<br \/>\n18 K\u00fchle Minze<br \/>\n19 Erdbeer-Litschi<br \/>\n20 Aloe Traube<\/p>\n<p><img loading=\"lazy\" decoding=\"async\" class=\"alignnone size-full wp-image-12805\" title=\"RandM Dazzle 5000 Puffs Einweg Vape Gro\u00dfhandel (1)\" src=\"https:\/\/www.vape4wholesale.com\/wp-content\/uploads\/2022\/07\/RandM-Dazzle-5000-Puffs-Disposable-Vape-Wholesale-1.png\" alt=\"RandM Dazzle 5000 Puffs Einweg Vape Gro\u00dfhandel (1)\" width=\"590\" height=\"504\" srcset=\"https:\/\/www.vape4wholesale.com\/wp-content\/uploads\/2022\/07\/RandM-Dazzle-5000-Puffs-Disposable-Vape-Wholesale-1.png 590w, https:\/\/www.vape4wholesale.com\/wp-content\/uploads\/2022\/07\/RandM-Dazzle-5000-Puffs-Disposable-Vape-Wholesale-1-510x436.png 510w, https:\/\/www.vape4wholesale.com\/wp-content\/uploads\/2022\/07\/RandM-Dazzle-5000-Puffs-Disposable-Vape-Wholesale-1-64x55.png 64w, https:\/\/www.vape4wholesale.com\/wp-content\/uploads\/2022\/07\/RandM-Dazzle-5000-Puffs-Disposable-Vape-Wholesale-1-300x256.png 300w\" sizes=\"auto, (max-width: 590px) 100vw, 590px\" \/> <img loading=\"lazy\" decoding=\"async\" class=\"alignnone size-full wp-image-12804\" title=\"RandM Dazzle 5000 Puffs Einweg Vape Gro\u00dfhandel (1)\" src=\"https:\/\/www.vape4wholesale.com\/wp-content\/uploads\/2022\/07\/RandM-Dazzle-5000-Puffs-Disposable-Vape-Wholesale-1.jpg\" alt=\"RandM Dazzle 5000 Puffs Einweg Vape Gro\u00dfhandel (1)\" width=\"590\" height=\"613\" srcset=\"https:\/\/www.vape4wholesale.com\/wp-content\/uploads\/2022\/07\/RandM-Dazzle-5000-Puffs-Disposable-Vape-Wholesale-1.jpg 590w, https:\/\/www.vape4wholesale.com\/wp-content\/uploads\/2022\/07\/RandM-Dazzle-5000-Puffs-Disposable-Vape-Wholesale-1-510x530.jpg 510w, https:\/\/www.vape4wholesale.com\/wp-content\/uploads\/2022\/07\/RandM-Dazzle-5000-Puffs-Disposable-Vape-Wholesale-1-64x66.jpg 64w, https:\/\/www.vape4wholesale.com\/wp-content\/uploads\/2022\/07\/RandM-Dazzle-5000-Puffs-Disposable-Vape-Wholesale-1-289x300.jpg 289w\" sizes=\"auto, (max-width: 590px) 100vw, 590px\" \/> <img loading=\"lazy\" decoding=\"async\" class=\"alignnone size-full wp-image-12801\" title=\"RandM Dazzle 5000 Puffs Einweg Vape Gro\u00dfhandel (10)\" src=\"https:\/\/www.vape4wholesale.com\/wp-content\/uploads\/2022\/07\/RandM-Dazzle-5000-Puffs-Disposable-Vape-Wholesale-10.jpg\" alt=\"RandM Dazzle 5000 Puffs Einweg Vape Gro\u00dfhandel (10)\" width=\"590\" height=\"613\" srcset=\"https:\/\/www.vape4wholesale.com\/wp-content\/uploads\/2022\/07\/RandM-Dazzle-5000-Puffs-Disposable-Vape-Wholesale-10.jpg 590w, https:\/\/www.vape4wholesale.com\/wp-content\/uploads\/2022\/07\/RandM-Dazzle-5000-Puffs-Disposable-Vape-Wholesale-10-510x530.jpg 510w, https:\/\/www.vape4wholesale.com\/wp-content\/uploads\/2022\/07\/RandM-Dazzle-5000-Puffs-Disposable-Vape-Wholesale-10-64x66.jpg 64w, https:\/\/www.vape4wholesale.com\/wp-content\/uploads\/2022\/07\/RandM-Dazzle-5000-Puffs-Disposable-Vape-Wholesale-10-289x300.jpg 289w\" sizes=\"auto, (max-width: 590px) 100vw, 590px\" \/> <img loading=\"lazy\" decoding=\"async\" class=\"alignnone size-full wp-image-12800\" title=\"RandM Dazzle 5000 Puffs Einweg Vape Gro\u00dfhandel (9)\" src=\"https:\/\/www.vape4wholesale.com\/wp-content\/uploads\/2022\/07\/RandM-Dazzle-5000-Puffs-Disposable-Vape-Wholesale-9.jpg\" alt=\"RandM Dazzle 5000 Puffs Einweg Vape Gro\u00dfhandel (9)\" width=\"590\" height=\"613\" srcset=\"https:\/\/www.vape4wholesale.com\/wp-content\/uploads\/2022\/07\/RandM-Dazzle-5000-Puffs-Disposable-Vape-Wholesale-9.jpg 590w, https:\/\/www.vape4wholesale.com\/wp-content\/uploads\/2022\/07\/RandM-Dazzle-5000-Puffs-Disposable-Vape-Wholesale-9-510x530.jpg 510w, https:\/\/www.vape4wholesale.com\/wp-content\/uploads\/2022\/07\/RandM-Dazzle-5000-Puffs-Disposable-Vape-Wholesale-9-64x66.jpg 64w, https:\/\/www.vape4wholesale.com\/wp-content\/uploads\/2022\/07\/RandM-Dazzle-5000-Puffs-Disposable-Vape-Wholesale-9-289x300.jpg 289w\" sizes=\"auto, (max-width: 590px) 100vw, 590px\" \/> <img loading=\"lazy\" decoding=\"async\" class=\"alignnone size-full wp-image-12795\" title=\"RandM Dazzle 5000 Puffs Einweg Vape Gro\u00dfhandel (4)\" src=\"https:\/\/www.vape4wholesale.com\/wp-content\/uploads\/2022\/07\/RandM-Dazzle-5000-Puffs-Disposable-Vape-Wholesale-4.jpg\" alt=\"RandM Dazzle 5000 Puffs Einweg Vape Gro\u00dfhandel (4)\" width=\"590\" height=\"613\" srcset=\"https:\/\/www.vape4wholesale.com\/wp-content\/uploads\/2022\/07\/RandM-Dazzle-5000-Puffs-Disposable-Vape-Wholesale-4.jpg 590w, https:\/\/www.vape4wholesale.com\/wp-content\/uploads\/2022\/07\/RandM-Dazzle-5000-Puffs-Disposable-Vape-Wholesale-4-510x530.jpg 510w, https:\/\/www.vape4wholesale.com\/wp-content\/uploads\/2022\/07\/RandM-Dazzle-5000-Puffs-Disposable-Vape-Wholesale-4-64x66.jpg 64w, https:\/\/www.vape4wholesale.com\/wp-content\/uploads\/2022\/07\/RandM-Dazzle-5000-Puffs-Disposable-Vape-Wholesale-4-289x300.jpg 289w\" sizes=\"auto, (max-width: 590px) 100vw, 590px\" \/> <img loading=\"lazy\" decoding=\"async\" class=\"alignnone size-full wp-image-12796\" title=\"RandM Dazzle 5000 Puffs Einweg Vape Gro\u00dfhandel (5)\" src=\"https:\/\/www.vape4wholesale.com\/wp-content\/uploads\/2022\/07\/RandM-Dazzle-5000-Puffs-Disposable-Vape-Wholesale-5.jpg\" alt=\"RandM Dazzle 5000 Puffs Einweg Vape Gro\u00dfhandel (5)\" width=\"590\" height=\"613\" srcset=\"https:\/\/www.vape4wholesale.com\/wp-content\/uploads\/2022\/07\/RandM-Dazzle-5000-Puffs-Disposable-Vape-Wholesale-5.jpg 590w, https:\/\/www.vape4wholesale.com\/wp-content\/uploads\/2022\/07\/RandM-Dazzle-5000-Puffs-Disposable-Vape-Wholesale-5-510x530.jpg 510w, https:\/\/www.vape4wholesale.com\/wp-content\/uploads\/2022\/07\/RandM-Dazzle-5000-Puffs-Disposable-Vape-Wholesale-5-64x66.jpg 64w, https:\/\/www.vape4wholesale.com\/wp-content\/uploads\/2022\/07\/RandM-Dazzle-5000-Puffs-Disposable-Vape-Wholesale-5-289x300.jpg 289w\" sizes=\"auto, (max-width: 590px) 100vw, 590px\" \/><\/p>\n<p>&nbsp;<\/p>","protected":false},"excerpt":{"rendered":"[scf-template id=&#8217;11434&#8242;]\n","protected":false},"featured_media":12805,"comment_status":"open","ping_status":"closed","template":"","meta":[],"pwb-brand":[1270],"product_cat":[57],"product_tag":[22,24,189,210,272],"class_list":{"0":"post-6041","1":"product","2":"type-product","3":"status-publish","4":"has-post-thumbnail","6":"pwb-brand-randm","7":"product_cat-4000-5000-puffs","8":"product_tag-disposable","9":"product_tag-wholesale","10":"product_tag-5000-puffs","11":"product_tag-10-0ml","12":"product_tag-randm","13":"wcpa_has_options","15":"first","16":"outofstock","17":"shipping-taxable","18":"purchasable","19":"product-type-variable"},"aioseo_notices":[],"brands":[{"id":1270,"name":"Randm","slug":"randm"}],"_links":{"self":[{"href":"https:\/\/www.vape4wholesale.com\/de\/wp-json\/wp\/v2\/product\/6041","targetHints":{"allow":["GET"]}}],"collection":[{"href":"https:\/\/www.vape4wholesale.com\/de\/wp-json\/wp\/v2\/product"}],"about":[{"href":"https:\/\/www.vape4wholesale.com\/de\/wp-json\/wp\/v2\/types\/product"}],"replies":[{"embeddable":true,"href":"https:\/\/www.vape4wholesale.com\/de\/wp-json\/wp\/v2\/comments?post=6041"}],"wp:featuredmedia":[{"embeddable":true,"href":"https:\/\/www.vape4wholesale.com\/de\/wp-json\/wp\/v2\/media\/12805"}],"wp:attachment":[{"href":"https:\/\/www.vape4wholesale.com\/de\/wp-json\/wp\/v2\/media?parent=6041"}],"wp:term":[{"taxonomy":"pwb-brand","embeddable":true,"href":"https:\/\/www.vape4wholesale.com\/de\/wp-json\/wp\/v2\/pwb-brand?post=6041"},{"taxonomy":"product_cat","embeddable":true,"href":"https:\/\/www.vape4wholesale.com\/de\/wp-json\/wp\/v2\/product_cat?post=6041"},{"taxonomy":"product_tag","embeddable":true,"href":"https:\/\/www.vape4wholesale.com\/de\/wp-json\/wp\/v2\/product_tag?post=6041"}],"curies":[{"name":"wp","href":"https:\/\/api.w.org\/{rel}","templated":true}]}}