{"id":5525,"date":"2022-08-03T21:23:34","date_gmt":"2022-08-03T13:23:34","guid":{"rendered":"https:\/\/www.vape4wholesale.com\/?post_type=product&#038;p=5525"},"modified":"2026-01-26T13:43:19","modified_gmt":"2026-01-26T13:43:19","slug":"randm-tornado-8000-puffs-einweg-vape-groshandel","status":"publish","type":"product","link":"https:\/\/www.vape4wholesale.com\/de\/product\/randm-tornado-8000-puffs-disposable-vape-wholesale","title":{"rendered":"RANDM Tornado 8000 Puffs Einweg Vape Gro\u00dfhandel"},"content":{"rendered":"<p><strong><a href=\"https:\/\/www.vape4wholesale.com\/de\/produkt_marke\/randm\/\">RandM<\/a> Tornado 8000<\/strong>\u00a0ist ein Einweg-Vape-Ger\u00e4t mit Airflow-Steuerung und es ist wiederaufladbar. Es enth\u00e4lt 16ml 0\/2\/3\/5% Nikotinsalz E-Saft und verdampfen bis zu 8000 Z\u00fcge. Es gibt 31 Geschmacksrichtungen f\u00fcr Sie zu w\u00e4hlen. Die Luftstromsteuerung k\u00f6nnen Sie die beste Stelle w\u00e4hlen Sie sich selbst und es kommt mit einem wiederaufladbaren Typ-C-Anschluss an der Unterseite des Ger\u00e4ts, die Sie beenden den letzten Tropfen des ejuice in den Tank die ganze Zeit gurantte.<\/p>\n<h2><b data-stringify-type=\"bold\">RandM Tornado 8000 Einwegger\u00e4t Merkmale:<\/b><\/h2>\n<p>\u26110\/2\/3\/5% Nikotinsalz.<br \/>\n\u261116ML von E-Fl\u00fcssigkeit.<br \/>\n\u2611Luftstromregelung<br \/>\n\u2611Mesh-Spule<br \/>\n\u2611Akku wiederaufladbar<br \/>\n\u2611Integrierter 850mAh Akku.<br \/>\n\u261131 Verf\u00fcgbare Geschmacksrichtungen.<br \/>\n\u261110 St\u00fcck in einer Display-Box.<br \/>\n\u2611240 St\u00fcck im Karton.<\/p>\n<h2><b data-stringify-type=\"bold\">Verf\u00fcgbare Geschmacksrichtungen:<\/b><\/h2>\n<p>1. \u00fcppiges Eis<br \/>\n2. blaues Razzeis<br \/>\n3. erdbeerige Wassermelone<br \/>\n4. erdbeerlimonade<br \/>\n5. saurer Apfel<br \/>\n6.Baumwollbirne<br \/>\n7. kegelnde Bonbons<br \/>\n8. gummib\u00e4rchen<br \/>\n9. traube orange<br \/>\n10. honigtauhaltiges Speiseeis<br \/>\n11.meloneneis<br \/>\n12. roter Apfel Melone<br \/>\n13. granatapfel-eis<br \/>\n14.Bananeneis<br \/>\n15 Blaubeereis<br \/>\n16.k\u00fchle Minze<br \/>\n17. erdbeere kiwi<br \/>\n18. pfirsich-mango<br \/>\n19.Pina Colada<br \/>\n20.kirschrote Litschi<br \/>\n21.Heidelbeer-Kaugummi<br \/>\n22. Wassermelone<br \/>\n23. Heidelbeere sauer Respberry<br \/>\n24.Traubeneis<br \/>\n25.Heidelbeere Granatapfel<br \/>\n26.Herr blau<br \/>\n27. Heidelbeere Respberry<br \/>\n28.erdbeere Eiscreme<br \/>\n29.Kirsche Cola Eis<br \/>\n30. Roter Stier<br \/>\n31. Rosa Limonade<\/p>\n<p><img loading=\"lazy\" decoding=\"async\" class=\"alignnone size-full wp-image-12739\" title=\"RandM Tornado 8000 Puffs Einweg Vape Gro\u00dfhandel (21)\" src=\"https:\/\/www.vape4wholesale.com\/wp-content\/uploads\/2022\/08\/RandM-Tornado-8000-Puffs-Disposable-Vape-Wholesale-21.jpg\" alt=\"RandM Tornado 8000 Puffs Einweg Vape Gro\u00dfhandel (21)\" width=\"590\" height=\"504\" srcset=\"https:\/\/www.vape4wholesale.com\/wp-content\/uploads\/2022\/08\/RandM-Tornado-8000-Puffs-Disposable-Vape-Wholesale-21.jpg 590w, https:\/\/www.vape4wholesale.com\/wp-content\/uploads\/2022\/08\/RandM-Tornado-8000-Puffs-Disposable-Vape-Wholesale-21-510x436.jpg 510w, https:\/\/www.vape4wholesale.com\/wp-content\/uploads\/2022\/08\/RandM-Tornado-8000-Puffs-Disposable-Vape-Wholesale-21-64x55.jpg 64w, https:\/\/www.vape4wholesale.com\/wp-content\/uploads\/2022\/08\/RandM-Tornado-8000-Puffs-Disposable-Vape-Wholesale-21-300x256.jpg 300w\" sizes=\"auto, (max-width: 590px) 100vw, 590px\" \/> <img loading=\"lazy\" decoding=\"async\" class=\"alignnone size-full wp-image-12738\" title=\"RandM Tornado 8000 Puffs Einweg Vape Gro\u00dfhandel (20)\" src=\"https:\/\/www.vape4wholesale.com\/wp-content\/uploads\/2022\/08\/RandM-Tornado-8000-Puffs-Disposable-Vape-Wholesale-20.jpg\" alt=\"RandM Tornado 8000 Puffs Einweg Vape Gro\u00dfhandel (20)\" width=\"590\" height=\"590\" srcset=\"https:\/\/www.vape4wholesale.com\/wp-content\/uploads\/2022\/08\/RandM-Tornado-8000-Puffs-Disposable-Vape-Wholesale-20.jpg 590w, https:\/\/www.vape4wholesale.com\/wp-content\/uploads\/2022\/08\/RandM-Tornado-8000-Puffs-Disposable-Vape-Wholesale-20-247x247.jpg 247w, https:\/\/www.vape4wholesale.com\/wp-content\/uploads\/2022\/08\/RandM-Tornado-8000-Puffs-Disposable-Vape-Wholesale-20-100x100.jpg 100w, https:\/\/www.vape4wholesale.com\/wp-content\/uploads\/2022\/08\/RandM-Tornado-8000-Puffs-Disposable-Vape-Wholesale-20-510x510.jpg 510w, https:\/\/www.vape4wholesale.com\/wp-content\/uploads\/2022\/08\/RandM-Tornado-8000-Puffs-Disposable-Vape-Wholesale-20-64x64.jpg 64w, https:\/\/www.vape4wholesale.com\/wp-content\/uploads\/2022\/08\/RandM-Tornado-8000-Puffs-Disposable-Vape-Wholesale-20-300x300.jpg 300w, https:\/\/www.vape4wholesale.com\/wp-content\/uploads\/2022\/08\/RandM-Tornado-8000-Puffs-Disposable-Vape-Wholesale-20-150x150.jpg 150w\" sizes=\"auto, (max-width: 590px) 100vw, 590px\" \/> <img loading=\"lazy\" decoding=\"async\" class=\"alignnone size-full wp-image-12737\" title=\"RandM Tornado 8000 Puffs Einweg Vape Gro\u00dfhandel (19)\" src=\"https:\/\/www.vape4wholesale.com\/wp-content\/uploads\/2022\/08\/RandM-Tornado-8000-Puffs-Disposable-Vape-Wholesale-19.jpg\" alt=\"RandM Tornado 8000 Puffs Einweg Vape Gro\u00dfhandel (19)\" width=\"590\" height=\"590\" srcset=\"https:\/\/www.vape4wholesale.com\/wp-content\/uploads\/2022\/08\/RandM-Tornado-8000-Puffs-Disposable-Vape-Wholesale-19.jpg 590w, https:\/\/www.vape4wholesale.com\/wp-content\/uploads\/2022\/08\/RandM-Tornado-8000-Puffs-Disposable-Vape-Wholesale-19-247x247.jpg 247w, https:\/\/www.vape4wholesale.com\/wp-content\/uploads\/2022\/08\/RandM-Tornado-8000-Puffs-Disposable-Vape-Wholesale-19-100x100.jpg 100w, https:\/\/www.vape4wholesale.com\/wp-content\/uploads\/2022\/08\/RandM-Tornado-8000-Puffs-Disposable-Vape-Wholesale-19-510x510.jpg 510w, https:\/\/www.vape4wholesale.com\/wp-content\/uploads\/2022\/08\/RandM-Tornado-8000-Puffs-Disposable-Vape-Wholesale-19-64x64.jpg 64w, https:\/\/www.vape4wholesale.com\/wp-content\/uploads\/2022\/08\/RandM-Tornado-8000-Puffs-Disposable-Vape-Wholesale-19-300x300.jpg 300w, https:\/\/www.vape4wholesale.com\/wp-content\/uploads\/2022\/08\/RandM-Tornado-8000-Puffs-Disposable-Vape-Wholesale-19-150x150.jpg 150w\" sizes=\"auto, (max-width: 590px) 100vw, 590px\" \/> <img loading=\"lazy\" decoding=\"async\" class=\"alignnone size-full wp-image-12729\" title=\"RandM Tornado 8000 Puffs Einweg Vape Gro\u00dfhandel (11)\" src=\"https:\/\/www.vape4wholesale.com\/wp-content\/uploads\/2022\/08\/RandM-Tornado-8000-Puffs-Disposable-Vape-Wholesale-11.jpg\" alt=\"RandM Tornado 8000 Puffs Einweg Vape Gro\u00dfhandel (11)\" width=\"590\" height=\"590\" srcset=\"https:\/\/www.vape4wholesale.com\/wp-content\/uploads\/2022\/08\/RandM-Tornado-8000-Puffs-Disposable-Vape-Wholesale-11.jpg 590w, https:\/\/www.vape4wholesale.com\/wp-content\/uploads\/2022\/08\/RandM-Tornado-8000-Puffs-Disposable-Vape-Wholesale-11-247x247.jpg 247w, https:\/\/www.vape4wholesale.com\/wp-content\/uploads\/2022\/08\/RandM-Tornado-8000-Puffs-Disposable-Vape-Wholesale-11-100x100.jpg 100w, https:\/\/www.vape4wholesale.com\/wp-content\/uploads\/2022\/08\/RandM-Tornado-8000-Puffs-Disposable-Vape-Wholesale-11-510x510.jpg 510w, https:\/\/www.vape4wholesale.com\/wp-content\/uploads\/2022\/08\/RandM-Tornado-8000-Puffs-Disposable-Vape-Wholesale-11-64x64.jpg 64w, https:\/\/www.vape4wholesale.com\/wp-content\/uploads\/2022\/08\/RandM-Tornado-8000-Puffs-Disposable-Vape-Wholesale-11-300x300.jpg 300w, https:\/\/www.vape4wholesale.com\/wp-content\/uploads\/2022\/08\/RandM-Tornado-8000-Puffs-Disposable-Vape-Wholesale-11-150x150.jpg 150w\" sizes=\"auto, (max-width: 590px) 100vw, 590px\" \/> <img loading=\"lazy\" decoding=\"async\" class=\"alignnone size-full wp-image-12730\" title=\"RandM Tornado 8000 Puffs Einweg Vape Gro\u00dfhandel (12)\" src=\"https:\/\/www.vape4wholesale.com\/wp-content\/uploads\/2022\/08\/RandM-Tornado-8000-Puffs-Disposable-Vape-Wholesale-12.jpg\" alt=\"RandM Tornado 8000 Puffs Einweg Vape Gro\u00dfhandel (12)\" width=\"590\" height=\"590\" srcset=\"https:\/\/www.vape4wholesale.com\/wp-content\/uploads\/2022\/08\/RandM-Tornado-8000-Puffs-Disposable-Vape-Wholesale-12.jpg 590w, https:\/\/www.vape4wholesale.com\/wp-content\/uploads\/2022\/08\/RandM-Tornado-8000-Puffs-Disposable-Vape-Wholesale-12-247x247.jpg 247w, https:\/\/www.vape4wholesale.com\/wp-content\/uploads\/2022\/08\/RandM-Tornado-8000-Puffs-Disposable-Vape-Wholesale-12-100x100.jpg 100w, https:\/\/www.vape4wholesale.com\/wp-content\/uploads\/2022\/08\/RandM-Tornado-8000-Puffs-Disposable-Vape-Wholesale-12-510x510.jpg 510w, https:\/\/www.vape4wholesale.com\/wp-content\/uploads\/2022\/08\/RandM-Tornado-8000-Puffs-Disposable-Vape-Wholesale-12-64x64.jpg 64w, https:\/\/www.vape4wholesale.com\/wp-content\/uploads\/2022\/08\/RandM-Tornado-8000-Puffs-Disposable-Vape-Wholesale-12-300x300.jpg 300w, https:\/\/www.vape4wholesale.com\/wp-content\/uploads\/2022\/08\/RandM-Tornado-8000-Puffs-Disposable-Vape-Wholesale-12-150x150.jpg 150w\" sizes=\"auto, (max-width: 590px) 100vw, 590px\" \/> <img loading=\"lazy\" decoding=\"async\" class=\"alignnone size-full wp-image-12728\" title=\"RandM Tornado 8000 Puffs Einweg Vape Gro\u00dfhandel (10)\" src=\"https:\/\/www.vape4wholesale.com\/wp-content\/uploads\/2022\/08\/RandM-Tornado-8000-Puffs-Disposable-Vape-Wholesale-10.jpg\" alt=\"RandM Tornado 8000 Puffs Einweg Vape Gro\u00dfhandel (10)\" width=\"590\" height=\"590\" srcset=\"https:\/\/www.vape4wholesale.com\/wp-content\/uploads\/2022\/08\/RandM-Tornado-8000-Puffs-Disposable-Vape-Wholesale-10.jpg 590w, https:\/\/www.vape4wholesale.com\/wp-content\/uploads\/2022\/08\/RandM-Tornado-8000-Puffs-Disposable-Vape-Wholesale-10-247x247.jpg 247w, https:\/\/www.vape4wholesale.com\/wp-content\/uploads\/2022\/08\/RandM-Tornado-8000-Puffs-Disposable-Vape-Wholesale-10-100x100.jpg 100w, https:\/\/www.vape4wholesale.com\/wp-content\/uploads\/2022\/08\/RandM-Tornado-8000-Puffs-Disposable-Vape-Wholesale-10-510x510.jpg 510w, https:\/\/www.vape4wholesale.com\/wp-content\/uploads\/2022\/08\/RandM-Tornado-8000-Puffs-Disposable-Vape-Wholesale-10-64x64.jpg 64w, https:\/\/www.vape4wholesale.com\/wp-content\/uploads\/2022\/08\/RandM-Tornado-8000-Puffs-Disposable-Vape-Wholesale-10-300x300.jpg 300w, https:\/\/www.vape4wholesale.com\/wp-content\/uploads\/2022\/08\/RandM-Tornado-8000-Puffs-Disposable-Vape-Wholesale-10-150x150.jpg 150w\" sizes=\"auto, (max-width: 590px) 100vw, 590px\" \/> <img loading=\"lazy\" decoding=\"async\" class=\"alignnone size-full wp-image-12727\" title=\"RandM Tornado 8000 Puffs Einweg Vape Gro\u00dfhandel (9)\" src=\"https:\/\/www.vape4wholesale.com\/wp-content\/uploads\/2022\/08\/RandM-Tornado-8000-Puffs-Disposable-Vape-Wholesale-9.jpg\" alt=\"RandM Tornado 8000 Puffs Einweg Vape Gro\u00dfhandel (9)\" width=\"590\" height=\"590\" srcset=\"https:\/\/www.vape4wholesale.com\/wp-content\/uploads\/2022\/08\/RandM-Tornado-8000-Puffs-Disposable-Vape-Wholesale-9.jpg 590w, https:\/\/www.vape4wholesale.com\/wp-content\/uploads\/2022\/08\/RandM-Tornado-8000-Puffs-Disposable-Vape-Wholesale-9-247x247.jpg 247w, https:\/\/www.vape4wholesale.com\/wp-content\/uploads\/2022\/08\/RandM-Tornado-8000-Puffs-Disposable-Vape-Wholesale-9-100x100.jpg 100w, https:\/\/www.vape4wholesale.com\/wp-content\/uploads\/2022\/08\/RandM-Tornado-8000-Puffs-Disposable-Vape-Wholesale-9-510x510.jpg 510w, https:\/\/www.vape4wholesale.com\/wp-content\/uploads\/2022\/08\/RandM-Tornado-8000-Puffs-Disposable-Vape-Wholesale-9-64x64.jpg 64w, https:\/\/www.vape4wholesale.com\/wp-content\/uploads\/2022\/08\/RandM-Tornado-8000-Puffs-Disposable-Vape-Wholesale-9-300x300.jpg 300w, https:\/\/www.vape4wholesale.com\/wp-content\/uploads\/2022\/08\/RandM-Tornado-8000-Puffs-Disposable-Vape-Wholesale-9-150x150.jpg 150w\" sizes=\"auto, (max-width: 590px) 100vw, 590px\" \/> <img loading=\"lazy\" decoding=\"async\" class=\"alignnone size-full wp-image-12736\" title=\"RandM Tornado 8000 Puffs Einweg Vape Gro\u00dfhandel (18)\" src=\"https:\/\/www.vape4wholesale.com\/wp-content\/uploads\/2022\/08\/RandM-Tornado-8000-Puffs-Disposable-Vape-Wholesale-18.jpg\" alt=\"RandM Tornado 8000 Puffs Einweg Vape Gro\u00dfhandel (18)\" width=\"590\" height=\"590\" srcset=\"https:\/\/www.vape4wholesale.com\/wp-content\/uploads\/2022\/08\/RandM-Tornado-8000-Puffs-Disposable-Vape-Wholesale-18.jpg 590w, https:\/\/www.vape4wholesale.com\/wp-content\/uploads\/2022\/08\/RandM-Tornado-8000-Puffs-Disposable-Vape-Wholesale-18-247x247.jpg 247w, https:\/\/www.vape4wholesale.com\/wp-content\/uploads\/2022\/08\/RandM-Tornado-8000-Puffs-Disposable-Vape-Wholesale-18-100x100.jpg 100w, https:\/\/www.vape4wholesale.com\/wp-content\/uploads\/2022\/08\/RandM-Tornado-8000-Puffs-Disposable-Vape-Wholesale-18-510x510.jpg 510w, https:\/\/www.vape4wholesale.com\/wp-content\/uploads\/2022\/08\/RandM-Tornado-8000-Puffs-Disposable-Vape-Wholesale-18-64x64.jpg 64w, https:\/\/www.vape4wholesale.com\/wp-content\/uploads\/2022\/08\/RandM-Tornado-8000-Puffs-Disposable-Vape-Wholesale-18-300x300.jpg 300w, https:\/\/www.vape4wholesale.com\/wp-content\/uploads\/2022\/08\/RandM-Tornado-8000-Puffs-Disposable-Vape-Wholesale-18-150x150.jpg 150w\" sizes=\"auto, (max-width: 590px) 100vw, 590px\" \/><\/p>\n<p>&nbsp;<\/p>\n<p>&nbsp;<\/p>","protected":false},"excerpt":{"rendered":"[scf-template id=&#8217;11434&#8242;]\n","protected":false},"featured_media":12739,"comment_status":"open","ping_status":"closed","template":"","meta":[],"pwb-brand":[1270],"product_cat":[870],"product_tag":[22,24,180,342,343],"class_list":{"0":"post-5525","1":"product","2":"type-product","3":"status-publish","4":"has-post-thumbnail","6":"pwb-brand-randm","7":"product_cat-8000-10000-puffs","8":"product_tag-disposable","9":"product_tag-wholesale","10":"product_tag-randm-tornado","11":"product_tag-16-0ml","12":"product_tag-8000-puffs","13":"wcpa_has_options","15":"first","16":"outofstock","17":"shipping-taxable","18":"purchasable","19":"product-type-variable"},"aioseo_notices":[],"brands":[{"id":1270,"name":"Randm","slug":"randm"}],"_links":{"self":[{"href":"https:\/\/www.vape4wholesale.com\/de\/wp-json\/wp\/v2\/product\/5525","targetHints":{"allow":["GET"]}}],"collection":[{"href":"https:\/\/www.vape4wholesale.com\/de\/wp-json\/wp\/v2\/product"}],"about":[{"href":"https:\/\/www.vape4wholesale.com\/de\/wp-json\/wp\/v2\/types\/product"}],"replies":[{"embeddable":true,"href":"https:\/\/www.vape4wholesale.com\/de\/wp-json\/wp\/v2\/comments?post=5525"}],"wp:featuredmedia":[{"embeddable":true,"href":"https:\/\/www.vape4wholesale.com\/de\/wp-json\/wp\/v2\/media\/12739"}],"wp:attachment":[{"href":"https:\/\/www.vape4wholesale.com\/de\/wp-json\/wp\/v2\/media?parent=5525"}],"wp:term":[{"taxonomy":"pwb-brand","embeddable":true,"href":"https:\/\/www.vape4wholesale.com\/de\/wp-json\/wp\/v2\/pwb-brand?post=5525"},{"taxonomy":"product_cat","embeddable":true,"href":"https:\/\/www.vape4wholesale.com\/de\/wp-json\/wp\/v2\/product_cat?post=5525"},{"taxonomy":"product_tag","embeddable":true,"href":"https:\/\/www.vape4wholesale.com\/de\/wp-json\/wp\/v2\/product_tag?post=5525"}],"curies":[{"name":"wp","href":"https:\/\/api.w.org\/{rel}","templated":true}]}}