{"id":5460,"date":"2022-08-04T09:54:49","date_gmt":"2022-08-04T01:54:49","guid":{"rendered":"https:\/\/www.vape4wholesale.com\/?post_type=product&#038;p=5460"},"modified":"2026-01-26T13:43:15","modified_gmt":"2026-01-26T13:43:15","slug":"randm-tornado-9000-puffs-diposable-vapes-groshandel","status":"publish","type":"product","link":"https:\/\/www.vape4wholesale.com\/de\/product\/randm-tornado-9000-puffs-diposable-vapes-wholesale","title":{"rendered":"RANDM Tornado 9000 Puffs Diposable Vapes Gro\u00dfhandel"},"content":{"rendered":"<p><strong><a href=\"https:\/\/www.vape4wholesale.com\/de\/produkt_marke\/randm\/\">RandM<\/a> Tornado 9000<\/strong>\u00a0ist ein Einweg-Vape-Ger\u00e4t mit k\u00fchlem Design und es ist wiederaufladbar. Es enth\u00e4lt 18ml 0\/2\/3\/5% Nikotinsalz E-Saft und verdampfen bis zu 9000 Z\u00fcge. Es gibt 12 Geschmacksrichtungen f\u00fcr Sie zu w\u00e4hlen. Die wiederaufladbare Anschluss an der buttom des Ger\u00e4tes gurantting Sie den letzten Tropfen des ejuice in den Tank die ganze Zeit zu beenden.<\/p>\n<h2><b data-stringify-type=\"bold\">RandM Tornado 9000 Einwegger\u00e4t Merkmale:<\/b><\/h2>\n<p>\u26110\/2\/3\/5% Nikotinsalz.<br \/>\n\u261118ML von E-Fl\u00fcssigkeit.<br \/>\n\u2611Mesh-Spule<br \/>\n\u2611Akku wiederaufladbar<br \/>\n\u2611Integrierter 850mAh Akku.<br \/>\n\u261112 Geschmacksrichtungen verf\u00fcgbar.<br \/>\n\u261110 St\u00fcck in einer Display-Box.<br \/>\n\u2611200 St\u00fcck im Karton.<\/p>\n<h2><b data-stringify-type=\"bold\">Verf\u00fcgbare Geschmacksrichtungen:<\/b><\/h2>\n<p>01# Heidelbeere-Himbeere<br \/>\n02# Herr Blau<br \/>\n03# Erdbeere Wassermelone<br \/>\n04# Orange Soda<br \/>\n05# Wassermelone Kaugummi<br \/>\n06# Regenbogen-Bonbon<br \/>\n07# Rosa Limonade<br \/>\n08# Pfirsich, Mango und Ananas<br \/>\n09# Erdbeere-Banane<br \/>\n10# \u00dcppiges Eis<br \/>\n11# Schwarzer Drache Eis<br \/>\n12# Aloe Traube<br \/>\n13# Blaues Razz-Eis<br \/>\n14# Kiwi Passionsfrucht Guave<br \/>\n15# Gummib\u00e4rchen<br \/>\n16# Gemischte Beeren<br \/>\n17# K\u00fchle Minze<br \/>\n18# Himbeere Wassermelone<br \/>\n19# Pfirsichlimonade<br \/>\n20# Guave-Eis<br \/>\n21# Erdbeerlimonade<br \/>\n22# Wassermelone Brazz Ice<br \/>\n23# Bananen-Custard<br \/>\n24# Pfirsich Beere<br \/>\n25# Erdbeer-Sahne<br \/>\n26# Saures Bonbon<br \/>\n27# Zitrone&amp;Limette<br \/>\n28# Kirschbaum<br \/>\n29# Sprudelkirsche<br \/>\n30# Heidelbeere Kirsche Preiselbeere<br \/>\n31# Vimto<br \/>\n32# Kegelspiel<br \/>\n33# Schwarzes Eis<br \/>\n34# Weintraube<br \/>\n35# Bluelicious Eis<br \/>\n36# Strawberry Ice<br \/>\n37# Blauer Razz Kush<br \/>\n38# Eis am Stiel<br \/>\n39# Blaubeere-Himbeere-Sauer<br \/>\n40# Ananas<br \/>\n41# Kirsche-Pfirsich-Limonade<br \/>\n42# Erdbeer-Himbeer-Kirsch-Eis<br \/>\n43# Dreifach-Mango<br \/>\n44# Erdbeer-Himbeer-Eis<br \/>\n45# Erdbeere Wassermelone Bubblegum<br \/>\n46# Prime Strawberry Watermelon (Erdbeer-Wassermelone)<br \/>\n47# Wassermelone Eis<br \/>\n48# Blaubeereis<br \/>\n49# Wassermelonen-Kegel<br \/>\n50# Stroh-Mango<br \/>\n51# Strawberry Pomp<br \/>\n52# Sommer-Pfirsich-Eis<br \/>\n53# Kirsche-Beere<br \/>\n54# Kirschbaum-Cola<br \/>\n55# Prime Watermelon<br \/>\n56# Erdbeere Traube<br \/>\n57# Tigerblut<br \/>\n58# Mineralwasser<\/p>\n<p><img loading=\"lazy\" decoding=\"async\" class=\"alignnone size-full wp-image-12645\" title=\"RandM Tornado 9000 Puffs Einweg Vape Gro\u00dfhandel (1)\" src=\"https:\/\/www.vape4wholesale.com\/wp-content\/uploads\/2022\/08\/RandM-Tornado-9000-Puffs-Disposable-Vape-Wholesale-1.png\" alt=\"RandM Tornado 9000 Puffs Einweg Vape Gro\u00dfhandel (1)\" width=\"590\" height=\"517\" srcset=\"https:\/\/www.vape4wholesale.com\/wp-content\/uploads\/2022\/08\/RandM-Tornado-9000-Puffs-Disposable-Vape-Wholesale-1.png 590w, https:\/\/www.vape4wholesale.com\/wp-content\/uploads\/2022\/08\/RandM-Tornado-9000-Puffs-Disposable-Vape-Wholesale-1-510x447.png 510w\" sizes=\"auto, (max-width: 590px) 100vw, 590px\" \/> \u00a0 \u00a0<img loading=\"lazy\" decoding=\"async\" class=\"alignnone size-full wp-image-12649\" title=\"RandM Tornado 9000 Puffs Einweg Vape Gro\u00dfhandel (5)\" src=\"https:\/\/www.vape4wholesale.com\/wp-content\/uploads\/2022\/08\/RandM-Tornado-9000-Puffs-Disposable-Vape-Wholesale-5.jpg\" alt=\"RandM Tornado 9000 Puffs Einweg Vape Gro\u00dfhandel (5)\" width=\"590\" height=\"590\" srcset=\"https:\/\/www.vape4wholesale.com\/wp-content\/uploads\/2022\/08\/RandM-Tornado-9000-Puffs-Disposable-Vape-Wholesale-5.jpg 590w, https:\/\/www.vape4wholesale.com\/wp-content\/uploads\/2022\/08\/RandM-Tornado-9000-Puffs-Disposable-Vape-Wholesale-5-247x247.jpg 247w, https:\/\/www.vape4wholesale.com\/wp-content\/uploads\/2022\/08\/RandM-Tornado-9000-Puffs-Disposable-Vape-Wholesale-5-100x100.jpg 100w, https:\/\/www.vape4wholesale.com\/wp-content\/uploads\/2022\/08\/RandM-Tornado-9000-Puffs-Disposable-Vape-Wholesale-5-510x510.jpg 510w, https:\/\/www.vape4wholesale.com\/wp-content\/uploads\/2022\/08\/RandM-Tornado-9000-Puffs-Disposable-Vape-Wholesale-5-64x64.jpg 64w, https:\/\/www.vape4wholesale.com\/wp-content\/uploads\/2022\/08\/RandM-Tornado-9000-Puffs-Disposable-Vape-Wholesale-5-300x300.jpg 300w, https:\/\/www.vape4wholesale.com\/wp-content\/uploads\/2022\/08\/RandM-Tornado-9000-Puffs-Disposable-Vape-Wholesale-5-150x150.jpg 150w\" sizes=\"auto, (max-width: 590px) 100vw, 590px\" \/><\/p>\n<h2>WARUM WIR?<\/h2>\r\n<ul>\r\n<li>Echte, vertrauensw\u00fcrdige und professionelle Vape-Quelle.<\/li>\r\n<li>100% Echtheitsgarantie: Wir bieten nur originale und echte Produkte, lehnen F\u00e4lschungen ab.<\/li>\r\n<li>100% Liefergarantie: Wir verwenden die beste Versandmethode, um sicherzustellen, dass Sie die Bestellung 100% erhalten.<\/li>\r\n<li>Wir geben Ihnen die Tracking-Nummer und den Versandaufkleber nach dem Versand und verfolgen die Ware f\u00fcr Sie, bis Sie sie abholen.<\/li>\r\n<li>Keine Zollprobleme, keine Z\u00f6lle<\/li>\r\n<\/ul>","protected":false},"excerpt":{"rendered":"<div class=\"wsppc_div_block woocommerce_before_add_to_cart_form\">\r\n<p><strong><span style=\"color: #00a859;\">Zollabfertigung<\/span> vor Lieferung &amp; 100% Liefergarantie, Lieferung in ca. 19-25 Tagen.\u00a0<\/strong><\/p>\r\n<\/div>","protected":false},"featured_media":12645,"comment_status":"open","ping_status":"closed","template":"","meta":[],"pwb-brand":[1270],"product_cat":[870],"product_tag":[244,336,22,24,180],"class_list":{"0":"post-5460","1":"product","2":"type-product","3":"status-publish","4":"has-post-thumbnail","6":"pwb-brand-randm","7":"product_cat-8000-10000-puffs","8":"product_tag-18-0ml","9":"product_tag-9000-puffs","10":"product_tag-disposable","11":"product_tag-wholesale","12":"product_tag-randm-tornado","13":"wcpa_has_options","15":"first","16":"outofstock","17":"featured","18":"shipping-taxable","19":"purchasable","20":"product-type-variable"},"aioseo_notices":[],"brands":[{"id":1270,"name":"Randm","slug":"randm"}],"_links":{"self":[{"href":"https:\/\/www.vape4wholesale.com\/de\/wp-json\/wp\/v2\/product\/5460","targetHints":{"allow":["GET"]}}],"collection":[{"href":"https:\/\/www.vape4wholesale.com\/de\/wp-json\/wp\/v2\/product"}],"about":[{"href":"https:\/\/www.vape4wholesale.com\/de\/wp-json\/wp\/v2\/types\/product"}],"replies":[{"embeddable":true,"href":"https:\/\/www.vape4wholesale.com\/de\/wp-json\/wp\/v2\/comments?post=5460"}],"wp:featuredmedia":[{"embeddable":true,"href":"https:\/\/www.vape4wholesale.com\/de\/wp-json\/wp\/v2\/media\/12645"}],"wp:attachment":[{"href":"https:\/\/www.vape4wholesale.com\/de\/wp-json\/wp\/v2\/media?parent=5460"}],"wp:term":[{"taxonomy":"pwb-brand","embeddable":true,"href":"https:\/\/www.vape4wholesale.com\/de\/wp-json\/wp\/v2\/pwb-brand?post=5460"},{"taxonomy":"product_cat","embeddable":true,"href":"https:\/\/www.vape4wholesale.com\/de\/wp-json\/wp\/v2\/product_cat?post=5460"},{"taxonomy":"product_tag","embeddable":true,"href":"https:\/\/www.vape4wholesale.com\/de\/wp-json\/wp\/v2\/product_tag?post=5460"}],"curies":[{"name":"wp","href":"https:\/\/api.w.org\/{rel}","templated":true}]}}