{"id":4681,"date":"2021-05-21T14:04:07","date_gmt":"2021-05-21T06:04:07","guid":{"rendered":"https:\/\/www.vape4wholesale.com\/?post_type=product&#038;p=4681"},"modified":"2026-01-26T13:43:56","modified_gmt":"2026-01-26T13:43:56","slug":"elf-bar-3600-einweg-vape-groshandel","status":"publish","type":"product","link":"https:\/\/www.vape4wholesale.com\/de\/product\/elf-bar-3600-disposable-vape-wholesale","title":{"rendered":"Elf Bar 3600 Einweg Vape Gro\u00dfhandel"},"content":{"rendered":"<p>die <strong><a href=\"https:\/\/www.vape4wholesale.com\/de\/produkt_marke\/elfenbar\/\">Elf Bar<\/a> 3600 Einweg-Vape<\/strong> kommt mit 650mAh Akku mit Typ-C Schnellladekabel und 10.6ml vorgef\u00fcllt. Gro\u00dfhandel bei Vape4Wholesale, Aufgrund der K\u00f6nig Gr\u00f6\u00dfe e-Fl\u00fcssigkeitskapazit\u00e4t, kann die Elf bar 3600 \u00fcber 3600 gro\u00dfe Puffs bringen. Und die Elf bar 3600 Einweg-Pod-Ger\u00e4t ist von fancy Design mit Farbverlauf f\u00fcr die Wahl jeden Tag gemacht. Was mehr ist, nimmt die Elf bar 3600 Disposable Pod Device fortschrittliche Dual Coil zu bringen glattesten Luftstrom und brillanten Geschmack. Holen Sie sich die Elf bar 3600 Einweg-Pod-Ger\u00e4t und genie\u00dfen Sie die erstaunlichen Geschmack.<\/p>\n<h2><strong>Elf Bar 3600 Einweg-Vape-Parameter<\/strong><\/h2>\n<ul>\n<li>Gr\u00f6\u00dfe: \u03c625x112mm<\/li>\n<li>E-Fl\u00fcssigkeit Kapazit\u00e4t: 10.6ml<\/li>\n<li>Nikotinst\u00e4rke: 20mg (2%)<\/li>\n<li>Akku-Kapazit\u00e4t: 650mAh<\/li>\n<li>Puffs: 3600 Puffs<\/li>\n<\/ul>\n<h2><strong>Eigenschaften<\/strong><\/h2>\n<p>650mAh wiederaufladbare Batterie und 10,6ml vorgef\u00fcllter Saft<br \/>\nSanfter Geschmack aus der Natur<br \/>\nTyp-C wiederaufladbares Design f\u00fcr langes Dampfen<br \/>\nFortschrittliche Doppelspule f\u00fcr sanftesten Luftstrom und brillanten Geschmack<br \/>\nAusgefallenes Design mit Farbverl\u00e4ufen<\/p>\n<h2><strong>Packung\/Gewicht<\/strong><\/h2>\n<ul>\n<li>1St\u00fcck\/Packung, 10 Packungen\/Karton<\/li>\n<li>400\/Karton, Gewicht: 28kg<\/li>\n<\/ul>\n<h2><strong>Elf Bar 3600 Geschmacksrichtungen<\/strong><\/h2>\n<div class=\"vi-wpvs-option-wrap vi-wpvs-option-wrap-default\" data-attribute_label=\"Banana Ice\" data-attribute_value=\"banana-ice-2\">\n<div class=\"vi-wpvs-option-wrap vi-wpvs-option-wrap-selected\" data-attribute_label=\"Banana Milk\" data-attribute_value=\"banana-milk\">\n<div class=\"vi-wpvs-option-wrap vi-wpvs-option-wrap-selected\" data-attribute_label=\"Banana Milk\" data-attribute_value=\"banana-milk\"><span class=\"vi-wpvs-option vi-wpvs-option-button\">Bananenmilch<\/span><\/div>\n<div class=\"vi-wpvs-option-wrap vi-wpvs-option-wrap-default\" data-attribute_label=\"Berry Peach\" data-attribute_value=\"berry-peach\"><span class=\"vi-wpvs-option vi-wpvs-option-button\">Beerenpfirsich<\/span><\/div>\n<div class=\"vi-wpvs-option-wrap vi-wpvs-option-wrap-default\" data-attribute_label=\"Blue Razz Lemonade\" data-attribute_value=\"blue-razz-lemonade\"><span class=\"vi-wpvs-option vi-wpvs-option-button\">Blue Razz Limonade<\/span><\/div>\n<div class=\"vi-wpvs-option-wrap vi-wpvs-option-wrap-default\" data-attribute_label=\"Jelly Bear\" data-attribute_value=\"jelly-bear\"><span class=\"vi-wpvs-option vi-wpvs-option-button\">Gummib\u00e4rchen<\/span><\/div>\n<div class=\"vi-wpvs-option-wrap vi-wpvs-option-wrap-default\" data-attribute_label=\"Kiwi Passion Fruit Guava\" data-attribute_value=\"kiwi-passion-fruit-guava\"><span class=\"vi-wpvs-option vi-wpvs-option-button\">Kiwi Passionsfrucht Guave<\/span><\/div>\n<div class=\"vi-wpvs-option-wrap vi-wpvs-option-wrap-default\" data-attribute_label=\"Mango Peach Watermelon\" data-attribute_value=\"mango-peach-watermelon\"><span class=\"vi-wpvs-option vi-wpvs-option-button\">Mango Pfirsich Wassermelone<\/span><\/div>\n<div class=\"vi-wpvs-option-wrap vi-wpvs-option-wrap-default\" data-attribute_label=\"Peach Mango Guava\" data-attribute_value=\"peach-mango-guava\"><span class=\"vi-wpvs-option vi-wpvs-option-button\">Pfirsich Mango Guave<\/span><\/div>\n<div class=\"vi-wpvs-option-wrap vi-wpvs-option-wrap-default\" data-attribute_label=\"Pineapple Mango Orange\" data-attribute_value=\"pineapple-mango-orange\"><span class=\"vi-wpvs-option vi-wpvs-option-button\">Ananas Mango Orange<\/span><\/div>\n<div class=\"vi-wpvs-option-wrap vi-wpvs-option-wrap-default\" data-attribute_label=\"Russian Cream\" data-attribute_value=\"russian-cream\"><span class=\"vi-wpvs-option vi-wpvs-option-button\">Russische Creme<\/span><\/div>\n<div class=\"vi-wpvs-option-wrap vi-wpvs-option-wrap-default\" data-attribute_label=\"Sour Apple\" data-attribute_value=\"sour-apple\"><span class=\"vi-wpvs-option vi-wpvs-option-button\">Saurer Apfel<\/span><\/div>\n<div class=\"vi-wpvs-option-wrap vi-wpvs-option-wrap-default\" data-attribute_label=\"Strawberry Kiwi\" data-attribute_value=\"strawberry-kiwi\"><span class=\"vi-wpvs-option vi-wpvs-option-button\">Erdbeer-Kiwi<\/span><\/div>\n<div class=\"vi-wpvs-option-wrap vi-wpvs-option-wrap-default\" data-attribute_label=\"Watermelon Lemon\" data-attribute_value=\"watermelon-lemon\"><span class=\"vi-wpvs-option vi-wpvs-option-button\">Wassermelone Zitrone<\/span><\/div>\n<\/div>\n<\/div>\n<div data-attribute_label=\"Watermelon Lemon\" data-attribute_value=\"watermelon-lemon\"><\/div>\n<div data-attribute_label=\"Watermelon Lemon\" data-attribute_value=\"watermelon-lemon\">\u00a0 \u00a0\u00a0\u00a0<img loading=\"lazy\" decoding=\"async\" class=\"size-full wp-image-13537 aligncenter\" title=\"ELF BAR 3600 Einweg Vape Gro\u00dfhandel 25\" src=\"https:\/\/www.vape4wholesale.com\/wp-content\/uploads\/2021\/05\/ELF-BAR-3600-Disposable-Vape-Wholesale-25.jpg\" alt=\"ELF BAR 3600 Einweg Vape Gro\u00dfhandel 25\" width=\"1000\" height=\"1000\" srcset=\"https:\/\/www.vape4wholesale.com\/wp-content\/uploads\/2021\/05\/ELF-BAR-3600-Disposable-Vape-Wholesale-25.jpg 1000w, https:\/\/www.vape4wholesale.com\/wp-content\/uploads\/2021\/05\/ELF-BAR-3600-Disposable-Vape-Wholesale-25-247x247.jpg 247w, https:\/\/www.vape4wholesale.com\/wp-content\/uploads\/2021\/05\/ELF-BAR-3600-Disposable-Vape-Wholesale-25-100x100.jpg 100w, https:\/\/www.vape4wholesale.com\/wp-content\/uploads\/2021\/05\/ELF-BAR-3600-Disposable-Vape-Wholesale-25-510x510.jpg 510w, https:\/\/www.vape4wholesale.com\/wp-content\/uploads\/2021\/05\/ELF-BAR-3600-Disposable-Vape-Wholesale-25-64x64.jpg 64w, https:\/\/www.vape4wholesale.com\/wp-content\/uploads\/2021\/05\/ELF-BAR-3600-Disposable-Vape-Wholesale-25-300x300.jpg 300w, https:\/\/www.vape4wholesale.com\/wp-content\/uploads\/2021\/05\/ELF-BAR-3600-Disposable-Vape-Wholesale-25-150x150.jpg 150w, https:\/\/www.vape4wholesale.com\/wp-content\/uploads\/2021\/05\/ELF-BAR-3600-Disposable-Vape-Wholesale-25-768x768.jpg 768w\" sizes=\"auto, (max-width: 1000px) 100vw, 1000px\" \/><\/div>\n<div data-attribute_label=\"Watermelon Lemon\" data-attribute_value=\"watermelon-lemon\"><h2>WARUM WIR?<\/h2>\r\n<ul>\r\n<li>Echte, vertrauensw\u00fcrdige und professionelle Vape-Quelle.<\/li>\r\n<li>100% Echtheitsgarantie: Wir bieten nur originale und echte Produkte, lehnen F\u00e4lschungen ab.<\/li>\r\n<li>100% Liefergarantie: Wir verwenden die beste Versandmethode, um sicherzustellen, dass Sie die Bestellung 100% erhalten.<\/li>\r\n<li>Wir geben Ihnen die Tracking-Nummer und den Versandaufkleber nach dem Versand und verfolgen die Ware f\u00fcr Sie, bis Sie sie abholen.<\/li>\r\n<li>Keine Zollprobleme, keine Z\u00f6lle<\/li>\r\n<\/ul><\/div>","protected":false},"excerpt":{"rendered":"<div class=\"wsppc_div_block woocommerce_before_add_to_cart_form\">\r\n<p><strong><span style=\"color: #00a859;\">Zollabfertigung<\/span> vor Lieferung &amp; 100% Liefergarantie, Lieferung in ca. 19-25 Tagen.\u00a0<\/strong><\/p>\r\n<\/div>\n<p>100% Original Elf Bar mit QR-Code<\/p>","protected":false},"featured_media":13524,"comment_status":"open","ping_status":"closed","template":"","meta":[],"pwb-brand":[1278],"product_cat":[85],"product_tag":[22,24,60,78,158],"class_list":{"0":"post-4681","1":"product","2":"type-product","3":"status-publish","4":"has-post-thumbnail","6":"pwb-brand-elf-bar","7":"product_cat-3000-4000-puffs","8":"product_tag-disposable","9":"product_tag-wholesale","10":"product_tag-elf-bar","11":"product_tag-10-8ml","12":"product_tag-3600-puffs","14":"first","15":"instock","16":"shipping-taxable","17":"purchasable","18":"product-type-variable"},"aioseo_notices":[],"brands":[{"id":1278,"name":"Elfenbar","slug":"elfenbar"}],"_links":{"self":[{"href":"https:\/\/www.vape4wholesale.com\/de\/wp-json\/wp\/v2\/product\/4681","targetHints":{"allow":["GET"]}}],"collection":[{"href":"https:\/\/www.vape4wholesale.com\/de\/wp-json\/wp\/v2\/product"}],"about":[{"href":"https:\/\/www.vape4wholesale.com\/de\/wp-json\/wp\/v2\/types\/product"}],"replies":[{"embeddable":true,"href":"https:\/\/www.vape4wholesale.com\/de\/wp-json\/wp\/v2\/comments?post=4681"}],"wp:featuredmedia":[{"embeddable":true,"href":"https:\/\/www.vape4wholesale.com\/de\/wp-json\/wp\/v2\/media\/13524"}],"wp:attachment":[{"href":"https:\/\/www.vape4wholesale.com\/de\/wp-json\/wp\/v2\/media?parent=4681"}],"wp:term":[{"taxonomy":"pwb-brand","embeddable":true,"href":"https:\/\/www.vape4wholesale.com\/de\/wp-json\/wp\/v2\/pwb-brand?post=4681"},{"taxonomy":"product_cat","embeddable":true,"href":"https:\/\/www.vape4wholesale.com\/de\/wp-json\/wp\/v2\/product_cat?post=4681"},{"taxonomy":"product_tag","embeddable":true,"href":"https:\/\/www.vape4wholesale.com\/de\/wp-json\/wp\/v2\/product_tag?post=4681"}],"curies":[{"name":"wp","href":"https:\/\/api.w.org\/{rel}","templated":true}]}}