{"id":3519,"date":"2021-05-18T21:03:19","date_gmt":"2021-05-18T13:03:19","guid":{"rendered":"https:\/\/www.vape4wholesale.com\/?post_type=product&#038;p=3519"},"modified":"2026-01-26T13:44:02","modified_gmt":"2026-01-26T13:44:02","slug":"elf-bar-2500-einweg-vape-groshandel","status":"publish","type":"product","link":"https:\/\/www.vape4wholesale.com\/de\/product\/elf-bar-2500-disposable-vape-wholesale","title":{"rendered":"Elf Bar 2500 Einweg Vape Gro\u00dfhandel"},"content":{"rendered":"<p><a href=\"https:\/\/www.vape4wholesale.com\/de\/produkt_marke\/elfenbar\/\">Elf Bar<\/a> 2500 Disposable Vape kommt mit 1400mAh Akku und 8 ml E-Saft mit verschiedenen Geschmacksrichtungen. Es enth\u00e4lt 5% oder 2% Salz nic, unterst\u00fctzt bis zu 2500 Z\u00fcge.<\/p>\n<p><span class=\"src\" data-group=\"0-0\">Es kann stabile Leistung und reichen Geschmack von jedem Zug bieten.<\/span><span class=\"src\" data-group=\"0-1\">\u00a0gibt Ihnen das sanfteste, vollmundigste Erlebnis einer Einweg-E-Zigarette.<\/span><\/p>\n<h2>Elf Bar 2500 Einweg-Vape Schnelles Detail<\/h2>\n<p>Gr\u00f6\u00dfe: 108 x 23 mm<br \/>\nE-Fl\u00fcssigkeit Kapazit\u00e4t: 8ml<br \/>\nNikotinst\u00e4rke: 5%\/2%\/2%SE<br \/>\nBatteriekapazit\u00e4t:1400mAh<br \/>\nPuffs: 2500 Puffs<\/p>\n<h2>Vorteile<\/h2>\n<p>Vertikale Dual Coil Struktur sorgt f\u00fcr die Reinheit des Geschmacks<br \/>\nGr\u00f6\u00dfere Akku-Kapazit\u00e4t und gr\u00f6\u00dfere e-Liquid-Kapazit\u00e4t<br \/>\nStilvolle Farbverl\u00e4ufe mit angenehmem Griffgef\u00fchl<br \/>\nMehr fruchtbare Aromen f\u00fcr unterschiedliche Bed\u00fcrfnisse<\/p>\n<h2>Geschm\u00e4cker<\/h2>\n<p>Bananenmilch<br \/>\nBlue Razz Limonade<br \/>\nSaftiger Pfirsich<br \/>\nRosa Limonade<br \/>\nErdbeereis<br \/>\nSaurer Apfel<br \/>\nKokosnuss Melone<br \/>\nPfirsich Mango Guave<br \/>\nMango Pfirsich Wassermelone<br \/>\nWeintrauben-Energie<\/p>\n<p><img loading=\"lazy\" decoding=\"async\" class=\"alignnone size-full wp-image-26795\" title=\"Elf Bar 2500 Einweg Vape Gro\u00dfhandel verpackt (16)\" src=\"https:\/\/www.vape4wholesale.com\/wp-content\/uploads\/2021\/05\/Elf-Bar-2500-Disposable-Vape-Wholesale_Packed-16-1.jpg\" alt=\"Elf Bar 2500 Einweg Vape Gro\u00dfhandel verpackt (16)\" width=\"600\" height=\"600\" srcset=\"https:\/\/www.vape4wholesale.com\/wp-content\/uploads\/2021\/05\/Elf-Bar-2500-Disposable-Vape-Wholesale_Packed-16-1.jpg 600w, https:\/\/www.vape4wholesale.com\/wp-content\/uploads\/2021\/05\/Elf-Bar-2500-Disposable-Vape-Wholesale_Packed-16-1-300x300.jpg 300w, https:\/\/www.vape4wholesale.com\/wp-content\/uploads\/2021\/05\/Elf-Bar-2500-Disposable-Vape-Wholesale_Packed-16-1-150x150.jpg 150w, https:\/\/www.vape4wholesale.com\/wp-content\/uploads\/2021\/05\/Elf-Bar-2500-Disposable-Vape-Wholesale_Packed-16-1-12x12.jpg 12w, https:\/\/www.vape4wholesale.com\/wp-content\/uploads\/2021\/05\/Elf-Bar-2500-Disposable-Vape-Wholesale_Packed-16-1-247x247.jpg 247w, https:\/\/www.vape4wholesale.com\/wp-content\/uploads\/2021\/05\/Elf-Bar-2500-Disposable-Vape-Wholesale_Packed-16-1-510x510.jpg 510w, https:\/\/www.vape4wholesale.com\/wp-content\/uploads\/2021\/05\/Elf-Bar-2500-Disposable-Vape-Wholesale_Packed-16-1-100x100.jpg 100w\" sizes=\"auto, (max-width: 600px) 100vw, 600px\" \/><\/p>","protected":false},"excerpt":{"rendered":"<div class=\"wsppc_div_block woocommerce_before_add_to_cart_form\">\r\n<p><strong><span style=\"color: #00a859;\">Zollabfertigung<\/span> vor Lieferung &amp; 100% Liefergarantie, Lieferung in ca. 19-25 Tagen.\u00a0<\/strong><\/p>\r\n<\/div>","protected":false},"featured_media":26795,"comment_status":"open","ping_status":"closed","template":"","meta":[],"pwb-brand":[1278],"product_cat":[25],"product_tag":[22,24,27,60,70],"class_list":{"0":"post-3519","1":"product","2":"type-product","3":"status-publish","4":"has-post-thumbnail","6":"pwb-brand-elf-bar","7":"product_cat-2000-3000-puffs","8":"product_tag-disposable","9":"product_tag-wholesale","10":"product_tag-2500-puffs","11":"product_tag-elf-bar","12":"product_tag-8-0ml","14":"first","15":"instock","16":"shipping-taxable","17":"purchasable","18":"product-type-variable"},"aioseo_notices":[],"brands":[{"id":1278,"name":"Elfenbar","slug":"elfenbar"}],"_links":{"self":[{"href":"https:\/\/www.vape4wholesale.com\/de\/wp-json\/wp\/v2\/product\/3519","targetHints":{"allow":["GET"]}}],"collection":[{"href":"https:\/\/www.vape4wholesale.com\/de\/wp-json\/wp\/v2\/product"}],"about":[{"href":"https:\/\/www.vape4wholesale.com\/de\/wp-json\/wp\/v2\/types\/product"}],"replies":[{"embeddable":true,"href":"https:\/\/www.vape4wholesale.com\/de\/wp-json\/wp\/v2\/comments?post=3519"}],"wp:featuredmedia":[{"embeddable":true,"href":"https:\/\/www.vape4wholesale.com\/de\/wp-json\/wp\/v2\/media\/26795"}],"wp:attachment":[{"href":"https:\/\/www.vape4wholesale.com\/de\/wp-json\/wp\/v2\/media?parent=3519"}],"wp:term":[{"taxonomy":"pwb-brand","embeddable":true,"href":"https:\/\/www.vape4wholesale.com\/de\/wp-json\/wp\/v2\/pwb-brand?post=3519"},{"taxonomy":"product_cat","embeddable":true,"href":"https:\/\/www.vape4wholesale.com\/de\/wp-json\/wp\/v2\/product_cat?post=3519"},{"taxonomy":"product_tag","embeddable":true,"href":"https:\/\/www.vape4wholesale.com\/de\/wp-json\/wp\/v2\/product_tag?post=3519"}],"curies":[{"name":"wp","href":"https:\/\/api.w.org\/{rel}","templated":true}]}}