{"id":30064,"date":"2026-03-28T09:40:56","date_gmt":"2026-03-28T01:40:56","guid":{"rendered":"https:\/\/www.vape4wholesale.com\/?post_type=product&#038;p=30064"},"modified":"2026-05-09T13:35:36","modified_gmt":"2026-05-09T05:35:36","slug":"randm-tornado-15000-15k-europa-lager","status":"publish","type":"product","link":"https:\/\/www.vape4wholesale.com\/de\/product\/randm-tornado-15000-15k-europe-warehouse","title":{"rendered":"Randm Tornado 15000 (15K) Europa Lager"},"content":{"rendered":"<p class=\"ds-markdown-paragraph\">Der Randm Tornado 15000 Vape ist ein Meisterwerk aus Design und Technologie von Fumot. Entwickelt f\u00fcr anspruchsvolle Dampfer, kombiniert dieses Ger\u00e4t eine hohe Kapazit\u00e4t mit intelligenten Funktionen und bietet eine nahtlose Mischung aus Komfort und Leistung.<\/p>\n<p class=\"ds-markdown-paragraph\">Behalten Sie mit dem fortschrittlichen LED-Display die volle Kontrolle. Im Gegensatz zu Standardger\u00e4ten liefert der Tornado 15000 Echtzeitinformationen sowohl \u00fcber die Akkulaufzeit als auch \u00fcber die E-Liquid-F\u00fcllst\u00e4nde. Diese intuitive Funktion eliminiert R\u00e4tselraten und stellt sicher, dass Sie immer wissen, wann es Zeit zum Aufladen ist oder dass Ihr Geschmackserlebnis konstant bleibt.<\/p>\n<p class=\"ds-markdown-paragraph\">Das Herzst\u00fcck des Ger\u00e4ts ist eine 0,9\u03a9 Mesh-Coil, die f\u00fcr eine maximale Heizfl\u00e4che entwickelt wurde. Diese Technologie sorgt f\u00fcr schnelles, gleichm\u00e4\u00dfiges Aufheizen und liefert au\u00dfergew\u00f6hnlich sanfte Z\u00fcge, eine reiche Dampfentwicklung und einen reinen, konsistenten Geschmack vom ersten Zug bis zum letzten.<\/p>\n<h3><strong>Randm Tornado 15000 \u2013 Technische Spezifikationen<\/strong><\/h3>\n<div class=\"ds-scroll-area ds-scroll-area--show-on-focus-within _1210dd7 c03cafe9\">\n<table>\n<thead>\n<tr>\n<th>Kategorie<\/th>\n<th>Spezifikation<\/th>\n<\/tr>\n<\/thead>\n<tbody>\n<tr>\n<td><strong>Anzahl der Puffs<\/strong><\/td>\n<td>Bis zu 15.000 (Testumgebung)<\/td>\n<\/tr>\n<tr>\n<td><strong>E-Liquid Kapazit\u00e4t<\/strong><\/td>\n<td>25 ml<\/td>\n<\/tr>\n<tr>\n<td><strong>Nikotinst\u00e4rken<\/strong><\/td>\n<td>0%, 2%, 3%, 5%<\/td>\n<\/tr>\n<tr>\n<td><strong>Batterie<\/strong><\/td>\n<td>850 mAh (wiederaufladbar)<\/td>\n<\/tr>\n<tr>\n<td><strong>Ladeanschluss<\/strong><\/td>\n<td>Typ-C<\/td>\n<\/tr>\n<tr>\n<td><strong>Spulentyp<\/strong><\/td>\n<td>Maschenspule<\/td>\n<\/tr>\n<tr>\n<td><strong>Wicklungswiderstand<\/strong><\/td>\n<td>0,9\u03a9<\/td>\n<\/tr>\n<tr>\n<td><strong>Anzeige<\/strong><\/td>\n<td>LED-Anzeige (Akkulaufzeit &amp; E-Liquid-Stand)<\/td>\n<\/tr>\n<tr>\n<td><strong>Luftstrom<\/strong><\/td>\n<td>Einstellbarer Luftstromregler<\/td>\n<\/tr>\n<tr>\n<td><strong>Geschmacksoptionen<\/strong><\/td>\n<td>62 Geschmacksrichtungen<\/td>\n<\/tr>\n<\/tbody>\n<\/table>\n<\/div>\n<h3><strong>Verf\u00fcgbare Geschmacksrichtungen<\/strong><\/h3>\n<ol start=\"1\">\n<li>\n<p class=\"ds-markdown-paragraph\">Blue Razz Limonade<\/p>\n<\/li>\n<li>\n<p class=\"ds-markdown-paragraph\">Pfirsich-Eis<\/p>\n<\/li>\n<li>\n<p class=\"ds-markdown-paragraph\">Saurer Apfel<\/p>\n<\/li>\n<li>\n<p class=\"ds-markdown-paragraph\">Wassermelone Eis<\/p>\n<\/li>\n<li>\n<p class=\"ds-markdown-paragraph\">Heidelbeere auf Eis<\/p>\n<\/li>\n<li>\n<p class=\"ds-markdown-paragraph\">Heidelbeere-Himbeere<\/p>\n<\/li>\n<li>\n<p class=\"ds-markdown-paragraph\">Ananaseis<\/p>\n<\/li>\n<li>\n<p class=\"ds-markdown-paragraph\">Kirsche Eis<\/p>\n<\/li>\n<li>\n<p class=\"ds-markdown-paragraph\">Erdbeereis<\/p>\n<\/li>\n<li>\n<p class=\"ds-markdown-paragraph\">Vimto<\/p>\n<\/li>\n<li>\n<p class=\"ds-markdown-paragraph\">Traubeneis<\/p>\n<\/li>\n<li>\n<p class=\"ds-markdown-paragraph\">Cola-Eis<\/p>\n<\/li>\n<li>\n<p class=\"ds-markdown-paragraph\">Erdbeere Wassermelone<\/p>\n<\/li>\n<li>\n<p class=\"ds-markdown-paragraph\">Rosa Limonade<\/p>\n<\/li>\n<li>\n<p class=\"ds-markdown-paragraph\">Gemischte Beere<\/p>\n<\/li>\n<li>\n<p class=\"ds-markdown-paragraph\">Pfirsich-Mango<\/p>\n<\/li>\n<li>\n<p class=\"ds-markdown-paragraph\">Drachenfrucht<\/p>\n<\/li>\n<li>\n<p class=\"ds-markdown-paragraph\">Erdbeere Traube<\/p>\n<\/li>\n<li>\n<p class=\"ds-markdown-paragraph\">Herr Blau<\/p>\n<\/li>\n<li>\n<p class=\"ds-markdown-paragraph\">\u00dcppiges Eis<\/p>\n<\/li>\n<li>\n<p class=\"ds-markdown-paragraph\">Eis am Stiel<\/p>\n<\/li>\n<li>\n<p class=\"ds-markdown-paragraph\">Erdbeer-Kiwi<\/p>\n<\/li>\n<li>\n<p class=\"ds-markdown-paragraph\">Kiwi Passionsfrucht Guave<\/p>\n<\/li>\n<li>\n<p class=\"ds-markdown-paragraph\">Dreifach-Beere<\/p>\n<\/li>\n<li>\n<p class=\"ds-markdown-paragraph\">Bananeneis<\/p>\n<\/li>\n<li>\n<p class=\"ds-markdown-paragraph\">Pfirsich-Blaubeer-Bonbon<\/p>\n<\/li>\n<li>\n<p class=\"ds-markdown-paragraph\">Apfel Pfirsich Birne<\/p>\n<\/li>\n<li>\n<p class=\"ds-markdown-paragraph\">Beerenlimonade<\/p>\n<\/li>\n<li>\n<p class=\"ds-markdown-paragraph\">Blauer Razzia Kirsche<\/p>\n<\/li>\n<li>\n<p class=\"ds-markdown-paragraph\">Blaubeer-Kaugummi<\/p>\n<\/li>\n<li>\n<p class=\"ds-markdown-paragraph\">Heidelbeere Kirsche Cranberry<\/p>\n<\/li>\n<li>\n<p class=\"ds-markdown-paragraph\">Heidelbeere-Granatapfel<\/p>\n<\/li>\n<li>\n<p class=\"ds-markdown-paragraph\">Bluesour Himbeere<\/p>\n<\/li>\n<li>\n<p class=\"ds-markdown-paragraph\">Kirsche Cola<\/p>\n<\/li>\n<li>\n<p class=\"ds-markdown-paragraph\">Gummib\u00e4rchen<\/p>\n<\/li>\n<li>\n<p class=\"ds-markdown-paragraph\">Zitrone &amp; Limette<\/p>\n<\/li>\n<li>\n<p class=\"ds-markdown-paragraph\">Mango auf Eis<\/p>\n<\/li>\n<li>\n<p class=\"ds-markdown-paragraph\">Rotes Energie-Eis<\/p>\n<\/li>\n<li>\n<p class=\"ds-markdown-paragraph\">Erdbeere-Banane<\/p>\n<\/li>\n<li>\n<p class=\"ds-markdown-paragraph\">Erdbeer-Red Bull<\/p>\n<\/li>\n<li>\n<p class=\"ds-markdown-paragraph\">Erdbeer-Wassermelonen-Limonade<\/p>\n<\/li>\n<li>\n<p class=\"ds-markdown-paragraph\">Eistee Zitrone Eis<\/p>\n<\/li>\n<li>\n<p class=\"ds-markdown-paragraph\">Eistee Pfirsich<\/p>\n<\/li>\n<li>\n<p class=\"ds-markdown-paragraph\">Kirsche mit Kohlens\u00e4ure<\/p>\n<\/li>\n<li>\n<p class=\"ds-markdown-paragraph\">Kegeln<\/p>\n<\/li>\n<li>\n<p class=\"ds-markdown-paragraph\">K\u00fchle Minze<\/p>\n<\/li>\n<li>\n<p class=\"ds-markdown-paragraph\">Pina Colada<\/p>\n<\/li>\n<li>\n<p class=\"ds-markdown-paragraph\">Heidelbeere<\/p>\n<\/li>\n<li>\n<p class=\"ds-markdown-paragraph\">Blaubeer-Pfirsich-Eis<\/p>\n<\/li>\n<li>\n<p class=\"ds-markdown-paragraph\">Weintraube Zitrone<\/p>\n<\/li>\n<li>\n<p class=\"ds-markdown-paragraph\">Fanta<\/p>\n<\/li>\n<li>\n<p class=\"ds-markdown-paragraph\">Frischer Menthol Mojito<\/p>\n<\/li>\n<li>\n<p class=\"ds-markdown-paragraph\">Aloe Zitronen Beeren<\/p>\n<\/li>\n<li>\n<p class=\"ds-markdown-paragraph\">Gr\u00fcner Apfel Zitrus Menthol<\/p>\n<\/li>\n<li>\n<p class=\"ds-markdown-paragraph\">Gr\u00fcne Traubenmelone<\/p>\n<\/li>\n<li>\n<p class=\"ds-markdown-paragraph\">Kaktus Kiwi<\/p>\n<\/li>\n<li>\n<p class=\"ds-markdown-paragraph\">Cola Zitrone<\/p>\n<\/li>\n<li>\n<p class=\"ds-markdown-paragraph\">Kaktus-Eis<\/p>\n<\/li>\n<li>\n<p class=\"ds-markdown-paragraph\">Blauer Razz Gummib\u00e4rchen<\/p>\n<\/li>\n<li>\n<p class=\"ds-markdown-paragraph\">Kubanischer Menthol-Mojito<\/p>\n<\/li>\n<li>\n<p class=\"ds-markdown-paragraph\">Fruchtgummi mit Geschmack<\/p>\n<\/li>\n<li>\n<p class=\"ds-markdown-paragraph\">Ribena Gummy Zitrone<\/p>\n<\/li>\n<\/ol>\n<p><img loading=\"lazy\" decoding=\"async\" class=\"alignnone size-full wp-image-15972\" title=\"Randm Tornado 15000 Einweg Vape Gro\u00dfhandel (3)\" src=\"https:\/\/www.vape4wholesale.com\/wp-content\/uploads\/2024\/06\/Randm-Tornado-15000-Disposable-Vape-Wholesale-3.webp\" alt=\"Randm Tornado 15000 Einweg Vape Gro\u00dfhandel (3)\" width=\"640\" height=\"640\" srcset=\"https:\/\/www.vape4wholesale.com\/wp-content\/uploads\/2024\/06\/Randm-Tornado-15000-Disposable-Vape-Wholesale-3.webp 640w, https:\/\/www.vape4wholesale.com\/wp-content\/uploads\/2024\/06\/Randm-Tornado-15000-Disposable-Vape-Wholesale-3-247x247.webp 247w, https:\/\/www.vape4wholesale.com\/wp-content\/uploads\/2024\/06\/Randm-Tornado-15000-Disposable-Vape-Wholesale-3-100x100.webp 100w, https:\/\/www.vape4wholesale.com\/wp-content\/uploads\/2024\/06\/Randm-Tornado-15000-Disposable-Vape-Wholesale-3-510x510.webp 510w, https:\/\/www.vape4wholesale.com\/wp-content\/uploads\/2024\/06\/Randm-Tornado-15000-Disposable-Vape-Wholesale-3-64x64.webp 64w, https:\/\/www.vape4wholesale.com\/wp-content\/uploads\/2024\/06\/Randm-Tornado-15000-Disposable-Vape-Wholesale-3-300x300.webp 300w, https:\/\/www.vape4wholesale.com\/wp-content\/uploads\/2024\/06\/Randm-Tornado-15000-Disposable-Vape-Wholesale-3-150x150.webp 150w\" sizes=\"auto, (max-width: 640px) 100vw, 640px\" \/><\/p>\n<h2>WARUM WIR?<\/h2>\r\n<ul>\r\n<li>Echte, vertrauensw\u00fcrdige und professionelle Vape-Quelle.<\/li>\r\n<li>100% Echtheitsgarantie: Wir bieten nur originale und echte Produkte, lehnen F\u00e4lschungen ab.<\/li>\r\n<li>100% Liefergarantie: Wir verwenden die beste Versandmethode, um sicherzustellen, dass Sie die Bestellung 100% erhalten.<\/li>\r\n<li>Wir geben Ihnen die Tracking-Nummer und den Versandaufkleber nach dem Versand und verfolgen die Ware f\u00fcr Sie, bis Sie sie abholen.<\/li>\r\n<li>Keine Zollprobleme, keine Z\u00f6lle<\/li>\r\n<\/ul>","protected":false},"excerpt":{"rendered":"<p><b><span style=\"color: #00a859;\">Kostenloser Versand<\/span>\u00a0Aus dem Europa-Lager, Lieferzeit 7-15 Werktage.<\/b><\/p>\r\n<div class=\"wsppc_div_block woocommerce_before_add_to_cart_form\">\r\n<p><strong>Zollabfertigung vor Lieferung &amp; 100% Liefergarantie<\/strong><\/p>\r\n<\/div>","protected":false},"featured_media":15977,"comment_status":"open","ping_status":"closed","template":"","meta":[],"pwb-brand":[1269],"product_cat":[938],"product_tag":[],"class_list":{"0":"post-30064","1":"product","2":"type-product","3":"status-publish","4":"has-post-thumbnail","6":"pwb-brand-fumot","7":"product_cat-europe-warehouse","8":"product_shipping_class-eu-warehouse","9":"wcpa_has_options","11":"first","12":"instock","13":"shipping-taxable","14":"purchasable","15":"product-type-variable"},"aioseo_notices":[],"brands":[{"id":1269,"name":"Fumot","slug":"fumot"}],"_links":{"self":[{"href":"https:\/\/www.vape4wholesale.com\/de\/wp-json\/wp\/v2\/product\/30064","targetHints":{"allow":["GET"]}}],"collection":[{"href":"https:\/\/www.vape4wholesale.com\/de\/wp-json\/wp\/v2\/product"}],"about":[{"href":"https:\/\/www.vape4wholesale.com\/de\/wp-json\/wp\/v2\/types\/product"}],"replies":[{"embeddable":true,"href":"https:\/\/www.vape4wholesale.com\/de\/wp-json\/wp\/v2\/comments?post=30064"}],"wp:featuredmedia":[{"embeddable":true,"href":"https:\/\/www.vape4wholesale.com\/de\/wp-json\/wp\/v2\/media\/15977"}],"wp:attachment":[{"href":"https:\/\/www.vape4wholesale.com\/de\/wp-json\/wp\/v2\/media?parent=30064"}],"wp:term":[{"taxonomy":"pwb-brand","embeddable":true,"href":"https:\/\/www.vape4wholesale.com\/de\/wp-json\/wp\/v2\/pwb-brand?post=30064"},{"taxonomy":"product_cat","embeddable":true,"href":"https:\/\/www.vape4wholesale.com\/de\/wp-json\/wp\/v2\/product_cat?post=30064"},{"taxonomy":"product_tag","embeddable":true,"href":"https:\/\/www.vape4wholesale.com\/de\/wp-json\/wp\/v2\/product_tag?post=30064"}],"curies":[{"name":"wp","href":"https:\/\/api.w.org\/{rel}","templated":true}]}}