{"id":30010,"date":"2026-03-27T23:07:19","date_gmt":"2026-03-27T15:07:19","guid":{"rendered":"https:\/\/www.vape4wholesale.com\/?post_type=product&#038;p=30010"},"modified":"2026-03-28T08:52:11","modified_gmt":"2026-03-28T00:52:11","slug":"fumot-digital-box-12000-12k-europaisches-lager","status":"publish","type":"product","link":"https:\/\/www.vape4wholesale.com\/de\/product\/fumot-digital-box-12000-12k-europe-warehouse","title":{"rendered":"Fumot Digital Box 12000 (12K) Europen Lager"},"content":{"rendered":"<p>Die Fumot Digital Box 12000 ist eine wiederaufladbare Einweg-E-Zigarette mit hoher Kapazit\u00e4t, die f\u00fcr lange Nutzungsdauer und konstante Leistung entwickelt wurde. Sie ist mit 20 ml E-Liquid vorgef\u00fcllt und liefert unter Testbedingungen bis zu 12.000 Z\u00fcge. Sie ist in vier Nikotinst\u00e4rken erh\u00e4ltlich: 0%, 2%, 3%und 5%, um unterschiedlichen Vorlieben gerecht zu werden.<\/p>\n<p>Ausgestattet mit einem lebendigen LED-Display liefert das Ger\u00e4t Echtzeitinformationen \u00fcber den Akkustand und den E-Liquid-Status, sodass die Benutzer auf einen Blick informiert bleiben. Die 0,8\u03a9 Mesh-Coil-Technologie garantiert eine gleichm\u00e4\u00dfige Erw\u00e4rmung und eine reiche Geschmacksabgabe, w\u00e4hrend der eingebaute 550mAh wiederaufladbare Akku und der moderne Typ-C-Ladeanschluss ein schnelles und unkompliziertes Aufladen erm\u00f6glichen. Mit einer vielf\u00e4ltigen Auswahl von 56 Geschmacksrichtungen \u2013 von Fruchtmischungen und Menthol-Optionen bis hin zu Getr\u00e4nke- und Tabakvarianten \u2013 kombiniert die Digital Box 12000 Spitzentechnologie mit einem benutzerorientierten Design f\u00fcr ein erstklassiges Dampferlebnis.<\/p>\n<p>Zus\u00e4tzlich liefern wir dieses Produkt aus unserem europ\u00e4ischen Lager, versandkostenfrei, was eine schnelle und zuverl\u00e4ssige Lieferung in die meisten europ\u00e4ischen L\u00e4nder innerhalb von ungef\u00e4hr einer bis anderthalb Wochen gew\u00e4hrleistet.<\/p>\n<h2><strong>Fumot Digital Box 12000 Technische Daten<\/strong><\/h2>\n<div class=\"ds-scroll-area ds-scroll-area--show-on-focus-within _1210dd7 c03cafe9\">\n<div class=\"ds-scroll-area__gutters\">\n<div class=\"ds-scroll-area__vertical-gutter\"><\/div>\n<\/div>\n<table>\n<thead>\n<tr>\n<th>Parameter<\/th>\n<th>Spezifikation<\/th>\n<\/tr>\n<\/thead>\n<tbody>\n<tr>\n<td><strong>E-Liquid Kapazit\u00e4t<\/strong><\/td>\n<td>20ml<\/td>\n<\/tr>\n<tr>\n<td><strong>Anzahl der Puffs<\/strong><\/td>\n<td>Bis zu 12.000 Z\u00fcge (unter Testbedingungen)<\/td>\n<\/tr>\n<tr>\n<td><strong>Nikotinst\u00e4rke Optionen<\/strong><\/td>\n<td>0%, 2%, 3%, 5%<\/td>\n<\/tr>\n<tr>\n<td><strong>Batteriekapazit\u00e4t<\/strong><\/td>\n<td>550mAh (eingebauter wiederaufladbarer Akku)<\/td>\n<\/tr>\n<tr>\n<td><strong>Ladeanschluss<\/strong><\/td>\n<td>Typ-C<\/td>\n<\/tr>\n<tr>\n<td><strong>Spulentyp<\/strong><\/td>\n<td>Maschenspule<\/td>\n<\/tr>\n<tr>\n<td><strong>Wicklungswiderstand<\/strong><\/td>\n<td>0,8\u03a9<\/td>\n<\/tr>\n<tr>\n<td><strong>Anzeige<\/strong><\/td>\n<td>LED-Anzeige (zeigt Akkustand und Liquidstand an)<\/td>\n<\/tr>\n<tr>\n<td><strong>Geschmacksoptionen<\/strong><\/td>\n<td>56 Geschmacksrichtungen<\/td>\n<\/tr>\n<tr>\n<td><strong>Wiederaufladbar<\/strong><\/td>\n<td>Ja<\/td>\n<\/tr>\n<\/tbody>\n<\/table>\n<p>&nbsp;<\/p>\n<h2><strong>Verf\u00fcgbare Geschmacksrichtungen<\/strong><\/h2>\n<p>K\u00fchlende Minze<br \/>\n2. Kirscheis<br \/>\n3. Kirsch-Cola<br \/>\n4. Traubeneis<br \/>\n5. \u00dcppiges Eis<br \/>\n6. Eis am Stiel<br \/>\n7. Erdbeereis<br \/>\n8. Rosa Limonade<br \/>\n9. Mango auf Eis<br \/>\n10. Beerenmischung<br \/>\n11. Erdbeerdonut<br \/>\n12. Erdbeere Traube<br \/>\n13. Blaubeer Himbeer<br \/>\n14. Erdbeer-Wassermelone<br \/>\n15. Erdbeer-Banane<br \/>\n16. Wassermeloneneis<br \/>\nDr. Blue<br \/>\n18. Blaubeere auf Eis<br \/>\n19. Kiwi Maracuja Guave<br \/>\n20. Erdbeere Kiwi<br \/>\n21. Pfirsich Mango<br \/>\n22. Pfirsich-Eis<br \/>\n23. Roter Apfel Eis<br \/>\n24. Blaubeer-Kaugummi<br \/>\n25. Beerenlimonade<br \/>\n26. Blaue Himbeerlimonade<br \/>\n27. Bluesour Himbeere<br \/>\n28. Erdbeer-Zitrone Red Bull<br \/>\n29. Apfel-Beeren-Rausch<br \/>\n30. Wassermelonen-Kaugummi<br \/>\n31. Himbeer-Wassermelone<br \/>\n32. Schwarzes Eis<br \/>\n33. Blaubeere Kirsche Cranberry<br \/>\n34. Erdbeer-Granatapfel<br \/>\n35. Vimto<br \/>\n36. Kirschbeere<br \/>\n37. Zitrone &amp; Limette<br \/>\n38. Bingo Krusch<br \/>\n39. Blaubeer-Kiwi<br \/>\n40. Apfel Zimt<br \/>\n41. Bananeneis<br \/>\n42. Drachenfrucht-Eis<br \/>\n43. Fruchtige Fusion<br \/>\n44. Traubenminze<br \/>\n45. Liebe 66<br \/>\nAnanas Eis<br \/>\n47. Rote Energie Eis<br \/>\n48. Zwei \u00c4pfel<br \/>\n49. Tabak<br \/>\n50. Cola Eis<br \/>\n51. Eistee Zitrone Eis<br \/>\n52. Eistee Pfirsich Eis<br \/>\n53. Blau-Himbeer-Gummib\u00e4rchen<br \/>\n54. Kubanischer Menthol Mojito<br \/>\n55. Juicy Fruit Kaugummi<br \/>\n56. Ribena Gummizitronen<\/p>\n<\/div>\n<h2><strong>Verpackung &amp; Gewicht<\/strong><\/h2>\n<ul>\n<li>0,095 KG\/PCS, einzeln mit kleiner Verpackung<\/li>\n<li>10 PCS in einer mittleren Schachtel<\/li>\n<li>200 PCS im Umkarton<\/li>\n<\/ul>\n<figure id=\"attachment_26810\" aria-describedby=\"caption-attachment-26810\" style=\"width: 800px\" class=\"wp-caption alignnone\"><img loading=\"lazy\" decoding=\"async\" class=\"wp-image-26810 size-full\" title=\"Fumot Digital Box 12000 Einweg-Vape Gro\u00dfhandel Erdbeere Donut\" src=\"https:\/\/www.vape4wholesale.com\/wp-content\/uploads\/2023\/10\/Fumot-Digital-12000-Disposable-Vape-Wholesale-Strawberry-Donut-1.jpg\" alt=\"Fumot Digital Box 12000 Einweg-Vape Gro\u00dfhandel Erdbeere Donut\" width=\"800\" height=\"800\" srcset=\"https:\/\/www.vape4wholesale.com\/wp-content\/uploads\/2023\/10\/Fumot-Digital-12000-Disposable-Vape-Wholesale-Strawberry-Donut-1.jpg 800w, https:\/\/www.vape4wholesale.com\/wp-content\/uploads\/2023\/10\/Fumot-Digital-12000-Disposable-Vape-Wholesale-Strawberry-Donut-1-300x300.jpg 300w, https:\/\/www.vape4wholesale.com\/wp-content\/uploads\/2023\/10\/Fumot-Digital-12000-Disposable-Vape-Wholesale-Strawberry-Donut-1-150x150.jpg 150w, https:\/\/www.vape4wholesale.com\/wp-content\/uploads\/2023\/10\/Fumot-Digital-12000-Disposable-Vape-Wholesale-Strawberry-Donut-1-768x768.jpg 768w, https:\/\/www.vape4wholesale.com\/wp-content\/uploads\/2023\/10\/Fumot-Digital-12000-Disposable-Vape-Wholesale-Strawberry-Donut-1-12x12.jpg 12w, https:\/\/www.vape4wholesale.com\/wp-content\/uploads\/2023\/10\/Fumot-Digital-12000-Disposable-Vape-Wholesale-Strawberry-Donut-1-247x247.jpg 247w, https:\/\/www.vape4wholesale.com\/wp-content\/uploads\/2023\/10\/Fumot-Digital-12000-Disposable-Vape-Wholesale-Strawberry-Donut-1-510x510.jpg 510w, https:\/\/www.vape4wholesale.com\/wp-content\/uploads\/2023\/10\/Fumot-Digital-12000-Disposable-Vape-Wholesale-Strawberry-Donut-1-100x100.jpg 100w\" sizes=\"auto, (max-width: 800px) 100vw, 800px\" \/><figcaption id=\"caption-attachment-26810\" class=\"wp-caption-text\">Fumot Digital Box 12000 Einweg-Vape Gro\u00dfhandel Erdbeere Donut<\/figcaption><\/figure>\n<p>&nbsp;<\/p>\n<h2>WARUM WIR?<\/h2>\r\n<ul>\r\n<li>Echte, vertrauensw\u00fcrdige und professionelle Vape-Quelle.<\/li>\r\n<li>100% Echtheitsgarantie: Wir bieten nur originale und echte Produkte, lehnen F\u00e4lschungen ab.<\/li>\r\n<li>100% Liefergarantie: Wir verwenden die beste Versandmethode, um sicherzustellen, dass Sie die Bestellung 100% erhalten.<\/li>\r\n<li>Wir geben Ihnen die Tracking-Nummer und den Versandaufkleber nach dem Versand und verfolgen die Ware f\u00fcr Sie, bis Sie sie abholen.<\/li>\r\n<li>Keine Zollprobleme, keine Z\u00f6lle<\/li>\r\n<\/ul>","protected":false},"excerpt":{"rendered":"<p><b><span style=\"color: #00a859;\">Kostenloser Versand<\/span>\u00a0Aus dem Europa-Lager, Lieferzeit 7-15 Werktage.<\/b><\/p>\r\n<div class=\"wsppc_div_block woocommerce_before_add_to_cart_form\">\r\n<p><strong>Zollabfertigung vor Lieferung &amp; 100% Liefergarantie<\/strong><\/p>\r\n<\/div>","protected":false},"featured_media":26805,"comment_status":"open","ping_status":"closed","template":"","meta":[],"pwb-brand":[1269],"product_cat":[938],"product_tag":[22,24,172,556],"class_list":{"0":"post-30010","1":"product","2":"type-product","3":"status-publish","4":"has-post-thumbnail","6":"pwb-brand-fumot","7":"product_cat-europe-warehouse","8":"product_tag-disposable","9":"product_tag-wholesale","10":"product_tag-20-0ml","11":"product_tag-12000-puffs","12":"product_shipping_class-eu-warehouse","13":"wcpa_has_options","15":"first","16":"instock","17":"shipping-taxable","18":"purchasable","19":"product-type-variable"},"aioseo_notices":[],"brands":[{"id":1269,"name":"Fumot","slug":"fumot"}],"_links":{"self":[{"href":"https:\/\/www.vape4wholesale.com\/de\/wp-json\/wp\/v2\/product\/30010","targetHints":{"allow":["GET"]}}],"collection":[{"href":"https:\/\/www.vape4wholesale.com\/de\/wp-json\/wp\/v2\/product"}],"about":[{"href":"https:\/\/www.vape4wholesale.com\/de\/wp-json\/wp\/v2\/types\/product"}],"replies":[{"embeddable":true,"href":"https:\/\/www.vape4wholesale.com\/de\/wp-json\/wp\/v2\/comments?post=30010"}],"wp:featuredmedia":[{"embeddable":true,"href":"https:\/\/www.vape4wholesale.com\/de\/wp-json\/wp\/v2\/media\/26805"}],"wp:attachment":[{"href":"https:\/\/www.vape4wholesale.com\/de\/wp-json\/wp\/v2\/media?parent=30010"}],"wp:term":[{"taxonomy":"pwb-brand","embeddable":true,"href":"https:\/\/www.vape4wholesale.com\/de\/wp-json\/wp\/v2\/pwb-brand?post=30010"},{"taxonomy":"product_cat","embeddable":true,"href":"https:\/\/www.vape4wholesale.com\/de\/wp-json\/wp\/v2\/product_cat?post=30010"},{"taxonomy":"product_tag","embeddable":true,"href":"https:\/\/www.vape4wholesale.com\/de\/wp-json\/wp\/v2\/product_tag?post=30010"}],"curies":[{"name":"wp","href":"https:\/\/api.w.org\/{rel}","templated":true}]}}