{"id":29175,"date":"2026-01-29T07:38:34","date_gmt":"2026-01-29T07:38:34","guid":{"rendered":"https:\/\/www.vape4wholesale.com\/?post_type=product&#038;p=29175"},"modified":"2026-04-07T17:10:19","modified_gmt":"2026-04-07T09:10:19","slug":"happ-bar-gr100k-pro-einweg-vape-groshandel","status":"publish","type":"product","link":"https:\/\/www.vape4wholesale.com\/de\/product\/happ-bar-gr100k-pro-disposable-vape-wholesale","title":{"rendered":"Happ Bar GR100K Pro Einweg-Vape Gro\u00dfhandel"},"content":{"rendered":"<p>Die <a title=\"Happ Bar\" href=\"\/de\/produkt_marke\/glucksbar\/\" target=\"_blank\" rel=\"noopener\">Happ Bar<\/a> Die GR100K Pro Einweg-Vape ist die neueste Weiterentwicklung der GR-Serie von Happ Bar. Sie integriert meisterhaft die ikonischen Designs der GR30K und GR50K und hebt die GR100K Pro mit bedeutenden Upgrades auf ein neues Level. Sie repr\u00e4sentiert den H\u00f6hepunkt unserer Serie und bietet eine un\u00fcbertroffene Kombination aus anhaltender Leistung und verfeinerter \u00c4sthetik.<\/p>\n<p>Entwickelt f\u00fcr extreme Langlebigkeit und Komfort, verf\u00fcgt dieses Ger\u00e4t \u00fcber ein riesiges\u00a0<strong>100.000 Z\u00fcge<\/strong>\u00a0eine gro\u00dfz\u00fcgige Unterst\u00fctzung\u00a0<strong>56 ml<\/strong>\u00a0vorgef\u00fclltes E-Liquid-Volumen und eine langlebige\u00a0<strong>650mAh<\/strong>\u00a0wiederaufladbarer Akku. Er verf\u00fcgt \u00fcber ein modernes\u00a0<strong>Typ-C<\/strong>\u00a0Ladeanschluss f\u00fcr schnelle Aufladungen und nutzt eine\u00a0<strong>1,0 Ohm<\/strong>\u00a0Spule, um eine konstant gleichm\u00e4\u00dfige und geschmackvolle Dampfproduktion zu gew\u00e4hrleisten. Erh\u00e4ltlich in\u00a0<strong>2%<\/strong>\u00a0und\u00a0<strong>5%<\/strong>\u00a0Nikotinst\u00e4rken, die auf Ihre Vorlieben zugeschnitten sind.<\/p>\n<h2 class=\"ds-markdown-paragraph\"><strong>Happ Bar GR100K Pro Einweg-Vape Wichtige Spezifikationen<\/strong><\/h2>\n<ul>\n<li class=\"ds-markdown-paragraph\">Massive Dampfanzahl: Genie\u00dfen Sie bis zu au\u00dfergew\u00f6hnliche 100.000 Z\u00fcge f\u00fcr langanhaltende Zufriedenheit.<\/li>\n<li class=\"ds-markdown-paragraph\">Nikotinst\u00e4rken: Erh\u00e4ltlich in%2 und%5 Nikotinkonzentrationen, je nach Wunsch.<\/li>\n<li class=\"ds-markdown-paragraph\">Hochleistungsakku: Angetrieben von einem zuverl\u00e4ssigen integrierten 650-mAh-Akku.<\/li>\n<li class=\"ds-markdown-paragraph\">Bequemes Aufladen: Verf\u00fcgt \u00fcber einen Typ-C-Ladeanschluss f\u00fcr schnelles und einfaches Aufladen.<\/li>\n<li class=\"ds-markdown-paragraph\">Gro\u00dfz\u00fcgige E-Liquid-Kapazit\u00e4t: Vorbef\u00fcllt mit 56 ml Premium-E-Liquid.<\/li>\n<li class=\"ds-markdown-paragraph\">Optimale Coil-Widerstand: Ausgestattet mit einer 1,0-Ohm-Mesh-Coil f\u00fcr eine sanfte, gleichm\u00e4\u00dfige und geschmacksintensive Dampfproduktion.<\/li>\n<\/ul>\n<h2><strong>Verf\u00fcgbare Geschmacksrichtungen<\/strong><\/h2>\n<p>01. Kokos-Melone-Eis<br \/>\n02. rosa Limonade<br \/>\n03. Zitronenhagel<br \/>\n04. San Francisco (Orange, Zitrone und Pfirsich gemischt)<br \/>\n05. Tropische Fr\u00fcchteeis<br \/>\n06. Blauer Berg (Minze und rote Beeren gemischt)<br \/>\n07. Liebe 66<br \/>\n08. Erdbeere Kiwi<br \/>\n09. Wassermelonen-Eis<br \/>\n10. Schwarze Drachen Erdbeer-Eis<br \/>\n11. Erdbeer-Wassermelone<br \/>\n12. Herr Blau<br \/>\n13. Pfirsichhagel<br \/>\n14. Sommertraum<br \/>\n15. Blaubeereis<\/p>\n<figure id=\"attachment_29169\" aria-describedby=\"caption-attachment-29169\" style=\"width: 800px\" class=\"wp-caption alignnone\"><img loading=\"lazy\" decoding=\"async\" class=\"size-full wp-image-29169\" title=\"Happ Bar GR100K Pro Einweg-Vape Gro\u00dfhandel 06\" src=\"https:\/\/www.vape4wholesale.com\/wp-content\/uploads\/2026\/01\/Happ-Bar-GR100K-Pro-Disposable-Vape-Wholesale_06.webp\" alt=\"Happ Bar GR100K Pro Einweg-Vape Gro\u00dfhandel 06\" width=\"800\" height=\"800\" srcset=\"https:\/\/www.vape4wholesale.com\/wp-content\/uploads\/2026\/01\/Happ-Bar-GR100K-Pro-Disposable-Vape-Wholesale_06.webp 800w, https:\/\/www.vape4wholesale.com\/wp-content\/uploads\/2026\/01\/Happ-Bar-GR100K-Pro-Disposable-Vape-Wholesale_06-300x300.webp 300w, https:\/\/www.vape4wholesale.com\/wp-content\/uploads\/2026\/01\/Happ-Bar-GR100K-Pro-Disposable-Vape-Wholesale_06-150x150.webp 150w, https:\/\/www.vape4wholesale.com\/wp-content\/uploads\/2026\/01\/Happ-Bar-GR100K-Pro-Disposable-Vape-Wholesale_06-768x768.webp 768w, https:\/\/www.vape4wholesale.com\/wp-content\/uploads\/2026\/01\/Happ-Bar-GR100K-Pro-Disposable-Vape-Wholesale_06-12x12.webp 12w, https:\/\/www.vape4wholesale.com\/wp-content\/uploads\/2026\/01\/Happ-Bar-GR100K-Pro-Disposable-Vape-Wholesale_06-247x247.webp 247w, https:\/\/www.vape4wholesale.com\/wp-content\/uploads\/2026\/01\/Happ-Bar-GR100K-Pro-Disposable-Vape-Wholesale_06-510x510.webp 510w, https:\/\/www.vape4wholesale.com\/wp-content\/uploads\/2026\/01\/Happ-Bar-GR100K-Pro-Disposable-Vape-Wholesale_06-100x100.webp 100w\" sizes=\"auto, (max-width: 800px) 100vw, 800px\" \/><figcaption id=\"caption-attachment-29169\" class=\"wp-caption-text\">Happ Bar GR100K Pro Einweg-Vape Gro\u00dfhandel<\/figcaption><\/figure>\n<h2>WARUM WIR?<\/h2>\r\n<ul>\r\n<li>Echte, vertrauensw\u00fcrdige und professionelle Vape-Quelle.<\/li>\r\n<li>100% Echtheitsgarantie: Wir bieten nur originale und echte Produkte, lehnen F\u00e4lschungen ab.<\/li>\r\n<li>100% Liefergarantie: Wir verwenden die beste Versandmethode, um sicherzustellen, dass Sie die Bestellung 100% erhalten.<\/li>\r\n<li>Wir geben Ihnen die Tracking-Nummer und den Versandaufkleber nach dem Versand und verfolgen die Ware f\u00fcr Sie, bis Sie sie abholen.<\/li>\r\n<li>Keine Zollprobleme, keine Z\u00f6lle<\/li>\r\n<\/ul>","protected":false},"excerpt":{"rendered":"<p><b><span style=\"color: #00a859;\">Kostenloser Versand<\/span>\u00a0Aus dem Europa-Lager, Lieferzeit 7-15 Werktage.<\/b><\/p>\r\n<div class=\"wsppc_div_block woocommerce_before_add_to_cart_form\">\r\n<p><strong>Zollabfertigung vor Lieferung &amp; 100% Liefergarantie<\/strong><\/p>\r\n<\/div>","protected":false},"featured_media":29170,"comment_status":"open","ping_status":"closed","template":"","meta":[],"pwb-brand":[1267],"product_cat":[938],"product_tag":[24,1035,1203,1217,22],"class_list":{"0":"post-29175","1":"product","2":"type-product","3":"status-publish","4":"has-post-thumbnail","6":"pwb-brand-happ-bar","7":"product_cat-europe-warehouse","8":"product_tag-wholesale","9":"product_tag-happ-bar","10":"product_tag-56-0ml","11":"product_tag-100000-puffs","12":"product_tag-disposable","13":"product_shipping_class-eu-warehouse","14":"wcpa_has_options","16":"first","17":"instock","18":"shipping-taxable","19":"purchasable","20":"product-type-variable"},"aioseo_notices":[],"brands":[{"id":1267,"name":"Happ Bar","slug":"glucksbar"}],"_links":{"self":[{"href":"https:\/\/www.vape4wholesale.com\/de\/wp-json\/wp\/v2\/product\/29175","targetHints":{"allow":["GET"]}}],"collection":[{"href":"https:\/\/www.vape4wholesale.com\/de\/wp-json\/wp\/v2\/product"}],"about":[{"href":"https:\/\/www.vape4wholesale.com\/de\/wp-json\/wp\/v2\/types\/product"}],"replies":[{"embeddable":true,"href":"https:\/\/www.vape4wholesale.com\/de\/wp-json\/wp\/v2\/comments?post=29175"}],"wp:featuredmedia":[{"embeddable":true,"href":"https:\/\/www.vape4wholesale.com\/de\/wp-json\/wp\/v2\/media\/29170"}],"wp:attachment":[{"href":"https:\/\/www.vape4wholesale.com\/de\/wp-json\/wp\/v2\/media?parent=29175"}],"wp:term":[{"taxonomy":"pwb-brand","embeddable":true,"href":"https:\/\/www.vape4wholesale.com\/de\/wp-json\/wp\/v2\/pwb-brand?post=29175"},{"taxonomy":"product_cat","embeddable":true,"href":"https:\/\/www.vape4wholesale.com\/de\/wp-json\/wp\/v2\/product_cat?post=29175"},{"taxonomy":"product_tag","embeddable":true,"href":"https:\/\/www.vape4wholesale.com\/de\/wp-json\/wp\/v2\/product_tag?post=29175"}],"curies":[{"name":"wp","href":"https:\/\/api.w.org\/{rel}","templated":true}]}}