{"id":26299,"date":"2025-12-14T20:41:16","date_gmt":"2025-12-14T12:41:16","guid":{"rendered":"https:\/\/www.vape4wholesale.com\/?post_type=product&#038;p=26299"},"modified":"2026-04-07T11:04:33","modified_gmt":"2026-04-07T03:04:33","slug":"razz-bar-60k-einweg-vape-groshandel","status":"publish","type":"product","link":"https:\/\/www.vape4wholesale.com\/de\/product\/razz-bar-60k-disposable-vape-wholesale","title":{"rendered":"Razz Bar 60K Einweg-Vape Gro\u00dfhandel"},"content":{"rendered":"<p class=\"ds-markdown-paragraph\">die <a title=\"Razz Bar\" href=\"https:\/\/www.vape4wholesale.com\/de\/produkt_marke\/razzia-bar\/\" target=\"_blank\" rel=\"noopener\"><strong>Razz Bar<\/strong><\/a> Der 60K Puffs Crystal Disposable Vape ist ein Premium-Ger\u00e4t, das entwickelt wurde, um ein Statement zu setzen. Sein herausragendes Merkmal ist ein nahtloses, elegantes, kristall\u00e4hnliches Geh\u00e4use, das ihm ein raffiniertes Aussehen und Gef\u00fchl verleiht und ihn von gew\u00f6hnlichen Vapes unterscheidet. Er wurde f\u00fcr au\u00dfergew\u00f6hnliche Ausdauer entwickelt und liefert bemerkenswerte 60.000 Z\u00fcge aus einem gro\u00dfz\u00fcgigen, vorgef\u00fcllten 64-ml-E-Liquid-Tank, der eine lang anhaltende Leistung und Wertigkeit gew\u00e4hrleistet.<\/p>\n<p class=\"ds-markdown-paragraph\">Genie\u00dfen Sie sanften, aromatischen Dampf dank eines zuverl\u00e4ssigen 650-mAh-Akkus mit praktischem Typ-C-Ladeanschluss und einer fortschrittlichen Mesh-Spule. Diese Technologie garantiert einen reichhaltigen, gleichm\u00e4\u00dfigen Geschmack vom ersten bis zum letzten Zug. Um den unterschiedlichen Vorlieben gerecht zu werden, bietet die Razz Bar eine Auswahl an Nikotinsalzst\u00e4rken von 2% (20 mg) oder 5% (50 mg) und eine umfangreiche Palette von 16 sorgf\u00e4ltig zusammengestellten Aromen \u2013 von beliebten fruchtigen Mischungen wie Blueberry Watermelon bis hin zu einzigartigen Kreationen wie Strawberry Vanilla Coke.<\/p>\n<p class=\"ds-markdown-paragraph\">Dieser Einweg-Vape ist ideal f\u00fcr Einzelh\u00e4ndler und Distributoren und kombiniert hohe Leistung mit erstklassiger Marktf\u00e4higkeit. Der einheitliche transparente K\u00f6rper ist mit stilvollen, geschmacksspezifischen Aufklebern versehen, die f\u00fcr eine elegante Pr\u00e4sentation sorgen. Der Razz Bar 60K Puffs Crystal Disposable Vape wird in der EU gelagert und kann schnell und problemlos versandt werden. Er ist ein zuverl\u00e4ssiges, stark nachgefragtes Produkt, das Ihr Sortiment aufwertet und eine Vielzahl von Kundenw\u00fcnschen erf\u00fcllt.<\/p>\n<h2 class=\"ds-markdown-paragraph\">Razz Bar 60K Einweg-Vape \u2013 Kurzinfo<\/h2>\n<ul>\n<li class=\"ds-markdown-paragraph\">Anzahl der Z\u00fcge: Bis zu 60.000 Z\u00fcge<\/li>\n<li class=\"ds-markdown-paragraph\">E-Liquid-Kapazit\u00e4t: 64 ml vorgef\u00fcllter Tank<\/li>\n<li class=\"ds-markdown-paragraph\">Akku: 650 mAh wiederaufladbar (Typ-C-Aufladung)<\/li>\n<li class=\"ds-markdown-paragraph\">Nikotinst\u00e4rken: 2% (20 mg) und 5% (50 mg) Optionen<\/li>\n<li class=\"ds-markdown-paragraph\">Coil-Technologie: Fortschrittliche Mesh-Spule f\u00fcr einen gleichm\u00e4\u00dfigen Geschmack<\/li>\n<li class=\"ds-markdown-paragraph\">Design: Hochwertige, nahtlose, kristall\u00e4hnliche Schale<\/li>\n<li class=\"ds-markdown-paragraph\">Geschmacksauswahl: 16 beliebte und einzigartige Geschmacksrichtungen<\/li>\n<li class=\"ds-markdown-paragraph\">Lagerort: EU-Lager f\u00fcr schnelle Lieferung<\/li>\n<\/ul>\n<h2>Verf\u00fcgbare Geschmacksrichtungen<\/h2>\n<p>1. erdbeere banane<\/p>\n<p>2. Saftiges Pfirsicheis<\/p>\n<p>3. Coco Loco<\/p>\n<p>4. Blaubeere-Himbeere<\/p>\n<p>5. Zuckerwatte<\/p>\n<p>6. gummib\u00e4rchen<\/p>\n<p>7. Blaubeere-Wassermelone<\/p>\n<p>8. Zitrone-Pfirsich-Passionsfrucht<\/p>\n<p>9. Schwarzer Eis-Drachenfrucht-Erdbeer<\/p>\n<p>10. Gemischte Beeren<\/p>\n<p>11. Liebe 66<\/p>\n<p>12. erdbeerige Kiwi<\/p>\n<p>13. Tropische Fr\u00fcchte<\/p>\n<p>14. Erdbeer-Vanille-Cola<\/p>\n<p>15. Zitrone-Limette<\/p>\n<p>16. Sommertraum<\/p>\n<figure id=\"attachment_26298\" aria-describedby=\"caption-attachment-26298\" style=\"width: 800px\" class=\"wp-caption alignnone\"><img loading=\"lazy\" decoding=\"async\" class=\"size-full wp-image-26298\" title=\"Razz Bar 60K Einweg-Vape\" src=\"https:\/\/www.vape4wholesale.com\/wp-content\/uploads\/2025\/12\/Razz-Bar-60K-Disposable-Vape.webp\" alt=\"Razz Bar 60K Einweg-Vape\" width=\"800\" height=\"1055\" srcset=\"https:\/\/www.vape4wholesale.com\/wp-content\/uploads\/2025\/12\/Razz-Bar-60K-Disposable-Vape.webp 800w, https:\/\/www.vape4wholesale.com\/wp-content\/uploads\/2025\/12\/Razz-Bar-60K-Disposable-Vape-510x673.webp 510w, https:\/\/www.vape4wholesale.com\/wp-content\/uploads\/2025\/12\/Razz-Bar-60K-Disposable-Vape-227x300.webp 227w, https:\/\/www.vape4wholesale.com\/wp-content\/uploads\/2025\/12\/Razz-Bar-60K-Disposable-Vape-776x1024.webp 776w, https:\/\/www.vape4wholesale.com\/wp-content\/uploads\/2025\/12\/Razz-Bar-60K-Disposable-Vape-768x1013.webp 768w, https:\/\/www.vape4wholesale.com\/wp-content\/uploads\/2025\/12\/Razz-Bar-60K-Disposable-Vape-9x12.webp 9w, https:\/\/www.vape4wholesale.com\/wp-content\/uploads\/2025\/12\/Razz-Bar-60K-Disposable-Vape-64x84.webp 64w\" sizes=\"auto, (max-width: 800px) 100vw, 800px\" \/><figcaption id=\"caption-attachment-26298\" class=\"wp-caption-text\">Razz Bar 60K Einweg-Vape<\/figcaption><\/figure>\n<p><img loading=\"lazy\" decoding=\"async\" class=\"size-full wp-image-26292\" title=\"Razz Bar 60K Einweg-Vape Gro\u00dfhandel 1\" src=\"https:\/\/www.vape4wholesale.com\/wp-content\/uploads\/2025\/12\/Razz-Bar-60K-Disposable-Vape-Wholesale_1.webp\" alt=\"Razz Bar 60K Einweg-Vape Gro\u00dfhandel 1\" width=\"800\" height=\"800\" srcset=\"https:\/\/www.vape4wholesale.com\/wp-content\/uploads\/2025\/12\/Razz-Bar-60K-Disposable-Vape-Wholesale_1.webp 800w, https:\/\/www.vape4wholesale.com\/wp-content\/uploads\/2025\/12\/Razz-Bar-60K-Disposable-Vape-Wholesale_1-247x247.webp 247w, https:\/\/www.vape4wholesale.com\/wp-content\/uploads\/2025\/12\/Razz-Bar-60K-Disposable-Vape-Wholesale_1-100x100.webp 100w, https:\/\/www.vape4wholesale.com\/wp-content\/uploads\/2025\/12\/Razz-Bar-60K-Disposable-Vape-Wholesale_1-510x510.webp 510w\" sizes=\"auto, (max-width: 800px) 100vw, 800px\" \/><\/p>\n<h2>WARUM WIR?<\/h2>\r\n<ul>\r\n<li>Echte, vertrauensw\u00fcrdige und professionelle Vape-Quelle.<\/li>\r\n<li>100% Echtheitsgarantie: Wir bieten nur originale und echte Produkte, lehnen F\u00e4lschungen ab.<\/li>\r\n<li>100% Liefergarantie: Wir verwenden die beste Versandmethode, um sicherzustellen, dass Sie die Bestellung 100% erhalten.<\/li>\r\n<li>Wir geben Ihnen die Tracking-Nummer und den Versandaufkleber nach dem Versand und verfolgen die Ware f\u00fcr Sie, bis Sie sie abholen.<\/li>\r\n<li>Keine Zollprobleme, keine Z\u00f6lle<\/li>\r\n<\/ul>","protected":false},"excerpt":{"rendered":"<p><b><span style=\"color: #00a859;\">Kostenloser Versand<\/span>\u00a0Aus dem Europa-Lager, Lieferzeit 7-15 Werktage.<\/b><\/p>\r\n<div class=\"wsppc_div_block woocommerce_before_add_to_cart_form\">\r\n<p><strong>Zollabfertigung vor Lieferung &amp; 100% Liefergarantie<\/strong><\/p>\r\n<\/div>","protected":false},"featured_media":26292,"comment_status":"open","ping_status":"closed","template":"","meta":[],"pwb-brand":[1266],"product_cat":[938],"product_tag":[22,24,1114,1209,1246],"class_list":{"0":"post-26299","1":"product","2":"type-product","3":"status-publish","4":"has-post-thumbnail","6":"pwb-brand-razz-bar","7":"product_cat-europe-warehouse","8":"product_tag-disposable","9":"product_tag-wholesale","10":"product_tag-60000-puffs","11":"product_tag-razz-bar","12":"product_tag-64-0ml","13":"product_shipping_class-eu-warehouse","14":"wcpa_has_options","16":"first","17":"instock","18":"shipping-taxable","19":"purchasable","20":"product-type-variable"},"aioseo_notices":[],"brands":[{"id":1266,"name":"Razz Bar","slug":"razzia-bar"}],"_links":{"self":[{"href":"https:\/\/www.vape4wholesale.com\/de\/wp-json\/wp\/v2\/product\/26299","targetHints":{"allow":["GET"]}}],"collection":[{"href":"https:\/\/www.vape4wholesale.com\/de\/wp-json\/wp\/v2\/product"}],"about":[{"href":"https:\/\/www.vape4wholesale.com\/de\/wp-json\/wp\/v2\/types\/product"}],"replies":[{"embeddable":true,"href":"https:\/\/www.vape4wholesale.com\/de\/wp-json\/wp\/v2\/comments?post=26299"}],"wp:featuredmedia":[{"embeddable":true,"href":"https:\/\/www.vape4wholesale.com\/de\/wp-json\/wp\/v2\/media\/26292"}],"wp:attachment":[{"href":"https:\/\/www.vape4wholesale.com\/de\/wp-json\/wp\/v2\/media?parent=26299"}],"wp:term":[{"taxonomy":"pwb-brand","embeddable":true,"href":"https:\/\/www.vape4wholesale.com\/de\/wp-json\/wp\/v2\/pwb-brand?post=26299"},{"taxonomy":"product_cat","embeddable":true,"href":"https:\/\/www.vape4wholesale.com\/de\/wp-json\/wp\/v2\/product_cat?post=26299"},{"taxonomy":"product_tag","embeddable":true,"href":"https:\/\/www.vape4wholesale.com\/de\/wp-json\/wp\/v2\/product_tag?post=26299"}],"curies":[{"name":"wp","href":"https:\/\/api.w.org\/{rel}","templated":true}]}}