{"id":25492,"date":"2025-10-25T00:19:34","date_gmt":"2025-10-24T16:19:34","guid":{"rendered":"https:\/\/www.vape4wholesale.com\/?post_type=product&#038;p=25492"},"modified":"2026-03-30T11:15:26","modified_gmt":"2026-03-30T03:15:26","slug":"vozol-rave-40000-puffs-einweg-vape-groshandel","status":"publish","type":"product","link":"https:\/\/www.vape4wholesale.com\/de\/product\/vozol-rave-40000-puffs-disposable-vape-wholesale","title":{"rendered":"Vozol Rave 40000 Puffs Einweg Vape Gro\u00dfhandel"},"content":{"rendered":"<p class=\"ds-markdown-paragraph\">Die <a title=\"Vozol\" href=\"\/de\/produkt_marke\/vozol\/\" target=\"_blank\" rel=\"noopener\"><strong>Vozol<\/strong><\/a> Rave 40000 Puffs Disposable Vape ist ein Ger\u00e4t, das das Dampferlebnis neu definieren soll. Er ist der weltweit erste Einwegverdampfer mit einem bahnbrechenden 270\u00b0 Sensing Display, das einen klaren Blick auf den Batterie- und Fl\u00fcssigkeitsstand aus jedem Winkel erm\u00f6glicht. Angetrieben von fortschrittlichen Dual MCU Chips und Dual Mesh Coils, garantiert er reiches Aroma und dichte Dampfproduktion. Mit einem massiven, vorgef\u00fcllten 35ml E-Liquid und einem langlebigen 1000mAh-Akku ist er f\u00fcr unglaubliche 40.000 Z\u00fcge ausgelegt und setzt damit einen neuen Standard f\u00fcr Leistung und Langlebigkeit.<\/p>\n<p class=\"ds-markdown-paragraph\">Der Vozol Rave 40000 ist vollgepackt mit innovativen Funktionen, mit denen Sie die Kontrolle behalten. Wechseln Sie zwischen zwei Leistungsmodi - w\u00e4hlen Sie den regul\u00e4ren Modus f\u00fcr volle 40.000 Z\u00fcge oder den Surge-Modus f\u00fcr ein intensiveres Erlebnis mit 25.000 Z\u00fcgen. Mit dem Beat-Synced Party Mode, bei dem die LED-Lichter im Rhythmus deiner Musik tanzen, kannst du jeden Anlass aufwerten. Die Eclipse Vaping Animation auf dem Display erzeugt bei jeder Benutzung einen fesselnden visuellen Effekt. Dank der fortschrittlichen S.I.L.C.-Technologie ist ein sanfter und gleichm\u00e4\u00dfiger Zug garantiert, w\u00e4hrend die superschnelle Ladefunktion den 80% in nur 20 Minuten aufl\u00e4dt und so die Ausfallzeit minimiert.<\/p>\n<h2 class=\"ds-markdown-paragraph\"><strong>Vozol Rave 40000 Hauptmerkmale und Innovationen<\/strong><\/h2>\n<ul>\n<li>\n<p class=\"ds-markdown-paragraph\">Das weltweit erste 270\u00b0 Sensing Display: Ein atemberaubender, umlaufender LED-Bildschirm, der den Ladezustand des Akkus und des E-Liquids intuitiv aus jedem Winkel anzeigt. Kein R\u00e4tselraten mehr - Sie kennen immer Ihren Status.<\/p>\n<\/li>\n<li>\n<p class=\"ds-markdown-paragraph\">Zwei intelligente Leistungsmodi: Passen Sie die Intensit\u00e4t Ihres Dampfens an.<\/p>\n<ul>\n<li>\n<p class=\"ds-markdown-paragraph\">Regul\u00e4rer Modus: F\u00fcr ein konsistentes, langanhaltendes Erlebnis, das die vollen 40.000 Z\u00fcge liefert.<\/p>\n<\/li>\n<li>\n<p class=\"ds-markdown-paragraph\">Surge-Modus: F\u00fcr ein intensiveres Aroma und eine intensivere Dampfproduktion, mit bis zu 25.000 Z\u00fcgen.<\/p>\n<\/li>\n<\/ul>\n<\/li>\n<li>\n<p class=\"ds-markdown-paragraph\">Beat-Synchronisierter Party-Modus: \u00dcberlassen Sie der Musik die Kontrolle! Die integrierten LED-Lichter synchronisieren sich mit dem Rhythmus Ihrer Umgebung und verwandeln jede Session in eine lebhafte Party.<\/p>\n<\/li>\n<li>\n<p class=\"ds-markdown-paragraph\">80% wird in 20 Minuten aufgeladen: Nie mehr lange warten, um wieder zu dampfen. Unsere fortschrittliche Schnellladetechnologie bringt Dich in nur 20 Minuten wieder auf die 80%-Power.<\/p>\n<\/li>\n<li>\n<p class=\"ds-markdown-paragraph\">Fortschrittliche interne Technologie:<\/p>\n<ul>\n<li>\n<p class=\"ds-markdown-paragraph\">Dual Mesh Spule: Sorgt f\u00fcr reicheren Geschmack und dichtere Dampfwolken bei jedem Zug.<\/p>\n<\/li>\n<li>\n<p class=\"ds-markdown-paragraph\">Zwei MCU-Chips: Bietet eine \u00fcberlegene Verarbeitungsleistung f\u00fcr den nahtlosen Betrieb aller fortschrittlichen Funktionen.<\/p>\n<\/li>\n<li>\n<p class=\"ds-markdown-paragraph\">S.I.L.C.-Technik: Garantiert ein reibungsloses, konsistentes und auslaufsicheres Dampferlebnis.<\/p>\n<\/li>\n<\/ul>\n<\/li>\n<li>\n<p class=\"ds-markdown-paragraph\">Eclipse Vaping Animation: Genie\u00dfen Sie eine fesselnde visuelle Anzeige auf dem LED-Bildschirm mit jedem Zug, den Sie nehmen, so dass Ihre vaping Moment wirklich filmisch.<\/p>\n<\/li>\n<\/ul>\n<h2><strong>Verf\u00fcgbare Geschmacksrichtungen<\/strong><\/h2>\n<p>1. Blaues Razzia-Eis<br \/>\n2. Blaubeereis<br \/>\n3. Heidelbeere Wassermelone<br \/>\n4. Kirsche Cola<br \/>\n5. Kirsche-Erdbeere<br \/>\n6. K\u00fchle Minze<br \/>\n7. Doppelter Apfel<br \/>\n8. Drachenfrucht Banane<br \/>\n9. Traubeneis<br \/>\n10. Kiwi-Passionsfrucht<br \/>\n11. Liebe 777<br \/>\n12. Mango-Eis<br \/>\n13. Mango Pfirsich<br \/>\n14. Pfirsich-Eis<br \/>\n15. Pfirsich-Himbeer-Limonade<br \/>\n16. Erdbeereis<br \/>\n17. Erdbeer-Kiwi<br \/>\n18. Erdbeer-Mango<br \/>\n19. Wassermelone mit Erdbeeren<br \/>\n20. Wassermelone Pfirsich<br \/>\n21. Wassermelone Bubblegum<br \/>\n22. Wassermelonen-Eis<br \/>\n23. Wassermelone Razz Rancher<\/p>\n<h2 class=\"ds-markdown-paragraph\"><strong>Details zur Verpackung<\/strong><\/h2>\n<p class=\"ds-markdown-paragraph\">Display-Box: 10 St\u00fcck<br \/>\nHauptkarton: 200 St\u00fcck<br \/>\nGewicht des Kartons: 25,5 kg<br \/>\nAbmessungen des Kartons: 560 x 265 x 365 mm<\/p>\n<figure id=\"attachment_25527\" aria-describedby=\"caption-attachment-25527\" style=\"width: 800px\" class=\"wp-caption alignnone\"><img loading=\"lazy\" decoding=\"async\" class=\"wp-image-25527 size-full\" title=\"Vozol Rave 40000 Puffs Einweg Vape Blau Razz Ice\" src=\"https:\/\/www.vape4wholesale.com\/wp-content\/uploads\/2025\/10\/Vozol-Rave-40000-Puffs-Disposable-Vape_Blue-Razz-Ice.webp\" alt=\"Vozol Rave 40000 Puffs Einweg Vape Blau Razz Ice\" width=\"800\" height=\"800\" srcset=\"https:\/\/www.vape4wholesale.com\/wp-content\/uploads\/2025\/10\/Vozol-Rave-40000-Puffs-Disposable-Vape_Blue-Razz-Ice.webp 800w, https:\/\/www.vape4wholesale.com\/wp-content\/uploads\/2025\/10\/Vozol-Rave-40000-Puffs-Disposable-Vape_Blue-Razz-Ice-247x247.webp 247w, https:\/\/www.vape4wholesale.com\/wp-content\/uploads\/2025\/10\/Vozol-Rave-40000-Puffs-Disposable-Vape_Blue-Razz-Ice-100x100.webp 100w, https:\/\/www.vape4wholesale.com\/wp-content\/uploads\/2025\/10\/Vozol-Rave-40000-Puffs-Disposable-Vape_Blue-Razz-Ice-510x510.webp 510w, https:\/\/www.vape4wholesale.com\/wp-content\/uploads\/2025\/10\/Vozol-Rave-40000-Puffs-Disposable-Vape_Blue-Razz-Ice-300x300.webp 300w, https:\/\/www.vape4wholesale.com\/wp-content\/uploads\/2025\/10\/Vozol-Rave-40000-Puffs-Disposable-Vape_Blue-Razz-Ice-150x150.webp 150w, https:\/\/www.vape4wholesale.com\/wp-content\/uploads\/2025\/10\/Vozol-Rave-40000-Puffs-Disposable-Vape_Blue-Razz-Ice-768x768.webp 768w, https:\/\/www.vape4wholesale.com\/wp-content\/uploads\/2025\/10\/Vozol-Rave-40000-Puffs-Disposable-Vape_Blue-Razz-Ice-12x12.webp 12w, https:\/\/www.vape4wholesale.com\/wp-content\/uploads\/2025\/10\/Vozol-Rave-40000-Puffs-Disposable-Vape_Blue-Razz-Ice-64x64.webp 64w\" sizes=\"auto, (max-width: 800px) 100vw, 800px\" \/><figcaption id=\"caption-attachment-25527\" class=\"wp-caption-text\">Vozol Rave 40000 Puffs Einweg Vape Gro\u00dfhandel<\/figcaption><\/figure>\n<h2>WARUM WIR?<\/h2>\r\n<ul>\r\n<li>Echte, vertrauensw\u00fcrdige und professionelle Vape-Quelle.<\/li>\r\n<li>100% Echtheitsgarantie: Wir bieten nur originale und echte Produkte, lehnen F\u00e4lschungen ab.<\/li>\r\n<li>100% Liefergarantie: Wir verwenden die beste Versandmethode, um sicherzustellen, dass Sie die Bestellung 100% erhalten.<\/li>\r\n<li>Wir geben Ihnen die Tracking-Nummer und den Versandaufkleber nach dem Versand und verfolgen die Ware f\u00fcr Sie, bis Sie sie abholen.<\/li>\r\n<li>Keine Zollprobleme, keine Z\u00f6lle<\/li>\r\n<\/ul>","protected":false},"excerpt":{"rendered":"<p><b><span style=\"color: #00a859;\">Free shipping<\/span>\u00a0from Europe warehouse, 7-15 working days delivery time.<\/b><\/p>\r\n<div class=\"wsppc_div_block woocommerce_before_add_to_cart_form\">\r\n<p><strong>Clear customs before delivery &amp; 100% Delivery Guarantee<\/strong><\/p>\r\n<\/div>","protected":false},"featured_media":25530,"comment_status":"open","ping_status":"closed","template":"","meta":[],"pwb-brand":[1276],"product_cat":[938],"product_tag":[1016,1137,22,24,933],"class_list":{"0":"post-25492","1":"product","2":"type-product","3":"status-publish","4":"has-post-thumbnail","6":"pwb-brand-vozol","7":"product_cat-europe-warehouse","8":"product_tag-40000-puffs","9":"product_tag-vozol","10":"product_tag-disposable","11":"product_tag-wholesale","12":"product_tag-35-0ml","13":"product_shipping_class-eu-warehouse","15":"first","16":"instock","17":"featured","18":"shipping-taxable","19":"purchasable","20":"product-type-variable"},"aioseo_notices":[],"brands":[{"id":1276,"name":"Vozol","slug":"vozol"}],"_links":{"self":[{"href":"https:\/\/www.vape4wholesale.com\/de\/wp-json\/wp\/v2\/product\/25492","targetHints":{"allow":["GET"]}}],"collection":[{"href":"https:\/\/www.vape4wholesale.com\/de\/wp-json\/wp\/v2\/product"}],"about":[{"href":"https:\/\/www.vape4wholesale.com\/de\/wp-json\/wp\/v2\/types\/product"}],"replies":[{"embeddable":true,"href":"https:\/\/www.vape4wholesale.com\/de\/wp-json\/wp\/v2\/comments?post=25492"}],"wp:featuredmedia":[{"embeddable":true,"href":"https:\/\/www.vape4wholesale.com\/de\/wp-json\/wp\/v2\/media\/25530"}],"wp:attachment":[{"href":"https:\/\/www.vape4wholesale.com\/de\/wp-json\/wp\/v2\/media?parent=25492"}],"wp:term":[{"taxonomy":"pwb-brand","embeddable":true,"href":"https:\/\/www.vape4wholesale.com\/de\/wp-json\/wp\/v2\/pwb-brand?post=25492"},{"taxonomy":"product_cat","embeddable":true,"href":"https:\/\/www.vape4wholesale.com\/de\/wp-json\/wp\/v2\/product_cat?post=25492"},{"taxonomy":"product_tag","embeddable":true,"href":"https:\/\/www.vape4wholesale.com\/de\/wp-json\/wp\/v2\/product_tag?post=25492"}],"curies":[{"name":"wp","href":"https:\/\/api.w.org\/{rel}","templated":true}]}}