{"id":25425,"date":"2025-10-24T01:05:24","date_gmt":"2025-10-23T17:05:24","guid":{"rendered":"https:\/\/www.vape4wholesale.com\/?post_type=product&#038;p=25425"},"modified":"2026-03-19T19:06:00","modified_gmt":"2026-03-19T11:06:00","slug":"vozol-star-40000-puffs-einweg-vape-groshandel","status":"publish","type":"product","link":"https:\/\/www.vape4wholesale.com\/de\/product\/vozol-star-40000-puffs-disposable-vape-wholesale","title":{"rendered":"Vozol Star 40000 Puffs Einweg Vape Gro\u00dfhandel"},"content":{"rendered":"<p class=\"ds-markdown-paragraph\">Die <a title=\"Vozol\" href=\"\/de\/produkt_marke\/vozol\/\" target=\"_blank\" rel=\"noopener\"><strong>Vozol<\/strong><\/a> Star 40000 Puffs Disposable Vape setzt einen neuen Standard f\u00fcr Langlebigkeit und Komfort in der Welt der Einwegverdampfer. Entwickelt, um eine beispiellose Erfahrung zu liefern, kombiniert er eine massive 20ml vorgef\u00fcllte E-Liquid-Kapazit\u00e4t mit einer robusten 1000mAh integrierten Batterie, die sicherstellt, dass Sie bis zu einer unglaublichen 40.000 Puffs bekommen. W\u00e4hlen Sie Ihre perfekte Intensit\u00e4t mit Optionen von 20mg\/ml oder 50mg\/ml Nikotinst\u00e4rke.<\/p>\n<p class=\"ds-markdown-paragraph\">Mit dem innovativen Dual-Mode-System haben Sie die M\u00f6glichkeit der individuellen Anpassung. Wechsle zwischen dem \"Regular\"-Modus f\u00fcr l\u00e4ngere, sanftere Z\u00fcge oder aktiviere den \"Surge\"-Modus f\u00fcr gr\u00f6\u00dfere, st\u00e4rkere Wolken. Diese Vielseitigkeit erm\u00f6glicht es Dir, Deine Vaping-Session Deiner Stimmung und Deinen Vorlieben anzupassen, so dass Du die volle Kontrolle hast.<\/p>\n<p class=\"ds-markdown-paragraph\">Neben seiner Leistung besticht der Vozol Star auch durch sein raffiniertes und praktisches Design. Sein Geh\u00e4use hat eine einzigartige stein\u00e4hnliche Struktur f\u00fcr ein unverwechselbares Aussehen und sicheren Halt. Ein klares, vertikales Display verl\u00e4uft entlang des Ger\u00e4ts und zeigt den Fl\u00fcssigkeits- und Batteriestand in Echtzeit an. F\u00fcr ultimative Hygiene und Schutz enth\u00e4lt das Ger\u00e4t eine spezielle staubdichte Kappe, um das Mundst\u00fcck sauber zu halten, wenn es nicht benutzt wird.<\/p>\n<h2 class=\"ds-markdown-paragraph\"><strong>Vozol Star 40000 Puffs Einweg Vape Wichtige Merkmale<\/strong><\/h2>\n<ol>\n<li class=\"ds-markdown-paragraph\">Massive Puff-Zahl: Genie\u00dfen Sie ein ausgedehntes Dampferlebnis mit bis zu 40.000 Z\u00fcgen mit einem einzigen Ger\u00e4t.<\/li>\n<li class=\"ds-markdown-paragraph\">Hohe Kapazit\u00e4t: Vorgef\u00fcllt mit 35ml E-Liquid und angetrieben von einem zuverl\u00e4ssigen 1000mAh Akku.<\/li>\n<li class=\"ds-markdown-paragraph\">Zwei Vaping-Modi: Mit zwei verschiedenen Modi k\u00f6nnen Sie Ihren Zug individuell anpassen.\u00a0<strong>Regul\u00e4rer Modus<\/strong>: F\u00fcr l\u00e4ngere, sanftere Z\u00fcge &amp; <strong>Surge-Modus<\/strong>: F\u00fcr gr\u00f6\u00dfere, intensivere Wolken.<\/li>\n<li class=\"ds-markdown-paragraph\">Einzigartiges Design mit Steinstruktur: Ein unverwechselbares und stilvolles Geh\u00e4use mit einer felsen\u00e4hnlichen Textur sorgt f\u00fcr ein hochwertiges Aussehen und Gef\u00fchl.<\/li>\n<li class=\"ds-markdown-paragraph\">Vertikales Display \u00fcber die gesamte L\u00e4nge: Ein schlankes, vertikal ausgerichtetes Display, das sich \u00fcber das gesamte Ger\u00e4t erstreckt, liefert klare Echtzeit-Informationen \u00fcber den F\u00fcllstand des E-Liquids und die Batteriekapazit\u00e4t.<\/li>\n<li class=\"ds-markdown-paragraph\">Hygienische, staubgesch\u00fctzte Kappe: Wird mit einer einzigartigen Schutzkappe geliefert. Wenn Sie das Mundst\u00fcck nicht benutzen, decken Sie es einfach ab, um es sauber und frei von Staub und Ablagerungen zu halten.<\/li>\n<\/ol>\n<h2><strong>Schnelle Details<\/strong><\/h2>\n<ul>\n<li class=\"ds-markdown-paragraph\"><strong>Puffs:<\/strong>\u00a0Bis zu 40000<\/li>\n<li class=\"ds-markdown-paragraph\"><strong>E-Fl\u00fcssigkeit Kapazit\u00e4t:<\/strong> 35ml (Vorgef\u00fcllt)<\/li>\n<li class=\"ds-markdown-paragraph\"><strong>Batterie:<\/strong>\u00a01000mAh Wiederaufladbar<\/li>\n<li class=\"ds-markdown-paragraph\"><strong>Nikotinst\u00e4rke:<\/strong>\u00a020mg\/ml oder 50mg\/ml<\/li>\n<li class=\"ds-markdown-paragraph\"><strong>Modi:<\/strong>\u00a0Dualer Modus (regul\u00e4r und \u00dcberspannung)<\/li>\n<li class=\"ds-markdown-paragraph\"><strong>Entwurf:<\/strong>\u00a0Einzigartiger K\u00f6rper mit Steinstruktur<\/li>\n<li class=\"ds-markdown-paragraph\"><strong>Anzeige:<\/strong>\u00a0Vertikaler E-Fl\u00fcssigkeits- und Batterieschirm<\/li>\n<li class=\"ds-markdown-paragraph\"><strong>Merkmal:<\/strong>\u00a0Hygienische, staubgesch\u00fctzte Mundst\u00fcckkappe<\/li>\n<\/ul>\n<h2 class=\"ds-markdown-paragraph\"><strong>Vozol Star 40000 <\/strong><strong>Verf\u00fcgbare Geschmacksrichtungen<\/strong><\/h2>\n<p>1. Blaues Razzia-Eis<br \/>\n2. Blaubeereis<br \/>\n3. Blaubeer-Minze<br \/>\n4. Heidelbeere Wassermelone<br \/>\n5. Cherimoya-Grapefruit-Beeren<br \/>\n6. Kirsche Cola<br \/>\n7. Traubeneis<br \/>\n8. Mango-Eis<br \/>\n9. Mango Pfirsich<br \/>\n10. Melonenkaugummi<br \/>\n11. Meloneneis<br \/>\n12. Pfirsich-Eis<br \/>\n13. Saurer Apfel Eis<br \/>\n14. Erdbeereis<br \/>\n15. Erdbeer-Kiwi<br \/>\n16. Wassermelone mit Erdbeeren<br \/>\n17. Erdbeerpfirsich<br \/>\n18. Vzbull<br \/>\n19. Wassermelone Kaugummi<br \/>\n20. Wassermelone Traube Boysenbeere<br \/>\n21. Wassermelonen-Eis<br \/>\n22. Wassermelone Saurer Pfirsich<br \/>\n23. Wei\u00dfer Pfirsich-Himbeere<\/p>\n<h2><strong>Details zur Verpackung<\/strong><\/h2>\n<p>1 PC\/Einzelne kleine Box<br \/>\n10 PCS\/Display Box<br \/>\n200 PCS\/Karton<\/p>\n<figure id=\"attachment_25462\" aria-describedby=\"caption-attachment-25462\" style=\"width: 800px\" class=\"wp-caption alignnone\"><img loading=\"lazy\" decoding=\"async\" class=\"size-full wp-image-25462\" title=\"Vozol Star 40000 Einweg Vape Gro\u00dfhandel Pfirsich Eis\" src=\"https:\/\/www.vape4wholesale.com\/wp-content\/uploads\/2025\/10\/Vozol-Star-40000-Disposable-Vape-Wholesale_Peach-Ice.webp\" alt=\"Vozol Star 40000 Einweg Vape Gro\u00dfhandel Pfirsich Eis\" width=\"800\" height=\"800\" srcset=\"https:\/\/www.vape4wholesale.com\/wp-content\/uploads\/2025\/10\/Vozol-Star-40000-Disposable-Vape-Wholesale_Peach-Ice.webp 800w, https:\/\/www.vape4wholesale.com\/wp-content\/uploads\/2025\/10\/Vozol-Star-40000-Disposable-Vape-Wholesale_Peach-Ice-247x247.webp 247w, https:\/\/www.vape4wholesale.com\/wp-content\/uploads\/2025\/10\/Vozol-Star-40000-Disposable-Vape-Wholesale_Peach-Ice-100x100.webp 100w, https:\/\/www.vape4wholesale.com\/wp-content\/uploads\/2025\/10\/Vozol-Star-40000-Disposable-Vape-Wholesale_Peach-Ice-510x510.webp 510w, https:\/\/www.vape4wholesale.com\/wp-content\/uploads\/2025\/10\/Vozol-Star-40000-Disposable-Vape-Wholesale_Peach-Ice-300x300.webp 300w, https:\/\/www.vape4wholesale.com\/wp-content\/uploads\/2025\/10\/Vozol-Star-40000-Disposable-Vape-Wholesale_Peach-Ice-150x150.webp 150w, https:\/\/www.vape4wholesale.com\/wp-content\/uploads\/2025\/10\/Vozol-Star-40000-Disposable-Vape-Wholesale_Peach-Ice-768x768.webp 768w, https:\/\/www.vape4wholesale.com\/wp-content\/uploads\/2025\/10\/Vozol-Star-40000-Disposable-Vape-Wholesale_Peach-Ice-12x12.webp 12w, https:\/\/www.vape4wholesale.com\/wp-content\/uploads\/2025\/10\/Vozol-Star-40000-Disposable-Vape-Wholesale_Peach-Ice-64x64.webp 64w\" sizes=\"auto, (max-width: 800px) 100vw, 800px\" \/><figcaption id=\"caption-attachment-25462\" class=\"wp-caption-text\">Vozol Star 40000 Einweg Vape Gro\u00dfhandel<\/figcaption><\/figure>\n<h2>WARUM WIR?<\/h2>\r\n<ul>\r\n<li>Echte, vertrauensw\u00fcrdige und professionelle Vape-Quelle.<\/li>\r\n<li>100% Echtheitsgarantie: Wir bieten nur originale und echte Produkte, lehnen F\u00e4lschungen ab.<\/li>\r\n<li>100% Liefergarantie: Wir verwenden die beste Versandmethode, um sicherzustellen, dass Sie die Bestellung 100% erhalten.<\/li>\r\n<li>Wir geben Ihnen die Tracking-Nummer und den Versandaufkleber nach dem Versand und verfolgen die Ware f\u00fcr Sie, bis Sie sie abholen.<\/li>\r\n<li>Keine Zollprobleme, keine Z\u00f6lle<\/li>\r\n<\/ul>","protected":false},"excerpt":{"rendered":"<p><b><span style=\"color: #00a859;\">Free shipping<\/span>\u00a0from Europe warehouse, 7-15 working days delivery time.<\/b><\/p>\r\n<div class=\"wsppc_div_block woocommerce_before_add_to_cart_form\">\r\n<p><strong>Clear customs before delivery &amp; 100% Delivery Guarantee<\/strong><\/p>\r\n<\/div>","protected":false},"featured_media":25465,"comment_status":"open","ping_status":"closed","template":"","meta":[],"pwb-brand":[1276],"product_cat":[938],"product_tag":[1137,22,24,933,1016],"class_list":{"0":"post-25425","1":"product","2":"type-product","3":"status-publish","4":"has-post-thumbnail","6":"pwb-brand-vozol","7":"product_cat-europe-warehouse","8":"product_tag-vozol","9":"product_tag-disposable","10":"product_tag-wholesale","11":"product_tag-35-0ml","12":"product_tag-40000-puffs","13":"product_shipping_class-eu-warehouse","15":"first","16":"instock","17":"featured","18":"shipping-taxable","19":"purchasable","20":"product-type-variable"},"aioseo_notices":[],"brands":[{"id":1276,"name":"Vozol","slug":"vozol"}],"_links":{"self":[{"href":"https:\/\/www.vape4wholesale.com\/de\/wp-json\/wp\/v2\/product\/25425","targetHints":{"allow":["GET"]}}],"collection":[{"href":"https:\/\/www.vape4wholesale.com\/de\/wp-json\/wp\/v2\/product"}],"about":[{"href":"https:\/\/www.vape4wholesale.com\/de\/wp-json\/wp\/v2\/types\/product"}],"replies":[{"embeddable":true,"href":"https:\/\/www.vape4wholesale.com\/de\/wp-json\/wp\/v2\/comments?post=25425"}],"wp:featuredmedia":[{"embeddable":true,"href":"https:\/\/www.vape4wholesale.com\/de\/wp-json\/wp\/v2\/media\/25465"}],"wp:attachment":[{"href":"https:\/\/www.vape4wholesale.com\/de\/wp-json\/wp\/v2\/media?parent=25425"}],"wp:term":[{"taxonomy":"pwb-brand","embeddable":true,"href":"https:\/\/www.vape4wholesale.com\/de\/wp-json\/wp\/v2\/pwb-brand?post=25425"},{"taxonomy":"product_cat","embeddable":true,"href":"https:\/\/www.vape4wholesale.com\/de\/wp-json\/wp\/v2\/product_cat?post=25425"},{"taxonomy":"product_tag","embeddable":true,"href":"https:\/\/www.vape4wholesale.com\/de\/wp-json\/wp\/v2\/product_tag?post=25425"}],"curies":[{"name":"wp","href":"https:\/\/api.w.org\/{rel}","templated":true}]}}