{"id":25392,"date":"2025-10-23T12:09:24","date_gmt":"2025-10-23T04:09:24","guid":{"rendered":"https:\/\/www.vape4wholesale.com\/?post_type=product&#038;p=25392"},"modified":"2026-03-15T22:37:40","modified_gmt":"2026-03-15T14:37:40","slug":"uwin-randm-tornado-beat-35k-einweg-vape","status":"publish","type":"product","link":"https:\/\/www.vape4wholesale.com\/de\/product\/uwin-randm-tornado-beat-35k-disposable-vape","title":{"rendered":"Uwin RandM Tornado Beat 35K Einweg Vape"},"content":{"rendered":"<p class=\"ds-markdown-paragraph\">Die <a title=\"UWIN\" href=\"https:\/\/www.vape4wholesale.com\/de\/produkt_marke\/uwin\/\" target=\"_blank\" rel=\"noopener\"><strong>Uwin<\/strong><\/a> Der RandM Tornado Beat 35K Disposable Vape bringt Ihr Dampferlebnis auf die n\u00e4chste Stufe, indem er seine leuchtenden RGB-Lichter nahtlos mit dem Beat Ihrer Musik synchronisiert. Dank eines intelligenten Sensors an der Unterseite verwandelt er sich in eine dynamische Lichtshow, was ihn zum perfekten Accessoire f\u00fcr Partys, Clubs und jede n\u00e4chtliche Zusammenkunft macht, bei der Du eine unvergessliche Atmosph\u00e4re schaffen willst.<\/p>\n<p class=\"ds-markdown-paragraph\">Neben seiner einzigartigen Lichtfunktion ist der Tornado Beat 35K auf au\u00dfergew\u00f6hnliche Leistung und Langlebigkeit ausgelegt. Er liefert massive 35.000 Z\u00fcge, angetrieben von einem zuverl\u00e4ssigen 850mAh-Akku mit einem praktischen Typ-C-Anschluss. Die fortschrittliche Mesh-Spule sorgt daf\u00fcr, dass Sie bei jedem Gebrauch reichhaltigen Geschmack und dichte Dampfwolken genie\u00dfen. W\u00e4hlen Sie aus 16 k\u00f6stlichen Geschmacksrichtungen und passen Sie Ihre Nikotinzufuhr mit den Optionen 0%, 2%, 3% oder 5% an, um Ihren Vorlieben perfekt zu entsprechen.<\/p>\n<h2><strong>Uwin RandM Tornado Beat 35K Hauptmerkmale<\/strong><\/h2>\n<ul>\n<li>\n<p class=\"ds-markdown-paragraph\"><strong>\ud83c\udfb5 Beat-Sync RGB-Beleuchtung:<\/strong>\u00a0Der eingebaute Bodensensor erkennt Musik und l\u00e4sst die leuchtenden RGB-Lichter im Takt blinken, so dass Ihr Vaporizer zu einer dynamischen Lichtshow wird.<\/p>\n<\/li>\n<li>\n<p class=\"ds-markdown-paragraph\"><strong>\ud83d\ude80 Massive Puffanzahl:<\/strong>\u00a0Genie\u00dfen Sie ein ausgedehntes Dampferlebnis mit unglaublichen 35.000 Z\u00fcgen pro Ger\u00e4t.<\/p>\n<\/li>\n<li>\n<p class=\"ds-markdown-paragraph\"><strong>\ud83c\udfb6 Perfekt f\u00fcr das Nachtleben:<\/strong>\u00a0Speziell entwickelt, um Ihr Partyerlebnis zu verbessern. Ideal f\u00fcr N\u00e4chte in Bars, Clubs oder Treffen mit Freunden.<\/p>\n<\/li>\n<li>\n<p class=\"ds-markdown-paragraph\"><strong>\ud83d\udd0b Wiederaufladbar und lang anhaltend:<\/strong>\u00a0Ausgestattet mit einem 850-mAh-Akku und einem praktischen Typ-C-Anschluss zum schnellen Aufladen, damit Ihr Ger\u00e4t auch die l\u00e4ngsten N\u00e4chte durchh\u00e4lt.<\/p>\n<\/li>\n<li>\n<p class=\"ds-markdown-paragraph\"><strong>\ud83c\udf6c 12 leckere Geschmacksrichtungen:<\/strong>\u00a0Ein breites Spektrum an Geschmacksrichtungen f\u00fcr jeden Gaumen.<\/p>\n<\/li>\n<li>\n<p class=\"ds-markdown-paragraph\"><strong>\u2601\ufe0f Superior Mesh Spule:<\/strong>\u00a0Die fortschrittliche Mesh-Coil-Technologie sorgt f\u00fcr reicheren Geschmack und dichtere Dampfwolken bei jedem Zug.<\/p>\n<\/li>\n<li>\n<p class=\"ds-markdown-paragraph\"><strong>\ud83e\udded Mehrere Nikotinoptionen:<\/strong>\u00a0Erh\u00e4ltlich in den Nikotinvarianten 0%, 2%, 3% und 5%, je nach Vorliebe.<\/p>\n<\/li>\n<\/ul>\n<h2><strong>Produkt-Kurzspezifikationen<\/strong><\/h2>\n<ol>\n<li class=\"ds-markdown-paragraph\">Puffs: Ungef\u00e4hr 35.000<\/li>\n<li class=\"ds-markdown-paragraph\">Akku: 850mAh wiederaufladbarer Kobalt-Akku<\/li>\n<li class=\"ds-markdown-paragraph\">Ladeanschluss: Typ-C<\/li>\n<li class=\"ds-markdown-paragraph\">Spule: Mesh-Spule<\/li>\n<li class=\"ds-markdown-paragraph\">Nikotinst\u00e4rken: 0%, 2%, 3%, 5%<\/li>\n<li class=\"ds-markdown-paragraph\">Verf\u00fcgbare Geschmacksrichtungen: 12<\/li>\n<li class=\"ds-markdown-paragraph\">Beleuchtung: RGB-Lichter mit Musik-Beat-Sensor<\/li>\n<\/ol>\n<h2><strong>Uwin RandM Tornado Beat 35K Geschmacksrichtungen verf\u00fcgbar<\/strong><\/h2>\n<p>1. blaubeere himbeere<br \/>\n2. erdbeerige Wassermelone<br \/>\n3. blaubeere auf eis<br \/>\n4 Wassermelone Eis<br \/>\n5. sommerliches Pfirsicheis<br \/>\n6.kirsche Eis<br \/>\n7. erdbeer-himbeer-kirsch-eis<br \/>\n8. Kiwi Passionsfrucht Guave<br \/>\n9. erdbeereis<br \/>\n10. kirschrote Cola<br \/>\n11.gemischte Beeren<br \/>\n12.Herr Blau<\/p>\n<h2 class=\"ds-markdown-paragraph\"><strong>Details zur Verpackung<\/strong><\/h2>\n<p class=\"ds-markdown-paragraph\">1 St\u00fcck\/ Einzelverpackung<br \/>\n10 St\u00fcck\/ Displaykarton<br \/>\nSt\u00fcckzahl pro Karton: 160 St\u00fcck<br \/>\nGewicht des Kartons: 20 kg<br \/>\nGr\u00f6\u00dfe des Kartons: 41,2 x 33,2 x 32,5 cm<\/p>\n<figure id=\"attachment_25405\" aria-describedby=\"caption-attachment-25405\" style=\"width: 1000px\" class=\"wp-caption alignnone\"><img loading=\"lazy\" decoding=\"async\" class=\"size-full wp-image-25405\" title=\"Uwin RandM Tornado schl\u00e4gt 35K Blueberry On Ice\" src=\"https:\/\/www.vape4wholesale.com\/wp-content\/uploads\/2025\/10\/Uwin-RandM-Tornado-Beat-35K_Blueberry-On-Ice.webp\" alt=\"Uwin RandM Tornado schl\u00e4gt 35K Blueberry On Ice\" width=\"1000\" height=\"1000\" srcset=\"https:\/\/www.vape4wholesale.com\/wp-content\/uploads\/2025\/10\/Uwin-RandM-Tornado-Beat-35K_Blueberry-On-Ice.webp 1000w, https:\/\/www.vape4wholesale.com\/wp-content\/uploads\/2025\/10\/Uwin-RandM-Tornado-Beat-35K_Blueberry-On-Ice-247x247.webp 247w, https:\/\/www.vape4wholesale.com\/wp-content\/uploads\/2025\/10\/Uwin-RandM-Tornado-Beat-35K_Blueberry-On-Ice-100x100.webp 100w, https:\/\/www.vape4wholesale.com\/wp-content\/uploads\/2025\/10\/Uwin-RandM-Tornado-Beat-35K_Blueberry-On-Ice-510x510.webp 510w, https:\/\/www.vape4wholesale.com\/wp-content\/uploads\/2025\/10\/Uwin-RandM-Tornado-Beat-35K_Blueberry-On-Ice-300x300.webp 300w, https:\/\/www.vape4wholesale.com\/wp-content\/uploads\/2025\/10\/Uwin-RandM-Tornado-Beat-35K_Blueberry-On-Ice-150x150.webp 150w, https:\/\/www.vape4wholesale.com\/wp-content\/uploads\/2025\/10\/Uwin-RandM-Tornado-Beat-35K_Blueberry-On-Ice-768x768.webp 768w, https:\/\/www.vape4wholesale.com\/wp-content\/uploads\/2025\/10\/Uwin-RandM-Tornado-Beat-35K_Blueberry-On-Ice-12x12.webp 12w, https:\/\/www.vape4wholesale.com\/wp-content\/uploads\/2025\/10\/Uwin-RandM-Tornado-Beat-35K_Blueberry-On-Ice-64x64.webp 64w\" sizes=\"auto, (max-width: 1000px) 100vw, 1000px\" \/><figcaption id=\"caption-attachment-25405\" class=\"wp-caption-text\">Uwin RandM Tornado Beat 35K Einweg Vape<\/figcaption><\/figure>\n<h2>WARUM WIR?<\/h2>\r\n<ul>\r\n<li>Echte, vertrauensw\u00fcrdige und professionelle Vape-Quelle.<\/li>\r\n<li>100% Echtheitsgarantie: Wir bieten nur originale und echte Produkte, lehnen F\u00e4lschungen ab.<\/li>\r\n<li>100% Liefergarantie: Wir verwenden die beste Versandmethode, um sicherzustellen, dass Sie die Bestellung 100% erhalten.<\/li>\r\n<li>Wir geben Ihnen die Tracking-Nummer und den Versandaufkleber nach dem Versand und verfolgen die Ware f\u00fcr Sie, bis Sie sie abholen.<\/li>\r\n<li>Keine Zollprobleme, keine Z\u00f6lle<\/li>\r\n<\/ul>","protected":false},"excerpt":{"rendered":"<div class=\"wsppc_div_block woocommerce_before_add_to_cart_form\">\r\n<p><strong><span style=\"color: #00a859;\">Clear customs<\/span> before delivery &amp; 100% Delivery Guarantee, Delivery in 19~25 days around.\u00a0<\/strong><\/p>\r\n<\/div>","protected":false},"featured_media":25417,"comment_status":"open","ping_status":"closed","template":"","meta":[],"pwb-brand":[1274],"product_cat":[873],"product_tag":[1023,22,24,692,936],"class_list":{"0":"post-25392","1":"product","2":"type-product","3":"status-publish","4":"has-post-thumbnail","6":"pwb-brand-uwin","7":"product_cat-above-20k-puffs","8":"product_tag-35000-puffs","9":"product_tag-disposable","10":"product_tag-wholesale","11":"product_tag-25-0ml","12":"product_tag-uwin","13":"wcpa_has_options","15":"first","16":"instock","17":"featured","18":"shipping-taxable","19":"purchasable","20":"product-type-variable"},"aioseo_notices":[],"brands":[{"id":1274,"name":"Uwin","slug":"uwin"}],"_links":{"self":[{"href":"https:\/\/www.vape4wholesale.com\/de\/wp-json\/wp\/v2\/product\/25392","targetHints":{"allow":["GET"]}}],"collection":[{"href":"https:\/\/www.vape4wholesale.com\/de\/wp-json\/wp\/v2\/product"}],"about":[{"href":"https:\/\/www.vape4wholesale.com\/de\/wp-json\/wp\/v2\/types\/product"}],"replies":[{"embeddable":true,"href":"https:\/\/www.vape4wholesale.com\/de\/wp-json\/wp\/v2\/comments?post=25392"}],"wp:featuredmedia":[{"embeddable":true,"href":"https:\/\/www.vape4wholesale.com\/de\/wp-json\/wp\/v2\/media\/25417"}],"wp:attachment":[{"href":"https:\/\/www.vape4wholesale.com\/de\/wp-json\/wp\/v2\/media?parent=25392"}],"wp:term":[{"taxonomy":"pwb-brand","embeddable":true,"href":"https:\/\/www.vape4wholesale.com\/de\/wp-json\/wp\/v2\/pwb-brand?post=25392"},{"taxonomy":"product_cat","embeddable":true,"href":"https:\/\/www.vape4wholesale.com\/de\/wp-json\/wp\/v2\/product_cat?post=25392"},{"taxonomy":"product_tag","embeddable":true,"href":"https:\/\/www.vape4wholesale.com\/de\/wp-json\/wp\/v2\/product_tag?post=25392"}],"curies":[{"name":"wp","href":"https:\/\/api.w.org\/{rel}","templated":true}]}}