{"id":25378,"date":"2025-10-23T11:13:34","date_gmt":"2025-10-23T03:13:34","guid":{"rendered":"https:\/\/www.vape4wholesale.com\/?post_type=product&#038;p=25378"},"modified":"2026-03-15T22:36:59","modified_gmt":"2026-03-15T14:36:59","slug":"uwin-3in1-tornado-60k-einweg-vape-groshandel","status":"publish","type":"product","link":"https:\/\/www.vape4wholesale.com\/de\/product\/uwin-3in1-tornado-60k-disposable-vape-wholesale","title":{"rendered":"Uwin 3in1 Tornado 60K Einweg Vape Gro\u00dfhandel"},"content":{"rendered":"<p class=\"ds-markdown-paragraph\">Die <a title=\"UWIN\" href=\"https:\/\/www.vape4wholesale.com\/de\/produkt_marke\/uwin\/\" target=\"_blank\" rel=\"noopener\"><strong>Uwin<\/strong> <\/a>Der 3in1 Tornado 60K Einwegdampfer wurde f\u00fcr beispiellose Leistung und Stil entwickelt. Dieses Kraftpaket ist f\u00fcr erstaunliche 60.000 Z\u00fcge ausgelegt und sorgt f\u00fcr lang anhaltende Zufriedenheit. Sein herausragendes Merkmal ist das innovative Triple-Flavor-System, das es Ihnen erm\u00f6glicht, drei verschiedene Geschmacksprofile in einem einzigen, schlanken Ger\u00e4t zu genie\u00dfen. Die k\u00fchne \u00c4sthetik, die sich durch den transparenten K\u00f6rper auszeichnet, der ein majest\u00e4tisches L\u00f6wenemblem unter der Schale offenbart, erg\u00e4nzt perfekt seine leistungsstarken F\u00e4higkeiten und macht ihn zu einer optisch auff\u00e4lligen Wahl f\u00fcr jeden Vaper.<\/p>\n<p class=\"ds-markdown-paragraph\">Von seinem beeindruckenden \u00c4u\u00dferen zu seiner inneren Technik \u00fcbergehend, ist der Uwin Tornado 60K mit Benutzerfreundlichkeit und \u00fcberlegener Leistung im Sinn gebaut. Er ist mit einer fortschrittlichen Mesh-Spule ausgestattet, die vom ersten bis zum letzten Zug einen reicheren Geschmack und dichtere Dampfwolken erzeugt. Dar\u00fcber hinaus garantiert der integrierte 650mAh-Akku mit einem modernen Typ-C-Anschluss, dass Ihnen nie unerwartet der Strom ausgeht. Um die Kontrolle und den Komfort zu verbessern, zeigt ein intelligentes LCD-Display den verbleibenden Fl\u00fcssigkeits- und Akkustand deutlich an, wodurch jegliches R\u00e4tselraten entf\u00e4llt und eine nahtlose Dampfreise gew\u00e4hrleistet wird.<\/p>\n<p class=\"ds-markdown-paragraph\">Letztendlich kombiniert die Uwin 3in1 Tornado 60K erfolgreich massive Kapazit\u00e4t, vielseitige Geschmacksoptionen und robuste Technologie in einem formidablen Paket. Mit einer Auswahl an Nikotinst\u00e4rken, die von 0% bis 5% reichen, ist sie sowohl f\u00fcr Gelegenheitsnutzer als auch f\u00fcr diejenigen, die einen st\u00e4rkeren Zug suchen, perfekt geeignet. Durch sein au\u00dfergew\u00f6hnliches Preis-Leistungs-Verh\u00e4ltnis, sein atemberaubendes Design und seine un\u00fcbertroffene Langlebigkeit etabliert sich dieses Ger\u00e4t als erste Wahl f\u00fcr alle, die ihre Routine ohne Kompromisse dominieren wollen.<\/p>\n<h2><strong>Uwin 3in1 Tornado 60K Hauptmerkmale<\/strong><\/h2>\n<ol>\n<li>3 Geschmacksrichtungen in 1 Ger\u00e4t: Verdreifachen Sie Ihr Vergn\u00fcgen! Jedes Ger\u00e4t ist bereits mit drei verschiedenen E-Liquid-Geschmacksrichtungen bef\u00fcllt und bietet so Abwechslung und ein einzigartiges Dampferlebnis, ohne dass Sie das Ger\u00e4t wechseln m\u00fcssen.<\/li>\n<li>Atemberaubendes transparentes Design: Zeigen Sie das Innenleben mit einem transparenten Geh\u00e4use. Die auff\u00e4llige L\u00f6wengrafik unter der transparenten Schale ist ein starkes Stilmerkmal.<\/li>\n<li>Massive 60.000 Z\u00fcge: Entwickelt f\u00fcr extreme Langlebigkeit, um sicherzustellen, dass Ihre Vaping-Sessions l\u00e4nger dauern als je zuvor.<\/li>\n<li>Wiederaufladbarer 650mAh-Akku: Ausgestattet mit einem zuverl\u00e4ssigen Cobalt-Akku und einem praktischen Typ-C-Anschluss zum schnellen und einfachen Aufladen. Mitten in der Sitzung geht nie der Strom aus.<\/li>\n<li>Fortschrittliche Mesh Coil Technologie: Unser Mesh Coil liefert schnellere Erw\u00e4rmung, reicheren Geschmack und dichtere Dampfwolken f\u00fcr ein hervorragendes Geschmackserlebnis.<\/li>\n<li>Intelligentes LCD-Display: Behalten Sie mit dem integrierten digitalen Display den \u00dcberblick \u00fcber den F\u00fcllstand Ihres E-Liquids und die Batterieleistung auf einen Blick.<\/li>\n<li>Mehrere Nikotinoptionen: W\u00e4hlen Sie aus einer Reihe von Nikotinst\u00e4rken, die Ihren Vorlieben entsprechen: 0%, 2%, 3% oder 5%.<\/li>\n<\/ol>\n<p>&nbsp;<\/p>\n<h2><strong>Produkt-Kurzspezifikationen<\/strong><\/h2>\n<ul>\n<li>Puffs: Ungef\u00e4hr 60.000<\/li>\n<li>Akku: 650mAh wiederaufladbarer Kobalt-Akku (Typ-C-Ladung)<\/li>\n<li>Spule: Mesh-Spule<\/li>\n<li>Anzeige: LCD f\u00fcr E-Fl\u00fcssigkeit &amp; Power-Anzeige<\/li>\n<li>Nikotinst\u00e4rke: 0%, 2%, 3%, 5% (Bitte aus der Dropdown-Liste ausw\u00e4hlen)<\/li>\n<li>Produktgr\u00f6\u00dfe: 47 x 47 x 116 mm<\/li>\n<li>Geschmacksoptionen: 12 einzigartige Dreifach-Geschmackskombinationen erh\u00e4ltlich.<\/li>\n<\/ul>\n<p>&nbsp;<\/p>\n<h2><strong>Uwin 3in1 Tornado 60K Geschmacksrichtungen verf\u00fcgbar<\/strong><\/h2>\n<p>1# Kirsche Eis \/ Erdbeere Red Bull \/ Heidelbeere Himbeere<br \/>\n2# Heidelbeere Eis \/ Erdbeere Wassermelone \/ Erdbeere Himbeere Kirsche Eis\/<br \/>\n3# Rosa Limonade \/ Vanilleeis \/ Erdbeer-Himbeer-Bonbon<br \/>\n4# Erdbeer-Kiwi \/ Love 66 \/ Blaues Razz-Eis<br \/>\n5# Zitrone-Limette \/ Erdbeere-Banane \/ gemischtes Obst<br \/>\n6# Wassermelone Eis \/ Cola Eis \/ Herr Blau<br \/>\n7# Sommerpfirsich-Eis \/ Heidelbeere-Himbeere \/ Erdbeere-Red Bull<br \/>\n8# Kiwi Passionsfrucht Guave \/ Pfirsich Mango \/ Himbeere Wassermelone<br \/>\n9# Red Bull \/ Kirsche-Eis \/ Zitrone-Limette<br \/>\n10# Erdbeereis \/ Sommerpfirsicheis \/ Traubeneis<br \/>\n11# Beerenmischung\/Drachenfruchteis\/Erdbeere\/Wassermelone\/Bubblegum<br \/>\n12# Kirsch-Cola \/ Erdbeer-Vanille-Cola \/ Weintraube-Beere<\/p>\n<h2><strong>Details zur Verpackung<\/strong><\/h2>\n<ul>\n<li>Einheit: 1 x Uwin 3in1 Tornado 60K Ger\u00e4t<\/li>\n<li>Box: 10 Ger\u00e4te pro Box<\/li>\n<li>Karton: 160 Ger\u00e4te pro Karton (16 Schachteln)<\/li>\n<li>Gewicht des Kartons: 21,5 kg<\/li>\n<\/ul>\n<figure id=\"attachment_25371\" aria-describedby=\"caption-attachment-25371\" style=\"width: 1000px\" class=\"wp-caption alignnone\"><img loading=\"lazy\" decoding=\"async\" class=\"wp-image-25371 size-full\" title=\"Uwin Uwin 3in1 Tornado 60K Dreifach Einweg Vape\" src=\"https:\/\/www.vape4wholesale.com\/wp-content\/uploads\/2025\/10\/Uwin-Tornado-Triple-60K-Disposable-Vape_6.webp\" alt=\"Uwin Uwin 3in1 Tornado 60K Dreifach Einweg Vape\" width=\"1000\" height=\"1000\" srcset=\"https:\/\/www.vape4wholesale.com\/wp-content\/uploads\/2025\/10\/Uwin-Tornado-Triple-60K-Disposable-Vape_6.webp 1000w, https:\/\/www.vape4wholesale.com\/wp-content\/uploads\/2025\/10\/Uwin-Tornado-Triple-60K-Disposable-Vape_6-247x247.webp 247w, https:\/\/www.vape4wholesale.com\/wp-content\/uploads\/2025\/10\/Uwin-Tornado-Triple-60K-Disposable-Vape_6-100x100.webp 100w, https:\/\/www.vape4wholesale.com\/wp-content\/uploads\/2025\/10\/Uwin-Tornado-Triple-60K-Disposable-Vape_6-510x510.webp 510w, https:\/\/www.vape4wholesale.com\/wp-content\/uploads\/2025\/10\/Uwin-Tornado-Triple-60K-Disposable-Vape_6-300x300.webp 300w, https:\/\/www.vape4wholesale.com\/wp-content\/uploads\/2025\/10\/Uwin-Tornado-Triple-60K-Disposable-Vape_6-150x150.webp 150w, https:\/\/www.vape4wholesale.com\/wp-content\/uploads\/2025\/10\/Uwin-Tornado-Triple-60K-Disposable-Vape_6-768x768.webp 768w, https:\/\/www.vape4wholesale.com\/wp-content\/uploads\/2025\/10\/Uwin-Tornado-Triple-60K-Disposable-Vape_6-12x12.webp 12w, https:\/\/www.vape4wholesale.com\/wp-content\/uploads\/2025\/10\/Uwin-Tornado-Triple-60K-Disposable-Vape_6-64x64.webp 64w\" sizes=\"auto, (max-width: 1000px) 100vw, 1000px\" \/><figcaption id=\"caption-attachment-25371\" class=\"wp-caption-text\">Uwin Tornado Triple 60K Einweg Vape Gro\u00dfhandel<\/figcaption><\/figure>\n<h2>WARUM WIR?<\/h2>\r\n<ul>\r\n<li>Echte, vertrauensw\u00fcrdige und professionelle Vape-Quelle.<\/li>\r\n<li>100% Echtheitsgarantie: Wir bieten nur originale und echte Produkte, lehnen F\u00e4lschungen ab.<\/li>\r\n<li>100% Liefergarantie: Wir verwenden die beste Versandmethode, um sicherzustellen, dass Sie die Bestellung 100% erhalten.<\/li>\r\n<li>Wir geben Ihnen die Tracking-Nummer und den Versandaufkleber nach dem Versand und verfolgen die Ware f\u00fcr Sie, bis Sie sie abholen.<\/li>\r\n<li>Keine Zollprobleme, keine Z\u00f6lle<\/li>\r\n<\/ul>","protected":false},"excerpt":{"rendered":"<div class=\"wsppc_div_block woocommerce_before_add_to_cart_form\">\r\n<p><strong><span style=\"color: #00a859;\">Zollabfertigung<\/span> vor Lieferung &amp; 100% Liefergarantie, Lieferung in ca. 19-25 Tagen.\u00a0<\/strong><\/p>\r\n<\/div>","protected":false},"featured_media":25371,"comment_status":"open","ping_status":"closed","template":"","meta":[],"pwb-brand":[1274],"product_cat":[873],"product_tag":[936,1081,1114,22,24],"class_list":{"0":"post-25378","1":"product","2":"type-product","3":"status-publish","4":"has-post-thumbnail","6":"pwb-brand-uwin","7":"product_cat-above-20k-puffs","8":"product_tag-uwin","9":"product_tag-50-0ml","10":"product_tag-60000-puffs","11":"product_tag-disposable","12":"product_tag-wholesale","13":"wcpa_has_options","15":"first","16":"instock","17":"featured","18":"shipping-taxable","19":"purchasable","20":"product-type-variable"},"aioseo_notices":[],"brands":[{"id":1274,"name":"Uwin","slug":"uwin"}],"_links":{"self":[{"href":"https:\/\/www.vape4wholesale.com\/de\/wp-json\/wp\/v2\/product\/25378","targetHints":{"allow":["GET"]}}],"collection":[{"href":"https:\/\/www.vape4wholesale.com\/de\/wp-json\/wp\/v2\/product"}],"about":[{"href":"https:\/\/www.vape4wholesale.com\/de\/wp-json\/wp\/v2\/types\/product"}],"replies":[{"embeddable":true,"href":"https:\/\/www.vape4wholesale.com\/de\/wp-json\/wp\/v2\/comments?post=25378"}],"wp:featuredmedia":[{"embeddable":true,"href":"https:\/\/www.vape4wholesale.com\/de\/wp-json\/wp\/v2\/media\/25371"}],"wp:attachment":[{"href":"https:\/\/www.vape4wholesale.com\/de\/wp-json\/wp\/v2\/media?parent=25378"}],"wp:term":[{"taxonomy":"pwb-brand","embeddable":true,"href":"https:\/\/www.vape4wholesale.com\/de\/wp-json\/wp\/v2\/pwb-brand?post=25378"},{"taxonomy":"product_cat","embeddable":true,"href":"https:\/\/www.vape4wholesale.com\/de\/wp-json\/wp\/v2\/product_cat?post=25378"},{"taxonomy":"product_tag","embeddable":true,"href":"https:\/\/www.vape4wholesale.com\/de\/wp-json\/wp\/v2\/product_tag?post=25378"}],"curies":[{"name":"wp","href":"https:\/\/api.w.org\/{rel}","templated":true}]}}