{"id":25336,"date":"2025-10-23T00:03:28","date_gmt":"2025-10-22T16:03:28","guid":{"rendered":"https:\/\/www.vape4wholesale.com\/?post_type=product&#038;p=25336"},"modified":"2026-02-23T03:11:20","modified_gmt":"2026-02-22T19:11:20","slug":"waspe-aiviou-6in1-150k-einweg-vape-groshandel","status":"publish","type":"product","link":"https:\/\/www.vape4wholesale.com\/de\/product\/waspe-aiviou-6in1-150k-disposable-vape-wholesale","title":{"rendered":"Waspe Aiviou 6in1 150K Einweg Vape Gro\u00dfhandel"},"content":{"rendered":"<p class=\"ds-markdown-paragraph\">die <a title=\"Waspe\" href=\"https:\/\/www.vape4wholesale.com\/de\/produkt_marke\/waspe\/\" target=\"_blank\" rel=\"noopener\"><strong>Waspe<\/strong><\/a> Aiviou 6in1 150K Disposable Vape Device bietet beeindruckende 150.000 Z\u00fcge. Dieses All-in-One-System ist bereits mit 64 ml E-Liquid bef\u00fcllt und wird von einem zuverl\u00e4ssigen 650-mAh-Akku mit praktischer Typ-C-Ladung betrieben. Sein benutzerfreundliches Design verf\u00fcgt \u00fcber eine klare LED-Anzeige, die Sie \u00fcber das verbleibende E-Liquid und die Akkuleistung informiert, und das alles in einem schlanken, tragbaren Geh\u00e4use mit einem Gewicht von nur 140 g.<\/p>\n<p class=\"ds-markdown-paragraph\">Das entscheidende Merkmal des Aiviou ist sein revolution\u00e4res 6-in-1-Aromasystem. Es beherbergt drei unabh\u00e4ngige 1,0-Ohm-Mesh-Coils und E-Liquid-Pods. Durch einfaches Drehen des Mundst\u00fccks k\u00f6nnen Sie nahtlos zwischen dem Verdampfen von einem einzelnen Pod f\u00fcr einen reinen Geschmack oder von zwei Pods gleichzeitig wechseln, um eine benutzerdefinierte Geschmacksmischung zu erstellen, die einen Zyklus von sechs verschiedenen Modi (A-AB-B-BC-C-CA) bietet.<\/p>\n<p class=\"ds-markdown-paragraph\">Der Waspe Aiviou wurde f\u00fcr eine \u00fcberlegene und lang anhaltende Erfahrung entwickelt und kombiniert hohe Kapazit\u00e4t mit innovativer Technologie. W\u00e4hlen Sie Ihre bevorzugte Nikotinst\u00e4rke (0%, 2% oder 5%) und genie\u00dfen Sie die konsistente, geschmackvolle Dampfproduktion von den dreifachen Mesh-Spulen. Dieses Ger\u00e4t ist die perfekte Wahl f\u00fcr Dampfer, die ultimativen Komfort, eine gro\u00dfe Anzahl von Puffs und endlose Geschmacksm\u00f6glichkeiten in einem einzigen, anspruchsvollen Paket suchen.<\/p>\n<h2 class=\"ds-markdown-paragraph\"><strong>Waspe Aiviou 6in1 150K Hauptmerkmale<\/strong><\/h2>\n<ul>\n<li>Massive 150.000 Luftst\u00f6\u00dfe: Entwickelt f\u00fcr eine au\u00dfergew\u00f6hnliche Langlebigkeit, die ein h\u00e4ufiges Auswechseln \u00fcberfl\u00fcssig macht.<\/li>\n<li>Revolution\u00e4res 6-in-1-Aroma-System: Das Herzst\u00fcck des Aiviou-Erlebnisses. Das rotierende Mundst\u00fcck erm\u00f6glicht es Ihnen, zwischen drei einzelnen Geschmacksrichtungen zu wechseln oder zwei beliebige f\u00fcr eine benutzerdefinierte Mischung zu kombinieren. Der Zyklus (A-AB-B-BC-C-CA) bietet sechs verschiedene Vaping-Modi.<\/li>\n<li>Dreifach unabh\u00e4ngige Pods: Enth\u00e4lt drei separate 1.0ohm Mesh Coils, jeder gepaart mit seiner eigenen E-Liquid-Kammer.<\/li>\n<li>Hohe E-Liquid-Kapazit\u00e4t: Vorgef\u00fcllt mit insgesamt 64ml Premium E-Liquid.<\/li>\n<li>Mehrere Nikotinoptionen: Erh\u00e4ltlich in 0%, 2% und 5% Nikotin Optionen, um Ihre Pr\u00e4ferenz zu entsprechen.<\/li>\n<li>Benutzerfreundliches LED-Display: Zeigt den verbleibenden Fl\u00fcssigkeitsstand und die Akkulaufzeit auf einen Blick an.<\/li>\n<li>Zuverl\u00e4ssiger 650-mAh-Akku und Typ-C-Ladung: Verf\u00fcgt \u00fcber einen eingebauten, wiederaufladbaren 650mAh-Akku mit modernem USB-Typ-C-Laden f\u00fcr schnelles und bequemes Aufladen.<\/li>\n<\/ul>\n<h2 class=\"ds-markdown-paragraph\"><strong>Schnelle Spezifikationen<\/strong><\/h2>\n<ol>\n<li class=\"ds-markdown-paragraph\">Puffs: 150.000<\/li>\n<li class=\"ds-markdown-paragraph\">Mesh-Spule: 1.0ohm x 3<\/li>\n<li class=\"ds-markdown-paragraph\">E-Fl\u00fcssigkeit gesamt: 64 ml<\/li>\n<li class=\"ds-markdown-paragraph\">Nikotin: 0% \/ 2% \/ 5%<\/li>\n<li class=\"ds-markdown-paragraph\">Akku: 650mAh (wiederaufladbar)<\/li>\n<li class=\"ds-markdown-paragraph\">Ladeanschluss: Typ-C<\/li>\n<li class=\"ds-markdown-paragraph\">Anzeige: LED f\u00fcr E-Fl\u00fcssigkeit &amp; Batterie<\/li>\n<li class=\"ds-markdown-paragraph\">Produktgewicht: 140g<\/li>\n<li class=\"ds-markdown-paragraph\">Produktgr\u00f6\u00dfe: 53 x 46 x 138 mm<\/li>\n<\/ol>\n<h2 class=\"ds-markdown-paragraph\"><strong>Wie die <\/strong><strong>Waspe Aiviou 6in1 150K <\/strong><strong>System funktioniert<\/strong><\/h2>\n<p class=\"ds-markdown-paragraph\">Drehen Sie einfach das Mundst\u00fcck, um den gew\u00fcnschten Modus auszuw\u00e4hlen. Sie k\u00f6nnen aus einem der drei einzelnen Pods f\u00fcr einen reinen Geschmack oder aus einer Kombination von zwei Pods f\u00fcr einen einzigartigen, vielschichtigen Geschmack dampfen. Dieses nahtlose Umschalten zwischen drei Einzel- und drei Dual-Pod-Konfigurationen ist, was die sechs verschiedenen Erfahrungen (A, AB, B, BC, C, CA) schafft.<\/p>\n<h2><strong>Verf\u00fcgbare Geschmacksrichtungen<\/strong><\/h2>\n<ol>\n<li>Wassermeloneneis &amp; Zitronenlimette &amp; Zitronenpfirsich<\/li>\n<li>Blaubeereis &amp; Erdbeer-Kiwi &amp; Kirsche-Erdbeereis<\/li>\n<li>Red Bull Ice &amp; Himbeere Pomp &amp; Sour Mango Strawberry<\/li>\n<li>Erdbeer-Wassermelone &amp; Saftiges Pfirsicheis &amp; Dreifach-Beereneis<\/li>\n<li>Cherry Cola Ice &amp; Erdbeere Red Bull Ice &amp; Wassermelone Himbeere<\/li>\n<li>Grape Ice &amp; Blue Razz Cherry &amp; Strawberry Ice<\/li>\n<li>Gemischte Beeren &amp; Black Dragon Ice &amp; Erdbeer-Kirsch-Cola<\/li>\n<li>Sprudel-Cola-Eis &amp; Energy-Drink &amp; Kirsch-Eis<\/li>\n<li>Erdbeere, Banane und Kiwi, Wassermelone und Kokosnuss, Erdbeere<\/li>\n<li>Red Bull Cola Ice &amp; Erdbeere Himbeere Kirsche &amp; Brombeere Drachenfrucht<\/li>\n<li>Erdbeer-Wassermelone-Bubblegum &amp; Saures Mango-Eis &amp; Erdbeer-Trauben-Eis<\/li>\n<li>Melone Passionsfrucht &amp; Brombeere Eis &amp; Apfel Kiwi<\/li>\n<\/ol>\n<h2><strong>Details zur Verpackung<\/strong><\/h2>\n<ul>\n<li>Produktgewicht: 140g\/Stk.<\/li>\n<li>Produktgr\u00f6\u00dfe: 53*46*138mm<\/li>\n<li>Menge: 160 St\u00fcck\/ctn, 10 St\u00fcck\/Karton<\/li>\n<li>Gewicht: 23 kg<\/li>\n<\/ul>\n<figure id=\"attachment_25362\" aria-describedby=\"caption-attachment-25362\" style=\"width: 800px\" class=\"wp-caption alignnone\"><img loading=\"lazy\" decoding=\"async\" class=\"size-full wp-image-25362\" title=\"Waspe Aiviou 6in1 150K Einweg-Vape #1\" src=\"https:\/\/www.vape4wholesale.com\/wp-content\/uploads\/2025\/10\/Waspe-Aiviou-6in1-150K-Disposable-Vape_1-1.webp\" alt=\"Waspe Aiviou 6in1 150K Einweg-Vape #1\" width=\"800\" height=\"800\" srcset=\"https:\/\/www.vape4wholesale.com\/wp-content\/uploads\/2025\/10\/Waspe-Aiviou-6in1-150K-Disposable-Vape_1-1.webp 800w, https:\/\/www.vape4wholesale.com\/wp-content\/uploads\/2025\/10\/Waspe-Aiviou-6in1-150K-Disposable-Vape_1-1-247x247.webp 247w, https:\/\/www.vape4wholesale.com\/wp-content\/uploads\/2025\/10\/Waspe-Aiviou-6in1-150K-Disposable-Vape_1-1-100x100.webp 100w, https:\/\/www.vape4wholesale.com\/wp-content\/uploads\/2025\/10\/Waspe-Aiviou-6in1-150K-Disposable-Vape_1-1-510x510.webp 510w, https:\/\/www.vape4wholesale.com\/wp-content\/uploads\/2025\/10\/Waspe-Aiviou-6in1-150K-Disposable-Vape_1-1-300x300.webp 300w, https:\/\/www.vape4wholesale.com\/wp-content\/uploads\/2025\/10\/Waspe-Aiviou-6in1-150K-Disposable-Vape_1-1-150x150.webp 150w, https:\/\/www.vape4wholesale.com\/wp-content\/uploads\/2025\/10\/Waspe-Aiviou-6in1-150K-Disposable-Vape_1-1-768x768.webp 768w, https:\/\/www.vape4wholesale.com\/wp-content\/uploads\/2025\/10\/Waspe-Aiviou-6in1-150K-Disposable-Vape_1-1-12x12.webp 12w, https:\/\/www.vape4wholesale.com\/wp-content\/uploads\/2025\/10\/Waspe-Aiviou-6in1-150K-Disposable-Vape_1-1-64x64.webp 64w\" sizes=\"auto, (max-width: 800px) 100vw, 800px\" \/><figcaption id=\"caption-attachment-25362\" class=\"wp-caption-text\">Waspe Aiviou 6in1 150K Einweg Vape Gro\u00dfhandel<\/figcaption><\/figure>\n<h2>WARUM WIR?<\/h2>\r\n<ul>\r\n<li>Echte, vertrauensw\u00fcrdige und professionelle Vape-Quelle.<\/li>\r\n<li>100% Echtheitsgarantie: Wir bieten nur originale und echte Produkte, lehnen F\u00e4lschungen ab.<\/li>\r\n<li>100% Liefergarantie: Wir verwenden die beste Versandmethode, um sicherzustellen, dass Sie die Bestellung 100% erhalten.<\/li>\r\n<li>Wir geben Ihnen die Tracking-Nummer und den Versandaufkleber nach dem Versand und verfolgen die Ware f\u00fcr Sie, bis Sie sie abholen.<\/li>\r\n<li>Keine Zollprobleme, keine Z\u00f6lle<\/li>\r\n<\/ul>","protected":false},"excerpt":{"rendered":"<div class=\"wsppc_div_block woocommerce_before_add_to_cart_form\">\r\n<p><strong><span style=\"color: #00a859;\">Clear customs<\/span> before delivery &amp; 100% Delivery Guarantee, Delivery in 19~25 days around.\u00a0<\/strong><\/p>\r\n<\/div>","protected":false},"featured_media":25357,"comment_status":"open","ping_status":"closed","template":"","meta":[],"pwb-brand":[1272],"product_cat":[873],"product_tag":[22,24,999,1246,1248],"class_list":{"0":"post-25336","1":"product","2":"type-product","3":"status-publish","4":"has-post-thumbnail","6":"pwb-brand-waspe","7":"product_cat-above-20k-puffs","8":"product_tag-disposable","9":"product_tag-wholesale","10":"product_tag-waspe","11":"product_tag-64-0ml","12":"product_tag-150000-puffs","13":"wcpa_has_options","15":"first","16":"instock","17":"featured","18":"shipping-taxable","19":"purchasable","20":"product-type-variable"},"aioseo_notices":[],"brands":[{"id":1272,"name":"Waspe","slug":"waspe"}],"_links":{"self":[{"href":"https:\/\/www.vape4wholesale.com\/de\/wp-json\/wp\/v2\/product\/25336","targetHints":{"allow":["GET"]}}],"collection":[{"href":"https:\/\/www.vape4wholesale.com\/de\/wp-json\/wp\/v2\/product"}],"about":[{"href":"https:\/\/www.vape4wholesale.com\/de\/wp-json\/wp\/v2\/types\/product"}],"replies":[{"embeddable":true,"href":"https:\/\/www.vape4wholesale.com\/de\/wp-json\/wp\/v2\/comments?post=25336"}],"wp:featuredmedia":[{"embeddable":true,"href":"https:\/\/www.vape4wholesale.com\/de\/wp-json\/wp\/v2\/media\/25357"}],"wp:attachment":[{"href":"https:\/\/www.vape4wholesale.com\/de\/wp-json\/wp\/v2\/media?parent=25336"}],"wp:term":[{"taxonomy":"pwb-brand","embeddable":true,"href":"https:\/\/www.vape4wholesale.com\/de\/wp-json\/wp\/v2\/pwb-brand?post=25336"},{"taxonomy":"product_cat","embeddable":true,"href":"https:\/\/www.vape4wholesale.com\/de\/wp-json\/wp\/v2\/product_cat?post=25336"},{"taxonomy":"product_tag","embeddable":true,"href":"https:\/\/www.vape4wholesale.com\/de\/wp-json\/wp\/v2\/product_tag?post=25336"}],"curies":[{"name":"wp","href":"https:\/\/api.w.org\/{rel}","templated":true}]}}