{"id":25326,"date":"2025-10-22T21:57:30","date_gmt":"2025-10-22T13:57:30","guid":{"rendered":"https:\/\/www.vape4wholesale.com\/?post_type=product&#038;p=25326"},"modified":"2026-01-26T13:38:15","modified_gmt":"2026-01-26T13:38:15","slug":"fihp-multi-120k-6in1-einweg-vape-groshandel","status":"publish","type":"product","link":"https:\/\/www.vape4wholesale.com\/de\/product\/fihp-multi-120k-6in1-disposable-vape-wholesale","title":{"rendered":"FIHP MULTI 120K 6in1 Einweg Vape Gro\u00dfhandel"},"content":{"rendered":"<p class=\"ds-markdown-paragraph\">Die <a title=\"FIHP\" href=\"https:\/\/www.vape4wholesale.com\/de\/produkt_marke\/fihp\/\" target=\"_blank\" rel=\"noopener\"><strong>FIHP<\/strong> <\/a>MULTI 120K 6in1 Disposable Vape definiert Komfort und Vielfalt neu und bietet ein revolution\u00e4res Six-in-One-Vaporizerlebnis in einem einzigen Ger\u00e4t. Das Herzst\u00fcck der Innovation ist ein einfaches, aber geniales Design: ein drehbares Mundst\u00fcck, mit dem Sie nahtlos zwischen sechs verschiedenen Geschmacksrichtungen wechseln k\u00f6nnen. Jede Geschmacksrichtung ist in einem eigenen, unabh\u00e4ngigen E-Liquid-Pod untergebracht, was dieses Ger\u00e4t zu einem echten Multigeschmacksger\u00e4t und zur perfekten Wahl f\u00fcr den anspruchsvollen Vaper macht, der sich nie mit nur einem Geschmack zufrieden geben m\u00f6chte.<\/p>\n<p class=\"ds-markdown-paragraph\">Dieses leistungsstarke Ger\u00e4t wurde f\u00fcr \u00fcberragende Leistung und Langlebigkeit entwickelt und liefert beeindruckende 120.000 Z\u00fcge, angetrieben von einer 0,9-Ohm-Dual-Mesh-Spule, die reichhaltigen Geschmack und gleichm\u00e4\u00dfig dichte Dampfproduktion garantiert. Das Ger\u00e4t ist mit 64 ml hochwertigem E-Liquid bef\u00fcllt, das in den Nikotinst\u00e4rken 2% oder 5% erh\u00e4ltlich ist, je nachdem, was Sie bevorzugen. Der integrierte 650mAh-Akku, der von einem modernen Typ-C-Ladeanschluss unterst\u00fctzt wird, sorgt daf\u00fcr, dass Ihr Ger\u00e4t immer einsatzbereit ist, w\u00e4hrend die intelligente LED-Anzeige Sie bequem \u00fcber Ihren Akku- und E-Liquid-Stand auf dem Laufenden h\u00e4lt.<\/p>\n<h2 class=\"ds-markdown-paragraph\"><strong>FIHP MULTI 120K 6in1 Hauptmerkmale<\/strong><\/h2>\n<ul>\n<li>Revolution\u00e4res 6-in-1-System: Die zentrale Innovation des FIHP MULTI 120K. Es verf\u00fcgt \u00fcber sechs unabh\u00e4ngige E-Liquid-Pods innerhalb des Ger\u00e4ts. Wechseln Sie m\u00fchelos zwischen Ihren Lieblingsgeschmacksrichtungen, indem Sie einfach das obere Mundst\u00fcck drehen. Dies ist eine echte Multi-Aroma-Ger\u00e4t, nicht nur eine gemischte e-Fl\u00fcssigkeit.<\/li>\n<li>Massive Puff-Zahl: Genie\u00dfen Sie ein ausgedehntes Dampferlebnis mit beeindruckenden 120.000 Z\u00fcgen mit einem einzigen Ger\u00e4t.<\/li>\n<li>Dual Mesh Coil &amp; Premium E-Liquid: Angetrieben von einer fortschrittlichen 0,9 Ohm Dual Mesh Coil, die reiches Aroma und dichte Dampfproduktion aus dem 64ml hochwertigen e-Fl\u00fcssigkeit gew\u00e4hrleistet.<\/li>\n<li>Wiederaufladbarer 650mAh-Akku: Unterst\u00fctzt durch einen zuverl\u00e4ssigen Typ-C-Ladeanschluss f\u00fcr schnelles und bequemes Aufladen.<\/li>\n<li>Intelligente LED-Anzeige: \u00dcberwachen Sie Ihre Akkulaufzeit und den F\u00fcllstand des E-Liquids auf einen Blick, damit Sie sorgenfrei dampfen k\u00f6nnen.<\/li>\n<li>Mehrere Nikotinst\u00e4rken: Erh\u00e4ltlich in 2% (20mg) und 5% (50mg) Nikotinoptionen, um Ihren Vorlieben gerecht zu werden.<\/li>\n<\/ul>\n<h2 class=\"ds-markdown-paragraph\"><strong>Schnelle Spezifikationen<\/strong><\/h2>\n<ul>\n<li>Puffs unterst\u00fctzen: 120.000<\/li>\n<li>Geschmacksrichtungen: 6-in-1 Multiple Flavors (\u00fcber rotierendes Mundst\u00fcck)<\/li>\n<li>Spule: Dual Mesh, 0.9ohm<\/li>\n<li>E-Fl\u00fcssigkeit Kapazit\u00e4t: 64ml (in 6 separaten H\u00fclsen)<\/li>\n<li>Nikotinst\u00e4rke: 2% oder 5%<\/li>\n<li>Akku: 650mAh (wiederaufladbar)<\/li>\n<li>Ladeanschluss: Typ-C<\/li>\n<li>Anzeige: LED-Batterie- und E-Liquid-Anzeige<\/li>\n<li>Produktgr\u00f6\u00dfe: 44 x 44 x 112 mm<\/li>\n<\/ul>\n<h2 class=\"ds-markdown-paragraph\"><strong>FIHP MULTI 120K 6in1 Geschmacksrichtungen verf\u00fcgbar<\/strong><\/h2>\n<p>01# Wassermelonen-Eis \/ Red Bull \/ Erdbeer-Kiwi \/ Heidelbeer-Eis \/ Zitrone-Limette \/ Erdbeer-Wassermelone<\/p>\n<p>02# Erdbeere Banane \/ Doppelter Apfel \/ Himbeere Wassermelone \/ Saure Mango Ananas \/ Tropische Fr\u00fcchte \/ Zitrone Pfirsich<\/p>\n<p>03# Ananas-Kokos \/ Blue Razz \/ Gemischte Beeren \/ Mango-Pfirsich \/ Blaubeer-Himbeer \/ Erdbeer-Vanille-Cola<\/p>\n<p>04# Pfirsich-Beere \/ Dreifach-Melone \/ Trauben-Eis \/ Schwarzer Drache-Eis \/ Sprudel-Kirsch-Eis \/ Gummib\u00e4rchen<\/p>\n<p>05# Regenbogen-Zuckerwatte \/ Kirsch-Cola-Eis \/ Liebe 666 \/ Mango-Eis \/ Blaubeer-Zuckerwatte \/ Pfirsich-Eis<\/p>\n<p>06# Aloe-Lychee-Eis \/ Rosa Zitrone \/ Gletschereis \/ Piniennadel-Minze \/ Schwarze Johannisbeere Eis \/ Wassermelone-Zitrone<\/p>\n<h2 class=\"ds-markdown-paragraph\"><strong>Details zur Verpackung<\/strong><\/h2>\n<p>1 St\u00fcck\/ Einzelverpackung<br \/>\n10 St\u00fcck\/ Displaykarton<br \/>\n160 St\u00fcck\/Karton 540 x 440 x 260mm<br \/>\n27 kg\/Karton<\/p>\n<figure id=\"attachment_25327\" aria-describedby=\"caption-attachment-25327\" style=\"width: 1000px\" class=\"wp-caption alignnone\"><img loading=\"lazy\" decoding=\"async\" class=\"wp-image-25327 size-full\" title=\"FIHP MULTI 120K 6in1 Einweg Vape Gro\u00dfhandel\" src=\"https:\/\/www.vape4wholesale.com\/wp-content\/uploads\/2025\/10\/FIHP-MULTI-12K-6in1-Disposable-Vape-Wholesale.webp\" alt=\"FIHP MULTI 120K 6in1 Einweg Vape Gro\u00dfhandel\" width=\"1000\" height=\"767\" srcset=\"https:\/\/www.vape4wholesale.com\/wp-content\/uploads\/2025\/10\/FIHP-MULTI-12K-6in1-Disposable-Vape-Wholesale.webp 1000w, https:\/\/www.vape4wholesale.com\/wp-content\/uploads\/2025\/10\/FIHP-MULTI-12K-6in1-Disposable-Vape-Wholesale-510x391.webp 510w, https:\/\/www.vape4wholesale.com\/wp-content\/uploads\/2025\/10\/FIHP-MULTI-12K-6in1-Disposable-Vape-Wholesale-300x230.webp 300w, https:\/\/www.vape4wholesale.com\/wp-content\/uploads\/2025\/10\/FIHP-MULTI-12K-6in1-Disposable-Vape-Wholesale-768x589.webp 768w, https:\/\/www.vape4wholesale.com\/wp-content\/uploads\/2025\/10\/FIHP-MULTI-12K-6in1-Disposable-Vape-Wholesale-16x12.webp 16w, https:\/\/www.vape4wholesale.com\/wp-content\/uploads\/2025\/10\/FIHP-MULTI-12K-6in1-Disposable-Vape-Wholesale-64x49.webp 64w\" sizes=\"auto, (max-width: 1000px) 100vw, 1000px\" \/><figcaption id=\"caption-attachment-25327\" class=\"wp-caption-text\">FIHP MULTI 120K 6in1 Einweg Vape Gro\u00dfhandel<\/figcaption><\/figure>\n<h2>WARUM WIR?<\/h2>\r\n<ul>\r\n<li>Echte, vertrauensw\u00fcrdige und professionelle Vape-Quelle.<\/li>\r\n<li>100% Echtheitsgarantie: Wir bieten nur originale und echte Produkte, lehnen F\u00e4lschungen ab.<\/li>\r\n<li>100% Liefergarantie: Wir verwenden die beste Versandmethode, um sicherzustellen, dass Sie die Bestellung 100% erhalten.<\/li>\r\n<li>Wir geben Ihnen die Tracking-Nummer und den Versandaufkleber nach dem Versand und verfolgen die Ware f\u00fcr Sie, bis Sie sie abholen.<\/li>\r\n<li>Keine Zollprobleme, keine Z\u00f6lle<\/li>\r\n<\/ul>","protected":false},"excerpt":{"rendered":"<div class=\"wsppc_div_block woocommerce_before_add_to_cart_form\">\r\n<p><strong><span style=\"color: #00a859;\">Clear customs<\/span> before delivery &amp; 100% Delivery Guarantee, Delivery in 19~25 days around.\u00a0<\/strong><\/p>\r\n<\/div>","protected":false},"featured_media":25325,"comment_status":"open","ping_status":"closed","template":"","meta":[],"pwb-brand":[1279],"product_cat":[873],"product_tag":[22,24,878,1219,1246],"class_list":{"0":"post-25326","1":"product","2":"type-product","3":"status-publish","4":"has-post-thumbnail","6":"pwb-brand-fihp","7":"product_cat-above-20k-puffs","8":"product_tag-disposable","9":"product_tag-wholesale","10":"product_tag-fihp","11":"product_tag-120000-puffs","12":"product_tag-64-0ml","13":"wcpa_has_options","15":"first","16":"instock","17":"shipping-taxable","18":"purchasable","19":"product-type-variable"},"aioseo_notices":[],"brands":[{"id":1279,"name":"FIHP","slug":"fihp"}],"_links":{"self":[{"href":"https:\/\/www.vape4wholesale.com\/de\/wp-json\/wp\/v2\/product\/25326","targetHints":{"allow":["GET"]}}],"collection":[{"href":"https:\/\/www.vape4wholesale.com\/de\/wp-json\/wp\/v2\/product"}],"about":[{"href":"https:\/\/www.vape4wholesale.com\/de\/wp-json\/wp\/v2\/types\/product"}],"replies":[{"embeddable":true,"href":"https:\/\/www.vape4wholesale.com\/de\/wp-json\/wp\/v2\/comments?post=25326"}],"wp:featuredmedia":[{"embeddable":true,"href":"https:\/\/www.vape4wholesale.com\/de\/wp-json\/wp\/v2\/media\/25325"}],"wp:attachment":[{"href":"https:\/\/www.vape4wholesale.com\/de\/wp-json\/wp\/v2\/media?parent=25326"}],"wp:term":[{"taxonomy":"pwb-brand","embeddable":true,"href":"https:\/\/www.vape4wholesale.com\/de\/wp-json\/wp\/v2\/pwb-brand?post=25326"},{"taxonomy":"product_cat","embeddable":true,"href":"https:\/\/www.vape4wholesale.com\/de\/wp-json\/wp\/v2\/product_cat?post=25326"},{"taxonomy":"product_tag","embeddable":true,"href":"https:\/\/www.vape4wholesale.com\/de\/wp-json\/wp\/v2\/product_tag?post=25326"}],"curies":[{"name":"wp","href":"https:\/\/api.w.org\/{rel}","templated":true}]}}