{"id":25297,"date":"2025-10-22T20:54:47","date_gmt":"2025-10-22T12:54:47","guid":{"rendered":"https:\/\/www.vape4wholesale.com\/?post_type=product&#038;p=25297"},"modified":"2026-01-26T13:38:20","modified_gmt":"2026-01-26T13:38:20","slug":"fihp-60000-3in1-dreifach-aromen-einweg-vape-groshandel","status":"publish","type":"product","link":"https:\/\/www.vape4wholesale.com\/de\/product\/fihp-60000-3in1-triple-flavors-disposable-vape-wholesale","title":{"rendered":"FIHP 60000 3in1 Dreifach-Aromen Einweg-Vape-Gro\u00dfhandel"},"content":{"rendered":"<p class=\"ds-markdown-paragraph\">Die <a title=\"FIHP\" href=\"https:\/\/www.vape4wholesale.com\/de\/produkt_marke\/fihp\/\" target=\"_blank\" rel=\"noopener\"><strong>FIHP<\/strong><\/a> Der 60000 3in1 Triple Flavors Einwegdampfer setzt einen neuen Standard f\u00fcr Langlebigkeit und Geschmack und liefert unvergleichliche 60.000 Z\u00fcge mit einem einzigen Ger\u00e4t. Der Vaporizer ist mit 54 ml E-Liquid bef\u00fcllt, das in den Nikotinst\u00e4rken 2% oder 5% erh\u00e4ltlich ist. Das Herzst\u00fcck dieser Erfahrung ist die fortschrittliche Dual Mesh Coil (0,9 Ohm), die fachm\u00e4nnisch verdampft die einzigartige Triple Flavor e-Fl\u00fcssigkeit, um eine reiche, komplexe und konsequent befriedigende Dampf von Anfang bis Ende zu produzieren.<\/p>\n<p class=\"ds-markdown-paragraph\">Das Ger\u00e4t wurde f\u00fcr ultimativen Komfort und Leistung entwickelt und ist mit einem robusten 650-mAh-Akku und einem modernen Typ-C-Ladeanschluss ausgestattet, damit Sie immer Strom haben, wenn Sie ihn brauchen. Die integrierte LED-Anzeige zeigt den Akkustand in Echtzeit an, sodass Sie nie von einer \u00dcberraschung \u00fcberrascht werden. Sein schlankes und ergonomisches Design mit den Ma\u00dfen 42*42*110mm macht ihn bemerkenswert tragbar und dennoch leistungsstark genug, um Ihr ganzt\u00e4giger Vaping-Begleiter zu sein.<\/p>\n<h2 class=\"ds-markdown-paragraph\"><strong>FIHP 60000 3in1 Triple Flavors Vape Hauptmerkmale<\/strong><\/h2>\n<ul>\n<li class=\"ds-markdown-paragraph\">Massive 60.000 Puffs: Konzipiert f\u00fcr extreme Langlebigkeit, die h\u00e4ufiges Auswechseln \u00fcberfl\u00fcssig macht.<\/li>\n<li class=\"ds-markdown-paragraph\">Dreifaches Geschmackserlebnis: Genie\u00dfen Sie ein dynamisches und komplexes Geschmacksprofil, das sich mit jedem Zug weiterentwickelt.<\/li>\n<li class=\"ds-markdown-paragraph\">Dual Mesh Coil Technologie (0.9ohm): Unsere fortschrittliche Dual-Mesh-Spule sorgt f\u00fcr schnellere Erw\u00e4rmung, reicheren Geschmack und dichtere Dampfproduktion.<\/li>\n<li class=\"ds-markdown-paragraph\">Gro\u00dfe 54ml vorgef\u00fcllte E-Fl\u00fcssigkeit: Vorgef\u00fcllt mit gro\u00dfz\u00fcgigen 54ml hochwertiger Salz-Nikotin-E-Liquid. W\u00e4hlen Sie zwischen 2% oder 5% Nikotinst\u00e4rke, um Ihre Vorliebe zu entsprechen.<\/li>\n<li class=\"ds-markdown-paragraph\">Integrierter 650-mAh-Akku: Bietet ausreichend Energie f\u00fcr die gesamte Lebensdauer des Ger\u00e4ts.<\/li>\n<li class=\"ds-markdown-paragraph\">Schnelles Typ-C Aufladen: Mit dem modernen USB-Typ-C-Ladeanschluss k\u00f6nnen Sie schnell wieder dampfen.<\/li>\n<li class=\"ds-markdown-paragraph\">Klare LED-Anzeige: \u00dcberwachen Sie Ihren Batteriestand einfach und ohne \u00dcberraschungen.<\/li>\n<\/ul>\n<h2><strong>Schnelle Produktspezifikationen<\/strong><\/h2>\n<p>Puff-Kapazit\u00e4t: Ca. 60.000 Puffs<br \/>\nE-Liquid Kapazit\u00e4t: 54ml (vorgef\u00fcllt)<br \/>\nNikotinst\u00e4rke: 2% oder 5%<br \/>\nAkku: 650mah Wiederaufladbar<br \/>\nLadeanschluss: Typ-C<br \/>\nSpule: Dual Mesh Spule, 0.9ohm<br \/>\nAnzeige: LED-Batterie-Anzeige<br \/>\nProduktabmessungen: 42 x 42 x 110 mm<br \/>\nGeschmack: Dreifach-Geschmack<br \/>\nVersandinformationen (f\u00fcr Gro\u00dfh\u00e4ndler):<br \/>\nGr\u00f6\u00dfe des Kartons: 470 x 390 x 260 mm<br \/>\nMenge pro Karton: 160 St\u00fcck<br \/>\nBruttogewicht pro Karton: 21,5 kg<\/p>\n<h2 class=\"ds-markdown-paragraph\"><strong>FIHP 60000 3in1 Dreifach-Geschmacksrichtungen verf\u00fcgbar<\/strong><\/h2>\n<p>01# Wassermelonen-Eis &amp; Red Bull &amp; Erdbeer-Kiwi<br \/>\n02# Zitrone-Limette-Erdbeere-Wassermelone-Blaubeere-Eis<br \/>\n03# Erdbeere Banane &amp; Doppelter Apfel &amp; Himbeere Wassermelone<br \/>\n04# Erdbeer-Kiwi &amp; Saure Mango-Ananas &amp; Red Bull<br \/>\n05# Tropische Fr\u00fcchte &amp; Erdbeere Wassermelone &amp; Zitrone Pfirsich<br \/>\n06# Ananas-Kokosnuss &amp; Blue Razz &amp; Erdbeer-Banane<br \/>\n07# Erdbeere-Himbeere &amp; Dreifach-Melone &amp; Saure Mango-Ananas<br \/>\n08# Gemischte Beeren &amp; Himbeere Wassermelone &amp; Mango Pfirsich<br \/>\n09# Blaubeere-Himbeere-Erdbeere-Vanille-Cola-Zitrone-Limette<br \/>\n10# Wassermelone Eis &amp; Pfirsich Beere &amp; Dreifach Melone<\/p>\n<h2><strong>Details zur Verpackung<\/strong><\/h2>\n<p>1 St\u00fcck\/ Einzelverpackung<br \/>\n10 St\u00fcck\/ Displaykarton<br \/>\n160 St\u00fcck\/Karton (Kartongr\u00f6\u00dfe: 470 x 390 x 260 mm)<br \/>\nBruttogewicht pro Karton: 21,5 kg<\/p>\n<figure id=\"attachment_25311\" aria-describedby=\"caption-attachment-25311\" style=\"width: 800px\" class=\"wp-caption alignnone\"><img loading=\"lazy\" decoding=\"async\" class=\"wp-image-25311 size-full\" title=\"FIHP 60000 3in1 Dreifach-Aromen Einweg-Vape 1\" src=\"https:\/\/www.vape4wholesale.com\/wp-content\/uploads\/2025\/10\/FIHP-60000-3in1-Triple-Flavors-Disposable-Vape_1.webp\" alt=\"FIHP 60000 3in1 Dreifach-Aromen Einweg-Vape 1\" width=\"800\" height=\"800\" srcset=\"https:\/\/www.vape4wholesale.com\/wp-content\/uploads\/2025\/10\/FIHP-60000-3in1-Triple-Flavors-Disposable-Vape_1.webp 800w, https:\/\/www.vape4wholesale.com\/wp-content\/uploads\/2025\/10\/FIHP-60000-3in1-Triple-Flavors-Disposable-Vape_1-247x247.webp 247w, https:\/\/www.vape4wholesale.com\/wp-content\/uploads\/2025\/10\/FIHP-60000-3in1-Triple-Flavors-Disposable-Vape_1-100x100.webp 100w, https:\/\/www.vape4wholesale.com\/wp-content\/uploads\/2025\/10\/FIHP-60000-3in1-Triple-Flavors-Disposable-Vape_1-510x510.webp 510w, https:\/\/www.vape4wholesale.com\/wp-content\/uploads\/2025\/10\/FIHP-60000-3in1-Triple-Flavors-Disposable-Vape_1-300x300.webp 300w, https:\/\/www.vape4wholesale.com\/wp-content\/uploads\/2025\/10\/FIHP-60000-3in1-Triple-Flavors-Disposable-Vape_1-150x150.webp 150w, https:\/\/www.vape4wholesale.com\/wp-content\/uploads\/2025\/10\/FIHP-60000-3in1-Triple-Flavors-Disposable-Vape_1-768x768.webp 768w, https:\/\/www.vape4wholesale.com\/wp-content\/uploads\/2025\/10\/FIHP-60000-3in1-Triple-Flavors-Disposable-Vape_1-12x12.webp 12w, https:\/\/www.vape4wholesale.com\/wp-content\/uploads\/2025\/10\/FIHP-60000-3in1-Triple-Flavors-Disposable-Vape_1-64x64.webp 64w\" sizes=\"auto, (max-width: 800px) 100vw, 800px\" \/><figcaption id=\"caption-attachment-25311\" class=\"wp-caption-text\">FIHP 60000 3in1 Dreifach-Aromen Einweg-Vape<\/figcaption><\/figure>\n<h2>WARUM WIR?<\/h2>\r\n<ul>\r\n<li>Echte, vertrauensw\u00fcrdige und professionelle Vape-Quelle.<\/li>\r\n<li>100% Echtheitsgarantie: Wir bieten nur originale und echte Produkte, lehnen F\u00e4lschungen ab.<\/li>\r\n<li>100% Liefergarantie: Wir verwenden die beste Versandmethode, um sicherzustellen, dass Sie die Bestellung 100% erhalten.<\/li>\r\n<li>Wir geben Ihnen die Tracking-Nummer und den Versandaufkleber nach dem Versand und verfolgen die Ware f\u00fcr Sie, bis Sie sie abholen.<\/li>\r\n<li>Keine Zollprobleme, keine Z\u00f6lle<\/li>\r\n<\/ul>","protected":false},"excerpt":{"rendered":"<div class=\"wsppc_div_block woocommerce_before_add_to_cart_form\">\r\n<p><strong><span style=\"color: #00a859;\">Clear customs<\/span> before delivery &amp; 100% Delivery Guarantee, Delivery in 19~25 days around.\u00a0<\/strong><\/p>\r\n<\/div>","protected":false},"featured_media":25316,"comment_status":"open","ping_status":"closed","template":"","meta":[],"pwb-brand":[1279],"product_cat":[873],"product_tag":[1115,22,24,878,1114],"class_list":{"0":"post-25297","1":"product","2":"type-product","3":"status-publish","4":"has-post-thumbnail","6":"pwb-brand-fihp","7":"product_cat-above-20k-puffs","8":"product_tag-54-0ml","9":"product_tag-disposable","10":"product_tag-wholesale","11":"product_tag-fihp","12":"product_tag-60000-puffs","13":"wcpa_has_options","15":"first","16":"instock","17":"shipping-taxable","18":"purchasable","19":"product-type-variable"},"aioseo_notices":[],"brands":[{"id":1279,"name":"FIHP","slug":"fihp"}],"_links":{"self":[{"href":"https:\/\/www.vape4wholesale.com\/de\/wp-json\/wp\/v2\/product\/25297","targetHints":{"allow":["GET"]}}],"collection":[{"href":"https:\/\/www.vape4wholesale.com\/de\/wp-json\/wp\/v2\/product"}],"about":[{"href":"https:\/\/www.vape4wholesale.com\/de\/wp-json\/wp\/v2\/types\/product"}],"replies":[{"embeddable":true,"href":"https:\/\/www.vape4wholesale.com\/de\/wp-json\/wp\/v2\/comments?post=25297"}],"wp:featuredmedia":[{"embeddable":true,"href":"https:\/\/www.vape4wholesale.com\/de\/wp-json\/wp\/v2\/media\/25316"}],"wp:attachment":[{"href":"https:\/\/www.vape4wholesale.com\/de\/wp-json\/wp\/v2\/media?parent=25297"}],"wp:term":[{"taxonomy":"pwb-brand","embeddable":true,"href":"https:\/\/www.vape4wholesale.com\/de\/wp-json\/wp\/v2\/pwb-brand?post=25297"},{"taxonomy":"product_cat","embeddable":true,"href":"https:\/\/www.vape4wholesale.com\/de\/wp-json\/wp\/v2\/product_cat?post=25297"},{"taxonomy":"product_tag","embeddable":true,"href":"https:\/\/www.vape4wholesale.com\/de\/wp-json\/wp\/v2\/product_tag?post=25297"}],"curies":[{"name":"wp","href":"https:\/\/api.w.org\/{rel}","templated":true}]}}