{"id":25164,"date":"2025-10-21T11:22:55","date_gmt":"2025-10-21T03:22:55","guid":{"rendered":"https:\/\/www.vape4wholesale.com\/?post_type=product&#038;p=25164"},"modified":"2026-01-27T15:47:12","modified_gmt":"2026-01-27T15:47:12","slug":"glucklich-bar-mt50000-einweg-vape-groshandel","status":"publish","type":"product","link":"https:\/\/www.vape4wholesale.com\/de\/product\/happ-bar-mt50000-disposable-vape-wholesale","title":{"rendered":"Happ Bar MT50000 Einweg Vape Gro\u00dfhandel"},"content":{"rendered":"<p class=\"ds-markdown-paragraph\">Die\u00a0<a title=\"Happ Bar\" href=\"https:\/\/www.vape4wholesale.com\/de\/produkt_marke\/glucksbar\/\" target=\"_blank\" rel=\"noopener\"><strong>Happ Bar<\/strong><\/a> MT50000 ist ein revolution\u00e4res Einweg-Dampfger\u00e4t, das f\u00fcr unvergleichliche Ausdauer und Leistung entwickelt wurde. Mit erstaunlichen 50.000 Z\u00fcgen ist dieses Ger\u00e4t f\u00fcr die Ewigkeit gebaut und bietet ein au\u00dfergew\u00f6hnliches Dampferlebnis ohne die Notwendigkeit eines h\u00e4ufigen Austauschs.<\/p>\n<p class=\"ds-markdown-paragraph\">Mit einer gro\u00dfz\u00fcgigen 45ml vorgef\u00fcllten E-Liquid-Kapazit\u00e4t und einem leistungsstarken 650mAh-Akku (\u00fcber den praktischen Typ-C-Anschluss) sorgt der Happ Bar MT50000 daf\u00fcr, dass Sie konsistenten Geschmack und Dampfproduktion vom ersten bis zum letzten Zug genie\u00dfen. Die integrierte 1,0-Ohm-Spule sorgt f\u00fcr einen sanften und befriedigenden Zug, perfekt ausbalanciert f\u00fcr sowohl Geschmacksintensit\u00e4t als auch Dampfvolumen.<\/p>\n<p class=\"ds-markdown-paragraph\">W\u00e4hlen Sie Ihre bevorzugte Nikotinst\u00e4rke 2% oder 5%, um Ihren pers\u00f6nlichen Verdampfungsstil zu treffen. Das Ger\u00e4t verf\u00fcgt au\u00dferdem \u00fcber ein praktisches LCD-Display, das die Akkulaufzeit und den F\u00fcllstand des E-Liquids in Echtzeit anzeigt, sodass Sie immer die Kontrolle haben.<\/p>\n<p class=\"ds-markdown-paragraph\">Mit 15 aufregenden Geschmacksrichtungen ist f\u00fcr jeden Gaumen etwas dabei. Egal, ob du dich nach fruchtigen, eisigen oder klassischen Geschmacksprofilen sehnst, die Happ Bar MT50000 liefert mit jedem Zug einen reichen, anhaltenden Geschmack.<\/p>\n<h2 class=\"ds-markdown-paragraph\"><strong>Happ Bar MT50000 Merkmale<\/strong><\/h2>\n<ul>\n<li class=\"ds-markdown-paragraph\">\u2705\u00a0<strong>50.000 Puffs<\/strong>\u00a0- Ultra-lange Lebensdauer<\/li>\n<li class=\"ds-markdown-paragraph\">\u2705\u00a0<strong>Nikotin-Optionen:<\/strong>\u00a02% oder 5%<\/li>\n<li class=\"ds-markdown-paragraph\">\u2705\u00a0<strong>650mAh wiederaufladbare Batterie<\/strong> - Typ-C-Laden unterst\u00fctzt<\/li>\n<li class=\"ds-markdown-paragraph\">\u2705\u00a0<strong>45ml E-Liquid Kapazit\u00e4t<\/strong><\/li>\n<li class=\"ds-markdown-paragraph\">\u2705\u00a0<strong>1.0ohm Spule<\/strong>\u00a0- Optimiert f\u00fcr Geschmacksrichtungen und Cloud-Produktion<\/li>\n<li class=\"ds-markdown-paragraph\">\u2705\u00a0<strong>LCD-Anzeige<\/strong>\u00a0- Zeigt den F\u00fcllstand von Batterie und E-Liquid an<\/li>\n<li class=\"ds-markdown-paragraph\">\u2705\u00a0<strong>15 Geschmacksrichtungen verf\u00fcgbar<\/strong>\u00a0- Abwechslung f\u00fcr jeden Geschmack<\/li>\n<\/ul>\n<h2><strong>Verf\u00fcgbare Geschmacksrichtungen<\/strong><\/h2>\n<ol>\n<li>Erdbeereis<\/li>\n<li>Erdbeer-Kiwi<\/li>\n<li>Blaues Erdbeereis<\/li>\n<li>Wassermelone Eis<\/li>\n<li>Ananas-Kokosnuss-Limetten-Rum<\/li>\n<li>Schwarzer Drache Erdbeere<\/li>\n<li>Kirschbombe<\/li>\n<li>Sommertraum<\/li>\n<li>Wassermelone Kokosnuss<\/li>\n<li>Erdbeere-Banane<\/li>\n<li>Liebe 66<\/li>\n<li>Pfirsich Hagel<\/li>\n<li>Zitronenhagel<\/li>\n<li>Cola-Eis<\/li>\n<li>Kokosnuss-Paradies<\/li>\n<\/ol>\n<h2><strong>Details zur Verpackung<\/strong><\/h2>\n<ul>\n<li>1\/ Einzelne Box<\/li>\n<li>10\/ Displaybox<\/li>\n<li>100\/Karton<\/li>\n<\/ul>\n<figure id=\"attachment_25165\" aria-describedby=\"caption-attachment-25165\" style=\"width: 800px\" class=\"wp-caption alignnone\"><img loading=\"lazy\" decoding=\"async\" class=\"size-full wp-image-25165\" title=\"Happ Bar MT50000 Einweg-Vape-Verpackungsbox\" src=\"https:\/\/www.vape4wholesale.com\/wp-content\/uploads\/2025\/10\/Happ-Bar-MT50000-Disposable-Vape_Packing-Box.webp\" alt=\"Happ Bar MT50000 Einweg-Vape-Verpackungsbox\" width=\"800\" height=\"800\" srcset=\"https:\/\/www.vape4wholesale.com\/wp-content\/uploads\/2025\/10\/Happ-Bar-MT50000-Disposable-Vape_Packing-Box.webp 800w, https:\/\/www.vape4wholesale.com\/wp-content\/uploads\/2025\/10\/Happ-Bar-MT50000-Disposable-Vape_Packing-Box-247x247.webp 247w, https:\/\/www.vape4wholesale.com\/wp-content\/uploads\/2025\/10\/Happ-Bar-MT50000-Disposable-Vape_Packing-Box-100x100.webp 100w, https:\/\/www.vape4wholesale.com\/wp-content\/uploads\/2025\/10\/Happ-Bar-MT50000-Disposable-Vape_Packing-Box-510x510.webp 510w, https:\/\/www.vape4wholesale.com\/wp-content\/uploads\/2025\/10\/Happ-Bar-MT50000-Disposable-Vape_Packing-Box-300x300.webp 300w, https:\/\/www.vape4wholesale.com\/wp-content\/uploads\/2025\/10\/Happ-Bar-MT50000-Disposable-Vape_Packing-Box-150x150.webp 150w, https:\/\/www.vape4wholesale.com\/wp-content\/uploads\/2025\/10\/Happ-Bar-MT50000-Disposable-Vape_Packing-Box-768x768.webp 768w, https:\/\/www.vape4wholesale.com\/wp-content\/uploads\/2025\/10\/Happ-Bar-MT50000-Disposable-Vape_Packing-Box-12x12.webp 12w, https:\/\/www.vape4wholesale.com\/wp-content\/uploads\/2025\/10\/Happ-Bar-MT50000-Disposable-Vape_Packing-Box-64x64.webp 64w\" sizes=\"auto, (max-width: 800px) 100vw, 800px\" \/><figcaption id=\"caption-attachment-25165\" class=\"wp-caption-text\">Happ Bar MT50000 Einweg-Vape-Verpackungsbox<\/figcaption><\/figure>\n<figure id=\"attachment_25166\" aria-describedby=\"caption-attachment-25166\" style=\"width: 1000px\" class=\"wp-caption alignnone\"><img loading=\"lazy\" decoding=\"async\" class=\"size-full wp-image-25166\" title=\"Happ Bar MT50000 Einweg Vape Gro\u00dfhandel\" src=\"https:\/\/www.vape4wholesale.com\/wp-content\/uploads\/2025\/10\/Happ-Bar-MT50000-Disposable-Vape-Wholesale.webp\" alt=\"Happ Bar MT50000 Einweg Vape Gro\u00dfhandel\" width=\"1000\" height=\"560\" srcset=\"https:\/\/www.vape4wholesale.com\/wp-content\/uploads\/2025\/10\/Happ-Bar-MT50000-Disposable-Vape-Wholesale.webp 1000w, https:\/\/www.vape4wholesale.com\/wp-content\/uploads\/2025\/10\/Happ-Bar-MT50000-Disposable-Vape-Wholesale-510x286.webp 510w, https:\/\/www.vape4wholesale.com\/wp-content\/uploads\/2025\/10\/Happ-Bar-MT50000-Disposable-Vape-Wholesale-300x168.webp 300w, https:\/\/www.vape4wholesale.com\/wp-content\/uploads\/2025\/10\/Happ-Bar-MT50000-Disposable-Vape-Wholesale-768x430.webp 768w, https:\/\/www.vape4wholesale.com\/wp-content\/uploads\/2025\/10\/Happ-Bar-MT50000-Disposable-Vape-Wholesale-18x10.webp 18w, https:\/\/www.vape4wholesale.com\/wp-content\/uploads\/2025\/10\/Happ-Bar-MT50000-Disposable-Vape-Wholesale-64x36.webp 64w\" sizes=\"auto, (max-width: 1000px) 100vw, 1000px\" \/><figcaption id=\"caption-attachment-25166\" class=\"wp-caption-text\">Happ Bar MT50000 Einweg Vape Gro\u00dfhandel<\/figcaption><\/figure>\n<h2>WARUM WIR?<\/h2>\r\n<ul>\r\n<li>Echte, vertrauensw\u00fcrdige und professionelle Vape-Quelle.<\/li>\r\n<li>100% Echtheitsgarantie: Wir bieten nur originale und echte Produkte, lehnen F\u00e4lschungen ab.<\/li>\r\n<li>100% Liefergarantie: Wir verwenden die beste Versandmethode, um sicherzustellen, dass Sie die Bestellung 100% erhalten.<\/li>\r\n<li>Wir geben Ihnen die Tracking-Nummer und den Versandaufkleber nach dem Versand und verfolgen die Ware f\u00fcr Sie, bis Sie sie abholen.<\/li>\r\n<li>Keine Zollprobleme, keine Z\u00f6lle<\/li>\r\n<\/ul>","protected":false},"excerpt":{"rendered":"<p><b><span style=\"color: #00a859;\">Free shipping<\/span>\u00a0from Europe warehouse, 7-15 working days delivery time.<\/b><\/p>\r\n<div class=\"wsppc_div_block woocommerce_before_add_to_cart_form\">\r\n<p><strong>Clear customs before delivery &amp; 100% Delivery Guarantee<\/strong><\/p>\r\n<\/div>","protected":false},"featured_media":25183,"comment_status":"open","ping_status":"closed","template":"","meta":[],"pwb-brand":[1267],"product_cat":[938],"product_tag":[1035,1082,22,24,964],"class_list":{"0":"post-25164","1":"product","2":"type-product","3":"status-publish","4":"has-post-thumbnail","6":"pwb-brand-happ-bar","7":"product_cat-europe-warehouse","8":"product_tag-happ-bar","9":"product_tag-50000-puffs","10":"product_tag-disposable","11":"product_tag-wholesale","12":"product_tag-45-0ml","13":"product_shipping_class-eu-warehouse","14":"wcpa_has_options","16":"first","17":"instock","18":"featured","19":"shipping-taxable","20":"purchasable","21":"product-type-variable"},"aioseo_notices":[],"brands":[{"id":1267,"name":"Happ Bar","slug":"glucksbar"}],"_links":{"self":[{"href":"https:\/\/www.vape4wholesale.com\/de\/wp-json\/wp\/v2\/product\/25164","targetHints":{"allow":["GET"]}}],"collection":[{"href":"https:\/\/www.vape4wholesale.com\/de\/wp-json\/wp\/v2\/product"}],"about":[{"href":"https:\/\/www.vape4wholesale.com\/de\/wp-json\/wp\/v2\/types\/product"}],"replies":[{"embeddable":true,"href":"https:\/\/www.vape4wholesale.com\/de\/wp-json\/wp\/v2\/comments?post=25164"}],"wp:featuredmedia":[{"embeddable":true,"href":"https:\/\/www.vape4wholesale.com\/de\/wp-json\/wp\/v2\/media\/25183"}],"wp:attachment":[{"href":"https:\/\/www.vape4wholesale.com\/de\/wp-json\/wp\/v2\/media?parent=25164"}],"wp:term":[{"taxonomy":"pwb-brand","embeddable":true,"href":"https:\/\/www.vape4wholesale.com\/de\/wp-json\/wp\/v2\/pwb-brand?post=25164"},{"taxonomy":"product_cat","embeddable":true,"href":"https:\/\/www.vape4wholesale.com\/de\/wp-json\/wp\/v2\/product_cat?post=25164"},{"taxonomy":"product_tag","embeddable":true,"href":"https:\/\/www.vape4wholesale.com\/de\/wp-json\/wp\/v2\/product_tag?post=25164"}],"curies":[{"name":"wp","href":"https:\/\/api.w.org\/{rel}","templated":true}]}}