{"id":23936,"date":"2024-03-04T15:04:46","date_gmt":"2024-03-04T07:04:46","guid":{"rendered":"https:\/\/www.vape4wholesale.com\/?post_type=product&#038;p=23936"},"modified":"2026-01-27T15:04:13","modified_gmt":"2026-01-27T15:04:13","slug":"bang-king-smart-screen-15000-puffs-wegwerfbare-vape-groshandel","status":"publish","type":"product","link":"https:\/\/www.vape4wholesale.com\/de\/product\/bang-king-smart-screen-15000-puffs-disposable-vape-wholesale","title":{"rendered":"Bang King Smart Screen 15000 Puffs Einweg Vape Gro\u00dfhandel"},"content":{"rendered":"<p>Der Bang King Smart screen 15000 puffs Disposable Vape ist ein hochmodernes Vaping-Ger\u00e4t mit einem Volumen von 25 ml f\u00fcr einen l\u00e4ngeren Gebrauch. Erh\u00e4ltlich in Nikotinkonzentrationen von 0%, 2%, 3% und 5%, bietet es verschiedene Vorlieben. Das Ger\u00e4t verf\u00fcgt \u00fcber einen leistungsstarken 650mAh-Akku, der eine beachtliche Dampfkapazit\u00e4t von 15.000 Z\u00fcgen bietet. Mit der praktischen C-Type Aufladbarkeit und einem Display, das sowohl den Ladezustand als auch den F\u00fcllstand des E-Liquids anzeigt, k\u00f6nnen die Benutzer eine nahtlose Erfahrung genie\u00dfen. Das Ger\u00e4t ist mit einem 1.0\u03a9 Mesh-Kern f\u00fcr effiziente Heizdraht Widerstand ausgestattet. Der Bang King Smart Bildschirm 15000 puffs liefert vape eine anspruchsvolle und benutzerfreundliche vaping L\u00f6sung.<\/p>\n<h2 class=\"second-title\">Bang King Smart Screen 15000 Puffs Vape Schnelle Details<\/h2>\n<ul>\n<li>\n<div>Fassungsverm\u00f6gen der Fl\u00fcssigkeit: 25ml<\/div>\n<\/li>\n<li>\n<div>Nikotinkonzentration: 0% 2% 3% 5%<\/div>\n<\/li>\n<li>\n<div>Akku: 650 mAh<\/div>\n<\/li>\n<li>\n<div>Verdampfungskapazit\u00e4t: 15.000 Z\u00fcge<\/div>\n<\/li>\n<li>\n<div>C-Typ Wiederaufladbar<\/div>\n<\/li>\n<li>\n<div>Ladezustand und E-Liquid-Anzeige<\/div>\n<\/li>\n<li>\n<div>Widerstand des Heizdrahtes:1.0\u03a9 Maschenkern<\/div>\n<\/li>\n<\/ul>\n<h2>Geschmacksliste<\/h2>\n<p>1. blaubeergefroren<br \/>\n2.Berry Blast<br \/>\n3.blaubeere kirsche zitrone<br \/>\n4.Pfirsich einfrieren<br \/>\n5. traubengefrieren<br \/>\n6.Pfirsich Blueraz<br \/>\n7. saurer Apfel Heidelbeere<br \/>\n8. dreifaches Obst<br \/>\n9. lush ice (Wassermeloneneis)<br \/>\n10. erdbeerige Wassermelone<\/p>\n<div>\n<figure id=\"attachment_23937\" aria-describedby=\"caption-attachment-23937\" style=\"width: 800px\" class=\"wp-caption alignnone\"><img loading=\"lazy\" decoding=\"async\" class=\"size-full wp-image-23937\" title=\"Bang King Smart Screen 15000 Puffs Einweg Vape\" src=\"https:\/\/www.vape4wholesale.com\/wp-content\/uploads\/2025\/08\/Bang-King-Smart-Screen-15000-Puffs-Disposable-Vape.webp\" alt=\"Bang King Smart Screen 15000 Puffs Einweg Vape\" width=\"800\" height=\"727\" srcset=\"https:\/\/www.vape4wholesale.com\/wp-content\/uploads\/2025\/08\/Bang-King-Smart-Screen-15000-Puffs-Disposable-Vape.webp 800w, https:\/\/www.vape4wholesale.com\/wp-content\/uploads\/2025\/08\/Bang-King-Smart-Screen-15000-Puffs-Disposable-Vape-510x463.webp 510w, https:\/\/www.vape4wholesale.com\/wp-content\/uploads\/2025\/08\/Bang-King-Smart-Screen-15000-Puffs-Disposable-Vape-300x273.webp 300w, https:\/\/www.vape4wholesale.com\/wp-content\/uploads\/2025\/08\/Bang-King-Smart-Screen-15000-Puffs-Disposable-Vape-768x698.webp 768w, https:\/\/www.vape4wholesale.com\/wp-content\/uploads\/2025\/08\/Bang-King-Smart-Screen-15000-Puffs-Disposable-Vape-13x12.webp 13w, https:\/\/www.vape4wholesale.com\/wp-content\/uploads\/2025\/08\/Bang-King-Smart-Screen-15000-Puffs-Disposable-Vape-64x58.webp 64w\" sizes=\"auto, (max-width: 800px) 100vw, 800px\" \/><figcaption id=\"caption-attachment-23937\" class=\"wp-caption-text\">Bang King Smart Screen 15000 Puffs Einweg Vape<\/figcaption><\/figure>\n<p><img loading=\"lazy\" decoding=\"async\" class=\"size-full wp-image-23948\" title=\"Bang King Smart Screen 15000 Puffs Einweg Vape 11\" src=\"https:\/\/www.vape4wholesale.com\/wp-content\/uploads\/2025\/08\/Bang-King-Smart-Screen-15000-Puffs-Disposable-Vape_11.webp\" alt=\"Bang King Smart Screen 15000 Puffs Einweg Vape 11\" width=\"800\" height=\"1000\" srcset=\"https:\/\/www.vape4wholesale.com\/wp-content\/uploads\/2025\/08\/Bang-King-Smart-Screen-15000-Puffs-Disposable-Vape_11.webp 800w, https:\/\/www.vape4wholesale.com\/wp-content\/uploads\/2025\/08\/Bang-King-Smart-Screen-15000-Puffs-Disposable-Vape_11-510x638.webp 510w, https:\/\/www.vape4wholesale.com\/wp-content\/uploads\/2025\/08\/Bang-King-Smart-Screen-15000-Puffs-Disposable-Vape_11-240x300.webp 240w, https:\/\/www.vape4wholesale.com\/wp-content\/uploads\/2025\/08\/Bang-King-Smart-Screen-15000-Puffs-Disposable-Vape_11-768x960.webp 768w, https:\/\/www.vape4wholesale.com\/wp-content\/uploads\/2025\/08\/Bang-King-Smart-Screen-15000-Puffs-Disposable-Vape_11-10x12.webp 10w, https:\/\/www.vape4wholesale.com\/wp-content\/uploads\/2025\/08\/Bang-King-Smart-Screen-15000-Puffs-Disposable-Vape_11-64x80.webp 64w\" sizes=\"auto, (max-width: 800px) 100vw, 800px\" \/><\/p>\n<h2>WARUM WIR?<\/h2>\r\n<ul>\r\n<li>Echte, vertrauensw\u00fcrdige und professionelle Vape-Quelle.<\/li>\r\n<li>100% Echtheitsgarantie: Wir bieten nur originale und echte Produkte, lehnen F\u00e4lschungen ab.<\/li>\r\n<li>100% Liefergarantie: Wir verwenden die beste Versandmethode, um sicherzustellen, dass Sie die Bestellung 100% erhalten.<\/li>\r\n<li>Wir geben Ihnen die Tracking-Nummer und den Versandaufkleber nach dem Versand und verfolgen die Ware f\u00fcr Sie, bis Sie sie abholen.<\/li>\r\n<li>Keine Zollprobleme, keine Z\u00f6lle<\/li>\r\n<\/ul>\n<\/div>","protected":false},"excerpt":{"rendered":"<div class=\"wsppc_div_block woocommerce_before_add_to_cart_form\">\r\n<p><strong><span style=\"color: #00a859;\">Clear customs<\/span> before delivery &amp; 100% Delivery Guarantee, Delivery in 19~25 days around.\u00a0<\/strong><\/p>\r\n<\/div>","protected":false},"featured_media":23946,"comment_status":"open","ping_status":"closed","template":"","meta":[],"pwb-brand":[1275],"product_cat":[872],"product_tag":[24,249,684,692,22],"class_list":{"0":"post-23936","1":"product","2":"type-product","3":"status-publish","4":"has-post-thumbnail","6":"pwb-brand-bang","7":"product_cat-15k-20k-puffs","8":"product_tag-wholesale","9":"product_tag-bang","10":"product_tag-15000-puffs","11":"product_tag-25-0ml","12":"product_tag-disposable","13":"wcpa_has_options","15":"first","16":"instock","17":"shipping-taxable","18":"purchasable","19":"product-type-variable"},"aioseo_notices":[],"brands":[{"id":1275,"name":"Bang","slug":"bang"}],"_links":{"self":[{"href":"https:\/\/www.vape4wholesale.com\/de\/wp-json\/wp\/v2\/product\/23936","targetHints":{"allow":["GET"]}}],"collection":[{"href":"https:\/\/www.vape4wholesale.com\/de\/wp-json\/wp\/v2\/product"}],"about":[{"href":"https:\/\/www.vape4wholesale.com\/de\/wp-json\/wp\/v2\/types\/product"}],"replies":[{"embeddable":true,"href":"https:\/\/www.vape4wholesale.com\/de\/wp-json\/wp\/v2\/comments?post=23936"}],"wp:featuredmedia":[{"embeddable":true,"href":"https:\/\/www.vape4wholesale.com\/de\/wp-json\/wp\/v2\/media\/23946"}],"wp:attachment":[{"href":"https:\/\/www.vape4wholesale.com\/de\/wp-json\/wp\/v2\/media?parent=23936"}],"wp:term":[{"taxonomy":"pwb-brand","embeddable":true,"href":"https:\/\/www.vape4wholesale.com\/de\/wp-json\/wp\/v2\/pwb-brand?post=23936"},{"taxonomy":"product_cat","embeddable":true,"href":"https:\/\/www.vape4wholesale.com\/de\/wp-json\/wp\/v2\/product_cat?post=23936"},{"taxonomy":"product_tag","embeddable":true,"href":"https:\/\/www.vape4wholesale.com\/de\/wp-json\/wp\/v2\/product_tag?post=23936"}],"curies":[{"name":"wp","href":"https:\/\/api.w.org\/{rel}","templated":true}]}}