{"id":23613,"date":"2025-07-23T00:46:15","date_gmt":"2025-07-22T16:46:15","guid":{"rendered":"https:\/\/www.vape4wholesale.com\/?post_type=product&#038;p=23613"},"modified":"2026-04-28T14:02:29","modified_gmt":"2026-04-28T06:02:29","slug":"glucklich-bar-gr50000-einweg-vape-groshandel","status":"publish","type":"product","link":"https:\/\/www.vape4wholesale.com\/de\/product\/happ-bar-gr50000-disposable-vape-wholesale","title":{"rendered":"Happ Bar GR50000 Einweg Vape Gro\u00dfhandel"},"content":{"rendered":"<p class=\"ds-markdown-paragraph\"><strong><a title=\"Happ Bar\" href=\"\/de\/produkt_marke\/glucksbar\/\" target=\"_blank\" rel=\"noopener\">Happ Bar<\/a> GR50000<\/strong>\u00a0ist ein innovatives Einweg-Dampfger\u00e4t mit einem bahnbrechenden 2-in-1-Dual-Flavour-System. Mit dem einzigartigen Geschmacksschalter, der zwischen den beiden Optionen positioniert ist, k\u00f6nnen Benutzer zwei verschiedene Geschmacksrichtungen gleichzeitig genie\u00dfen - eine branchenweit einmalige Innovation.<\/p>\n<p class=\"ds-markdown-paragraph\">Unter Beibehaltung des charakteristischen Designs der GR-Serie verf\u00fcgt er \u00fcber eine ergonomische Aussparung in der Mitte f\u00fcr verbesserten Griffkomfort. Unterhalb des Mittelteils befindet sich ein integriertes Display, das den Fl\u00fcssigkeits- und Batteriestand in Echtzeit anzeigt. Auf der R\u00fcckseite befindet sich ein Regler f\u00fcr die Geschmackseinstellung, der ein nahtloses Umschalten zwischen den Geschmacksrichtungen erm\u00f6glicht.<\/p>\n<p>Entwickelt f\u00fcr Langlebigkeit und Vielseitigkeit, die Happ Bar GR50000 liefert eine beeindruckende 50.000 Puffs von einem 650mAh Akku angetrieben (Typ-C-Laden unterst\u00fctzt). Seine beiden 23mL e-Fl\u00fcssigkeitstanks (46mL insgesamt) bieten eine l\u00e4ngere Nutzungsdauer, w\u00e4hrend die 1.0\u03a9 Mesh-Spule f\u00fcr eine reichhaltige, konsistente Geschmackserzeugung sorgt.<\/p>\n<h2 class=\"ds-markdown-paragraph\"><strong>Happ Bar GR50000 Einweg-Vape Schnelle Details<\/strong><\/h2>\n<ul>\n<li class=\"ds-markdown-paragraph\"><strong>Puffs:<\/strong>\u00a050,000<\/li>\n<li class=\"ds-markdown-paragraph\"><strong>Nikotin:<\/strong> 2% \/ 5%<\/li>\n<li class=\"ds-markdown-paragraph\"><strong>Batterie:<\/strong>\u00a0650mAh (Typ-C wiederaufladbar)<\/li>\n<li class=\"ds-markdown-paragraph\"><strong>E-Fl\u00fcssigkeit:<\/strong> 23mL + 23mL (zwei Tanks)<\/li>\n<li class=\"ds-markdown-paragraph\"><strong>Spule:<\/strong> Dual 1.0\u03a9 Mesh Spule<\/li>\n<li class=\"ds-markdown-paragraph\"><strong>Geschm\u00e4cker:<\/strong> 12 Paare<\/li>\n<li class=\"ds-markdown-paragraph\"><strong>Innovation:<\/strong>\u00a02-in-1 gleichzeitiges Verdampfen mit zwei Geschmacksrichtungen<\/li>\n<li class=\"ds-markdown-paragraph\"><strong>Anzeige:<\/strong>\u00a0E-Fl\u00fcssigkeits- und Batterieanzeige<\/li>\n<li class=\"ds-markdown-paragraph\"><strong>Entwurf:<\/strong>\u00a0Ergonomischer Griff mit Geschmackskontrolle<\/li>\n<\/ul>\n<h2><strong>Verf\u00fcgbare Geschmacksrichtungen<\/strong><\/h2>\n<p>Wassermelonen-Eis \/ Erdbeer-Banane<br \/>\nTraubeneis \/ Erdbeer-Kiwi<br \/>\nCola-Eis \/ Sprudel-Kirsche<br \/>\nErdbeere Eis \/ Mango Pfirsich Wassermelone<br \/>\nTropische Fr\u00fcchte \/ Erdbeere Wassermelone<br \/>\nRed Bull \/ K\u00fchle Minze<br \/>\nErdbeere Vanille Cola \/ Ananas Kokosnuss<br \/>\nWassermelone-Himbeere \/ Liebe 66<br \/>\nHerr Blau \/ Zitroneneis<br \/>\nErdbeere-Himbeere-Kirsche \/ Monsterpfirsich<br \/>\nSchwarzer Drache Eis \/ Pfirsich Eis<br \/>\nPfirsich-Mango-Ananas \/ Vanilleeis<\/p>\n<figure id=\"attachment_23641\" aria-describedby=\"caption-attachment-23641\" style=\"width: 1616px\" class=\"wp-caption alignnone\"><img loading=\"lazy\" decoding=\"async\" class=\"size-full wp-image-23641\" title=\"Happ Bar GR50000 Einweg Vape Gro\u00dfhandel 14\" src=\"https:\/\/www.vape4wholesale.com\/wp-content\/uploads\/2025\/07\/Happ-Bar-GR50000-Disposable-Vape-Wholesale_14.webp\" alt=\"Happ Bar GR50000 Einweg Vape Gro\u00dfhandel 14\" width=\"1616\" height=\"800\" srcset=\"https:\/\/www.vape4wholesale.com\/wp-content\/uploads\/2025\/07\/Happ-Bar-GR50000-Disposable-Vape-Wholesale_14.webp 1616w, https:\/\/www.vape4wholesale.com\/wp-content\/uploads\/2025\/07\/Happ-Bar-GR50000-Disposable-Vape-Wholesale_14-510x252.webp 510w, https:\/\/www.vape4wholesale.com\/wp-content\/uploads\/2025\/07\/Happ-Bar-GR50000-Disposable-Vape-Wholesale_14-300x149.webp 300w, https:\/\/www.vape4wholesale.com\/wp-content\/uploads\/2025\/07\/Happ-Bar-GR50000-Disposable-Vape-Wholesale_14-1024x507.webp 1024w, https:\/\/www.vape4wholesale.com\/wp-content\/uploads\/2025\/07\/Happ-Bar-GR50000-Disposable-Vape-Wholesale_14-768x380.webp 768w, https:\/\/www.vape4wholesale.com\/wp-content\/uploads\/2025\/07\/Happ-Bar-GR50000-Disposable-Vape-Wholesale_14-1536x760.webp 1536w, https:\/\/www.vape4wholesale.com\/wp-content\/uploads\/2025\/07\/Happ-Bar-GR50000-Disposable-Vape-Wholesale_14-18x9.webp 18w, https:\/\/www.vape4wholesale.com\/wp-content\/uploads\/2025\/07\/Happ-Bar-GR50000-Disposable-Vape-Wholesale_14-64x32.webp 64w\" sizes=\"auto, (max-width: 1616px) 100vw, 1616px\" \/><figcaption id=\"caption-attachment-23641\" class=\"wp-caption-text\">Happ Bar GR50000 Einweg Vape Gro\u00dfhandel<\/figcaption><\/figure>\n<h2>WARUM WIR?<\/h2>\r\n<ul>\r\n<li>Echte, vertrauensw\u00fcrdige und professionelle Vape-Quelle.<\/li>\r\n<li>100% Echtheitsgarantie: Wir bieten nur originale und echte Produkte, lehnen F\u00e4lschungen ab.<\/li>\r\n<li>100% Liefergarantie: Wir verwenden die beste Versandmethode, um sicherzustellen, dass Sie die Bestellung 100% erhalten.<\/li>\r\n<li>Wir geben Ihnen die Tracking-Nummer und den Versandaufkleber nach dem Versand und verfolgen die Ware f\u00fcr Sie, bis Sie sie abholen.<\/li>\r\n<li>Keine Zollprobleme, keine Z\u00f6lle<\/li>\r\n<\/ul>","protected":false},"excerpt":{"rendered":"<p><b><span style=\"color: #00a859;\">Kostenloser Versand<\/span>\u00a0Aus dem Europa-Lager, Lieferzeit 7-15 Werktage.<\/b><\/p>\r\n<div class=\"wsppc_div_block woocommerce_before_add_to_cart_form\">\r\n<p><strong>Zollabfertigung vor Lieferung &amp; 100% Liefergarantie<\/strong><\/p>\r\n<\/div>","protected":false},"featured_media":23640,"comment_status":"open","ping_status":"closed","template":"","meta":[],"pwb-brand":[1267],"product_cat":[938],"product_tag":[1035,1082,1210,22,24],"class_list":{"0":"post-23613","1":"product","2":"type-product","3":"status-publish","4":"has-post-thumbnail","6":"pwb-brand-happ-bar","7":"product_cat-europe-warehouse","8":"product_tag-happ-bar","9":"product_tag-50000-puffs","10":"product_tag-46-0ml","11":"product_tag-disposable","12":"product_tag-wholesale","13":"product_shipping_class-eu-warehouse","14":"wcpa_has_options","16":"first","17":"instock","18":"featured","19":"shipping-taxable","20":"purchasable","21":"product-type-variable"},"aioseo_notices":[],"brands":[{"id":1267,"name":"Happ Bar","slug":"glucksbar"}],"_links":{"self":[{"href":"https:\/\/www.vape4wholesale.com\/de\/wp-json\/wp\/v2\/product\/23613","targetHints":{"allow":["GET"]}}],"collection":[{"href":"https:\/\/www.vape4wholesale.com\/de\/wp-json\/wp\/v2\/product"}],"about":[{"href":"https:\/\/www.vape4wholesale.com\/de\/wp-json\/wp\/v2\/types\/product"}],"replies":[{"embeddable":true,"href":"https:\/\/www.vape4wholesale.com\/de\/wp-json\/wp\/v2\/comments?post=23613"}],"wp:featuredmedia":[{"embeddable":true,"href":"https:\/\/www.vape4wholesale.com\/de\/wp-json\/wp\/v2\/media\/23640"}],"wp:attachment":[{"href":"https:\/\/www.vape4wholesale.com\/de\/wp-json\/wp\/v2\/media?parent=23613"}],"wp:term":[{"taxonomy":"pwb-brand","embeddable":true,"href":"https:\/\/www.vape4wholesale.com\/de\/wp-json\/wp\/v2\/pwb-brand?post=23613"},{"taxonomy":"product_cat","embeddable":true,"href":"https:\/\/www.vape4wholesale.com\/de\/wp-json\/wp\/v2\/product_cat?post=23613"},{"taxonomy":"product_tag","embeddable":true,"href":"https:\/\/www.vape4wholesale.com\/de\/wp-json\/wp\/v2\/product_tag?post=23613"}],"curies":[{"name":"wp","href":"https:\/\/api.w.org\/{rel}","templated":true}]}}