{"id":23402,"date":"2025-07-08T23:28:12","date_gmt":"2025-07-08T15:28:12","guid":{"rendered":"https:\/\/www.vape4wholesale.com\/?post_type=product&#038;p=23402"},"modified":"2026-02-04T14:28:40","modified_gmt":"2026-02-04T14:28:40","slug":"razz-bar-15000-puffs-einweg-vape-groshandel","status":"publish","type":"product","link":"https:\/\/www.vape4wholesale.com\/de\/produkt\/razz-bar-15000-puffs-einweg-vape-groshandel","title":{"rendered":"Razz Bar 15000 Puffs Einweg Vape Gro\u00dfhandel"},"content":{"rendered":"<p>Die <strong><a title=\"Razz Bar\" href=\"https:\/\/www.vape4wholesale.com\/de\/produkt_marke\/razzia-bar\/\" target=\"_blank\" rel=\"noopener\">Razz Bar<\/a> 15000<\/strong> Puffs Einweg-Vape ist <span style=\"color: #555555; font-size: 14.4px;\">ein eleganter Einwegdampfer mit hoher Kapazit\u00e4t, der f\u00fcr un\u00fcbertroffenen Komfort und Leistung entwickelt wurde. <\/span>Ausgestattet mit einem eingebauten 650-mAh-Akku und USB-Typ-C-Schnellladung gew\u00e4hrleistet die Razz Bar eine l\u00e4ngere Nutzung ohne Kompromisse. Sie m\u00fcssen sich keine Sorgen machen, dass Ihnen der Strom ausgeht - einfach aufladen und genie\u00dfen.<\/p>\n<p class=\"ds-markdown-paragraph\"><strong>Massive 26mL E-Liquid Kapazit\u00e4t<\/strong><br \/>\nMit einem beeindruckenden 26mL vorgef\u00fcllten Tank liefert dieser Einwegdampfer bis zu 15.000 sanfte, geschmackvolle Z\u00fcge, was ihn perfekt f\u00fcr den ganzt\u00e4gigen Gebrauch macht.<\/p>\n<p class=\"ds-markdown-paragraph\"><strong>16 exquisite Geschmacksrichtungen<\/strong><br \/>\nG\u00f6nnen Sie sich einen reichhaltigen, befriedigenden Geschmack mit 16 erstklassigen Geschmacksoptionen. Ob du dich nach fruchtigen, eisigen oder von Desserts inspirierten Noten sehnst, die Razz Bar bietet mit jedem Zug ein individuelles Erlebnis.<\/p>\n<p class=\"ds-markdown-paragraph\"><strong>Schlank, tragbar und m\u00fchelos<\/strong><br \/>\nDie kompakte und dennoch leistungsstarke Razz Bar 15000 kombiniert ultimative Praktikabilit\u00e4t mit au\u00dfergew\u00f6hnlicher Dampfproduktion. Kein Nachf\u00fcllen, keine Wartung - nur reiner Einweg-Komfort.<\/p>\n<h2 class=\"ds-markdown-paragraph\">Razz Bar 15000 Puffs Einweg-Vape Schnelle Details<\/h2>\n<p class=\"ds-markdown-paragraph\">\u2714 15.000 Puffs - Ultra-lang anhaltender Genuss<br \/>\n\u2714 4 Stufen Luftstrom<br \/>\n\u2714 Spulenwiderstand: 1.0\u03a9<br \/>\n\u2714 650mAh wiederaufladbare Batterie - USB Typ-C Schnellladung<br \/>\n\u2714 26mL vorgef\u00fclltes E-Liquid - kein Auslaufen, keine Sauerei<br \/>\n\u2714 16 Geschmacksrichtungen - Reichhaltig, fett und sanft<br \/>\n\u2714 Draw-Activated - Einfach zu bedienen, keine Tasten<\/p>\n<h2>Flaovrs verf\u00fcgbar<\/h2>\n<p>1. himbeerfarbener Karamell<br \/>\n2. erdbeereis<br \/>\n3. das Red Bull Eis<br \/>\n4 Kiwi Passionsfrucht Guave<br \/>\n5. mamba<br \/>\n6. blaubeereis<br \/>\n7.Pfirsich-Eis<br \/>\n8. erdbeer kiwi<br \/>\n9 Wassermeloneneis<br \/>\n10.pfirsich mango ananas<br \/>\n11. wassermelonischer Kaugummi<br \/>\n12.gemischte Beeren<br \/>\n13.blaubeere himbeere zitrone<br \/>\n14. zitronengelbe Limette<br \/>\n15.Cola-Eis<br \/>\n16.Doppelter Apfel<\/p>\n<figure id=\"attachment_23313\" aria-describedby=\"caption-attachment-23313\" style=\"width: 800px\" class=\"wp-caption alignnone\"><img loading=\"lazy\" decoding=\"async\" class=\"size-full wp-image-23313\" title=\"Razz Bar 15000 Puffs Einweg-Vape Mamba\" src=\"https:\/\/www.vape4wholesale.com\/wp-content\/uploads\/2025\/07\/Razz-Bar-15000-Puffs-Disposable-Vape_Mamba.webp\" alt=\"Razz Bar 15000 Puffs Einweg-Vape Mamba\" width=\"800\" height=\"800\" srcset=\"https:\/\/www.vape4wholesale.com\/wp-content\/uploads\/2025\/07\/Razz-Bar-15000-Puffs-Disposable-Vape_Mamba.webp 800w, https:\/\/www.vape4wholesale.com\/wp-content\/uploads\/2025\/07\/Razz-Bar-15000-Puffs-Disposable-Vape_Mamba-247x247.webp 247w, https:\/\/www.vape4wholesale.com\/wp-content\/uploads\/2025\/07\/Razz-Bar-15000-Puffs-Disposable-Vape_Mamba-100x100.webp 100w, https:\/\/www.vape4wholesale.com\/wp-content\/uploads\/2025\/07\/Razz-Bar-15000-Puffs-Disposable-Vape_Mamba-510x510.webp 510w, https:\/\/www.vape4wholesale.com\/wp-content\/uploads\/2025\/07\/Razz-Bar-15000-Puffs-Disposable-Vape_Mamba-300x300.webp 300w, https:\/\/www.vape4wholesale.com\/wp-content\/uploads\/2025\/07\/Razz-Bar-15000-Puffs-Disposable-Vape_Mamba-150x150.webp 150w, https:\/\/www.vape4wholesale.com\/wp-content\/uploads\/2025\/07\/Razz-Bar-15000-Puffs-Disposable-Vape_Mamba-768x768.webp 768w, https:\/\/www.vape4wholesale.com\/wp-content\/uploads\/2025\/07\/Razz-Bar-15000-Puffs-Disposable-Vape_Mamba-12x12.webp 12w, https:\/\/www.vape4wholesale.com\/wp-content\/uploads\/2025\/07\/Razz-Bar-15000-Puffs-Disposable-Vape_Mamba-64x64.webp 64w\" sizes=\"auto, (max-width: 800px) 100vw, 800px\" \/><figcaption id=\"caption-attachment-23313\" class=\"wp-caption-text\">Razz Bar 15000 Puffs Einweg Vape Gro\u00dfhandel<\/figcaption><\/figure>\n<h2>WARUM WIR?<\/h2>\r\n<ul>\r\n<li>Echte, vertrauensw\u00fcrdige und professionelle Vape-Quelle.<\/li>\r\n<li>100% Echtheitsgarantie: Wir bieten nur originale und echte Produkte, lehnen F\u00e4lschungen ab.<\/li>\r\n<li>100% Liefergarantie: Wir verwenden die beste Versandmethode, um sicherzustellen, dass Sie die Bestellung 100% erhalten.<\/li>\r\n<li>Wir geben Ihnen die Tracking-Nummer und den Versandaufkleber nach dem Versand und verfolgen die Ware f\u00fcr Sie, bis Sie sie abholen.<\/li>\r\n<li>Keine Zollprobleme, keine Z\u00f6lle<\/li>\r\n<\/ul>\n<p>&nbsp;<\/p>","protected":false},"excerpt":{"rendered":"<div class=\"wsppc_div_block woocommerce_before_add_to_cart_form\">\r\n<p><strong><span style=\"color: #00a859;\">Clear customs<\/span> before delivery &amp; 100% Delivery Guarantee, Delivery in 19~25 days around.\u00a0<\/strong><\/p>\r\n<\/div>","protected":false},"featured_media":23313,"comment_status":"open","ping_status":"closed","template":"","meta":[],"pwb-brand":[1266],"product_cat":[872],"product_tag":[24,684,823,1209,22],"class_list":{"0":"post-23402","1":"product","2":"type-product","3":"status-publish","4":"has-post-thumbnail","6":"pwb-brand-razz-bar","7":"product_cat-15k-20k-puffs","8":"product_tag-wholesale","9":"product_tag-15000-puffs","10":"product_tag-26-0ml","11":"product_tag-razz-bar","12":"product_tag-disposable","13":"product_shipping_class-eu-warehouse","14":"wcpa_has_options","16":"first","17":"outofstock","18":"featured","19":"shipping-taxable","20":"purchasable","21":"product-type-variable"},"aioseo_notices":[],"brands":[{"id":1266,"name":"Razz Bar","slug":"razzia-bar"}],"_links":{"self":[{"href":"https:\/\/www.vape4wholesale.com\/de\/wp-json\/wp\/v2\/product\/23402","targetHints":{"allow":["GET"]}}],"collection":[{"href":"https:\/\/www.vape4wholesale.com\/de\/wp-json\/wp\/v2\/product"}],"about":[{"href":"https:\/\/www.vape4wholesale.com\/de\/wp-json\/wp\/v2\/types\/product"}],"replies":[{"embeddable":true,"href":"https:\/\/www.vape4wholesale.com\/de\/wp-json\/wp\/v2\/comments?post=23402"}],"wp:featuredmedia":[{"embeddable":true,"href":"https:\/\/www.vape4wholesale.com\/de\/wp-json\/wp\/v2\/media\/23313"}],"wp:attachment":[{"href":"https:\/\/www.vape4wholesale.com\/de\/wp-json\/wp\/v2\/media?parent=23402"}],"wp:term":[{"taxonomy":"pwb-brand","embeddable":true,"href":"https:\/\/www.vape4wholesale.com\/de\/wp-json\/wp\/v2\/pwb-brand?post=23402"},{"taxonomy":"product_cat","embeddable":true,"href":"https:\/\/www.vape4wholesale.com\/de\/wp-json\/wp\/v2\/product_cat?post=23402"},{"taxonomy":"product_tag","embeddable":true,"href":"https:\/\/www.vape4wholesale.com\/de\/wp-json\/wp\/v2\/product_tag?post=23402"}],"curies":[{"name":"wp","href":"https:\/\/api.w.org\/{rel}","templated":true}]}}