{"id":23370,"date":"2025-07-08T00:11:30","date_gmt":"2025-07-07T16:11:30","guid":{"rendered":"https:\/\/www.vape4wholesale.com\/?post_type=product&#038;p=23370"},"modified":"2026-01-26T13:38:40","modified_gmt":"2026-01-26T13:38:40","slug":"glucklich-bar-ss25000-einweg-vape-groshandel","status":"publish","type":"product","link":"https:\/\/www.vape4wholesale.com\/de\/produkt\/glucklich-bar-ss25000-einweg-vape-groshandel","title":{"rendered":"Happ Bar SS25000 Einweg Vape Gro\u00dfhandel"},"content":{"rendered":"<p class=\"ds-markdown-paragraph\">Die\u00a0<strong><a title=\"Happ Bar\" href=\"https:\/\/www.vape4wholesale.com\/de\/produkt_marke\/glucksbar\/\" target=\"_blank\" rel=\"noopener\">Happ Bar<\/a> SS25000<\/strong> Der Einwegdampfer besticht durch seine hochwertige Multimaterialkonstruktion, die bunte Kunstlederakzente mit eleganten Metalldetails kombiniert, die sich \u00fcber den gesamten K\u00f6rper erstrecken. Der Einschaltknopf ist nahtlos in ein mattschwarzes Panel integriert, das auch einen klaren LCD-Bildschirm f\u00fcr die Echtzeit\u00fcberwachung beherbergt.<\/p>\n<p class=\"ds-markdown-paragraph\">Im Gegensatz zu den meisten Einwegverdampfern, die sich automatisch aktivieren, muss der SS25000 f\u00fcr eine pr\u00e4zise Steuerung manuell bedient werden. Um ihn zu verwenden, dr\u00fccken Sie einfach die Power-Taste f\u00fcnfmal, um ihn einzuschalten, dann klicken Sie dreimal schnell, um den Modus zu wechseln. Es verf\u00fcgt \u00fcber zwei Ausgangsmodi:<\/p>\n<ul>\n<li>\n<p class=\"ds-markdown-paragraph\">Intelligenter Modus: Einstellbare Wattzahl von 5W bis 30W f\u00fcr individuelles Dampfen.<\/p>\n<\/li>\n<li>\n<p class=\"ds-markdown-paragraph\">Boost-Modus: Sperrt bei 30W f\u00fcr maximale Intensit\u00e4t.<\/p>\n<\/li>\n<\/ul>\n<p class=\"ds-markdown-paragraph\">Dar\u00fcber hinaus unterst\u00fctzt dieses Ger\u00e4t die Funktion des Nachf\u00fcllens. Zum Nachf\u00fcllen:<\/p>\n<ol start=\"1\">\n<li>\n<p class=\"ds-markdown-paragraph\">Entfernen Sie das Mundst\u00fcck.<\/p>\n<\/li>\n<li>\n<p class=\"ds-markdown-paragraph\">Nehmen Sie die Silikonstopfen auf beiden Seiten des Rohrs heraus.<\/p>\n<\/li>\n<li>\n<p class=\"ds-markdown-paragraph\">F\u00fcllen Sie E-Liquid ein (vermeiden Sie die mittlere Luftstrom\u00f6ffnung).<\/p>\n<\/li>\n<\/ol>\n<h2><strong>Happ Bar SS25000 Einweg-Vape Schnelle Details<\/strong><\/h2>\n<ul>\n<li>\n<p class=\"ds-markdown-paragraph\">Anzahl der Puffs: 25,000<\/p>\n<\/li>\n<li>\n<p class=\"ds-markdown-paragraph\">Spule: 0.6\u03a9 Mesh Coil (verbesserter Geschmack &amp; Dampf)<\/p>\n<\/li>\n<li>\n<p class=\"ds-markdown-paragraph\">Einstellbarer Luftstrom<\/p>\n<\/li>\n<li>\n<p class=\"ds-markdown-paragraph\">Nachf\u00fcllbares Design<\/p>\n<\/li>\n<li>\n<p class=\"ds-markdown-paragraph\">650mAh-Akku (Typ-C-Ladung)<\/p>\n<\/li>\n<li>\n<p class=\"ds-markdown-paragraph\">Zwei Modi: Boost &amp; Smart<\/p>\n<\/li>\n<li>\n<p class=\"ds-markdown-paragraph\">LCD-Anzeige: Zeigt Batteriestand und Wattleistung an<\/p>\n<\/li>\n<\/ul>\n<h2><strong>Verf\u00fcgbare Geschmacksrichtungen<\/strong><\/h2>\n<p>Pfirsich-Eis<br \/>\nErdbeer-Punsch<br \/>\nWeintrauben-Minze<br \/>\nMango-Eis<br \/>\nDoppelter Apfel<br \/>\nHeidelbeer-Kaugummi<br \/>\nZitronenminze<br \/>\n\u00dcppiges Eis<br \/>\nErdbeer-Kiwi<br \/>\nBeereneis<br \/>\nMagische Liebe<br \/>\nKirsche Fiesta<\/p>\n<figure id=\"attachment_23352\" aria-describedby=\"caption-attachment-23352\" style=\"width: 800px\" class=\"wp-caption alignnone\"><img loading=\"lazy\" decoding=\"async\" class=\"size-full wp-image-23352\" title=\"Happ Bar SS25000 Einweg Vape Double Appe\" src=\"https:\/\/www.vape4wholesale.com\/wp-content\/uploads\/2025\/07\/Happ-Bar-SS25000-Disposable-Vape_Double-Appe.webp\" alt=\"Happ Bar SS25000 Einweg Vape Double Appe\" width=\"800\" height=\"800\" srcset=\"https:\/\/www.vape4wholesale.com\/wp-content\/uploads\/2025\/07\/Happ-Bar-SS25000-Disposable-Vape_Double-Appe.webp 800w, https:\/\/www.vape4wholesale.com\/wp-content\/uploads\/2025\/07\/Happ-Bar-SS25000-Disposable-Vape_Double-Appe-247x247.webp 247w, https:\/\/www.vape4wholesale.com\/wp-content\/uploads\/2025\/07\/Happ-Bar-SS25000-Disposable-Vape_Double-Appe-100x100.webp 100w, https:\/\/www.vape4wholesale.com\/wp-content\/uploads\/2025\/07\/Happ-Bar-SS25000-Disposable-Vape_Double-Appe-510x510.webp 510w\" sizes=\"auto, (max-width: 800px) 100vw, 800px\" \/><figcaption id=\"caption-attachment-23352\" class=\"wp-caption-text\">Happ Bar SS25000 Einweg Vape Double Appe<\/figcaption><\/figure>\n[scf-template id=&#8217;16903&#8242;]","protected":false},"excerpt":{"rendered":"<p><b><span style=\"color: #00a859;\">Free shipping<\/span>\u00a0from Europe warehouse, 7-15 working days delivery time.<\/b><\/p>\r\n<div class=\"wsppc_div_block woocommerce_before_add_to_cart_form\">\r\n<p><strong>Clear customs before delivery &amp; 100% Delivery Guarantee<\/strong><\/p>\r\n<\/div>","protected":false},"featured_media":23352,"comment_status":"open","ping_status":"closed","template":"","meta":[],"pwb-brand":[1267],"product_cat":[938],"product_tag":[22,24,692,915,1035],"class_list":{"0":"post-23370","1":"product","2":"type-product","3":"status-publish","4":"has-post-thumbnail","6":"pwb-brand-happ-bar","7":"product_cat-europe-warehouse","8":"product_tag-disposable","9":"product_tag-wholesale","10":"product_tag-25-0ml","11":"product_tag-25000-puffs","12":"product_tag-happ-bar","13":"product_shipping_class-eu-warehouse","15":"first","16":"outofstock","17":"featured","18":"shipping-taxable","19":"purchasable","20":"product-type-variable"},"aioseo_notices":[],"brands":[{"id":1267,"name":"Happ Bar","slug":"glucksbar"}],"_links":{"self":[{"href":"https:\/\/www.vape4wholesale.com\/de\/wp-json\/wp\/v2\/product\/23370","targetHints":{"allow":["GET"]}}],"collection":[{"href":"https:\/\/www.vape4wholesale.com\/de\/wp-json\/wp\/v2\/product"}],"about":[{"href":"https:\/\/www.vape4wholesale.com\/de\/wp-json\/wp\/v2\/types\/product"}],"replies":[{"embeddable":true,"href":"https:\/\/www.vape4wholesale.com\/de\/wp-json\/wp\/v2\/comments?post=23370"}],"wp:featuredmedia":[{"embeddable":true,"href":"https:\/\/www.vape4wholesale.com\/de\/wp-json\/wp\/v2\/media\/23352"}],"wp:attachment":[{"href":"https:\/\/www.vape4wholesale.com\/de\/wp-json\/wp\/v2\/media?parent=23370"}],"wp:term":[{"taxonomy":"pwb-brand","embeddable":true,"href":"https:\/\/www.vape4wholesale.com\/de\/wp-json\/wp\/v2\/pwb-brand?post=23370"},{"taxonomy":"product_cat","embeddable":true,"href":"https:\/\/www.vape4wholesale.com\/de\/wp-json\/wp\/v2\/product_cat?post=23370"},{"taxonomy":"product_tag","embeddable":true,"href":"https:\/\/www.vape4wholesale.com\/de\/wp-json\/wp\/v2\/product_tag?post=23370"}],"curies":[{"name":"wp","href":"https:\/\/api.w.org\/{rel}","templated":true}]}}