{"id":23271,"date":"2025-07-07T00:00:13","date_gmt":"2025-07-06T16:00:13","guid":{"rendered":"https:\/\/www.vape4wholesale.com\/?post_type=product&#038;p=23271"},"modified":"2026-03-19T19:03:58","modified_gmt":"2026-03-19T11:03:58","slug":"fumot-digitalen-affen-40000-puffs-einweg-vape-groshandel","status":"publish","type":"product","link":"https:\/\/www.vape4wholesale.com\/de\/produkt\/fumot-digitalen-affen-40000-puffs-einweg-vape-groshandel","title":{"rendered":"Fumot Digital Monkey 40000 Puffs Einweg Vape Gro\u00dfhandel"},"content":{"rendered":"<p>Die<strong><a title=\"Fumot\" href=\"https:\/\/www.vape4wholesale.com\/de\/produkt_marke\/fumot\/\" target=\"_blank\" rel=\"noopener\"> Fumot<\/a> Digitales \u00c4ffchen 40000<\/strong> ist ein Dual Mesh Coil Einwegdampfer mit einem intelligenten Display und umschaltbaren Modi. Als aktualisierte Version des beliebten <a title=\"Fumot 12000\" href=\"https:\/\/www.vape4wholesale.com\/de\/produkt\/fumot-digital-box-12000-einweg-vape-groshandel\/\" target=\"_blank\" rel=\"noopener\">Fumot 12000<\/a> Er verf\u00fcgt \u00fcber ein stilvolles, glasiertes Geh\u00e4use und ein gro\u00dfes, nach vorne gerichtetes Display. Das Display zeigt nicht nur die \"Digital Monkey\"-Grafik, sondern bietet auch Echtzeit-Informationen \u00fcber den Fl\u00fcssigkeitsstand, die Akkulaufzeit und den aktuellen Verdampfungsmodus. Das Ger\u00e4t bietet zwei Vaping-Modi, den Double Engine Mode und den Single Engine Mode, die \u00fcber die Taste an der Unterseite des Ger\u00e4ts einfach umgeschaltet werden k\u00f6nnen. Der Digital Monkey ist in 16 Geschmacksrichtungen erh\u00e4ltlich und bietet 2 Nikotinst\u00e4rken, um eine Vielzahl von Vorlieben zu erf\u00fcllen.<\/p>\n<p>Das Display des Digital Monkey informiert in Echtzeit \u00fcber den F\u00fcllstand des E-Liquids, die Akkulaufzeit und den aktuellen Vaping-Modus Dual Engine Mode (D) oder Single Engine Mode (S), um Ihr Vaping-Erlebnis zu verbessern.<\/p>\n<p>Der Dual Mesh Vape verwendet ein Heizelement mit zwei Schichten aus Mesh-Material, wodurch eine gr\u00f6\u00dfere Oberfl\u00e4che f\u00fcr das E-Liquid entsteht, mit der es in Kontakt kommt und gleichm\u00e4\u00dfig erhitzt wird. Dies f\u00fchrt zu einem sanfteren und befriedigenderen Geschmack<\/p>\n<p>Der eingebaute 850-mA-Akku l\u00e4sst sich mehrfach aufladen, sodass Sie nicht mit leeren Einwegbatterien dastehen, bevor das E-Liquid ausgeht.<\/p>\n<h2><strong>Fumot Digital Monkey 40000 Puffs Einweg Vape Schnelle Details<\/strong><\/h2>\n<ul>\n<li class=\"ds-markdown-paragraph\">Puffs: Bis zu 40.000<\/li>\n<li class=\"ds-markdown-paragraph\">Akku: 850mAh (wiederaufladbar \u00fcber USB-C)<\/li>\n<li class=\"ds-markdown-paragraph\">Spule: Dual Mesh (glatter &amp; geschmackvoller Dampf)<\/li>\n<li class=\"ds-markdown-paragraph\">Anzeige: Intelligenter Bildschirm (Echtzeit-E-Fl\u00fcssigkeitsstand, Batterie, Modusanzeige)<\/li>\n<li>E-Fl\u00fcssigkeit Kapazit\u00e4t: 16mL (vorgef\u00fcllt)<\/li>\n<li class=\"ds-markdown-paragraph\">Nikotinst\u00e4rken: 2% (20mg) &amp; 5% (50mg)<\/li>\n<li class=\"ds-markdown-paragraph\">Geschmacksrichtungen: 16 Optionen (Vielfalt f\u00fcr verschiedene Geschm\u00e4cker)<\/li>\n<li class=\"ds-markdown-paragraph\">Gestaltung: Glasiertes \u00c4u\u00dferes + \"Digital Monkey\"-Grafik<\/li>\n<li class=\"ds-markdown-paragraph\">Aufger\u00fcstet von: Fumot 12000 (bessere Anzeige, doppeltes Netz, l\u00e4ngere Lebensdauer)<\/li>\n<li class=\"ds-markdown-paragraph\">Arbeitsmodi: Double Engine (D) - intensiverer Dampf\/ Single Engine (S) - Standardverdampfung (Umschaltbar \u00fcber den unteren Knopf)<\/li>\n<\/ul>\n<h2><strong>Verf\u00fcgbare Geschmacksrichtungen<\/strong><\/h2>\n<p>1. Bananeneis<br \/>\n2. Wassermelone mit Erdbeeren<br \/>\n3. Miami Mint<br \/>\n4. Heidelbeere-Himbeere<br \/>\n5. Schwarzes Eis<br \/>\n6. Wei\u00dfes Gummieis<br \/>\n7. Wassermelone Eis<br \/>\n8. Saftiges Pfirsicheis<br \/>\n9. Rosa Limonade<br \/>\n10. Erdbeer-Mango<br \/>\n11. Pfirsich Mango Wassermelone<br \/>\n12. Trauben-Zitrone<br \/>\n13. Tropische Regenbogenexplosion<br \/>\n14. Kirschbombe<br \/>\n15. Erdbeer-Minze-Bonbon<br \/>\n16. Doppelter Apfel<\/p>\n<figure id=\"attachment_23272\" aria-describedby=\"caption-attachment-23272\" style=\"width: 1248px\" class=\"wp-caption alignnone\"><img loading=\"lazy\" decoding=\"async\" class=\"size-full wp-image-23272\" title=\"Fumot Digital Monkey 40000 Puffs Einweg Vape\" src=\"https:\/\/www.vape4wholesale.com\/wp-content\/uploads\/2025\/07\/Fumot-Digital-Monkey-40000-Puffs-Disposable-Vape.webp\" alt=\"Fumot Digital Monkey 40000 Puffs Einweg Vape\" width=\"1248\" height=\"800\" srcset=\"https:\/\/www.vape4wholesale.com\/wp-content\/uploads\/2025\/07\/Fumot-Digital-Monkey-40000-Puffs-Disposable-Vape.webp 1248w, https:\/\/www.vape4wholesale.com\/wp-content\/uploads\/2025\/07\/Fumot-Digital-Monkey-40000-Puffs-Disposable-Vape-510x327.webp 510w, https:\/\/www.vape4wholesale.com\/wp-content\/uploads\/2025\/07\/Fumot-Digital-Monkey-40000-Puffs-Disposable-Vape-300x192.webp 300w, https:\/\/www.vape4wholesale.com\/wp-content\/uploads\/2025\/07\/Fumot-Digital-Monkey-40000-Puffs-Disposable-Vape-1024x656.webp 1024w, https:\/\/www.vape4wholesale.com\/wp-content\/uploads\/2025\/07\/Fumot-Digital-Monkey-40000-Puffs-Disposable-Vape-768x492.webp 768w, https:\/\/www.vape4wholesale.com\/wp-content\/uploads\/2025\/07\/Fumot-Digital-Monkey-40000-Puffs-Disposable-Vape-18x12.webp 18w, https:\/\/www.vape4wholesale.com\/wp-content\/uploads\/2025\/07\/Fumot-Digital-Monkey-40000-Puffs-Disposable-Vape-64x41.webp 64w\" sizes=\"auto, (max-width: 1248px) 100vw, 1248px\" \/><figcaption id=\"caption-attachment-23272\" class=\"wp-caption-text\">Fumot Digital Monkey 40000 Puffs Einweg Vape<\/figcaption><\/figure>\n<h2>WARUM WIR?<\/h2>\r\n<ul>\r\n<li>Echte, vertrauensw\u00fcrdige und professionelle Vape-Quelle.<\/li>\r\n<li>100% Echtheitsgarantie: Wir bieten nur originale und echte Produkte, lehnen F\u00e4lschungen ab.<\/li>\r\n<li>100% Liefergarantie: Wir verwenden die beste Versandmethode, um sicherzustellen, dass Sie die Bestellung 100% erhalten.<\/li>\r\n<li>Wir geben Ihnen die Tracking-Nummer und den Versandaufkleber nach dem Versand und verfolgen die Ware f\u00fcr Sie, bis Sie sie abholen.<\/li>\r\n<li>Keine Zollprobleme, keine Z\u00f6lle<\/li>\r\n<\/ul>","protected":false},"excerpt":{"rendered":"<div class=\"wsppc_div_block woocommerce_before_add_to_cart_form\">\r\n<p><strong><span style=\"color: #00a859;\">Clear customs<\/span> before delivery &amp; 100% Delivery Guarantee, Delivery in 19~25 days around.\u00a0<\/strong><\/p>\r\n<\/div>","protected":false},"featured_media":23259,"comment_status":"open","ping_status":"closed","template":"","meta":[],"pwb-brand":[1269],"product_cat":[873],"product_tag":[22,24,592,933,1016],"class_list":{"0":"post-23271","1":"product","2":"type-product","3":"status-publish","4":"has-post-thumbnail","6":"pwb-brand-fumot","7":"product_cat-above-20k-puffs","8":"product_tag-disposable","9":"product_tag-wholesale","10":"product_tag-fumot","11":"product_tag-35-0ml","12":"product_tag-40000-puffs","13":"wcpa_has_options","15":"first","16":"outofstock","17":"featured","18":"shipping-taxable","19":"purchasable","20":"product-type-variable"},"aioseo_notices":[],"brands":[{"id":1269,"name":"Fumot","slug":"fumot"}],"_links":{"self":[{"href":"https:\/\/www.vape4wholesale.com\/de\/wp-json\/wp\/v2\/product\/23271","targetHints":{"allow":["GET"]}}],"collection":[{"href":"https:\/\/www.vape4wholesale.com\/de\/wp-json\/wp\/v2\/product"}],"about":[{"href":"https:\/\/www.vape4wholesale.com\/de\/wp-json\/wp\/v2\/types\/product"}],"replies":[{"embeddable":true,"href":"https:\/\/www.vape4wholesale.com\/de\/wp-json\/wp\/v2\/comments?post=23271"}],"wp:featuredmedia":[{"embeddable":true,"href":"https:\/\/www.vape4wholesale.com\/de\/wp-json\/wp\/v2\/media\/23259"}],"wp:attachment":[{"href":"https:\/\/www.vape4wholesale.com\/de\/wp-json\/wp\/v2\/media?parent=23271"}],"wp:term":[{"taxonomy":"pwb-brand","embeddable":true,"href":"https:\/\/www.vape4wholesale.com\/de\/wp-json\/wp\/v2\/pwb-brand?post=23271"},{"taxonomy":"product_cat","embeddable":true,"href":"https:\/\/www.vape4wholesale.com\/de\/wp-json\/wp\/v2\/product_cat?post=23271"},{"taxonomy":"product_tag","embeddable":true,"href":"https:\/\/www.vape4wholesale.com\/de\/wp-json\/wp\/v2\/product_tag?post=23271"}],"curies":[{"name":"wp","href":"https:\/\/api.w.org\/{rel}","templated":true}]}}