{"id":23021,"date":"2025-06-26T23:11:15","date_gmt":"2025-06-26T15:11:15","guid":{"rendered":"https:\/\/www.vape4wholesale.com\/?post_type=product&#038;p=23021"},"modified":"2026-03-30T11:11:35","modified_gmt":"2026-03-30T03:11:35","slug":"bang-box-3in1-80k-puffs-einweg-vape-groshandel","status":"publish","type":"product","link":"https:\/\/www.vape4wholesale.com\/de\/product\/bang-box-3in1-80k-puffs-disposable-vape-wholesale","title":{"rendered":"Bang Box 3in1 80K Puffs Einweg Vape Gro\u00dfhandel"},"content":{"rendered":"<p><a href=\"https:\/\/www.vape4wholesale.com\/de\/produkt_marke\/bang\/\" target=\"_blank\" rel=\"noopener\">Bang<\/a> Box 3in1 80K Disposable Vape revolutioniert das Dampferlebnis mit seinem innovativen 3-in-1-Pod-System. Mit eingebauten Dreifach-Pods und einem drehbaren Mundst\u00fcck erm\u00f6glicht es den sofortigen Wechsel zwischen den Geschmacksrichtungen, ohne dass mehrere Ger\u00e4te ben\u00f6tigt werden. Mit beeindruckenden 80.000 Z\u00fcgen, einer lang anhaltenden Kapazit\u00e4t von 60 ml E-Liquid und einem wiederaufladbaren 850-mAh-Typ-C-Akku ist dieses Ger\u00e4t f\u00fcr eine lange, problemlose Nutzung ausgelegt. Das intelligente Display h\u00e4lt Sie mit Echtzeit-Updates \u00fcber den Fl\u00fcssigkeitsstand und die Akkulaufzeit auf dem Laufenden, damit Sie nie unvorbereitet sind.<\/p>\n<p>Genie\u00dfen Sie ein ma\u00dfgeschneidertes Erlebnis mit 2 Arten von Nikotinst\u00e4rke Optionen (20mg oder 50mg) und 12 wunderbare Aromen, die von fruchtigen bis eisigen Mischungen. Das kompakte, auslaufsichere Design liefert glatte, geschmackvolle Z\u00fcge ohne Kn\u00f6pfe oder komplizierte Einstellungen - nur purer Komfort. Egal, ob Sie ein Geschmackssucher oder ein intensiver Raucher sind, die Bang Box 3in1 passt sich m\u00fchelos an Ihre Vorlieben an.<\/p>\n<h2 class=\"ds-markdown-paragraph\">Bang Box 3in1 80K Einweg Vape Schnelle Details<\/h2>\n<ul>\n<li class=\"ds-markdown-paragraph\">Puffs: Bis zu 80.000<\/li>\n<li class=\"ds-markdown-paragraph\">E-Fl\u00fcssigkeit Kapazit\u00e4t: 60mL (vorgef\u00fcllt)<\/li>\n<li class=\"ds-markdown-paragraph\">Akku: 850mAh wiederaufladbar (Typ-C)<\/li>\n<li class=\"ds-markdown-paragraph\">Nikotinst\u00e4rken: 20mg (2%) \/ 50mg (5%)<\/li>\n<li class=\"ds-markdown-paragraph\">Geschmacksrichtungen: 12 einzigartige Optionen<\/li>\n<li class=\"ds-markdown-paragraph\">Anzeige: Smart Screen (E-Fl\u00fcssigkeit &amp; Batteriestand)<\/li>\n<li class=\"ds-markdown-paragraph\">Hauptmerkmal: 3-in-1 Dreifach-Geschmacksrichtungen<\/li>\n<li class=\"ds-markdown-paragraph\">Design: Kompakt, auslaufsicher, knopffrei<\/li>\n<li class=\"ds-markdown-paragraph\">Ideal f\u00fcr: Geschmacksvielfalt &amp; langanhaltendes Dampfen<\/li>\n<\/ul>\n<h2>Verf\u00fcgbare Geschmacksrichtungen<\/h2>\n<p>1) Erdbeer-Banane \/Himbeer-Wassermelone \/Liebe 666<br \/>\n2) Tropische Fr\u00fcchte \/Erdbeere \/Wassermelone \/Zitrone \/Pfirsich<br \/>\n3) Erdbeer-Vanille-Cola \/Sauerer Apfel-Himbeer \/Zitrone-Limette<br \/>\n4) Double Grape \/Erdbeer-Mango \/Blaubeer-Himbeer-Eis<br \/>\n5) Wassermeloneneis\/Erdbeereis\/Dreierlei Melone<br \/>\n6) Zitronen-Cola-Soda\/Wassermelonen-Kaugummi\/Black Dragon Ice<br \/>\n7) Dreifach-Beereneis \/Mango-Pfirsich \/Erdbeer-Kiwi<br \/>\n8) Erdbeere Eis \/Erdbeere Wassermelone \/Ananas Mango Pfirsich<br \/>\n9) Ananas-Kokosnuss \/Erdbeer-Himbeer-Bonbon \/Blaues Razz-Eis<br \/>\n10) Zitrone-Limette \/Mango-Pfirsich-Wassermelone\/Blaubeereis<br \/>\n11) Wassermelonen-Eis \/Red Bull \/Erdbeer-Kiwi<br \/>\n12) Erdbeer-Kiwi \/Saure Mango-Ananas \/Erdbeer-Red Bull<\/p>\n<figure id=\"attachment_23023\" aria-describedby=\"caption-attachment-23023\" style=\"width: 800px\" class=\"wp-caption alignnone\"><img loading=\"lazy\" decoding=\"async\" class=\"size-full wp-image-23023\" title=\"Bang Box 3in1 80K Puffs Einweg Vape Gro\u00dfhandel\" src=\"https:\/\/www.vape4wholesale.com\/wp-content\/uploads\/2025\/06\/Bang-Box-3in1-80K-Puffs-Disposable-Vape-Wholesale-1.webp\" alt=\"Bang Box 3in1 80K Puffs Einweg Vape Gro\u00dfhandel\" width=\"800\" height=\"1422\" srcset=\"https:\/\/www.vape4wholesale.com\/wp-content\/uploads\/2025\/06\/Bang-Box-3in1-80K-Puffs-Disposable-Vape-Wholesale-1.webp 800w, https:\/\/www.vape4wholesale.com\/wp-content\/uploads\/2025\/06\/Bang-Box-3in1-80K-Puffs-Disposable-Vape-Wholesale-1-510x907.webp 510w, https:\/\/www.vape4wholesale.com\/wp-content\/uploads\/2025\/06\/Bang-Box-3in1-80K-Puffs-Disposable-Vape-Wholesale-1-169x300.webp 169w, https:\/\/www.vape4wholesale.com\/wp-content\/uploads\/2025\/06\/Bang-Box-3in1-80K-Puffs-Disposable-Vape-Wholesale-1-576x1024.webp 576w, https:\/\/www.vape4wholesale.com\/wp-content\/uploads\/2025\/06\/Bang-Box-3in1-80K-Puffs-Disposable-Vape-Wholesale-1-768x1365.webp 768w, https:\/\/www.vape4wholesale.com\/wp-content\/uploads\/2025\/06\/Bang-Box-3in1-80K-Puffs-Disposable-Vape-Wholesale-1-7x12.webp 7w, https:\/\/www.vape4wholesale.com\/wp-content\/uploads\/2025\/06\/Bang-Box-3in1-80K-Puffs-Disposable-Vape-Wholesale-1-64x114.webp 64w\" sizes=\"auto, (max-width: 800px) 100vw, 800px\" \/><figcaption id=\"caption-attachment-23023\" class=\"wp-caption-text\">Bang Box 3in1 80K Puffs Einweg Vape Gro\u00dfhandel<\/figcaption><\/figure>\n<h2>WARUM WIR?<\/h2>\r\n<ul>\r\n<li>Echte, vertrauensw\u00fcrdige und professionelle Vape-Quelle.<\/li>\r\n<li>100% Echtheitsgarantie: Wir bieten nur originale und echte Produkte, lehnen F\u00e4lschungen ab.<\/li>\r\n<li>100% Liefergarantie: Wir verwenden die beste Versandmethode, um sicherzustellen, dass Sie die Bestellung 100% erhalten.<\/li>\r\n<li>Wir geben Ihnen die Tracking-Nummer und den Versandaufkleber nach dem Versand und verfolgen die Ware f\u00fcr Sie, bis Sie sie abholen.<\/li>\r\n<li>Keine Zollprobleme, keine Z\u00f6lle<\/li>\r\n<\/ul>","protected":false},"excerpt":{"rendered":"<div class=\"wsppc_div_block woocommerce_before_add_to_cart_form\">\r\n<p><strong><span style=\"color: #00a859;\">Zollabfertigung<\/span> vor Lieferung &amp; 100% Liefergarantie, Lieferung in ca. 19-25 Tagen.\u00a0<\/strong><\/p>\r\n<\/div>","protected":false},"featured_media":22971,"comment_status":"open","ping_status":"closed","template":"","meta":[],"pwb-brand":[1275],"product_cat":[873],"product_tag":[22,24,249,1182,1197],"class_list":{"0":"post-23021","1":"product","2":"type-product","3":"status-publish","4":"has-post-thumbnail","6":"pwb-brand-bang","7":"product_cat-above-20k-puffs","8":"product_tag-disposable","9":"product_tag-wholesale","10":"product_tag-bang","11":"product_tag-60-0ml","12":"product_tag-80000-puffs","13":"wcpa_has_options","15":"first","16":"instock","17":"featured","18":"shipping-taxable","19":"purchasable","20":"product-type-variable"},"aioseo_notices":[],"brands":[{"id":1275,"name":"Bang","slug":"bang"}],"_links":{"self":[{"href":"https:\/\/www.vape4wholesale.com\/de\/wp-json\/wp\/v2\/product\/23021","targetHints":{"allow":["GET"]}}],"collection":[{"href":"https:\/\/www.vape4wholesale.com\/de\/wp-json\/wp\/v2\/product"}],"about":[{"href":"https:\/\/www.vape4wholesale.com\/de\/wp-json\/wp\/v2\/types\/product"}],"replies":[{"embeddable":true,"href":"https:\/\/www.vape4wholesale.com\/de\/wp-json\/wp\/v2\/comments?post=23021"}],"wp:featuredmedia":[{"embeddable":true,"href":"https:\/\/www.vape4wholesale.com\/de\/wp-json\/wp\/v2\/media\/22971"}],"wp:attachment":[{"href":"https:\/\/www.vape4wholesale.com\/de\/wp-json\/wp\/v2\/media?parent=23021"}],"wp:term":[{"taxonomy":"pwb-brand","embeddable":true,"href":"https:\/\/www.vape4wholesale.com\/de\/wp-json\/wp\/v2\/pwb-brand?post=23021"},{"taxonomy":"product_cat","embeddable":true,"href":"https:\/\/www.vape4wholesale.com\/de\/wp-json\/wp\/v2\/product_cat?post=23021"},{"taxonomy":"product_tag","embeddable":true,"href":"https:\/\/www.vape4wholesale.com\/de\/wp-json\/wp\/v2\/product_tag?post=23021"}],"curies":[{"name":"wp","href":"https:\/\/api.w.org\/{rel}","templated":true}]}}