{"id":22859,"date":"2025-06-21T11:41:43","date_gmt":"2025-06-21T03:41:43","guid":{"rendered":"https:\/\/www.vape4wholesale.com\/?post_type=product&#038;p=22859"},"modified":"2026-04-07T17:01:45","modified_gmt":"2026-04-07T09:01:45","slug":"glucklich-bar-gr30000-einweg-vape-groshandel","status":"publish","type":"product","link":"https:\/\/www.vape4wholesale.com\/de\/product\/happ-bar-gr30000-disposable-vape-wholesale","title":{"rendered":"Happ Bar GR30000 Einweg Vape Gro\u00dfhandel"},"content":{"rendered":"<p class=\"ds-markdown-paragraph\">Die\u00a0<a href=\"https:\/\/www.vape4wholesale.com\/de\/produkt_marke\/glucksbar\/\" target=\"_blank\" rel=\"noopener\">Happ Bar<\/a> GR30000 Disposable Vape ist das ultimative Upgrade des <a href=\"https:\/\/www.vape4wholesale.com\/de\/produkt\/happ-bar-gr20000-einweg-vape-groshandel\/\" target=\"_blank\" rel=\"noopener\">GR20000<\/a>und bietet un\u00fcbertroffene 30.000 Z\u00fcge f\u00fcr lang anhaltende Zufriedenheit. Mit einer massiven 30mL e-Liquid-Kapazit\u00e4t und einstellbarem Luftstrom liefert dieser Premium-Einwegdampfer jedes Mal weiche, geschmackvolle Wolken. W\u00e4hlen Sie zwischen 2% oder 5% Nikotinst\u00e4rke, um Ihren Vorlieben gerecht zu werden, und genie\u00dfen Sie den Komfort eines 650mAh-Akkus mit USB-Typ-C-Aufladung. Die eingebaute Digitalanzeige informiert Sie \u00fcber die Akkulaufzeit und den F\u00fcllstand des E-Saftes, damit Ihnen nie unerwartet der Saft ausgeht.<\/p>\n<p class=\"ds-markdown-paragraph\">Erleben Sie die n\u00e4chste Generation von Einwegdampfern mit den innovativen Upgrades des GR30000. Im Gegensatz zu herk\u00f6mmlichen Einwegdampfern verf\u00fcgt er \u00fcber eine 1,0-Ohm-Mesh-Spule f\u00fcr reicheren Geschmack und gleichm\u00e4\u00dfige Dampfproduktion. Die Typ-C-Schnellladung bedeutet weniger Ausfallzeiten, w\u00e4hrend die 20 k\u00f6stlichen Geschmacksrichtungen jeden Geschmack bedienen - von fruchtig bis eisig menthol. Egal, ob Sie ein starker Vaper sind oder einen sanfteren Zug bevorzugen, mit der einstellbaren Luftstr\u00f6mung k\u00f6nnen Sie Ihren Zug f\u00fcr das perfekte Erlebnis anpassen.<\/p>\n<p class=\"ds-markdown-paragraph\">Steigen Sie um auf den langlebigsten Einwegdampfer - Happ Bar GR30000! Mit 30 ml e-Fl\u00fcssigkeit, Wiederaufladbarkeit und einem eleganten Display \u00fcbertrifft er herk\u00f6mmliche Einwegprodukte. Kaufen Sie jetzt und entdecken Sie 20 erfrischende Geschmacksrichtungen, die alle f\u00fcr maximale Zufriedenheit entwickelt wurden.<\/p>\n<h2>Happ Bar GR30000 Einweg-Vape Schnelle Details<\/h2>\n<p class=\"ds-markdown-paragraph\">\u2714 Puffs: 30.000 (verl\u00e4ngerte Lebensdauer)<br \/>\n\u2714 Nikotinst\u00e4rken: 2% &amp; 5% (sanfter oder starker Zug)<br \/>\n\u2714 Akku: 650mAh (wiederaufladbar \u00fcber Type-C)<br \/>\n\u2714 E-Liquid-Kapazit\u00e4t: 30mL (vorgef\u00fcllt, keine Nachf\u00fcllungen erforderlich)<br \/>\n\u2714 Spulenwiderstand: 1.0ohm Mesh (ausgeglichener Geschmack &amp; Dampf)<br \/>\n\u2714 Display-Anzeige: Zeigt Batterielebensdauer &amp; E-Saft-F\u00fcllstand an<br \/>\n\u2714 Luftstromkontrolle: Einstellbar f\u00fcr festeren\/lockeren Zug<br \/>\n\u2714 Geschmacksrichtungen: mehr als 20 (Frucht, Menthol, Dessert, etc.)<br \/>\n\u2714 Upgrade: Verbesserte Technik und Kapazit\u00e4t im Vergleich zum GR20000<\/p>\n<h2>Verf\u00fcgbare Geschmacksrichtungen<\/h2>\n<p>1. Heidelbeere-Himbeere<br \/>\n2. Erdbeer-Kiwi<br \/>\n3. Himbeere Wassermelone<br \/>\n4. Kiwi Passionsfrucht Guave<br \/>\n5. Heidelbeere Kirsche Preiselbeere<br \/>\n6. Erdbeer-Himbeer<br \/>\n7. Wassermelone Eis<br \/>\n8. Erdbeere-Banane<br \/>\n9. Blaubeereis<br \/>\n10. Erdbeereis<br \/>\n11. Kirsche Eis<br \/>\n12. Blauer Razz Gummib\u00e4rchen<br \/>\n13. Ananas-Kokosnuss<br \/>\n14. Erdbeer-Vanille-Cola<br \/>\n15. Hami Melone<br \/>\n16. Zitronenhagel<br \/>\n17. Monster Mango<br \/>\n18. Cola-Eis<br \/>\n19. Brombeer-Minze<br \/>\n20. Pfirsichhagel<br \/>\n21. Kokosnuss-Paradies<br \/>\n22. Wassermelone Kiwi<\/p>\n<figure id=\"attachment_22856\" aria-describedby=\"caption-attachment-22856\" style=\"width: 800px\" class=\"wp-caption alignnone\"><img loading=\"lazy\" decoding=\"async\" class=\"wp-image-22856 size-full\" title=\"Happ Bar GR30000 Einweg Vape Gro\u00dfhandel\" src=\"https:\/\/www.vape4wholesale.com\/wp-content\/uploads\/2025\/06\/Happ-Bar-GR30000-Disposable-Vape-Wholesale.webp\" alt=\"Happ Bar GR30000 Einweg Vape Gro\u00dfhandel\" width=\"800\" height=\"800\" srcset=\"https:\/\/www.vape4wholesale.com\/wp-content\/uploads\/2025\/06\/Happ-Bar-GR30000-Disposable-Vape-Wholesale.webp 800w, https:\/\/www.vape4wholesale.com\/wp-content\/uploads\/2025\/06\/Happ-Bar-GR30000-Disposable-Vape-Wholesale-247x247.webp 247w, https:\/\/www.vape4wholesale.com\/wp-content\/uploads\/2025\/06\/Happ-Bar-GR30000-Disposable-Vape-Wholesale-100x100.webp 100w, https:\/\/www.vape4wholesale.com\/wp-content\/uploads\/2025\/06\/Happ-Bar-GR30000-Disposable-Vape-Wholesale-510x510.webp 510w\" sizes=\"auto, (max-width: 800px) 100vw, 800px\" \/><figcaption id=\"caption-attachment-22856\" class=\"wp-caption-text\"><span style=\"vertical-align: inherit;\"><span style=\"vertical-align: inherit;\">Happ Bar GR30000 Einweg Vape Gro\u00dfhandel<\/span><\/span><\/figcaption><\/figure>\n<h2>WARUM WIR?<\/h2>\r\n<ul>\r\n<li>Echte, vertrauensw\u00fcrdige und professionelle Vape-Quelle.<\/li>\r\n<li>100% Echtheitsgarantie: Wir bieten nur originale und echte Produkte, lehnen F\u00e4lschungen ab.<\/li>\r\n<li>100% Liefergarantie: Wir verwenden die beste Versandmethode, um sicherzustellen, dass Sie die Bestellung 100% erhalten.<\/li>\r\n<li>Wir geben Ihnen die Tracking-Nummer und den Versandaufkleber nach dem Versand und verfolgen die Ware f\u00fcr Sie, bis Sie sie abholen.<\/li>\r\n<li>Keine Zollprobleme, keine Z\u00f6lle<\/li>\r\n<\/ul>\n<p>&nbsp;<\/p>","protected":false},"excerpt":{"rendered":"<p><b><span style=\"color: #00a859;\">Kostenloser Versand<\/span>\u00a0Aus dem Europa-Lager, Lieferzeit 7-15 Werktage.<\/b><\/p>\r\n<div class=\"wsppc_div_block woocommerce_before_add_to_cart_form\">\r\n<p><strong>Zollabfertigung vor Lieferung &amp; 100% Liefergarantie<\/strong><\/p>\r\n<\/div>","protected":false},"featured_media":22856,"comment_status":"open","ping_status":"closed","template":"","meta":[],"pwb-brand":[1267],"product_cat":[938],"product_tag":[1035,22,24,683,850],"class_list":{"0":"post-22859","1":"product","2":"type-product","3":"status-publish","4":"has-post-thumbnail","6":"pwb-brand-happ-bar","7":"product_cat-europe-warehouse","8":"product_tag-happ-bar","9":"product_tag-disposable","10":"product_tag-wholesale","11":"product_tag-30-0ml","12":"product_tag-30000-puffs","13":"product_shipping_class-eu-warehouse","14":"wcpa_has_options","16":"first","17":"instock","18":"featured","19":"shipping-taxable","20":"purchasable","21":"product-type-variable"},"aioseo_notices":[],"brands":[{"id":1267,"name":"Happ Bar","slug":"glucksbar"}],"_links":{"self":[{"href":"https:\/\/www.vape4wholesale.com\/de\/wp-json\/wp\/v2\/product\/22859","targetHints":{"allow":["GET"]}}],"collection":[{"href":"https:\/\/www.vape4wholesale.com\/de\/wp-json\/wp\/v2\/product"}],"about":[{"href":"https:\/\/www.vape4wholesale.com\/de\/wp-json\/wp\/v2\/types\/product"}],"replies":[{"embeddable":true,"href":"https:\/\/www.vape4wholesale.com\/de\/wp-json\/wp\/v2\/comments?post=22859"}],"wp:featuredmedia":[{"embeddable":true,"href":"https:\/\/www.vape4wholesale.com\/de\/wp-json\/wp\/v2\/media\/22856"}],"wp:attachment":[{"href":"https:\/\/www.vape4wholesale.com\/de\/wp-json\/wp\/v2\/media?parent=22859"}],"wp:term":[{"taxonomy":"pwb-brand","embeddable":true,"href":"https:\/\/www.vape4wholesale.com\/de\/wp-json\/wp\/v2\/pwb-brand?post=22859"},{"taxonomy":"product_cat","embeddable":true,"href":"https:\/\/www.vape4wholesale.com\/de\/wp-json\/wp\/v2\/product_cat?post=22859"},{"taxonomy":"product_tag","embeddable":true,"href":"https:\/\/www.vape4wholesale.com\/de\/wp-json\/wp\/v2\/product_tag?post=22859"}],"curies":[{"name":"wp","href":"https:\/\/api.w.org\/{rel}","templated":true}]}}