{"id":22467,"date":"2025-05-28T20:21:32","date_gmt":"2025-05-28T12:21:32","guid":{"rendered":"https:\/\/www.vape4wholesale.com\/?post_type=product&#038;p=22467"},"modified":"2026-04-10T17:30:46","modified_gmt":"2026-04-10T09:30:46","slug":"fizzy-max-iii-6in1-60000-puffs-einweg-vape-groshandel","status":"publish","type":"product","link":"https:\/\/www.vape4wholesale.com\/de\/produkt\/fizzy-max-iii-6in1-60000-puffs-einweg-vape-groshandel","title":{"rendered":"Fizzy Max III 6in1 60000 Puffs Einweg Vape Gro\u00dfhandel"},"content":{"rendered":"<p class=\"ds-markdown-paragraph\">Die\u00a0<strong><a title=\"Sprudel\" href=\"https:\/\/www.vape4wholesale.com\/de\/produkt_marke\/sprudel\/\" target=\"_blank\" rel=\"noopener\">Sprudel<\/a> Max III 6in1<\/strong> ist ein Einwegdampfer der n\u00e4chsten Generation mit einem innovativen Design. Er wird mit drei vorgef\u00fcllten E-Liquid-Pods geliefert, bietet aber weit mehr als nur drei verschiedene Geschmacksrichtungen. Durch das Mischen von zwei der drei Geschmacksrichtungen k\u00f6nnen Sie ein einzigartiges und berauschendes Geschmackserlebnis freisetzen. Wenn zwei Geschmacksrichtungen kombiniert werden, erh\u00f6ht sich der Luftstrom, was einen intensiveren und befriedigenderen Zug zur Folge hat. Dies bedeutet, dass das Ger\u00e4t effektiv sechs verschiedene Geschmacksoptionen in einem einzigen Zug bietet.<\/p>\n<p class=\"ds-markdown-paragraph\">Mit einer Gesamtkapazit\u00e4t von 50mL (3\u00d716,7mL) und einem leistungsstarken 850mAh-Akku sorgt der Fizzy Max III 6in1 f\u00fcr eine lang anhaltende Leistung, die die Angst vor einer schnellen Entleerung beseitigt. Er unterst\u00fctzt bis zu 60.000 Z\u00fcge, was ihn zur idealen Wahl f\u00fcr einen l\u00e4ngeren Gebrauch macht. Dar\u00fcber hinaus verf\u00fcgt das Ger\u00e4t \u00fcber eine einstellbare Bottom-Airflow-Steuerung und ein Dual-Mode-System (Normal &amp; Boost-Modus), so dass Sie Ihr Dampferlebnis an Ihre Vorlieben anpassen k\u00f6nnen.<\/p>\n<h2><strong>Wie funktioniert das Fizzy Max III 6in1 System?<\/strong><\/h2>\n<ol start=\"1\">\n<li>\n<p class=\"ds-markdown-paragraph\">Heben Sie einfach das Mundst\u00fcck an und drehen Sie es, um zwischen den Geschmacksrichtungen zu wechseln.<\/p>\n<\/li>\n<li>\n<p class=\"ds-markdown-paragraph\">Das Ger\u00e4t schaltet nahtlos zwischen einzelnen Geschmacksrichtungen und hybriden Kombinationen in der folgenden Reihenfolge hin und her:<\/p>\n<ul>\n<li>\n<p class=\"ds-markdown-paragraph\">Geschmacksrichtung A \u2192 Mischung AB<\/p>\n<\/li>\n<li>\n<p class=\"ds-markdown-paragraph\">Geschmacksrichtung B \u2192 Mix BC<\/p>\n<\/li>\n<li>\n<p class=\"ds-markdown-paragraph\">Geschmacksrichtung C \u2192 Mix CA<\/p>\n<\/li>\n<\/ul>\n<\/li>\n<\/ol>\n<p class=\"ds-markdown-paragraph\">Dieser intuitive Mechanismus sorgt f\u00fcr m\u00fchelose \u00dcberg\u00e4nge zwischen allen sechs m\u00f6glichen Geschmacksprofilen, was das 6-in-1-Erlebnis sowohl bequem als auch aufregend macht. Wenn Sie mehr dar\u00fcber erfahren m\u00f6chten, schauen Sie sich den <a title=\"Wie funktioniert der fizzy max III 6in1?\" href=\"https:\/\/www.youtube.com\/watch?v=CoxB_HvaU3k\" target=\"_blank\" rel=\"noopener\">Video<\/a><\/p>\n<h2><strong>Optimiert f\u00fcr verschiedene Vaping-Stile<\/strong><\/h2>\n<p class=\"ds-markdown-paragraph\">Der Fizzy Max III ist sowohl f\u00fcr das Mund-zu-Lunge- (MTL) als auch f\u00fcr das Direkt-Lungen-Dampfen (DL) geeignet:<\/p>\n<ul>\n<li>\n<p class=\"ds-markdown-paragraph\">Single-Flavor-Modus - Perfekt f\u00fcr sanfte, geschmacksintensive Mund-zu-Lunge-Z\u00fcge (MTL), die ein klassisches, dichtes Inhalieren \u00e4hnlich wie bei traditionellen Zigaretten erm\u00f6glichen. Ideal, um die Reinheit jedes einzelnen Aromas zu genie\u00dfen.<\/p>\n<\/li>\n<li>\n<p class=\"ds-markdown-paragraph\">Dual-Flavor Mix Mode - Entwickelt f\u00fcr fette, luftige Direct-Lung-Hits (DL), erzeugen der erh\u00f6hte Luftstrom und die gemischten Aromen einen intensiveren und volumin\u00f6seren Dampf, der das sensorische Erlebnis f\u00fcr Cloud Chaser verbessert.<\/p>\n<\/li>\n<\/ul>\n<p class=\"ds-markdown-paragraph\">Diese Vielseitigkeit stellt sicher, dass sich der Fizzy Max III nahtlos an Ihren Stil anpasst, egal ob Sie einen begrenzten, geschmackvollen Zug oder einen tiefen, befriedigenden Lungenschlag bevorzugen.<\/p>\n<div class=\"markdown-table-wrapper\">\n<h2><strong>Fizzy Max III 6in1 Kurzbeschreibung<\/strong><\/h2>\n<div class=\"markdown-table-wrapper\">\n<table>\n<thead>\n<tr>\n<th><strong>Merkmal<\/strong><\/th>\n<th><strong>Spezifikation<\/strong><\/th>\n<\/tr>\n<\/thead>\n<tbody>\n<tr>\n<td><strong>Entwurf Typ<\/strong><\/td>\n<td>Fortschrittlicher Einweg-Vaporizer mit hybrider Aromatechnologie<\/td>\n<\/tr>\n<tr>\n<td><strong>Geschmackssystem<\/strong><\/td>\n<td>6-in-1 (3 individuelle Geschmacksrichtungen + 3 anpassbare Mischungen)<\/td>\n<\/tr>\n<tr>\n<td><strong>E-Fl\u00fcssigkeit Kapazit\u00e4t<\/strong><\/td>\n<td>50mL insgesamt (3\u00d716,7mL H\u00fclsen)<\/td>\n<\/tr>\n<tr>\n<td><strong>Batterie<\/strong><\/td>\n<td>850mAh wiederaufladbar<\/td>\n<\/tr>\n<tr>\n<td><strong>Anzahl der Puffs<\/strong><\/td>\n<td>Bis zu 60.000 Z\u00fcge<\/td>\n<\/tr>\n<tr>\n<td><strong>Luftstromkontrolle<\/strong><\/td>\n<td>Einstellbarer unterer Luftstrom<\/td>\n<\/tr>\n<tr>\n<td><strong>Betriebsmodi<\/strong><\/td>\n<td>\u2013\u00a0<strong>Normaler Modus<\/strong>: Standard-Ausgang<br \/>\n\u2013\u00a0<strong>Boost-Modus<\/strong>: Erh\u00f6hte Dampf- und Geschmacksintensit\u00e4t<\/td>\n<\/tr>\n<tr>\n<td><strong>Vaping Stile<\/strong><\/td>\n<td>\u2013\u00a0<strong>Einzel-Aroma<\/strong>: Dichtes MTL (Mund-zu-Lunge)<br \/>\n\u2013\u00a0<strong>Zweifach-Geschmack<\/strong>: Airy DL (Direkt-Lunge)<\/td>\n<\/tr>\n<tr>\n<td><strong>Geschmacksumschaltung<\/strong><\/td>\n<td>Drehbares oberes Mundst\u00fcck (A\u2192AB\u2192B\u2192BC\u2192C\u2192CA)<\/td>\n<\/tr>\n<\/tbody>\n<\/table>\n<h2><strong>Fizzy Max III-Geschmacksrichtungen verf\u00fcgbar<\/strong><\/h2>\n<p>1. erdbeer-wassermelone &amp; zitrone-limette &amp; heidelbeere-kokosnuss<br \/>\n2 Blaubeereis &amp; Sprudelkirsche &amp; Himbeere-Zitrone<br \/>\n3. wassermeloneneis &amp; erdbeere Vanille Cola &amp; gemischte Beeren<br \/>\n4. erdbeer-drachenfrucht &amp; Red Bull &amp; himbeer-wassermelone<br \/>\n5.erdbeere himbeere &amp; mango pfirsich &amp; heidelbeere wassermelone<br \/>\n6.erdbeere traube &amp; heidelbeere kokosnuss &amp; pfirsich zitrone<br \/>\n7 Blaubeere-Himbeere &amp; Dreifach-Melone &amp; Erdbeereis<br \/>\n8.gemischte Beeren &amp; Kiwi Passionsfrucht Guave &amp; Erdbeere Wassermelone<br \/>\n9. erdbeer-kiwi &amp; heidelbeer-eis &amp; wassermelone-eis<br \/>\n10.Blue Razz Ice &amp; Strawberry Kiwi &amp; Sour Pineapple Orange<br \/>\n11. Love 66 &amp; Red Bull Wassermelone &amp; Erdbeer-Himbeere<br \/>\n12. Erdbeer-Eis &amp; sprudelnde Cola &amp; Wassermelonen-Kaugummi<\/p>\n<h2><strong>Details zur Verpackung<\/strong><\/h2>\n<ul>\n<li>Produktgewicht:151g\/Stk<\/li>\n<li>Produktgr\u00f6\u00dfe:42.8*42.2*125mm<\/li>\n<li>MENGE: 120 St\u00fcck\/Ktn, 10 St\u00fcck\/Karton<\/li>\n<li>Gewicht:18kg\/ctn<\/li>\n<\/ul>\n<p>&nbsp;<\/p>\n<figure id=\"attachment_22448\" aria-describedby=\"caption-attachment-22448\" style=\"width: 800px\" class=\"wp-caption alignnone\"><img loading=\"lazy\" decoding=\"async\" class=\"size-full wp-image-22448\" title=\"Fizzy Max III 60000 Puffs 6in1 Einweg Vape Gro\u00dfhandel (5)\" src=\"https:\/\/www.vape4wholesale.com\/wp-content\/uploads\/2025\/05\/Fizzy-Max-III-60000-Puffs-6in1-Disposable-Vape-Wholesale-5.webp\" alt=\"Fizzy Max III 60000 Puffs 6in1 Einweg Vape Gro\u00dfhandel (5)\" width=\"800\" height=\"800\" srcset=\"https:\/\/www.vape4wholesale.com\/wp-content\/uploads\/2025\/05\/Fizzy-Max-III-60000-Puffs-6in1-Disposable-Vape-Wholesale-5.webp 800w, https:\/\/www.vape4wholesale.com\/wp-content\/uploads\/2025\/05\/Fizzy-Max-III-60000-Puffs-6in1-Disposable-Vape-Wholesale-5-247x247.webp 247w, https:\/\/www.vape4wholesale.com\/wp-content\/uploads\/2025\/05\/Fizzy-Max-III-60000-Puffs-6in1-Disposable-Vape-Wholesale-5-100x100.webp 100w, https:\/\/www.vape4wholesale.com\/wp-content\/uploads\/2025\/05\/Fizzy-Max-III-60000-Puffs-6in1-Disposable-Vape-Wholesale-5-510x510.webp 510w, https:\/\/www.vape4wholesale.com\/wp-content\/uploads\/2025\/05\/Fizzy-Max-III-60000-Puffs-6in1-Disposable-Vape-Wholesale-5-300x300.webp 300w, https:\/\/www.vape4wholesale.com\/wp-content\/uploads\/2025\/05\/Fizzy-Max-III-60000-Puffs-6in1-Disposable-Vape-Wholesale-5-150x150.webp 150w, https:\/\/www.vape4wholesale.com\/wp-content\/uploads\/2025\/05\/Fizzy-Max-III-60000-Puffs-6in1-Disposable-Vape-Wholesale-5-768x768.webp 768w, https:\/\/www.vape4wholesale.com\/wp-content\/uploads\/2025\/05\/Fizzy-Max-III-60000-Puffs-6in1-Disposable-Vape-Wholesale-5-12x12.webp 12w, https:\/\/www.vape4wholesale.com\/wp-content\/uploads\/2025\/05\/Fizzy-Max-III-60000-Puffs-6in1-Disposable-Vape-Wholesale-5-64x64.webp 64w\" sizes=\"auto, (max-width: 800px) 100vw, 800px\" \/><figcaption id=\"caption-attachment-22448\" class=\"wp-caption-text\">Fizzy Max III 60000 Puffs 6in1 Einweg Vape Gro\u00dfhandel<\/figcaption><\/figure>\n<h2>WARUM WIR?<\/h2>\r\n<ul>\r\n<li>Echte, vertrauensw\u00fcrdige und professionelle Vape-Quelle.<\/li>\r\n<li>100% Echtheitsgarantie: Wir bieten nur originale und echte Produkte, lehnen F\u00e4lschungen ab.<\/li>\r\n<li>100% Liefergarantie: Wir verwenden die beste Versandmethode, um sicherzustellen, dass Sie die Bestellung 100% erhalten.<\/li>\r\n<li>Wir geben Ihnen die Tracking-Nummer und den Versandaufkleber nach dem Versand und verfolgen die Ware f\u00fcr Sie, bis Sie sie abholen.<\/li>\r\n<li>Keine Zollprobleme, keine Z\u00f6lle<\/li>\r\n<\/ul>\n<\/div>\n<\/div>","protected":false},"excerpt":{"rendered":"<p><b><span style=\"color: #00a859;\">Free shipping<\/span>\u00a0from Europe warehouse, 7-15 working days delivery time.<\/b><\/p>\r\n<div class=\"wsppc_div_block woocommerce_before_add_to_cart_form\">\r\n<p><strong>Clear customs before delivery &amp; 100% Delivery Guarantee<\/strong><\/p>\r\n<\/div>\n<p><span style=\"color: #ed1c24;\"><strong>This product has been discontinued and replaced by a new version. \u2192<a href=\"https:\/\/www.vape4wholesale.com\/de\/produkt\/fizzy-max-iii-pro-6in1-60000-puffs-disposable-vape-wholesale\/\">Please click here to purchase<\/a>.<\/strong><\/span><\/p>","protected":false},"featured_media":22515,"comment_status":"open","ping_status":"closed","template":"","meta":[],"pwb-brand":[1268],"product_cat":[938],"product_tag":[22,24,948,1081,1114],"class_list":{"0":"post-22467","1":"product","2":"type-product","3":"status-publish","4":"has-post-thumbnail","6":"pwb-brand-fizzy","7":"product_cat-europe-warehouse","8":"product_tag-disposable","9":"product_tag-wholesale","10":"product_tag-fizzy","11":"product_tag-50-0ml","12":"product_tag-60000-puffs","13":"product_shipping_class-eu-warehouse","14":"wcpa_has_options","16":"first","17":"outofstock","18":"featured","19":"shipping-taxable","20":"purchasable","21":"product-type-variable"},"aioseo_notices":[],"brands":[{"id":1268,"name":"Sprudel","slug":"sprudel"}],"_links":{"self":[{"href":"https:\/\/www.vape4wholesale.com\/de\/wp-json\/wp\/v2\/product\/22467","targetHints":{"allow":["GET"]}}],"collection":[{"href":"https:\/\/www.vape4wholesale.com\/de\/wp-json\/wp\/v2\/product"}],"about":[{"href":"https:\/\/www.vape4wholesale.com\/de\/wp-json\/wp\/v2\/types\/product"}],"replies":[{"embeddable":true,"href":"https:\/\/www.vape4wholesale.com\/de\/wp-json\/wp\/v2\/comments?post=22467"}],"wp:featuredmedia":[{"embeddable":true,"href":"https:\/\/www.vape4wholesale.com\/de\/wp-json\/wp\/v2\/media\/22515"}],"wp:attachment":[{"href":"https:\/\/www.vape4wholesale.com\/de\/wp-json\/wp\/v2\/media?parent=22467"}],"wp:term":[{"taxonomy":"pwb-brand","embeddable":true,"href":"https:\/\/www.vape4wholesale.com\/de\/wp-json\/wp\/v2\/pwb-brand?post=22467"},{"taxonomy":"product_cat","embeddable":true,"href":"https:\/\/www.vape4wholesale.com\/de\/wp-json\/wp\/v2\/product_cat?post=22467"},{"taxonomy":"product_tag","embeddable":true,"href":"https:\/\/www.vape4wholesale.com\/de\/wp-json\/wp\/v2\/product_tag?post=22467"}],"curies":[{"name":"wp","href":"https:\/\/api.w.org\/{rel}","templated":true}]}}