{"id":22419,"date":"2025-05-28T14:12:30","date_gmt":"2025-05-28T06:12:30","guid":{"rendered":"https:\/\/www.vape4wholesale.com\/?post_type=product&#038;p=22419"},"modified":"2026-01-26T13:39:03","modified_gmt":"2026-01-26T13:39:03","slug":"fizzy-nova-plus-40000-puffs-einweg-vape-groshandel","status":"publish","type":"product","link":"https:\/\/www.vape4wholesale.com\/de\/product\/fizzy-nova-plus-40000-puffs-disposable-vape-wholesale","title":{"rendered":"Fizzy Nova Plus 40000 Puffs Einweg Vape Gro\u00dfhandel"},"content":{"rendered":"<p class=\"ds-markdown-paragraph\"><a title=\"Sprudel\" href=\"https:\/\/www.vape4wholesale.com\/de\/produkt_marke\/sprudel\/\" target=\"_blank\" rel=\"noopener\">Sprudel<\/a> Nova Plus 40000 Puffs Einweg-Dampfger\u00e4t aktualisiert von der <a title=\"Fizzy Nova 20000 Windbeutel\" href=\"https:\/\/www.vape4wholesale.com\/de\/produkt\/fizzy-nova-20000-puffs-einweg-vape-groshandel-2\/\" target=\"_blank\" rel=\"noopener\">Nova 20K<\/a>und kombiniert au\u00dfergew\u00f6hnliche Kapazit\u00e4t mit modernster Technologie. Mit einem 40ml vorgef\u00fcllten E-Liquid-Reservoir und einem 850mAh-Akku (\u00fcber Typ-C-Anschluss) liefert er beeindruckende 40.000 Z\u00fcge - perfekt f\u00fcr langen Genuss ohne h\u00e4ufiges Auswechseln.<\/p>\n<p class=\"ds-markdown-paragraph\">\u00dcber seine Ausdauer hinaus verbessert der Fizzy Nova Plus die Kontrolle und Vielseitigkeit. Die Dual-Mode-Einstellung (ECO &amp; BOOST) erm\u00f6glicht ein nahtloses Umschalten zwischen energieeffizientem Puffen und kraftvollem Zug, um verschiedenen Stimmungen und Bed\u00fcrfnissen gerecht zu werden. Dar\u00fcber hinaus k\u00f6nnen Sie mit der einstellbaren Luftstromsteuerung Ihren Zug feinabstimmen, egal ob Sie einen engen Mund-zu-Lunge-Zug oder ein luftiges Direkt-Lungen-Erlebnis bevorzugen.<\/p>\n<p class=\"ds-markdown-paragraph\">Das integrierte LED-Display, das den F\u00fcllstand des E-Liquids und den Batteriestatus in Echtzeit anzeigt, ist ein weiterer Pluspunkt f\u00fcr Komfort und Innovation. Der Fizzy Nova Plus ist kompakt und dennoch vollgepackt mit Funktionen und wurde f\u00fcr Vaper entwickelt, die keine Kompromisse eingehen wollen - er bietet un\u00fcbertroffene Langlebigkeit, Anpassbarkeit und Leistung in einem schlanken Ger\u00e4t.<\/p>\n<h2>Fizzy Nova Plus 40000 Puffs Einweg Vape Schnelle Details<\/h2>\n<ul>\n<li>Puffs:40000 Puffs<\/li>\n<li>Maschenspule<\/li>\n<li>Modus einstellbar: ECO &amp; BOOST<\/li>\n<li>Steuerung des Luftstroms<\/li>\n<li>Fl\u00fcssig: 40ml<\/li>\n<li>Akku: 850 mAh<\/li>\n<li>Nikotin:2%\/ 5%<\/li>\n<li>Wiederaufladbar:Typ-C<\/li>\n<li>LED-Anzeige Batterie- und Fl\u00fcssigkeitsstand<\/li>\n<\/ul>\n<h2>Verf\u00fcgbare Geschmacksrichtungen<\/h2>\n<p>1. Erdbeereis<br \/>\n2. Heidelbeere-Kokosnuss<br \/>\n3. Erdbeer-Kiwi<br \/>\n4. Blaubeereis<br \/>\n5. Wassermelone Eis<br \/>\n6. Pfirsich Mango Wassermelone<br \/>\n7. Kiwi Passionsfrucht Guave<br \/>\n8. Himbeere-Zitrone<br \/>\n9. Dreifachbeere<br \/>\n10. Pfirsich-Eis<br \/>\n11. Trauben-Limette<br \/>\n12. Blue Razz Limonade<\/p>\n<h2>Details zur Verpackung<\/h2>\n<p>Produktgewicht:120g\/Stk<br \/>\nProduktgr\u00f6\u00dfe:52.5*24.5*104.3mm<br \/>\nMENGE: 180 St\u00fcck\/Karton, 10 St\u00fcck\/Karton<br \/>\nGesamtgewicht:22kg\/ctn<\/p>\n<figure id=\"attachment_22408\" aria-describedby=\"caption-attachment-22408\" style=\"width: 800px\" class=\"wp-caption alignnone\"><img loading=\"lazy\" decoding=\"async\" class=\"size-full wp-image-22408\" title=\"Fizzy Nova Plus 40000 Puffs Einweg Vape Gro\u00dfhandel (1)\" src=\"https:\/\/www.vape4wholesale.com\/wp-content\/uploads\/2025\/05\/Fizzy-Nova-Plus-40000-Puffs-Disposable-Vape-Wholesale-1.jpg\" alt=\"Fizzy Nova Plus 40000 Puffs Einweg Vape Gro\u00dfhandel (1)\" width=\"800\" height=\"800\" srcset=\"https:\/\/www.vape4wholesale.com\/wp-content\/uploads\/2025\/05\/Fizzy-Nova-Plus-40000-Puffs-Disposable-Vape-Wholesale-1.jpg 800w, https:\/\/www.vape4wholesale.com\/wp-content\/uploads\/2025\/05\/Fizzy-Nova-Plus-40000-Puffs-Disposable-Vape-Wholesale-1-247x247.jpg 247w, https:\/\/www.vape4wholesale.com\/wp-content\/uploads\/2025\/05\/Fizzy-Nova-Plus-40000-Puffs-Disposable-Vape-Wholesale-1-100x100.jpg 100w, https:\/\/www.vape4wholesale.com\/wp-content\/uploads\/2025\/05\/Fizzy-Nova-Plus-40000-Puffs-Disposable-Vape-Wholesale-1-510x510.jpg 510w, https:\/\/www.vape4wholesale.com\/wp-content\/uploads\/2025\/05\/Fizzy-Nova-Plus-40000-Puffs-Disposable-Vape-Wholesale-1-300x300.jpg 300w, https:\/\/www.vape4wholesale.com\/wp-content\/uploads\/2025\/05\/Fizzy-Nova-Plus-40000-Puffs-Disposable-Vape-Wholesale-1-150x150.jpg 150w, https:\/\/www.vape4wholesale.com\/wp-content\/uploads\/2025\/05\/Fizzy-Nova-Plus-40000-Puffs-Disposable-Vape-Wholesale-1-768x768.jpg 768w, https:\/\/www.vape4wholesale.com\/wp-content\/uploads\/2025\/05\/Fizzy-Nova-Plus-40000-Puffs-Disposable-Vape-Wholesale-1-12x12.jpg 12w, https:\/\/www.vape4wholesale.com\/wp-content\/uploads\/2025\/05\/Fizzy-Nova-Plus-40000-Puffs-Disposable-Vape-Wholesale-1-64x64.jpg 64w\" sizes=\"auto, (max-width: 800px) 100vw, 800px\" \/><figcaption id=\"caption-attachment-22408\" class=\"wp-caption-text\">Fizzy Nova Plus 40000 Puffs Einweg Vape Gro\u00dfhandel<\/figcaption><\/figure>\n<h2>WARUM WIR?<\/h2>\r\n<ul>\r\n<li>Echte, vertrauensw\u00fcrdige und professionelle Vape-Quelle.<\/li>\r\n<li>100% Echtheitsgarantie: Wir bieten nur originale und echte Produkte, lehnen F\u00e4lschungen ab.<\/li>\r\n<li>100% Liefergarantie: Wir verwenden die beste Versandmethode, um sicherzustellen, dass Sie die Bestellung 100% erhalten.<\/li>\r\n<li>Wir geben Ihnen die Tracking-Nummer und den Versandaufkleber nach dem Versand und verfolgen die Ware f\u00fcr Sie, bis Sie sie abholen.<\/li>\r\n<li>Keine Zollprobleme, keine Z\u00f6lle<\/li>\r\n<\/ul>","protected":false},"excerpt":{"rendered":"<p><b><span style=\"color: #00a859;\">Kostenloser Versand<\/span>\u00a0Aus dem Europa-Lager, Lieferzeit 7-15 Werktage.<\/b><\/p>\r\n<div class=\"wsppc_div_block woocommerce_before_add_to_cart_form\">\r\n<p><strong>Zollabfertigung vor Lieferung &amp; 100% Liefergarantie<\/strong><\/p>\r\n<\/div>","protected":false},"featured_media":22465,"comment_status":"open","ping_status":"closed","template":"","meta":[],"pwb-brand":[1268],"product_cat":[938],"product_tag":[24,948,1016,1026,22],"class_list":{"0":"post-22419","1":"product","2":"type-product","3":"status-publish","4":"has-post-thumbnail","6":"pwb-brand-fizzy","7":"product_cat-europe-warehouse","8":"product_tag-wholesale","9":"product_tag-fizzy","10":"product_tag-40000-puffs","11":"product_tag-40-0ml","12":"product_tag-disposable","13":"product_shipping_class-eu-warehouse","14":"wcpa_has_options","16":"first","17":"instock","18":"featured","19":"shipping-taxable","20":"purchasable","21":"product-type-variable"},"aioseo_notices":[],"brands":[{"id":1268,"name":"Sprudel","slug":"sprudel"}],"_links":{"self":[{"href":"https:\/\/www.vape4wholesale.com\/de\/wp-json\/wp\/v2\/product\/22419","targetHints":{"allow":["GET"]}}],"collection":[{"href":"https:\/\/www.vape4wholesale.com\/de\/wp-json\/wp\/v2\/product"}],"about":[{"href":"https:\/\/www.vape4wholesale.com\/de\/wp-json\/wp\/v2\/types\/product"}],"replies":[{"embeddable":true,"href":"https:\/\/www.vape4wholesale.com\/de\/wp-json\/wp\/v2\/comments?post=22419"}],"wp:featuredmedia":[{"embeddable":true,"href":"https:\/\/www.vape4wholesale.com\/de\/wp-json\/wp\/v2\/media\/22465"}],"wp:attachment":[{"href":"https:\/\/www.vape4wholesale.com\/de\/wp-json\/wp\/v2\/media?parent=22419"}],"wp:term":[{"taxonomy":"pwb-brand","embeddable":true,"href":"https:\/\/www.vape4wholesale.com\/de\/wp-json\/wp\/v2\/pwb-brand?post=22419"},{"taxonomy":"product_cat","embeddable":true,"href":"https:\/\/www.vape4wholesale.com\/de\/wp-json\/wp\/v2\/product_cat?post=22419"},{"taxonomy":"product_tag","embeddable":true,"href":"https:\/\/www.vape4wholesale.com\/de\/wp-json\/wp\/v2\/product_tag?post=22419"}],"curies":[{"name":"wp","href":"https:\/\/api.w.org\/{rel}","templated":true}]}}