{"id":22135,"date":"2025-05-15T16:49:29","date_gmt":"2025-05-15T08:49:29","guid":{"rendered":"https:\/\/www.vape4wholesale.com\/?post_type=product&#038;p=22135"},"modified":"2026-01-26T13:39:05","modified_gmt":"2026-01-26T13:39:05","slug":"happ-bar-twin-pod-35000-einweg-vape","status":"publish","type":"product","link":"https:\/\/www.vape4wholesale.com\/de\/produkt\/happ-bar-twin-pod-35000-einweg-vape","title":{"rendered":"Happ Bar Twin Pod 35000 Einweg Vape"},"content":{"rendered":"<p class=\"ds-markdown-paragraph\">Die <a title=\"Happ Bar\" href=\"https:\/\/www.vape4wholesale.com\/de\/produkt_marke\/glucksbar\/\"><strong>Happ Bar<\/strong> <\/a>Der Twin Pod 35000 Disposable Vape ist das ultimative Ger\u00e4t f\u00fcr zwei Geschmacksrichtungen. Mit beeindruckenden 35.000 Z\u00fcgen verf\u00fcgt dieses aktualisierte Ger\u00e4t \u00fcber zwei 18mL Tanks und ein rotierendes Mundst\u00fcck, um m\u00fchelos zwischen den Geschmacksrichtungen zu wechseln. Angetrieben von einem 650mAh Typ-C-Akku und Dual-Mesh-Coils (1,0 Ohm), liefert es glatten, reichen Dampf und lang anhaltende Leistung.<\/p>\n<p class=\"ds-markdown-paragraph\">Sie kommt mit 2% und 5% Nikotinst\u00e4rke f\u00fcr die Wahl und ein schlankes gradient Design mit einer LED-Anzeige f\u00fcr eine stilvolle vaping Erfahrung. Das Dual-Tank-System macht mehrere Ger\u00e4te \u00fcberfl\u00fcssig, w\u00e4hrend die erweiterte E-Liquid-Kapazit\u00e4t eine l\u00e4ngere Nutzung gew\u00e4hrleistet. Perfekt f\u00fcr Dampfer, die sich nach Abwechslung und Bequemlichkeit sehnen, ohne Kompromisse bei Geschmack oder Dampfqualit\u00e4t einzugehen.<\/p>\n<p class=\"ds-markdown-paragraph\">Er wurde f\u00fcr Tragbarkeit und Leistung entwickelt und verbindet Innovation mit Praktikabilit\u00e4t. Sein auff\u00e4lliges Design, die lange Akkulaufzeit und die Dual-Flavor-Technologie machen ihn zu einer herausragenden Wahl f\u00fcr das ganzt\u00e4gige Dampfen. Verbessern Sie Ihr Erlebnis noch heute mit diesem Einwegdampfer mit hoher Kapazit\u00e4t und vielen Funktionen!<\/p>\n<h2 class=\"ds-markdown-paragraph\"><strong>Happ Bar Twin Pod 35000 Einweg Vape Schnelle Details<\/strong><\/h2>\n<ul>\n<li>\n<p class=\"ds-markdown-paragraph\"><strong>Puffs:<\/strong>\u00a035,000<\/p>\n<\/li>\n<li>\n<p class=\"ds-markdown-paragraph\"><strong>Nikotin:<\/strong>\u00a02% oder 5% (wahlweise)<\/p>\n<\/li>\n<li>\n<p class=\"ds-markdown-paragraph\"><strong>Batterie:<\/strong>\u00a0650mAh (Typ-C wiederaufladbar)<\/p>\n<\/li>\n<li>\n<p class=\"ds-markdown-paragraph\"><strong>E-Liquid Kapazit\u00e4t:<\/strong> 36ML-18mL + 18mL (Doppeltank)<\/p>\n<\/li>\n<li>\n<p class=\"ds-markdown-paragraph\"><strong>Spule:<\/strong>\u00a0Doppeltes Netz (1.0ohm)<\/p>\n<\/li>\n<li>\n<p class=\"ds-markdown-paragraph\"><strong>Entwurf:<\/strong>\u00a0Farbverlauf + LED-Anzeige<\/p>\n<\/li>\n<\/ul>\n<h2><strong>Warum Happ Bar Twin Pod 35000 w\u00e4hlen?<\/strong><\/h2>\n<ul>\n<li class=\"ds-markdown-paragraph\">Zwei Geschmacksrichtungen in einem Ger\u00e4t - Wechseln Sie m\u00fchelos zwischen den Geschmacksrichtungen mit einer Drehung des Mundst\u00fccks.<\/li>\n<li class=\"ds-markdown-paragraph\">L\u00e4nger anhaltend und sparsamer - Gr\u00f6\u00dfere E-Saft-Kapazit\u00e4t bedeutet weniger Austausch.<\/li>\n<li class=\"ds-markdown-paragraph\">Smooth &amp; Flavorful Hits - Advanced Dual Mesh Coils verbessern Dampf und Geschmack.<\/li>\n<li class=\"ds-markdown-paragraph\">Aufsehen erregendes Design - Mit dem leuchtenden Farbverlauf und der LED-Anzeige fallen Sie auf.<\/li>\n<\/ul>\n<h2><strong>Verf\u00fcgbare Geschmacksrichtungen<\/strong><\/h2>\n<ol>\n<li>Pfirsich-Mango-Ananas-Eis &amp; Erdbeere<\/li>\n<li>Blue Razz Limonade &amp; Pfirsicheis<\/li>\n<li>Erdbeer-Kiwi &amp; Lush Ice<\/li>\n<li>Himbeer-Karamell &amp; Doppelter Apfel<\/li>\n<li>Wassermeloneneis &amp; Zitrone-Limette<\/li>\n<li>Heidelbeer-Himbeer-Zitronen-Kirsch-Eis<\/li>\n<li>Erdbeer-Vanille-Cola &amp; gemischte Beeren<\/li>\n<li>Blaubeere-Kirsche-Cranberry &amp; Wassermelone Kaugummi<\/li>\n<li>Erdbeere, Banane und Cola-Eis<\/li>\n<li>Ananas-Kokosnuss-Blaubeer-Eis<\/li>\n<li>Red Bull Ice &amp; Hami Melone<\/li>\n<li>Traubeneis &amp; Apfel-Pfirsich<\/li>\n<\/ol>\n<figure id=\"attachment_22120\" aria-describedby=\"caption-attachment-22120\" style=\"width: 800px\" class=\"wp-caption alignnone\"><img loading=\"lazy\" decoding=\"async\" class=\"size-full wp-image-22120\" title=\"Happ Bar Twin Pod 35000 Heidelbeere-Kirsche-Cranberry &amp; Wassermelone Kaugummi\" src=\"https:\/\/www.vape4wholesale.com\/wp-content\/uploads\/2025\/05\/Happ-Bar-Twin-Pod-35000-Blueberry-Cherry-Cranberry-Watermelon-Bubble-Gum.webp\" alt=\"Happ Bar Twin Pod 35000 Heidelbeere-Kirsche-Cranberry &amp; Wassermelone Kaugummi\" width=\"800\" height=\"800\" srcset=\"https:\/\/www.vape4wholesale.com\/wp-content\/uploads\/2025\/05\/Happ-Bar-Twin-Pod-35000-Blueberry-Cherry-Cranberry-Watermelon-Bubble-Gum.webp 800w, https:\/\/www.vape4wholesale.com\/wp-content\/uploads\/2025\/05\/Happ-Bar-Twin-Pod-35000-Blueberry-Cherry-Cranberry-Watermelon-Bubble-Gum-247x247.webp 247w, https:\/\/www.vape4wholesale.com\/wp-content\/uploads\/2025\/05\/Happ-Bar-Twin-Pod-35000-Blueberry-Cherry-Cranberry-Watermelon-Bubble-Gum-100x100.webp 100w, https:\/\/www.vape4wholesale.com\/wp-content\/uploads\/2025\/05\/Happ-Bar-Twin-Pod-35000-Blueberry-Cherry-Cranberry-Watermelon-Bubble-Gum-510x510.webp 510w, https:\/\/www.vape4wholesale.com\/wp-content\/uploads\/2025\/05\/Happ-Bar-Twin-Pod-35000-Blueberry-Cherry-Cranberry-Watermelon-Bubble-Gum-300x300.webp 300w, https:\/\/www.vape4wholesale.com\/wp-content\/uploads\/2025\/05\/Happ-Bar-Twin-Pod-35000-Blueberry-Cherry-Cranberry-Watermelon-Bubble-Gum-150x150.webp 150w, https:\/\/www.vape4wholesale.com\/wp-content\/uploads\/2025\/05\/Happ-Bar-Twin-Pod-35000-Blueberry-Cherry-Cranberry-Watermelon-Bubble-Gum-768x768.webp 768w, https:\/\/www.vape4wholesale.com\/wp-content\/uploads\/2025\/05\/Happ-Bar-Twin-Pod-35000-Blueberry-Cherry-Cranberry-Watermelon-Bubble-Gum-12x12.webp 12w, https:\/\/www.vape4wholesale.com\/wp-content\/uploads\/2025\/05\/Happ-Bar-Twin-Pod-35000-Blueberry-Cherry-Cranberry-Watermelon-Bubble-Gum-64x64.webp 64w\" sizes=\"auto, (max-width: 800px) 100vw, 800px\" \/><figcaption id=\"caption-attachment-22120\" class=\"wp-caption-text\">Happ Bar Twin Pod 35000 Heidelbeere-Kirsche-Cranberry &amp; Wassermelone Kaugummi<\/figcaption><\/figure>\n<h2>WARUM WIR?<\/h2>\r\n<ul>\r\n<li>Echte, vertrauensw\u00fcrdige und professionelle Vape-Quelle.<\/li>\r\n<li>100% Echtheitsgarantie: Wir bieten nur originale und echte Produkte, lehnen F\u00e4lschungen ab.<\/li>\r\n<li>100% Liefergarantie: Wir verwenden die beste Versandmethode, um sicherzustellen, dass Sie die Bestellung 100% erhalten.<\/li>\r\n<li>Wir geben Ihnen die Tracking-Nummer und den Versandaufkleber nach dem Versand und verfolgen die Ware f\u00fcr Sie, bis Sie sie abholen.<\/li>\r\n<li>Keine Zollprobleme, keine Z\u00f6lle<\/li>\r\n<\/ul>","protected":false},"excerpt":{"rendered":"<p><b><span style=\"color: #00a859;\">Free shipping<\/span>\u00a0from Europe warehouse, 7-15 working days delivery time.<\/b><\/p>\r\n<div class=\"wsppc_div_block woocommerce_before_add_to_cart_form\">\r\n<p><strong>Clear customs before delivery &amp; 100% Delivery Guarantee<\/strong><\/p>\r\n<\/div>","protected":false},"featured_media":22122,"comment_status":"open","ping_status":"closed","template":"","meta":[],"pwb-brand":[1267],"product_cat":[938],"product_tag":[849,1023,1035,22,24],"class_list":{"0":"post-22135","1":"product","2":"type-product","3":"status-publish","4":"has-post-thumbnail","6":"pwb-brand-happ-bar","7":"product_cat-europe-warehouse","8":"product_tag-36-0ml","9":"product_tag-35000-puffs","10":"product_tag-happ-bar","11":"product_tag-disposable","12":"product_tag-wholesale","13":"product_shipping_class-eu-warehouse","14":"wcpa_has_options","16":"first","17":"instock","18":"featured","19":"shipping-taxable","20":"purchasable","21":"product-type-variable"},"aioseo_notices":[],"brands":[{"id":1267,"name":"Happ Bar","slug":"glucksbar"}],"_links":{"self":[{"href":"https:\/\/www.vape4wholesale.com\/de\/wp-json\/wp\/v2\/product\/22135","targetHints":{"allow":["GET"]}}],"collection":[{"href":"https:\/\/www.vape4wholesale.com\/de\/wp-json\/wp\/v2\/product"}],"about":[{"href":"https:\/\/www.vape4wholesale.com\/de\/wp-json\/wp\/v2\/types\/product"}],"replies":[{"embeddable":true,"href":"https:\/\/www.vape4wholesale.com\/de\/wp-json\/wp\/v2\/comments?post=22135"}],"wp:featuredmedia":[{"embeddable":true,"href":"https:\/\/www.vape4wholesale.com\/de\/wp-json\/wp\/v2\/media\/22122"}],"wp:attachment":[{"href":"https:\/\/www.vape4wholesale.com\/de\/wp-json\/wp\/v2\/media?parent=22135"}],"wp:term":[{"taxonomy":"pwb-brand","embeddable":true,"href":"https:\/\/www.vape4wholesale.com\/de\/wp-json\/wp\/v2\/pwb-brand?post=22135"},{"taxonomy":"product_cat","embeddable":true,"href":"https:\/\/www.vape4wholesale.com\/de\/wp-json\/wp\/v2\/product_cat?post=22135"},{"taxonomy":"product_tag","embeddable":true,"href":"https:\/\/www.vape4wholesale.com\/de\/wp-json\/wp\/v2\/product_tag?post=22135"}],"curies":[{"name":"wp","href":"https:\/\/api.w.org\/{rel}","templated":true}]}}