{"id":21760,"date":"2025-04-28T22:00:11","date_gmt":"2025-04-28T14:00:11","guid":{"rendered":"https:\/\/www.vape4wholesale.com\/?post_type=product&#038;p=21760"},"modified":"2026-01-27T13:38:24","modified_gmt":"2026-01-27T13:38:24","slug":"vapsolo-konig-pro-40000-puffs-einweg-vape-groshandel","status":"publish","type":"product","link":"https:\/\/www.vape4wholesale.com\/de\/product\/vapsolo-king-pro-40000-puffs-disposable-vape-wholesale","title":{"rendered":"Vapsolo King Pro 40000 Puffs Einweg Vape Gro\u00dfhandel"},"content":{"rendered":"<p class=\"ds-markdown-paragraph\">die\u00a0<a title=\"Vapsolo\" href=\"https:\/\/www.vape4wholesale.com\/de\/produkt_marke\/vapsolo\/\"><strong>Vapsolo<\/strong><\/a> King Pro 40000 Disposable Vape entwickelt, um eine beeindruckende 40.000 Puffs pro Ger\u00e4t zu liefern. Mit einer gro\u00dfen 40mL E-Liquid-Kapazit\u00e4t und einem 650mAh-Akku (Typ-C-Anschluss) sorgt dieser Einwegverdampfer f\u00fcr eine l\u00e4ngere Nutzung ohne h\u00e4ufigen Austausch.<\/p>\n<p class=\"ds-markdown-paragraph\">Das integrierte LCD-Display bietet Echtzeit-Akku und e-Fl\u00fcssigkeit \u00dcberwachung f\u00fcr zus\u00e4tzlichen Komfort. Ausgestattet mit einer 1.0\u03a9 Mesh-Spule, produziert der King Pro reiche, glatte Aromen und dichten Dampf mit jedem Zug. Passen Sie Ihr Dampferlebnis weiter mit der einstellbaren Airflow-Steuerung, Catering f\u00fcr beide MTL (Mund-zu-Lunge) und RDL (eingeschr\u00e4nkt direkte Lunge) Pr\u00e4ferenzen.<\/p>\n<h2><strong>Vapsolo King Pro 40000 Puffs Vape Hauptmerkmale<\/strong><\/h2>\n<p>\u2714 <strong>40.000 Z\u00fcge<\/strong>\u00a0- Langanhaltendes Vergn\u00fcgen<br \/>\n\u2714\u00a0<strong>40mL vorgef\u00fcllte e-Fl\u00fcssigkeit<\/strong>\u00a0- Keine Nachf\u00fcllungen erforderlich<br \/>\n\u2714\u00a0<strong>650mAh-Akku mit Typ-C-Aufladung<\/strong>\u00a0- Schnelles und bequemes Aufladen<br \/>\n\u2714\u00a0<strong>1.0\u03a9 Maschenspule<\/strong>\u00a0- Verbessertes Aroma und Dampfproduktion<br \/>\n\u2714\u00a0<strong>LCD-Bildschirm<\/strong>\u00a0- Verfolgen Sie den F\u00fcllstand von Batterie und E-Saft<br \/>\n\u2714\u00a0<strong>Einstellbarer Luftstrom<\/strong>\u00a0- Passen Sie Ihren Zugwiderstand an<\/p>\n<h2><strong>Verf\u00fcgbare Geschmacksrichtungen<\/strong><\/h2>\n<ul>\n<li>01.Kirsche-Zitrone<\/li>\n<li>02. Kiwi Passionsfrucht Guave<\/li>\n<li>03. Liebe 66<\/li>\n<li>04. Wassermelone Eis<\/li>\n<li>05. Erdbeer-Kiwi<\/li>\n<li>06. Zitrone-Kalk<\/li>\n<li>07. Erdbeer-Banane<\/li>\n<li>08. Schwarzes Eis Drachenfrucht-Erdbeere<\/li>\n<li>09. Pfirsichbeere<\/li>\n<li>10. Wassermelone mit Erdbeeren<\/li>\n<li>11. Kirsche Cola<\/li>\n<li>12. Grape Burst<\/li>\n<li>13. Beerenmischung<\/li>\n<li>14. Heidelbeere Saure Himbeere<\/li>\n<li>15. Pfirsich Mango Ananas<\/li>\n<\/ul>\n<h2><strong>Details zur Verpackung<\/strong><\/h2>\n<ul>\n<li>1\/ Einzelne Schachtel\/ 133g<\/li>\n<li>10\/ Display-Box<\/li>\n<li>200\/ Umkarton\/ 27,5kg<\/li>\n<\/ul>\n<figure id=\"attachment_21787\" aria-describedby=\"caption-attachment-21787\" style=\"width: 800px\" class=\"wp-caption alignnone\"><img loading=\"lazy\" decoding=\"async\" class=\"size-full wp-image-21787\" title=\"Erdbeere Banane Vapsolo King Pro 40000\" src=\"https:\/\/www.vape4wholesale.com\/wp-content\/uploads\/2025\/04\/strawberry-banana-Vapsolo-King-Pro-40000.webp\" alt=\"Erdbeere Banane Vapsolo King Pro 40000\" width=\"800\" height=\"800\" srcset=\"https:\/\/www.vape4wholesale.com\/wp-content\/uploads\/2025\/04\/strawberry-banana-Vapsolo-King-Pro-40000.webp 800w, https:\/\/www.vape4wholesale.com\/wp-content\/uploads\/2025\/04\/strawberry-banana-Vapsolo-King-Pro-40000-247x247.webp 247w, https:\/\/www.vape4wholesale.com\/wp-content\/uploads\/2025\/04\/strawberry-banana-Vapsolo-King-Pro-40000-100x100.webp 100w, https:\/\/www.vape4wholesale.com\/wp-content\/uploads\/2025\/04\/strawberry-banana-Vapsolo-King-Pro-40000-510x510.webp 510w, https:\/\/www.vape4wholesale.com\/wp-content\/uploads\/2025\/04\/strawberry-banana-Vapsolo-King-Pro-40000-300x300.webp 300w, https:\/\/www.vape4wholesale.com\/wp-content\/uploads\/2025\/04\/strawberry-banana-Vapsolo-King-Pro-40000-150x150.webp 150w, https:\/\/www.vape4wholesale.com\/wp-content\/uploads\/2025\/04\/strawberry-banana-Vapsolo-King-Pro-40000-768x768.webp 768w, https:\/\/www.vape4wholesale.com\/wp-content\/uploads\/2025\/04\/strawberry-banana-Vapsolo-King-Pro-40000-12x12.webp 12w, https:\/\/www.vape4wholesale.com\/wp-content\/uploads\/2025\/04\/strawberry-banana-Vapsolo-King-Pro-40000-64x64.webp 64w\" sizes=\"auto, (max-width: 800px) 100vw, 800px\" \/><figcaption id=\"caption-attachment-21787\" class=\"wp-caption-text\">Vapsolo King Pro 40000 Puffs Einweg Vape Gro\u00dfhandel<\/figcaption><\/figure>\n<h2>WARUM WIR?<\/h2>\r\n<ul>\r\n<li>Echte, vertrauensw\u00fcrdige und professionelle Vape-Quelle.<\/li>\r\n<li>100% Echtheitsgarantie: Wir bieten nur originale und echte Produkte, lehnen F\u00e4lschungen ab.<\/li>\r\n<li>100% Liefergarantie: Wir verwenden die beste Versandmethode, um sicherzustellen, dass Sie die Bestellung 100% erhalten.<\/li>\r\n<li>Wir geben Ihnen die Tracking-Nummer und den Versandaufkleber nach dem Versand und verfolgen die Ware f\u00fcr Sie, bis Sie sie abholen.<\/li>\r\n<li>Keine Zollprobleme, keine Z\u00f6lle<\/li>\r\n<\/ul>","protected":false},"excerpt":{"rendered":"<p><b><span style=\"color: #00a859;\">Free shipping<\/span>\u00a0from Europe warehouse, 7-15 working days delivery time.<\/b><\/p>\r\n<div class=\"wsppc_div_block woocommerce_before_add_to_cart_form\">\r\n<p><strong>Clear customs before delivery &amp; 100% Delivery Guarantee<\/strong><\/p>\r\n<\/div>","protected":false},"featured_media":21785,"comment_status":"open","ping_status":"closed","template":"","meta":[],"pwb-brand":[1271],"product_cat":[938],"product_tag":[22,24,899,1016,1026],"class_list":{"0":"post-21760","1":"product","2":"type-product","3":"status-publish","4":"has-post-thumbnail","6":"pwb-brand-vapsolo","7":"product_cat-europe-warehouse","8":"product_tag-disposable","9":"product_tag-wholesale","10":"product_tag-vapsolo","11":"product_tag-40000-puffs","12":"product_tag-40-0ml","13":"product_shipping_class-eu-warehouse","14":"wcpa_has_options","16":"first","17":"instock","18":"shipping-taxable","19":"purchasable","20":"product-type-variable"},"aioseo_notices":[],"brands":[{"id":1271,"name":"Vapsolo","slug":"vapsolo"}],"_links":{"self":[{"href":"https:\/\/www.vape4wholesale.com\/de\/wp-json\/wp\/v2\/product\/21760","targetHints":{"allow":["GET"]}}],"collection":[{"href":"https:\/\/www.vape4wholesale.com\/de\/wp-json\/wp\/v2\/product"}],"about":[{"href":"https:\/\/www.vape4wholesale.com\/de\/wp-json\/wp\/v2\/types\/product"}],"replies":[{"embeddable":true,"href":"https:\/\/www.vape4wholesale.com\/de\/wp-json\/wp\/v2\/comments?post=21760"}],"wp:featuredmedia":[{"embeddable":true,"href":"https:\/\/www.vape4wholesale.com\/de\/wp-json\/wp\/v2\/media\/21785"}],"wp:attachment":[{"href":"https:\/\/www.vape4wholesale.com\/de\/wp-json\/wp\/v2\/media?parent=21760"}],"wp:term":[{"taxonomy":"pwb-brand","embeddable":true,"href":"https:\/\/www.vape4wholesale.com\/de\/wp-json\/wp\/v2\/pwb-brand?post=21760"},{"taxonomy":"product_cat","embeddable":true,"href":"https:\/\/www.vape4wholesale.com\/de\/wp-json\/wp\/v2\/product_cat?post=21760"},{"taxonomy":"product_tag","embeddable":true,"href":"https:\/\/www.vape4wholesale.com\/de\/wp-json\/wp\/v2\/product_tag?post=21760"}],"curies":[{"name":"wp","href":"https:\/\/api.w.org\/{rel}","templated":true}]}}