{"id":21602,"date":"2025-04-21T21:47:54","date_gmt":"2025-04-21T13:47:54","guid":{"rendered":"https:\/\/www.vape4wholesale.com\/?post_type=product&#038;p=21602"},"modified":"2026-05-03T14:52:11","modified_gmt":"2026-05-03T06:52:11","slug":"vozol-getriebe-leistung-20k-einweg-vape-groshandel","status":"publish","type":"product","link":"https:\/\/www.vape4wholesale.com\/de\/product\/vozol-gear-power-20k-disposable-vape-wholesale","title":{"rendered":"Vozol Gear Power 20K Einweg Vape Gro\u00dfhandel"},"content":{"rendered":"<p class=\"ds-markdown-paragraph\">die <a title=\"Vozol\" href=\"https:\/\/www.vape4wholesale.com\/de\/produkt_marke\/vozol\/\"><strong>Vozol<\/strong><\/a> Der Gear Power 20K ist ein fortschrittlicher Einwegverdampfer mit S.i.L.C.-Technologie f\u00fcr ultra-sanften Geschmack und Dampfproduktion. Mit einem intelligenten Dual-Power-System k\u00f6nnen Sie zwischen dem Eco-Modus (bis zu 20.000 Z\u00fcge) f\u00fcr l\u00e4ngeren Gebrauch oder dem Power-Modus (bis zu 12.000 Z\u00fcge) f\u00fcr intensivere Wolken und F\u00fclle umschalten - alles in einem kompakten Ger\u00e4t.<\/p>\n<p class=\"ds-markdown-paragraph\">Ausgestattet mit einer Dual Mesh Coil sorgt dieser Verdampfer f\u00fcr eine gleichm\u00e4\u00dfige Erw\u00e4rmung und eine verbesserte Geschmacksklarheit, w\u00e4hrend das Vollbild-Display Sie in Echtzeit \u00fcber die Batterielebensdauer und den F\u00fcllstand des E-Liquids informiert. Vorgef\u00fcllt mit 20mL Premium-E-Liquid und einer 5% (50mg) Nikotinst\u00e4rke, liefert er einen befriedigenden Kehlkopfschlag und robuste Nikotinbefriedigung.<\/p>\n<h2>Vozol Gear Power 20K Vape Schnelle Details<\/h2>\n<ul>\n<li>S.i.L.C. Tech<\/li>\n<li>Dual Power ECO\/POWER Modus<\/li>\n<li>Bis zu 20000 Z\u00fcge im Eco-Modus<\/li>\n<li>Bis zu 12000 Z\u00fcge im Power-Modus<\/li>\n<li>Dual Mesh Spule<\/li>\n<li>Vollbildanzeige<\/li>\n<li>20mL vorgef\u00fclltes E-Liquid<\/li>\n<li>5%(50mg) Nikotinst\u00e4rke<\/li>\n<\/ul>\n<h2>Verf\u00fcgbare Geschmacksrichtungen<\/h2>\n<p>1. Wassermelone Eis<br \/>\n2. Traubeneis<br \/>\n3. Mango-Eis<br \/>\n4. Doppeltes Apfel-Eis<br \/>\n5. Lavafire<br \/>\n6. Heidelbeer-Sturm<br \/>\n7. Blauer Mojito<br \/>\n8. Mango Ananas Grapefruit<br \/>\n9. Erdbeer-Kiwi<br \/>\n10. Himbeere Wassermelone<br \/>\n11. Blaues Razzia-Eis<br \/>\n12. Erdbeere Mango<br \/>\n13. Zitrone-Limette<br \/>\n14. Kirschlimonade<br \/>\n15. Gemischte Beeren<br \/>\n16. Drachenfrucht-Banane-Kirsche<br \/>\n17. Zitronenminze<br \/>\n19. Pfirsich-Eis<br \/>\n20. Wassermelone mit Erdbeeren<\/p>\n<h2>Details zur Verpackung<\/h2>\n<ul>\n<li>1\/Singelkarton<\/li>\n<li>10\/Displaybox<\/li>\n<li>200\/Karton, 22,8kg<\/li>\n<\/ul>\n<figure id=\"attachment_21614\" aria-describedby=\"caption-attachment-21614\" style=\"width: 750px\" class=\"wp-caption alignnone\"><img loading=\"lazy\" decoding=\"async\" class=\"wp-image-21614 size-full\" title=\"Vozol Gear Power 20K Einweg Vape Gro\u00dfhandel (1)\" src=\"https:\/\/www.vape4wholesale.com\/wp-content\/uploads\/2025\/04\/Vozol-Gear-Power-20K-Disposable-Vape-Wholesale-1.webp\" alt=\"Vozol Gear Power 20K Einweg Vape Gro\u00dfhandel (1)\" width=\"750\" height=\"800\" srcset=\"https:\/\/www.vape4wholesale.com\/wp-content\/uploads\/2025\/04\/Vozol-Gear-Power-20K-Disposable-Vape-Wholesale-1.webp 750w, https:\/\/www.vape4wholesale.com\/wp-content\/uploads\/2025\/04\/Vozol-Gear-Power-20K-Disposable-Vape-Wholesale-1-510x544.webp 510w, https:\/\/www.vape4wholesale.com\/wp-content\/uploads\/2025\/04\/Vozol-Gear-Power-20K-Disposable-Vape-Wholesale-1-281x300.webp 281w, https:\/\/www.vape4wholesale.com\/wp-content\/uploads\/2025\/04\/Vozol-Gear-Power-20K-Disposable-Vape-Wholesale-1-11x12.webp 11w, https:\/\/www.vape4wholesale.com\/wp-content\/uploads\/2025\/04\/Vozol-Gear-Power-20K-Disposable-Vape-Wholesale-1-64x68.webp 64w\" sizes=\"auto, (max-width: 750px) 100vw, 750px\" \/><figcaption id=\"caption-attachment-21614\" class=\"wp-caption-text\">Vozol Gear Power 20K Einweg Vape Gro\u00dfhandel<\/figcaption><\/figure>\n<h2>WARUM WIR?<\/h2>\r\n<ul>\r\n<li>Echte, vertrauensw\u00fcrdige und professionelle Vape-Quelle.<\/li>\r\n<li>100% Echtheitsgarantie: Wir bieten nur originale und echte Produkte, lehnen F\u00e4lschungen ab.<\/li>\r\n<li>100% Liefergarantie: Wir verwenden die beste Versandmethode, um sicherzustellen, dass Sie die Bestellung 100% erhalten.<\/li>\r\n<li>Wir geben Ihnen die Tracking-Nummer und den Versandaufkleber nach dem Versand und verfolgen die Ware f\u00fcr Sie, bis Sie sie abholen.<\/li>\r\n<li>Keine Zollprobleme, keine Z\u00f6lle<\/li>\r\n<\/ul>","protected":false},"excerpt":{"rendered":"<p><b><span style=\"color: #00a859;\">Kostenloser Versand<\/span>\u00a0Aus dem Europa-Lager, Lieferzeit 7-15 Werktage.<\/b><\/p>\r\n<div class=\"wsppc_div_block woocommerce_before_add_to_cart_form\">\r\n<p><strong>Zollabfertigung vor Lieferung &amp; 100% Liefergarantie<\/strong><\/p>\r\n<\/div>","protected":false},"featured_media":21612,"comment_status":"open","ping_status":"closed","template":"","meta":[],"pwb-brand":[1276],"product_cat":[938],"product_tag":[22,24,172,794,1137],"class_list":{"0":"post-21602","1":"product","2":"type-product","3":"status-publish","4":"has-post-thumbnail","6":"pwb-brand-vozol","7":"product_cat-europe-warehouse","8":"product_tag-disposable","9":"product_tag-wholesale","10":"product_tag-20-0ml","11":"product_tag-20000-puffs","12":"product_tag-vozol","13":"product_shipping_class-eu-warehouse","15":"first","16":"outofstock","17":"featured","18":"shipping-taxable","19":"purchasable","20":"product-type-variable"},"aioseo_notices":[],"brands":[{"id":1276,"name":"Vozol","slug":"vozol"}],"_links":{"self":[{"href":"https:\/\/www.vape4wholesale.com\/de\/wp-json\/wp\/v2\/product\/21602","targetHints":{"allow":["GET"]}}],"collection":[{"href":"https:\/\/www.vape4wholesale.com\/de\/wp-json\/wp\/v2\/product"}],"about":[{"href":"https:\/\/www.vape4wholesale.com\/de\/wp-json\/wp\/v2\/types\/product"}],"replies":[{"embeddable":true,"href":"https:\/\/www.vape4wholesale.com\/de\/wp-json\/wp\/v2\/comments?post=21602"}],"wp:featuredmedia":[{"embeddable":true,"href":"https:\/\/www.vape4wholesale.com\/de\/wp-json\/wp\/v2\/media\/21612"}],"wp:attachment":[{"href":"https:\/\/www.vape4wholesale.com\/de\/wp-json\/wp\/v2\/media?parent=21602"}],"wp:term":[{"taxonomy":"pwb-brand","embeddable":true,"href":"https:\/\/www.vape4wholesale.com\/de\/wp-json\/wp\/v2\/pwb-brand?post=21602"},{"taxonomy":"product_cat","embeddable":true,"href":"https:\/\/www.vape4wholesale.com\/de\/wp-json\/wp\/v2\/product_cat?post=21602"},{"taxonomy":"product_tag","embeddable":true,"href":"https:\/\/www.vape4wholesale.com\/de\/wp-json\/wp\/v2\/product_tag?post=21602"}],"curies":[{"name":"wp","href":"https:\/\/api.w.org\/{rel}","templated":true}]}}