{"id":21527,"date":"2025-04-18T23:41:27","date_gmt":"2025-04-18T15:41:27","guid":{"rendered":"https:\/\/www.vape4wholesale.com\/?post_type=product&#038;p=21527"},"modified":"2026-01-26T13:39:12","modified_gmt":"2026-01-26T13:39:12","slug":"vozol-vista-20000-einweg-vape-groshandel","status":"publish","type":"product","link":"https:\/\/www.vape4wholesale.com\/de\/product\/vozol-vista-20000-disposable-vape-wholesale","title":{"rendered":"Vozol Vista 20000 Einweg Vape Gro\u00dfhandel"},"content":{"rendered":"<p>Die <a title=\"Vozol\" href=\"https:\/\/www.vape4wholesale.com\/de\/produkt_marke\/vozol\/\"><strong>Vozol<\/strong><\/a> Der Vista 20000 definiert den Komfort mit beeindruckenden 20.000+ Z\u00fcgen neu, was ihn zu einem der ausdauerndsten Einwegverdampfer auf dem Markt macht. Mit seinem \u00fcbersichtlichen OLED-Display k\u00f6nnen Sie den Akku- und Fl\u00fcssigkeitsstand in Echtzeit \u00fcberwachen und so ein problemloses Dampferlebnis genie\u00dfen. Das wiederaufladbare, wiederverwendbare Kit sorgt f\u00fcr eine l\u00e4ngere Nutzungsdauer, w\u00e4hrend der 650-mAh-Akku in nur 45 Minuten voll aufgeladen ist - perfekt f\u00fcr unterwegs.<\/p>\n<p>Ausgestattet mit einer 6-stufigen Watt-Leistungsanpassung, erm\u00f6glicht der Vista eine Feinabstimmung der Verdampfungsintensit\u00e4t f\u00fcr sanftere Z\u00fcge oder dichtere Wolken. Dank der fortschrittlichen S.i.L.C Tech Dual Mesh Coil liefert er mit jedem Zug ein reichhaltiges, konsistentes Aroma, erg\u00e4nzt durch 5% Nikotinst\u00e4rke (NS) f\u00fcr ein befriedigendes MTL (Mund-zu-Lunge) Dampferlebnis.<\/p>\n<p>Das Ger\u00e4t wurde im Hinblick auf Nachhaltigkeit entwickelt und besteht aus 65% PCR (Post-Consumer-Recycling-Kunststoff), was die Umweltbelastung reduziert, ohne die Haltbarkeit zu beeintr\u00e4chtigen. Dar\u00fcber hinaus erf\u00fcllt es die TPD-Normen und gew\u00e4hrleistet so Sicherheit und Qualit\u00e4t f\u00fcr die europ\u00e4ischen M\u00e4rkte.<\/p>\n<p>Angetrieben von einem effizienten MCU-Prozessorchip garantiert der Vozol Vista eine stabile Leistung und verbesserte Reaktionsf\u00e4higkeit. Egal, ob Sie ein Anf\u00e4nger oder ein erfahrener Dampfer sind, sein benutzerfreundliches Design und die hohe Anzahl an Puffs machen ihn zu einer erstklassigen Wahl f\u00fcr das ganzt\u00e4gige Dampfen.<\/p>\n<h2><strong>Vozol Vista 20000 Einweg Vape Schnelle Details<\/strong><\/h2>\n<ul>\n<li>OLED-Display f\u00fcr Batterie- und Fl\u00fcssigkeitsstand<\/li>\n<li>20.000+ Puffs<\/li>\n<li>Wiederaufladbares wiederverwendbares Kit<\/li>\n<li>6-stufige Anpassung der Wattleistung<\/li>\n<li>650mAh wiederaufladbarer Akku (volle Ladung in 45 Minuten)<\/li>\n<li>5% Nictotin<\/li>\n<li>Spule: S.i.L.C Tech Dual Mesh Spule<\/li>\n<li>Verarbeitender Chip: MCU-Chip<\/li>\n<li>Material: 65% PCR (Recycelbarer umweltfreundlicher Kunststoff)<\/li>\n<li>TPD-konform<\/li>\n<li>MTL-Vaping<\/li>\n<\/ul>\n<h2><strong>Verf\u00fcgbare Geschmacksrichtungen<\/strong><\/h2>\n<p>1. Lavafire<br \/>\n2. Traubeneis<br \/>\n3. Miami Mint<br \/>\n4. Pfirsich-Eis<br \/>\n5. Gemischte Beeren<br \/>\n6. Blaues Razzia-Eis<br \/>\n7. Wassermelone Eis<br \/>\n8. Zitrone-Limette<br \/>\n9. Erdbeere-Mango<br \/>\n10. Kirsche Cola<br \/>\n11. Himbeere Wassermelone<br \/>\n12. Mango-Eis<br \/>\n14. Pfirsich Mango Wassermelone<br \/>\n15. Erdbeere-Himbeere-Kirsche<br \/>\n16. Holunderbl\u00fcte Grapefruit<br \/>\n17. Drachenfrucht-Banane-Kirsche<br \/>\n18. Saurer Apfel Eis<br \/>\n19. VZBULL<br \/>\n20. Wassermelone Bubblegum<\/p>\n<h2><strong>Details zur Verpackung<\/strong><\/h2>\n<ul>\n<li>1 St\u00fcck\/ Einzelverpackung<\/li>\n<li>10 St\u00fcck\/ Displaykarton<\/li>\n<li>18.5kg\/ 200 St\u00fcck\/Karton<\/li>\n<\/ul>\n<figure id=\"attachment_21546\" aria-describedby=\"caption-attachment-21546\" style=\"width: 800px\" class=\"wp-caption alignnone\"><img loading=\"lazy\" decoding=\"async\" class=\"size-full wp-image-21546\" title=\"Vozol Vista 20000 Einweg-Vape Wassermelone Bubble Gum\" src=\"https:\/\/www.vape4wholesale.com\/wp-content\/uploads\/2025\/04\/Vozol-Vista-20000-Disposable-Vape-Watermelon-Bubble-Gum.webp\" alt=\"Vozol Vista 20000 Einweg-Vape Wassermelone Bubble Gum\" width=\"800\" height=\"800\" srcset=\"https:\/\/www.vape4wholesale.com\/wp-content\/uploads\/2025\/04\/Vozol-Vista-20000-Disposable-Vape-Watermelon-Bubble-Gum.webp 800w, https:\/\/www.vape4wholesale.com\/wp-content\/uploads\/2025\/04\/Vozol-Vista-20000-Disposable-Vape-Watermelon-Bubble-Gum-247x247.webp 247w, https:\/\/www.vape4wholesale.com\/wp-content\/uploads\/2025\/04\/Vozol-Vista-20000-Disposable-Vape-Watermelon-Bubble-Gum-100x100.webp 100w, https:\/\/www.vape4wholesale.com\/wp-content\/uploads\/2025\/04\/Vozol-Vista-20000-Disposable-Vape-Watermelon-Bubble-Gum-510x510.webp 510w, https:\/\/www.vape4wholesale.com\/wp-content\/uploads\/2025\/04\/Vozol-Vista-20000-Disposable-Vape-Watermelon-Bubble-Gum-300x300.webp 300w, https:\/\/www.vape4wholesale.com\/wp-content\/uploads\/2025\/04\/Vozol-Vista-20000-Disposable-Vape-Watermelon-Bubble-Gum-150x150.webp 150w, https:\/\/www.vape4wholesale.com\/wp-content\/uploads\/2025\/04\/Vozol-Vista-20000-Disposable-Vape-Watermelon-Bubble-Gum-768x768.webp 768w, https:\/\/www.vape4wholesale.com\/wp-content\/uploads\/2025\/04\/Vozol-Vista-20000-Disposable-Vape-Watermelon-Bubble-Gum-12x12.webp 12w, https:\/\/www.vape4wholesale.com\/wp-content\/uploads\/2025\/04\/Vozol-Vista-20000-Disposable-Vape-Watermelon-Bubble-Gum-64x64.webp 64w\" sizes=\"auto, (max-width: 800px) 100vw, 800px\" \/><figcaption id=\"caption-attachment-21546\" class=\"wp-caption-text\">Vozol Vista 20000 Einweg-Vape<\/figcaption><\/figure>\n<h2>WARUM WIR?<\/h2>\r\n<ul>\r\n<li>Echte, vertrauensw\u00fcrdige und professionelle Vape-Quelle.<\/li>\r\n<li>100% Echtheitsgarantie: Wir bieten nur originale und echte Produkte, lehnen F\u00e4lschungen ab.<\/li>\r\n<li>100% Liefergarantie: Wir verwenden die beste Versandmethode, um sicherzustellen, dass Sie die Bestellung 100% erhalten.<\/li>\r\n<li>Wir geben Ihnen die Tracking-Nummer und den Versandaufkleber nach dem Versand und verfolgen die Ware f\u00fcr Sie, bis Sie sie abholen.<\/li>\r\n<li>Keine Zollprobleme, keine Z\u00f6lle<\/li>\r\n<\/ul>","protected":false},"excerpt":{"rendered":"<p><b><span style=\"color: #00a859;\">Kostenloser Versand<\/span>\u00a0Aus dem Europa-Lager, Lieferzeit 7-15 Werktage.<\/b><\/p>\r\n<div class=\"wsppc_div_block woocommerce_before_add_to_cart_form\">\r\n<p><strong>Zollabfertigung vor Lieferung &amp; 100% Liefergarantie<\/strong><\/p>\r\n<\/div>","protected":false},"featured_media":21546,"comment_status":"open","ping_status":"closed","template":"","meta":[],"pwb-brand":[1276],"product_cat":[873],"product_tag":[24,172,794,1137,22],"class_list":{"0":"post-21527","1":"product","2":"type-product","3":"status-publish","4":"has-post-thumbnail","6":"pwb-brand-vozol","7":"product_cat-above-20k-puffs","8":"product_tag-wholesale","9":"product_tag-20-0ml","10":"product_tag-20000-puffs","11":"product_tag-vozol","12":"product_tag-disposable","14":"first","15":"outofstock","16":"featured","17":"shipping-taxable","18":"purchasable","19":"product-type-variable"},"aioseo_notices":[],"brands":[{"id":1276,"name":"Vozol","slug":"vozol"}],"_links":{"self":[{"href":"https:\/\/www.vape4wholesale.com\/de\/wp-json\/wp\/v2\/product\/21527","targetHints":{"allow":["GET"]}}],"collection":[{"href":"https:\/\/www.vape4wholesale.com\/de\/wp-json\/wp\/v2\/product"}],"about":[{"href":"https:\/\/www.vape4wholesale.com\/de\/wp-json\/wp\/v2\/types\/product"}],"replies":[{"embeddable":true,"href":"https:\/\/www.vape4wholesale.com\/de\/wp-json\/wp\/v2\/comments?post=21527"}],"wp:featuredmedia":[{"embeddable":true,"href":"https:\/\/www.vape4wholesale.com\/de\/wp-json\/wp\/v2\/media\/21546"}],"wp:attachment":[{"href":"https:\/\/www.vape4wholesale.com\/de\/wp-json\/wp\/v2\/media?parent=21527"}],"wp:term":[{"taxonomy":"pwb-brand","embeddable":true,"href":"https:\/\/www.vape4wholesale.com\/de\/wp-json\/wp\/v2\/pwb-brand?post=21527"},{"taxonomy":"product_cat","embeddable":true,"href":"https:\/\/www.vape4wholesale.com\/de\/wp-json\/wp\/v2\/product_cat?post=21527"},{"taxonomy":"product_tag","embeddable":true,"href":"https:\/\/www.vape4wholesale.com\/de\/wp-json\/wp\/v2\/product_tag?post=21527"}],"curies":[{"name":"wp","href":"https:\/\/api.w.org\/{rel}","templated":true}]}}