{"id":21243,"date":"2025-04-06T18:29:57","date_gmt":"2025-04-06T10:29:57","guid":{"rendered":"https:\/\/www.vape4wholesale.com\/?post_type=product&#038;p=21243"},"modified":"2026-03-15T22:35:46","modified_gmt":"2026-03-15T14:35:46","slug":"fumot-tornado-25000-puffs-einweg-vape-groshandel","status":"publish","type":"product","link":"https:\/\/www.vape4wholesale.com\/de\/produkt\/fumot-tornado-25000-puffs-einweg-vape-groshandel","title":{"rendered":"Fumot Tornado 25000 Puffs Einweg Vape Gro\u00dfhandel"},"content":{"rendered":"<p>Der Fumot Tornado 25000 definiert das Einwegdampfen mit seiner enormen Kapazit\u00e4t von 20 ml E-Liquid und 25.000 Z\u00fcgen neu. Dieses fortschrittliche Ger\u00e4t wurde sowohl f\u00fcr den Komfort als auch f\u00fcr die Leistung entwickelt und verf\u00fcgt \u00fcber einen 700mAh-Akku mit Typ-C-Schnellladefunktion, der sicherstellt, dass Ihnen nie unerwartet der Strom ausgeht. Benutzer k\u00f6nnen zwischen den Nikotinst\u00e4rken 0%, 2%, 3% oder 5% w\u00e4hlen, die alle durch ein fortschrittliches Dual-Mesh-Spulensystem geliefert werden, das einen au\u00dfergew\u00f6hnlich reichen Geschmack und dichte Dampfwolken erzeugt.<\/p>\n<p>Was den Tornado 25000 wirklich auszeichnet, ist sein intelligentes 1,77-Zoll-TFT-Touchscreen-Display, das den F\u00fcllstand des E-Liquids und den Batteriestatus in Echtzeit anzeigt und so ein sorgenfreies Dampfen erm\u00f6glicht. Die intuitiven, ber\u00fchrungsempfindlichen Bedienelemente erm\u00f6glichen eine einfache Leistungseinstellung mit nur 3 Klicks, w\u00e4hrend die 26 verf\u00fcgbaren Aromen jede Geschmacksvorliebe abdecken, von fruchtigen bis hin zu dessert-inspirierten Profilen. Das schlanke, ergonomische Design kombiniert Tragbarkeit mit erstklassiger Funktionalit\u00e4t und ist damit ideal f\u00fcr den ganzt\u00e4gigen Gebrauch, egal ob Sie zu Hause oder im Freien sind.<\/p>\n<h2><strong>Fumot Tornado 25000 Einweg Vape Schnelle Details<\/strong><\/h2>\n<ul>\n<li>0% 2% 3% 5% Nikotin<\/li>\n<li>700mAh wiederaufladbare Batterie<\/li>\n<li>Puffs:25000 Puffs<\/li>\n<li>Fassungsverm\u00f6gen:20ml<\/li>\n<li>Ber\u00fchrungsschalter<\/li>\n<li>1.77 TFT-Bildschirm<\/li>\n<li>Leistung Einstellen durch dreimaliges Dr\u00fccken auf dem Touchscreen<\/li>\n<li>Display mit \u00d6l- und Batterieanzeige<\/li>\n<li>Typ-C-Anschluss<\/li>\n<li>26 Geschmacksrichtungen verf\u00fcgbar<\/li>\n<li>Doppeltes Netz<\/li>\n<\/ul>\n<h2><strong>Verf\u00fcgbare Geschmacksrichtungen<\/strong><\/h2>\n<p>1. Bananeneis<br \/>\n2. Wassermelone mit Erdbeeren<br \/>\n3. Miami Mint<br \/>\n4. Heidelbeere-Himbeere<br \/>\n5. Schwarzes Eis<br \/>\n6. Wei\u00dfes Gummieis<br \/>\n7. Wassermelone Eis<br \/>\n8. Saftiges Pfirsicheis<br \/>\n9. Rosa Limonade<br \/>\n10. Erdbeer-Mango<br \/>\n11. Pfirsich Mango Wassermelone<br \/>\n12. Trauben-Zitrone<br \/>\n13. Tropische Regenbogenexplosion<br \/>\n14. Kirschbombe<br \/>\n15. Erdbeer-Minze-Bonbon<br \/>\n16. Doppelter Apfel<br \/>\n17. Heidelbeere auf Eis<br \/>\n18. Erdbeereis<br \/>\n19. \u00dcppiges Eis<br \/>\n20. Ananaseis<br \/>\n21. Traubeneis<br \/>\n22. Dr. Blau<br \/>\n23. Kiwi Passionsfrucht Guave<br \/>\n24. Kirsche Cola<br \/>\n25. K\u00fchle Minze<br \/>\n26. Erdbeere Red Bull<\/p>\n<h2><strong>Details zur Verpackung<\/strong><\/h2>\n<ul>\n<li>160 St\u00fcck in einem Karton<\/li>\n<li>jeder Karton: 18,5 kg<\/li>\n<\/ul>\n<figure id=\"attachment_21274\" aria-describedby=\"caption-attachment-21274\" style=\"width: 800px\" class=\"wp-caption alignnone\"><img loading=\"lazy\" decoding=\"async\" class=\"size-full wp-image-21274\" title=\"Fumot Tornado 25000 Puffs Einweg Vape\" src=\"https:\/\/www.vape4wholesale.com\/wp-content\/uploads\/2025\/04\/Fumot-Tornado-25000-Puffs-Disposable-Vape.webp\" alt=\"Fumot Tornado 25000 Puffs Einweg Vape\" width=\"800\" height=\"800\" srcset=\"https:\/\/www.vape4wholesale.com\/wp-content\/uploads\/2025\/04\/Fumot-Tornado-25000-Puffs-Disposable-Vape.webp 800w, https:\/\/www.vape4wholesale.com\/wp-content\/uploads\/2025\/04\/Fumot-Tornado-25000-Puffs-Disposable-Vape-247x247.webp 247w, https:\/\/www.vape4wholesale.com\/wp-content\/uploads\/2025\/04\/Fumot-Tornado-25000-Puffs-Disposable-Vape-100x100.webp 100w, https:\/\/www.vape4wholesale.com\/wp-content\/uploads\/2025\/04\/Fumot-Tornado-25000-Puffs-Disposable-Vape-510x510.webp 510w\" sizes=\"auto, (max-width: 800px) 100vw, 800px\" \/><figcaption id=\"caption-attachment-21274\" class=\"wp-caption-text\">Fumot Tornado 25000 Puffs Einweg Vape<\/figcaption><\/figure>\n<h2>WARUM WIR?<\/h2>\r\n<ul>\r\n<li>Echte, vertrauensw\u00fcrdige und professionelle Vape-Quelle.<\/li>\r\n<li>100% Echtheitsgarantie: Wir bieten nur originale und echte Produkte, lehnen F\u00e4lschungen ab.<\/li>\r\n<li>100% Liefergarantie: Wir verwenden die beste Versandmethode, um sicherzustellen, dass Sie die Bestellung 100% erhalten.<\/li>\r\n<li>Wir geben Ihnen die Tracking-Nummer und den Versandaufkleber nach dem Versand und verfolgen die Ware f\u00fcr Sie, bis Sie sie abholen.<\/li>\r\n<li>Keine Zollprobleme, keine Z\u00f6lle<\/li>\r\n<\/ul>","protected":false},"excerpt":{"rendered":"<div class=\"wsppc_div_block woocommerce_before_add_to_cart_form\">\r\n<p><strong><span style=\"color: #00a859;\">Clear customs<\/span> before delivery &amp; 100% Delivery Guarantee, Delivery in 19~25 days around.\u00a0<\/strong><\/p>\r\n<\/div>","protected":false},"featured_media":21271,"comment_status":"open","ping_status":"closed","template":"","meta":[],"pwb-brand":[1269],"product_cat":[873],"product_tag":[22,24,172,592,915],"class_list":{"0":"post-21243","1":"product","2":"type-product","3":"status-publish","4":"has-post-thumbnail","6":"pwb-brand-fumot","7":"product_cat-above-20k-puffs","8":"product_tag-disposable","9":"product_tag-wholesale","10":"product_tag-20-0ml","11":"product_tag-fumot","12":"product_tag-25000-puffs","13":"wcpa_has_options","15":"first","16":"instock","17":"featured","18":"shipping-taxable","19":"purchasable","20":"product-type-variable"},"aioseo_notices":[],"brands":[{"id":1269,"name":"Fumot","slug":"fumot"}],"_links":{"self":[{"href":"https:\/\/www.vape4wholesale.com\/de\/wp-json\/wp\/v2\/product\/21243","targetHints":{"allow":["GET"]}}],"collection":[{"href":"https:\/\/www.vape4wholesale.com\/de\/wp-json\/wp\/v2\/product"}],"about":[{"href":"https:\/\/www.vape4wholesale.com\/de\/wp-json\/wp\/v2\/types\/product"}],"replies":[{"embeddable":true,"href":"https:\/\/www.vape4wholesale.com\/de\/wp-json\/wp\/v2\/comments?post=21243"}],"wp:featuredmedia":[{"embeddable":true,"href":"https:\/\/www.vape4wholesale.com\/de\/wp-json\/wp\/v2\/media\/21271"}],"wp:attachment":[{"href":"https:\/\/www.vape4wholesale.com\/de\/wp-json\/wp\/v2\/media?parent=21243"}],"wp:term":[{"taxonomy":"pwb-brand","embeddable":true,"href":"https:\/\/www.vape4wholesale.com\/de\/wp-json\/wp\/v2\/pwb-brand?post=21243"},{"taxonomy":"product_cat","embeddable":true,"href":"https:\/\/www.vape4wholesale.com\/de\/wp-json\/wp\/v2\/product_cat?post=21243"},{"taxonomy":"product_tag","embeddable":true,"href":"https:\/\/www.vape4wholesale.com\/de\/wp-json\/wp\/v2\/product_tag?post=21243"}],"curies":[{"name":"wp","href":"https:\/\/api.w.org\/{rel}","templated":true}]}}