{"id":20708,"date":"2025-03-19T22:23:39","date_gmt":"2025-03-19T14:23:39","guid":{"rendered":"https:\/\/www.vape4wholesale.com\/?post_type=product&#038;p=20708"},"modified":"2026-03-16T09:42:59","modified_gmt":"2026-03-16T01:42:59","slug":"zooy-null-45000-puffs-einweg-vape-groshandel","status":"publish","type":"product","link":"https:\/\/www.vape4wholesale.com\/de\/product\/zooy-zero-45000-puffs-disposable-vape-wholesale","title":{"rendered":"Zooy Zero 45000 Puffs Einweg Vape Gro\u00dfhandel"},"content":{"rendered":"<p>Die <a title=\"Zooy\" href=\"https:\/\/www.vape4wholesale.com\/de\/produkt_marke\/zooy\/\" target=\"_blank\" rel=\"noopener\"><strong>Zooy<\/strong><\/a> Die Zero 45000 ist ein hochmodernes Vaping-Ger\u00e4t, das f\u00fcr ein vollst\u00e4ndig anpassbares und befriedigendes Erlebnis entwickelt wurde. Sein herausragendes Merkmal ist die innovative NIC &amp; ICE Control, die es dem Nutzer erm\u00f6glicht, sowohl das K\u00fchlgef\u00fchl als auch den Nikotingehalt m\u00fchelos \u00fcber eine benutzerfreundliche Touchscreen-Oberfl\u00e4che einzustellen. Mit einer lang anhaltenden Kapazit\u00e4t von bis zu 45.000 Z\u00fcgen und einem eingebauten 1000mAh-Akku gew\u00e4hrleistet dieses Ger\u00e4t eine lange Nutzung ohne h\u00e4ufiges Aufladen.<\/p>\n<p>Ausgestattet mit einer doppelten Mesh-Spule (0,6+1,5) liefert der ZOOY ZERO 45000 mit jedem Zug reichhaltigen, geschmackvollen Dampf. Die einstellbare Airflow-Funktion erm\u00f6glicht es den Benutzern, ihr Dampferlebnis fein abzustimmen, egal ob sie einen engeren Zug oder ein luftigeres Gef\u00fchl bevorzugen. Dar\u00fcber hinaus bietet das eingebaute Smart-Display Informationen in Echtzeit und einen einfachen Zugang zu den Einstellungen, um eine nahtlose und intuitive Benutzererfahrung zu gew\u00e4hrleisten. Das Ger\u00e4t unterst\u00fctzt auch das TYPE-C-Laden und bietet so eine schnelle und bequeme Energieversorgung.<\/p>\n<h2><strong>Zooy Zero 45000 Puffs Einweg Vape <\/strong><strong>Wesentliche Merkmale<\/strong><\/h2>\n<ul>\n<li><strong>Nikotin und Eiskontrolle:<\/strong>\u00a0Stellen Sie das K\u00fchlgef\u00fchl und den Nikotingehalt mit einer einfachen Ber\u00fchrung auf dem intelligenten Display ein.<\/li>\n<li><strong>Langanhaltende Leistung:<\/strong>\u00a0Genie\u00dfen Sie bis zu 45.000 Z\u00fcge f\u00fcr ein langes Dampferlebnis.<\/li>\n<li><strong>10 Geschmacksoptionen:<\/strong>\u00a0W\u00e4hlen Sie aus einer Vielzahl von Geschmacksrichtungen, die Ihren Vorlieben entsprechen.<\/li>\n<li><strong>Einstellbarer Luftstrom:<\/strong>\u00a0Passen Sie Ihr Dampferlebnis mit pr\u00e4ziser Luftstromsteuerung an.<\/li>\n<li><strong>Doppelmaschige Spule (0,6+1,5):<\/strong>\u00a0Liefert reiches Aroma und sanfte Dampfproduktion.<\/li>\n<li><strong>Eingebauter 1000mAh Akku:<\/strong>\u00a0Bietet zuverl\u00e4ssige Leistung f\u00fcr eine lange Nutzungsdauer.<\/li>\n<li><strong>Smart Display mit Touchscreen:<\/strong>\u00a0Mit der intuitiven Touchscreen-Benutzeroberfl\u00e4che lassen sich die Einstellungen m\u00fchelos \u00fcberwachen und anpassen.<\/li>\n<li><strong>TYPE-C Wiederaufladbar:<\/strong>\u00a0Genie\u00dfen Sie schnelles und bequemes Aufladen.<\/li>\n<\/ul>\n<h2><strong>Verf\u00fcgbare Geschmacksrichtungen<\/strong><\/h2>\n<ol>\n<li>Wassermelonen-Eis<\/li>\n<li>Blaubeereis<\/li>\n<li>Erdbeere Wassermelone<\/li>\n<li>Zitrone Cola<\/li>\n<li>Erdbeer-Kiwi<\/li>\n<li>Weintraube Apfel<\/li>\n<li>Erdbeer-Orange-Pop<\/li>\n<li>Blaues Razzeis<\/li>\n<li>Heidelbeere Wassermelone<\/li>\n<li>Mango Passion Guave<\/li>\n<\/ol>\n<figure id=\"attachment_20713\" aria-describedby=\"caption-attachment-20713\" style=\"width: 800px\" class=\"wp-caption alignnone\"><img loading=\"lazy\" decoding=\"async\" class=\"size-large wp-image-20713\" title=\"Zooy Zero 45000 Wassermelone Eis\" src=\"https:\/\/www.vape4wholesale.com\/wp-content\/uploads\/2025\/03\/Zooy-Zero-45000-Watermelon-Ice.jpg\" alt=\"Zooy Zero 45000 Wassermelone Eis\" width=\"800\" height=\"800\" srcset=\"https:\/\/www.vape4wholesale.com\/wp-content\/uploads\/2025\/03\/Zooy-Zero-45000-Watermelon-Ice.jpg 800w, https:\/\/www.vape4wholesale.com\/wp-content\/uploads\/2025\/03\/Zooy-Zero-45000-Watermelon-Ice-247x247.jpg 247w, https:\/\/www.vape4wholesale.com\/wp-content\/uploads\/2025\/03\/Zooy-Zero-45000-Watermelon-Ice-100x100.jpg 100w, https:\/\/www.vape4wholesale.com\/wp-content\/uploads\/2025\/03\/Zooy-Zero-45000-Watermelon-Ice-510x510.jpg 510w, https:\/\/www.vape4wholesale.com\/wp-content\/uploads\/2025\/03\/Zooy-Zero-45000-Watermelon-Ice-64x64.jpg 64w, https:\/\/www.vape4wholesale.com\/wp-content\/uploads\/2025\/03\/Zooy-Zero-45000-Watermelon-Ice-300x300.jpg 300w, https:\/\/www.vape4wholesale.com\/wp-content\/uploads\/2025\/03\/Zooy-Zero-45000-Watermelon-Ice-150x150.jpg 150w, https:\/\/www.vape4wholesale.com\/wp-content\/uploads\/2025\/03\/Zooy-Zero-45000-Watermelon-Ice-768x768.jpg 768w, https:\/\/www.vape4wholesale.com\/wp-content\/uploads\/2025\/03\/Zooy-Zero-45000-Watermelon-Ice-12x12.jpg 12w\" sizes=\"auto, (max-width: 800px) 100vw, 800px\" \/><figcaption id=\"caption-attachment-20713\" class=\"wp-caption-text\">Zooy Zero 45000 Wassermelone Eis<\/figcaption><\/figure>\n<figure id=\"attachment_20714\" aria-describedby=\"caption-attachment-20714\" style=\"width: 800px\" class=\"wp-caption alignnone\"><img loading=\"lazy\" decoding=\"async\" class=\"size-full wp-image-20714\" title=\"Zooy Zero 45000 Puffs Einweg Vape Gro\u00dfhandel\" src=\"https:\/\/www.vape4wholesale.com\/wp-content\/uploads\/2025\/03\/Zooy-Zero-45000-Puffs-Disposable-Vape-Wholesale.webp\" alt=\"Zooy Zero 45000 Puffs Einweg Vape Gro\u00dfhandel\" width=\"800\" height=\"800\" srcset=\"https:\/\/www.vape4wholesale.com\/wp-content\/uploads\/2025\/03\/Zooy-Zero-45000-Puffs-Disposable-Vape-Wholesale.webp 800w, https:\/\/www.vape4wholesale.com\/wp-content\/uploads\/2025\/03\/Zooy-Zero-45000-Puffs-Disposable-Vape-Wholesale-247x247.webp 247w, https:\/\/www.vape4wholesale.com\/wp-content\/uploads\/2025\/03\/Zooy-Zero-45000-Puffs-Disposable-Vape-Wholesale-100x100.webp 100w, https:\/\/www.vape4wholesale.com\/wp-content\/uploads\/2025\/03\/Zooy-Zero-45000-Puffs-Disposable-Vape-Wholesale-510x510.webp 510w\" sizes=\"auto, (max-width: 800px) 100vw, 800px\" \/><figcaption id=\"caption-attachment-20714\" class=\"wp-caption-text\">Zooy Zero 45000 Puffs Einweg Vape Gro\u00dfhandel<\/figcaption><\/figure>\n<h2>WARUM WIR?<\/h2>\r\n<ul>\r\n<li>Echte, vertrauensw\u00fcrdige und professionelle Vape-Quelle.<\/li>\r\n<li>100% Echtheitsgarantie: Wir bieten nur originale und echte Produkte, lehnen F\u00e4lschungen ab.<\/li>\r\n<li>100% Liefergarantie: Wir verwenden die beste Versandmethode, um sicherzustellen, dass Sie die Bestellung 100% erhalten.<\/li>\r\n<li>Wir geben Ihnen die Tracking-Nummer und den Versandaufkleber nach dem Versand und verfolgen die Ware f\u00fcr Sie, bis Sie sie abholen.<\/li>\r\n<li>Keine Zollprobleme, keine Z\u00f6lle<\/li>\r\n<\/ul>","protected":false},"excerpt":{"rendered":"<p><b><span style=\"color: #00a859;\">Kostenloser Versand<\/span>\u00a0Aus dem Europa-Lager, Lieferzeit 7-15 Werktage.<\/b><\/p>\r\n<div class=\"wsppc_div_block woocommerce_before_add_to_cart_form\">\r\n<p><strong>Zollabfertigung vor Lieferung &amp; 100% Liefergarantie<\/strong><\/p>\r\n<\/div>","protected":false},"featured_media":20715,"comment_status":"open","ping_status":"closed","template":"","meta":[],"pwb-brand":[1273],"product_cat":[938],"product_tag":[1022,1026,1087,22,24],"class_list":{"0":"post-20708","1":"product","2":"type-product","3":"status-publish","4":"has-post-thumbnail","6":"pwb-brand-zooy","7":"product_cat-europe-warehouse","8":"product_tag-zooy","9":"product_tag-40-0ml","10":"product_tag-45000-puffs","11":"product_tag-disposable","12":"product_tag-wholesale","13":"product_shipping_class-eu-warehouse","14":"wcpa_has_options","16":"first","17":"instock","18":"featured","19":"shipping-taxable","20":"purchasable","21":"product-type-variable"},"aioseo_notices":[],"brands":[{"id":1273,"name":"Zooy","slug":"zooy"}],"_links":{"self":[{"href":"https:\/\/www.vape4wholesale.com\/de\/wp-json\/wp\/v2\/product\/20708","targetHints":{"allow":["GET"]}}],"collection":[{"href":"https:\/\/www.vape4wholesale.com\/de\/wp-json\/wp\/v2\/product"}],"about":[{"href":"https:\/\/www.vape4wholesale.com\/de\/wp-json\/wp\/v2\/types\/product"}],"replies":[{"embeddable":true,"href":"https:\/\/www.vape4wholesale.com\/de\/wp-json\/wp\/v2\/comments?post=20708"}],"wp:featuredmedia":[{"embeddable":true,"href":"https:\/\/www.vape4wholesale.com\/de\/wp-json\/wp\/v2\/media\/20715"}],"wp:attachment":[{"href":"https:\/\/www.vape4wholesale.com\/de\/wp-json\/wp\/v2\/media?parent=20708"}],"wp:term":[{"taxonomy":"pwb-brand","embeddable":true,"href":"https:\/\/www.vape4wholesale.com\/de\/wp-json\/wp\/v2\/pwb-brand?post=20708"},{"taxonomy":"product_cat","embeddable":true,"href":"https:\/\/www.vape4wholesale.com\/de\/wp-json\/wp\/v2\/product_cat?post=20708"},{"taxonomy":"product_tag","embeddable":true,"href":"https:\/\/www.vape4wholesale.com\/de\/wp-json\/wp\/v2\/product_tag?post=20708"}],"curies":[{"name":"wp","href":"https:\/\/api.w.org\/{rel}","templated":true}]}}