{"id":20283,"date":"2025-02-26T13:55:39","date_gmt":"2025-02-26T05:55:39","guid":{"rendered":"https:\/\/www.vape4wholesale.com\/?post_type=product&#038;p=20283"},"modified":"2026-01-27T15:43:12","modified_gmt":"2026-01-27T15:43:12","slug":"uwin-kristall-zwillinge-40k-einweg-vape-groshandel","status":"publish","type":"product","link":"https:\/\/www.vape4wholesale.com\/de\/product\/uwin-crystal-twins-40k-disposable-vape-wholesale","title":{"rendered":"Uwin Crystal Twins 40K Einweg Vape Gro\u00dfhandel"},"content":{"rendered":"<p>Die\u00a0<a title=\"Uwin\" href=\"https:\/\/www.vape4wholesale.com\/de\/produkt_marke\/uwin\/\" target=\"_blank\" rel=\"noopener\">Uwin<\/a> Crystal Twins 40K definiert das Einweg-Dampferlebnis neu mit seinem bahnbrechenden rotierenden Mundst\u00fcck, das es dem Benutzer erm\u00f6glicht, nahtlos zwischen zwei verschiedenen Geschmacksrichtungen in einem einzigen Ger\u00e4t zu wechseln. Dieses innovative Design sorgt nicht nur f\u00fcr mehr Vielseitigkeit, sondern auch f\u00fcr ein frisches und aufregendes Dampferlebnis bei jeder Anwendung. Ganz gleich, ob Sie sich nach einer fruchtigen Explosion oder einem cremigen Genuss sehnen, dieses Ger\u00e4t wird Ihren Vorlieben m\u00fchelos gerecht. Mit 40.000 Z\u00fcgen und einem gro\u00dfz\u00fcgigen Fassungsverm\u00f6gen von 30 ml E-Liquid bietet es lang anhaltende Zufriedenheit ohne Kompromisse.<\/p>\n<p>Der Uwin Crystal Twins 40K wurde sowohl f\u00fcr Leistung als auch f\u00fcr Komfort entwickelt und wird von einem 850mAh wiederaufladbaren Kobalt-Akku angetrieben, der \u00fcber einen Typ-C-Anschluss f\u00fcr schnelles und effizientes Aufladen verf\u00fcgt. Gepaart mit einer 0,6-Ohm-Mesh-Spule garantiert er eine gleichm\u00e4\u00dfige, konsistente Dampfproduktion und eine reichhaltige Geschmacksabgabe. Erh\u00e4ltlich in den Nikotinst\u00e4rken 0%, 2%, 3% und 5% deckt dieses Ger\u00e4t ein breites Spektrum an Vorlieben ab und eignet sich damit sowohl f\u00fcr Gelegenheitsnutzer als auch f\u00fcr erfahrene Dampfer. Dar\u00fcber hinaus gibt es 12 verlockende Geschmacksrichtungen zur Auswahl, so dass f\u00fcr jeden Geschmack etwas dabei ist.<\/p>\n<p>Die Uwin Crystal Twins 40K sind perfekt f\u00fcr Gro\u00dfabnehmer und werden in einer praktischen Verpackung mit 10 St\u00fcck pro Box und 160 St\u00fcck pro Karton (18,5 kg pro Karton) geliefert. Die Kombination aus innovativem Design, erstklassiger Leistung und au\u00dfergew\u00f6hnlichem Wert macht sie zu einer herausragenden Wahl f\u00fcr Einzelh\u00e4ndler und Vaping-Enthusiasten gleicherma\u00dfen. Erh\u00f6hen Sie Ihr Dampferlebnis noch heute mit den Uwin Crystal Twins 40K - hier treffen zwei Geschmacksrichtungen auf unvergleichlichen Komfort.<\/p>\n<h2>Uwin Crystal Twins 40K Disposable Vape Hauptmerkmale<\/h2>\n<ul>\n<li>Dual Flavor System: Drehen Sie das Mundst\u00fcck, um zwei verschiedene Geschmacksrichtungen in einem Ger\u00e4t zu genie\u00dfen.<\/li>\n<li>Massive Puff-Zahl: Liefert bis zu 40.000 Z\u00fcge und sorgt so f\u00fcr lang anhaltenden Genuss.<\/li>\n<li>Gro\u00dfz\u00fcgige E-Liquid-Kapazit\u00e4t: Ausgestattet mit einer 30ml E-Liquid-Kapazit\u00e4t f\u00fcr den erweiterten Einsatz.<\/li>\n<li>Wiederaufladbare Batterie: Angetrieben von einem 850mAh wiederaufladbaren Kobalt-Akku mit einem Typ-C-Anschluss f\u00fcr schnelles und bequemes Aufladen.<\/li>\n<li>Fortschrittliche Mesh-Spule: Verf\u00fcgt \u00fcber eine 0,6-Ohm-Mesh-Spule f\u00fcr glatte, gleichm\u00e4\u00dfige Dampfproduktion.<\/li>\n<li>Mehrere Nikotin-Optionen: Erh\u00e4ltlich in den Nikotinst\u00e4rken 0%, 2%, 3% und 5%, je nach Ihren Vorlieben.<\/li>\n<li>Gro\u00dfe Auswahl an Geschmacksrichtungen: W\u00e4hlen Sie aus 12 aufregenden Geschmacksrichtungen, um Ihren Geschmack zu treffen.<\/li>\n<\/ul>\n<h2>Verf\u00fcgbare Geschmacksrichtungen<\/h2>\n<ul>\n<li>1 Blaubeere auf Eis\/ Sommerpfirsich-Eis<\/li>\n<li>2. kiwi Passionsfrucht Guave\/ Heidelbeere Himbeere<\/li>\n<li>3. erdbeer-kiwi\/traubeneis<\/li>\n<li>4. kiwi passionsfrucht guave\/ zwei apfel<\/li>\n<li>5. erdbeer-wassermelone\/zitrone-limette<\/li>\n<li>6. blaubeer-himbeer\/kirsch-eis<\/li>\n<li>7.erdbeere himbeere kirsche\/ Herr Blau<\/li>\n<li>8. pfirsich-mango-ananas\/ Red Bull<\/li>\n<li>9 Wassermeloneneis\/gemischte Beeren<\/li>\n<li>10.Erdbeer-Banane\/Liebe 66\uff08Passionsfrucht-Melonen-Eis\uff09<\/li>\n<\/ul>\n<h2><strong>Details zur Verpackung<\/strong><\/h2>\n<ol>\n<li>10 St\u00fcck pro Karton<\/li>\n<li>160 St\u00fcck pro Karton<\/li>\n<li>Gewicht des Kartons: 18,5 kg<\/li>\n<\/ol>\n<figure id=\"attachment_20293\" aria-describedby=\"caption-attachment-20293\" style=\"width: 800px\" class=\"wp-caption alignnone\"><img loading=\"lazy\" decoding=\"async\" class=\"size-full wp-image-20293\" title=\"Uwin Crystal Twins 40K Einweg Vape Erdbeere Kiwi Traube Eis\" src=\"https:\/\/www.vape4wholesale.com\/wp-content\/uploads\/2025\/02\/Uwin-Crystal-Twins-40K-Disposable-Vape-Strawberry-Kiwi_Grape-Ice.webp\" alt=\"Uwin Crystal Twins 40K Einweg Vape Erdbeere Kiwi Traube Eis\" width=\"800\" height=\"800\" srcset=\"https:\/\/www.vape4wholesale.com\/wp-content\/uploads\/2025\/02\/Uwin-Crystal-Twins-40K-Disposable-Vape-Strawberry-Kiwi_Grape-Ice.webp 800w, https:\/\/www.vape4wholesale.com\/wp-content\/uploads\/2025\/02\/Uwin-Crystal-Twins-40K-Disposable-Vape-Strawberry-Kiwi_Grape-Ice-247x247.webp 247w, https:\/\/www.vape4wholesale.com\/wp-content\/uploads\/2025\/02\/Uwin-Crystal-Twins-40K-Disposable-Vape-Strawberry-Kiwi_Grape-Ice-100x100.webp 100w, https:\/\/www.vape4wholesale.com\/wp-content\/uploads\/2025\/02\/Uwin-Crystal-Twins-40K-Disposable-Vape-Strawberry-Kiwi_Grape-Ice-510x510.webp 510w, https:\/\/www.vape4wholesale.com\/wp-content\/uploads\/2025\/02\/Uwin-Crystal-Twins-40K-Disposable-Vape-Strawberry-Kiwi_Grape-Ice-64x64.webp 64w, https:\/\/www.vape4wholesale.com\/wp-content\/uploads\/2025\/02\/Uwin-Crystal-Twins-40K-Disposable-Vape-Strawberry-Kiwi_Grape-Ice-300x300.webp 300w, https:\/\/www.vape4wholesale.com\/wp-content\/uploads\/2025\/02\/Uwin-Crystal-Twins-40K-Disposable-Vape-Strawberry-Kiwi_Grape-Ice-150x150.webp 150w, https:\/\/www.vape4wholesale.com\/wp-content\/uploads\/2025\/02\/Uwin-Crystal-Twins-40K-Disposable-Vape-Strawberry-Kiwi_Grape-Ice-768x768.webp 768w, https:\/\/www.vape4wholesale.com\/wp-content\/uploads\/2025\/02\/Uwin-Crystal-Twins-40K-Disposable-Vape-Strawberry-Kiwi_Grape-Ice-12x12.webp 12w\" sizes=\"auto, (max-width: 800px) 100vw, 800px\" \/><figcaption id=\"caption-attachment-20293\" class=\"wp-caption-text\">Uwin Crystal Twins 40K Einweg Vape Gro\u00dfhandel<\/figcaption><\/figure>\n<figure id=\"attachment_20294\" aria-describedby=\"caption-attachment-20294\" style=\"width: 905px\" class=\"wp-caption alignnone\"><img loading=\"lazy\" decoding=\"async\" class=\"size-large wp-image-20294\" title=\"Uwin Crystal Twins 40K Einweg Vape Gro\u00dfhandel\" src=\"https:\/\/www.vape4wholesale.com\/wp-content\/uploads\/2025\/02\/Uwin-Crystal-Twins-40K-Disposable-Vape-Wholesale-905x1024.webp\" alt=\"Uwin Crystal Twins 40K Einweg Vape Gro\u00dfhandel\" width=\"905\" height=\"1024\" srcset=\"https:\/\/www.vape4wholesale.com\/wp-content\/uploads\/2025\/02\/Uwin-Crystal-Twins-40K-Disposable-Vape-Wholesale-905x1024.webp 905w, https:\/\/www.vape4wholesale.com\/wp-content\/uploads\/2025\/02\/Uwin-Crystal-Twins-40K-Disposable-Vape-Wholesale-510x577.webp 510w, https:\/\/www.vape4wholesale.com\/wp-content\/uploads\/2025\/02\/Uwin-Crystal-Twins-40K-Disposable-Vape-Wholesale-64x72.webp 64w, https:\/\/www.vape4wholesale.com\/wp-content\/uploads\/2025\/02\/Uwin-Crystal-Twins-40K-Disposable-Vape-Wholesale-265x300.webp 265w, https:\/\/www.vape4wholesale.com\/wp-content\/uploads\/2025\/02\/Uwin-Crystal-Twins-40K-Disposable-Vape-Wholesale-768x869.webp 768w, https:\/\/www.vape4wholesale.com\/wp-content\/uploads\/2025\/02\/Uwin-Crystal-Twins-40K-Disposable-Vape-Wholesale-11x12.webp 11w, https:\/\/www.vape4wholesale.com\/wp-content\/uploads\/2025\/02\/Uwin-Crystal-Twins-40K-Disposable-Vape-Wholesale.webp 1000w\" sizes=\"auto, (max-width: 905px) 100vw, 905px\" \/><figcaption id=\"caption-attachment-20294\" class=\"wp-caption-text\">Uwin Crystal Twins 40K Einweg Vape Gro\u00dfhandel<\/figcaption><\/figure>\n<h2>WARUM WIR?<\/h2>\r\n<ul>\r\n<li>Echte, vertrauensw\u00fcrdige und professionelle Vape-Quelle.<\/li>\r\n<li>100% Echtheitsgarantie: Wir bieten nur originale und echte Produkte, lehnen F\u00e4lschungen ab.<\/li>\r\n<li>100% Liefergarantie: Wir verwenden die beste Versandmethode, um sicherzustellen, dass Sie die Bestellung 100% erhalten.<\/li>\r\n<li>Wir geben Ihnen die Tracking-Nummer und den Versandaufkleber nach dem Versand und verfolgen die Ware f\u00fcr Sie, bis Sie sie abholen.<\/li>\r\n<li>Keine Zollprobleme, keine Z\u00f6lle<\/li>\r\n<\/ul>","protected":false},"excerpt":{"rendered":"<div class=\"wsppc_div_block woocommerce_before_add_to_cart_form\">\r\n<p><strong><span style=\"color: #00a859;\">Clear customs<\/span> before delivery &amp; 100% Delivery Guarantee, Delivery in 19~25 days around.\u00a0<\/strong><\/p>\r\n<\/div>","protected":false},"featured_media":20288,"comment_status":"open","ping_status":"closed","template":"","meta":[],"pwb-brand":[1274],"product_cat":[873],"product_tag":[24,683,936,1016,22],"class_list":{"0":"post-20283","1":"product","2":"type-product","3":"status-publish","4":"has-post-thumbnail","6":"pwb-brand-uwin","7":"product_cat-above-20k-puffs","8":"product_tag-wholesale","9":"product_tag-30-0ml","10":"product_tag-uwin","11":"product_tag-40000-puffs","12":"product_tag-disposable","13":"wcpa_has_options","15":"first","16":"instock","17":"featured","18":"shipping-taxable","19":"purchasable","20":"product-type-variable"},"aioseo_notices":[],"brands":[{"id":1274,"name":"Uwin","slug":"uwin"}],"_links":{"self":[{"href":"https:\/\/www.vape4wholesale.com\/de\/wp-json\/wp\/v2\/product\/20283","targetHints":{"allow":["GET"]}}],"collection":[{"href":"https:\/\/www.vape4wholesale.com\/de\/wp-json\/wp\/v2\/product"}],"about":[{"href":"https:\/\/www.vape4wholesale.com\/de\/wp-json\/wp\/v2\/types\/product"}],"replies":[{"embeddable":true,"href":"https:\/\/www.vape4wholesale.com\/de\/wp-json\/wp\/v2\/comments?post=20283"}],"wp:featuredmedia":[{"embeddable":true,"href":"https:\/\/www.vape4wholesale.com\/de\/wp-json\/wp\/v2\/media\/20288"}],"wp:attachment":[{"href":"https:\/\/www.vape4wholesale.com\/de\/wp-json\/wp\/v2\/media?parent=20283"}],"wp:term":[{"taxonomy":"pwb-brand","embeddable":true,"href":"https:\/\/www.vape4wholesale.com\/de\/wp-json\/wp\/v2\/pwb-brand?post=20283"},{"taxonomy":"product_cat","embeddable":true,"href":"https:\/\/www.vape4wholesale.com\/de\/wp-json\/wp\/v2\/product_cat?post=20283"},{"taxonomy":"product_tag","embeddable":true,"href":"https:\/\/www.vape4wholesale.com\/de\/wp-json\/wp\/v2\/product_tag?post=20283"}],"curies":[{"name":"wp","href":"https:\/\/api.w.org\/{rel}","templated":true}]}}