{"id":19715,"date":"2025-02-04T23:14:18","date_gmt":"2025-02-04T15:14:18","guid":{"rendered":"https:\/\/www.vape4wholesale.com\/?post_type=product&#038;p=19715"},"modified":"2026-01-27T13:46:32","modified_gmt":"2026-01-27T13:46:32","slug":"bang-32000-puffs-einweg-vape-groshandel-2","status":"publish","type":"product","link":"https:\/\/www.vape4wholesale.com\/de\/product\/bang-32000-puffs-disposable-vape-wholesale","title":{"rendered":"Bang 32000 Puffs Einweg Vape Gro\u00dfhandel"},"content":{"rendered":"<p>Die <strong><a title=\"Bang\" href=\"https:\/\/www.vape4wholesale.com\/de\/produkt_marke\/bang\/\">Bang<\/a> <\/strong>Der 32000 ist ein sch\u00f6n designter Einwegdampfer, der eine au\u00dfergew\u00f6hnliche Balance aus Geschmack, Leistung und Komfort bietet. Egal, ob Sie ein erfahrener Vaper oder neuer sind, dieses Ger\u00e4t verspricht eine nahtlose und anpassbare Erfahrung, mit fortschrittlichen Funktionen wie einstellbare Leistung, ein Smart-Screen-Display und eine massive Puff-Kapazit\u00e4t von 32.000 Z\u00fcgen.<\/p>\n<h2><strong>Was den Bang 32000 Disposable Vape auszeichnet<\/strong><\/h2>\n<ul>\n<li><strong>W\u00e4hlbare Nikotinst\u00e4rken<\/strong><br \/>\nDie\u00a0<strong>Bang 32000 Puffs<\/strong>\u00a0bietet vier Nikotinoptionen:\u00a0<strong>0%, 2%, 3% und 5%<\/strong>. W\u00e4hlen Sie die Stufe, die Ihren Vorlieben am besten entspricht, vom nikotinfreien Genuss bis hin zu einem st\u00e4rkeren Zug f\u00fcr erfahrenere Nutzer.<\/li>\n<li><strong>Massive Puffkapazit\u00e4t<\/strong><br \/>\nMit einer gro\u00dfz\u00fcgigen\u00a0<strong>32.000 Z\u00fcge<\/strong>die\u00a0<strong>Bang 32000 Puffs<\/strong>\u00a0macht h\u00e4ufiges Auswechseln \u00fcberfl\u00fcssig. Diese erweiterte Puff-Kapazit\u00e4t sorgt daf\u00fcr, dass Sie ununterbrochenes Dampfen \u00fcber einen l\u00e4ngeren Zeitraum genie\u00dfen k\u00f6nnen.<\/li>\n<li><strong>Hohe E-Liquid-Kapazit\u00e4t<\/strong><br \/>\nAusgestattet mit einem\u00a0<strong>32mL e-Fl\u00fcssigkeit<\/strong>\u00a0Tank, der\u00a0<strong>Bang 32000 Puffs<\/strong>\u00a0wurde f\u00fcr eine optimale Geschmacksabgabe entwickelt, was den Bedarf an st\u00e4ndigem Nachf\u00fcllen reduziert und l\u00e4ngere Sitzungen erm\u00f6glicht.<\/li>\n<li><strong>Erweiterte Dual-Mesh-Spule<\/strong><br \/>\nAusgestattet mit einem\u00a0<strong>0,5\u03a9 Doppelmaschenspule<\/strong>Dieses Ger\u00e4t verbessert die Dampfproduktion und die Geschmackskonsistenz und liefert mit jedem Zug weichen, kr\u00e4ftigen und reichhaltigen Dampf.<\/li>\n<li><strong>Intelligentes Vollbild-Display<\/strong><br \/>\nDie\u00a0<strong>Bang 32000 Puffs<\/strong>\u00a0ist konzipiert mit einer\u00a0<strong>intelligenter Bildschirm<\/strong>\u00a0die sowohl den \u00d6lstand als auch die Batterielebensdauer anzeigt, so dass Sie immer \u00fcber den Status Ihres Ger\u00e4ts informiert sind. Kein R\u00e4tselraten mehr!<\/li>\n<li><strong>650mAh wiederaufladbare Batterie<\/strong><br \/>\nAngetrieben von einem lang anhaltenden<strong>\u00a0650mAh-Akku<\/strong>sorgt dieses Ger\u00e4t f\u00fcr ein ganzt\u00e4giges Dampferlebnis. Und mit der Typ-C-Schnellladefunktion k\u00f6nnen Sie den Vape schnell und bequem aufladen.<\/li>\n<li><strong>Einstellbare Leistung<\/strong><br \/>\nPassen Sie Ihr Dampferlebnis an mit\u00a0<strong>einstellbare Leistung<\/strong>\u00a0Einstellungen. Mit dieser Funktion kannst Du Deine Verdampfung auf Deine speziellen Bed\u00fcrfnisse abstimmen, um jedes Mal den perfekten Zug zu erhalten.<\/li>\n<\/ul>\n<h2><strong>Verf\u00fcgbare Geschmacksrichtungen<\/strong><\/h2>\n<ol>\n<li>Heidelbeere-Himbeere<\/li>\n<li>Wassermelone Kirsche<\/li>\n<li>Blaubeereis<\/li>\n<li>Wassermelone Eis<\/li>\n<li>Erdbeere Wassermelone<\/li>\n<li>Erdbeer-Kiwi<\/li>\n<li>Red Bull<\/li>\n<li>Wassermelone Bubblegum<\/li>\n<li>Traubeneis<\/li>\n<li>Pfirsich-Mango<\/li>\n<li>Pfirsich-Eis<\/li>\n<li>Gemischtes Obst<\/li>\n<\/ol>\n<h2><strong>Details zur Verpackung<\/strong><\/h2>\n<ul>\n<li>1\/ einzelne Schachtel<\/li>\n<li>10\/ Display-Box<\/li>\n<li>180\/Karton, 21,5kg<\/li>\n<\/ul>\n<figure id=\"attachment_19716\" aria-describedby=\"caption-attachment-19716\" style=\"width: 692px\" class=\"wp-caption alignnone\"><img loading=\"lazy\" decoding=\"async\" class=\"wp-image-19716 size-full\" title=\"Bang 32000 Puffs Einweg Vape Gro\u00dfhandel\" src=\"https:\/\/www.vape4wholesale.com\/wp-content\/uploads\/2025\/02\/Bang-32000-Puffs-Disposable-Vape-Wholesale.webp\" alt=\"Bang 32000 Puffs Einweg Vape Gro\u00dfhandel\" width=\"692\" height=\"1323\" srcset=\"https:\/\/www.vape4wholesale.com\/wp-content\/uploads\/2025\/02\/Bang-32000-Puffs-Disposable-Vape-Wholesale.webp 692w, https:\/\/www.vape4wholesale.com\/wp-content\/uploads\/2025\/02\/Bang-32000-Puffs-Disposable-Vape-Wholesale-510x975.webp 510w, https:\/\/www.vape4wholesale.com\/wp-content\/uploads\/2025\/02\/Bang-32000-Puffs-Disposable-Vape-Wholesale-64x122.webp 64w, https:\/\/www.vape4wholesale.com\/wp-content\/uploads\/2025\/02\/Bang-32000-Puffs-Disposable-Vape-Wholesale-157x300.webp 157w, https:\/\/www.vape4wholesale.com\/wp-content\/uploads\/2025\/02\/Bang-32000-Puffs-Disposable-Vape-Wholesale-536x1024.webp 536w, https:\/\/www.vape4wholesale.com\/wp-content\/uploads\/2025\/02\/Bang-32000-Puffs-Disposable-Vape-Wholesale-6x12.webp 6w\" sizes=\"auto, (max-width: 692px) 100vw, 692px\" \/><figcaption id=\"caption-attachment-19716\" class=\"wp-caption-text\">Bang 32000 Puffs Einweg Vape Gro\u00dfhandel<\/figcaption><\/figure>\n<h2>WARUM WIR?<\/h2>\r\n<ul>\r\n<li>Echte, vertrauensw\u00fcrdige und professionelle Vape-Quelle.<\/li>\r\n<li>100% Echtheitsgarantie: Wir bieten nur originale und echte Produkte, lehnen F\u00e4lschungen ab.<\/li>\r\n<li>100% Liefergarantie: Wir verwenden die beste Versandmethode, um sicherzustellen, dass Sie die Bestellung 100% erhalten.<\/li>\r\n<li>Wir geben Ihnen die Tracking-Nummer und den Versandaufkleber nach dem Versand und verfolgen die Ware f\u00fcr Sie, bis Sie sie abholen.<\/li>\r\n<li>Keine Zollprobleme, keine Z\u00f6lle<\/li>\r\n<\/ul>","protected":false},"excerpt":{"rendered":"<div class=\"wsppc_div_block woocommerce_before_add_to_cart_form\">\r\n<p><strong><span style=\"color: #00a859;\">Clear customs<\/span> before delivery &amp; 100% Delivery Guarantee, Delivery in 19~25 days around.\u00a0<\/strong><\/p>\r\n<\/div>","protected":false},"featured_media":19730,"comment_status":"open","ping_status":"closed","template":"","meta":[],"pwb-brand":[1275],"product_cat":[873],"product_tag":[22,24,249,944,1047],"class_list":{"0":"post-19715","1":"product","2":"type-product","3":"status-publish","4":"has-post-thumbnail","6":"pwb-brand-bang","7":"product_cat-above-20k-puffs","8":"product_tag-disposable","9":"product_tag-wholesale","10":"product_tag-bang","11":"product_tag-32000-puffs","12":"product_tag-32-0ml","13":"wcpa_has_options","15":"first","16":"instock","17":"shipping-taxable","18":"purchasable","19":"product-type-variable"},"aioseo_notices":[],"brands":[{"id":1275,"name":"Bang","slug":"bang"}],"_links":{"self":[{"href":"https:\/\/www.vape4wholesale.com\/de\/wp-json\/wp\/v2\/product\/19715","targetHints":{"allow":["GET"]}}],"collection":[{"href":"https:\/\/www.vape4wholesale.com\/de\/wp-json\/wp\/v2\/product"}],"about":[{"href":"https:\/\/www.vape4wholesale.com\/de\/wp-json\/wp\/v2\/types\/product"}],"replies":[{"embeddable":true,"href":"https:\/\/www.vape4wholesale.com\/de\/wp-json\/wp\/v2\/comments?post=19715"}],"wp:featuredmedia":[{"embeddable":true,"href":"https:\/\/www.vape4wholesale.com\/de\/wp-json\/wp\/v2\/media\/19730"}],"wp:attachment":[{"href":"https:\/\/www.vape4wholesale.com\/de\/wp-json\/wp\/v2\/media?parent=19715"}],"wp:term":[{"taxonomy":"pwb-brand","embeddable":true,"href":"https:\/\/www.vape4wholesale.com\/de\/wp-json\/wp\/v2\/pwb-brand?post=19715"},{"taxonomy":"product_cat","embeddable":true,"href":"https:\/\/www.vape4wholesale.com\/de\/wp-json\/wp\/v2\/product_cat?post=19715"},{"taxonomy":"product_tag","embeddable":true,"href":"https:\/\/www.vape4wholesale.com\/de\/wp-json\/wp\/v2\/product_tag?post=19715"}],"curies":[{"name":"wp","href":"https:\/\/api.w.org\/{rel}","templated":true}]}}