{"id":18876,"date":"2025-01-07T12:07:18","date_gmt":"2025-01-07T04:07:18","guid":{"rendered":"https:\/\/www.vape4wholesale.com\/?post_type=product&#038;p=18876"},"modified":"2026-01-27T13:47:37","modified_gmt":"2026-01-27T13:47:37","slug":"happ-bar-twin-pod-25000-puffs-wegwerfbare-vape-groshandel","status":"publish","type":"product","link":"https:\/\/www.vape4wholesale.com\/de\/product\/happ-bar-twin-pod-25000-puffs-disposable-vape-wholesale","title":{"rendered":"Happ Bar Twin Pod 25000 Puffs Einweg Vape Gro\u00dfhandel"},"content":{"rendered":"<p>Die <a title=\"Happ Bar\" href=\"https:\/\/www.vape4wholesale.com\/de\/produkt_marke\/glucksbar\/\">Happ Bar<\/a> Twin Pod 25000 ist mit eingebauten Doppel-Pods ausgestattet, so dass 2 Geschmacksrichtungen in einem Ger\u00e4t m\u00f6glich sind. Um verschiedene Geschmacksrichtungen einzustellen, heben Sie einfach das Mundst\u00fcck und drehen Sie es.<\/p>\n<p>Das Display zeigt genau die verbleibende Batterie- und Fl\u00fcssigkeitsmenge an und ist in einem schwarzen Streifen untergebracht, der von oben nach unten verl\u00e4uft, wodurch sich das gesamte Design gut einf\u00fcgt.<\/p>\n<p>Es hat 2 eingebaute 16ml Pods mit einer Gesamtkapazit\u00e4t von bis zu 32ml eliquid, inzwischen, 2 Mesh-Spulen verbessert die Leistung und vaping Erfahrung des Ger\u00e4tes. Es unterst\u00fctzt bis zu 25000 Puffs.<\/p>\n<h2>Happ Bar Twin Pod 25000 Vape Schnelles Detail<\/h2>\n<ul>\n<li>Puffs: Bis zu 25.000<\/li>\n<li>Nikotinst\u00e4rke: 2%, 5%<\/li>\n<li>Akku-Kapazit\u00e4t: 650mAh<\/li>\n<li>Ladeanschluss: Typpe C<\/li>\n<li>Widerstand: 1,0 Ohm<\/li>\n<li>Fassungsverm\u00f6gen: 16ml+16ml<\/li>\n<\/ul>\n<h2>Verf\u00fcgbare Geschmacksrichtungen<\/h2>\n<ol>\n<li>Blue Razz Limonade &amp; Pfirsicheis<\/li>\n<li>Blaubeere-Kirsche-Cranberry &amp; Wassermelone Kaugummi<\/li>\n<li>Heidelbeer-Himbeer-Zitronen-Kirsch-Eis<\/li>\n<li>Pfirsich-Mango-Ananas-Eis &amp; Erdbeere<\/li>\n<li>Ananas-Kokosnuss-Blaubeer-Eis<\/li>\n<li>Himbeer-Karamell &amp; Doppelter Apfel<\/li>\n<li>Red Bull Ice &amp; Hami Melone<\/li>\n<li>Erdbeere, Banane und Cola-Eis<\/li>\n<li>Erdbeer-Kiwi &amp; Lush Ice<\/li>\n<li>Erdbeer-Vanille-Cola &amp; gemischte Beeren<\/li>\n<li>Wassermeloneneis &amp; Zitrone-Limette<\/li>\n<\/ol>\n<figure id=\"attachment_18842\" aria-describedby=\"caption-attachment-18842\" style=\"width: 800px\" class=\"wp-caption alignnone\"><img loading=\"lazy\" decoding=\"async\" class=\"size-full wp-image-18842\" title=\"Happ Bar Twin Pod 25000 Puffs Einweg Vape Gro\u00dfhandel\" src=\"https:\/\/www.vape4wholesale.com\/wp-content\/uploads\/2025\/01\/Happ-Bar-Twin-Pod-25000-Puffs-Disposable-Vape-Wholesale.webp\" alt=\"Happ Bar Twin Pod 25000 Puffs Einweg Vape Gro\u00dfhandel\" width=\"800\" height=\"800\" srcset=\"https:\/\/www.vape4wholesale.com\/wp-content\/uploads\/2025\/01\/Happ-Bar-Twin-Pod-25000-Puffs-Disposable-Vape-Wholesale.webp 800w, https:\/\/www.vape4wholesale.com\/wp-content\/uploads\/2025\/01\/Happ-Bar-Twin-Pod-25000-Puffs-Disposable-Vape-Wholesale-247x247.webp 247w, https:\/\/www.vape4wholesale.com\/wp-content\/uploads\/2025\/01\/Happ-Bar-Twin-Pod-25000-Puffs-Disposable-Vape-Wholesale-100x100.webp 100w, https:\/\/www.vape4wholesale.com\/wp-content\/uploads\/2025\/01\/Happ-Bar-Twin-Pod-25000-Puffs-Disposable-Vape-Wholesale-510x510.webp 510w, https:\/\/www.vape4wholesale.com\/wp-content\/uploads\/2025\/01\/Happ-Bar-Twin-Pod-25000-Puffs-Disposable-Vape-Wholesale-64x64.webp 64w, https:\/\/www.vape4wholesale.com\/wp-content\/uploads\/2025\/01\/Happ-Bar-Twin-Pod-25000-Puffs-Disposable-Vape-Wholesale-300x300.webp 300w, https:\/\/www.vape4wholesale.com\/wp-content\/uploads\/2025\/01\/Happ-Bar-Twin-Pod-25000-Puffs-Disposable-Vape-Wholesale-150x150.webp 150w, https:\/\/www.vape4wholesale.com\/wp-content\/uploads\/2025\/01\/Happ-Bar-Twin-Pod-25000-Puffs-Disposable-Vape-Wholesale-768x768.webp 768w, https:\/\/www.vape4wholesale.com\/wp-content\/uploads\/2025\/01\/Happ-Bar-Twin-Pod-25000-Puffs-Disposable-Vape-Wholesale-12x12.webp 12w\" sizes=\"auto, (max-width: 800px) 100vw, 800px\" \/><figcaption id=\"caption-attachment-18842\" class=\"wp-caption-text\">Happ Bar Twin Pod 25000 Puffs Einweg Vape Gro\u00dfhandel<\/figcaption><\/figure>\n<h2>WARUM WIR?<\/h2>\r\n<ul>\r\n<li>Echte, vertrauensw\u00fcrdige und professionelle Vape-Quelle.<\/li>\r\n<li>100% Echtheitsgarantie: Wir bieten nur originale und echte Produkte, lehnen F\u00e4lschungen ab.<\/li>\r\n<li>100% Liefergarantie: Wir verwenden die beste Versandmethode, um sicherzustellen, dass Sie die Bestellung 100% erhalten.<\/li>\r\n<li>Wir geben Ihnen die Tracking-Nummer und den Versandaufkleber nach dem Versand und verfolgen die Ware f\u00fcr Sie, bis Sie sie abholen.<\/li>\r\n<li>Keine Zollprobleme, keine Z\u00f6lle<\/li>\r\n<\/ul>\n<p>&nbsp;<\/p>","protected":false},"excerpt":{"rendered":"<p><span style=\"color: #0000ff;\"><strong>Dieses Produkt ist nicht mehr verf\u00fcgbar, klicken Sie <span style=\"color: #ed1c24;\"><a style=\"color: #ed1c24;\" title=\"Happ Bar Twin Pod 35000 Vape\" href=\"https:\/\/www.vape4wholesale.com\/de\/produkt\/happ-bar-twin-pod-35000-einweg-vape\/\" target=\"_blank\" rel=\"noopener\">hier<\/a><\/span> um den Produktlink f\u00fcr die neue Version des 35000 Twin Pod zu besuchen.<\/strong><\/span><\/p>","protected":false},"featured_media":18847,"comment_status":"open","ping_status":"closed","template":"","meta":[],"pwb-brand":[1267],"product_cat":[938],"product_tag":[22,24,915,1035,1047],"class_list":{"0":"post-18876","1":"product","2":"type-product","3":"status-publish","4":"has-post-thumbnail","6":"pwb-brand-happ-bar","7":"product_cat-europe-warehouse","8":"product_tag-disposable","9":"product_tag-wholesale","10":"product_tag-25000-puffs","11":"product_tag-happ-bar","12":"product_tag-32-0ml","13":"product_shipping_class-eu-warehouse","14":"wcpa_has_options","16":"first","17":"outofstock","18":"shipping-taxable","19":"purchasable","20":"product-type-variable"},"aioseo_notices":[],"brands":[{"id":1267,"name":"Happ Bar","slug":"glucksbar"}],"_links":{"self":[{"href":"https:\/\/www.vape4wholesale.com\/de\/wp-json\/wp\/v2\/product\/18876","targetHints":{"allow":["GET"]}}],"collection":[{"href":"https:\/\/www.vape4wholesale.com\/de\/wp-json\/wp\/v2\/product"}],"about":[{"href":"https:\/\/www.vape4wholesale.com\/de\/wp-json\/wp\/v2\/types\/product"}],"replies":[{"embeddable":true,"href":"https:\/\/www.vape4wholesale.com\/de\/wp-json\/wp\/v2\/comments?post=18876"}],"wp:featuredmedia":[{"embeddable":true,"href":"https:\/\/www.vape4wholesale.com\/de\/wp-json\/wp\/v2\/media\/18847"}],"wp:attachment":[{"href":"https:\/\/www.vape4wholesale.com\/de\/wp-json\/wp\/v2\/media?parent=18876"}],"wp:term":[{"taxonomy":"pwb-brand","embeddable":true,"href":"https:\/\/www.vape4wholesale.com\/de\/wp-json\/wp\/v2\/pwb-brand?post=18876"},{"taxonomy":"product_cat","embeddable":true,"href":"https:\/\/www.vape4wholesale.com\/de\/wp-json\/wp\/v2\/product_cat?post=18876"},{"taxonomy":"product_tag","embeddable":true,"href":"https:\/\/www.vape4wholesale.com\/de\/wp-json\/wp\/v2\/product_tag?post=18876"}],"curies":[{"name":"wp","href":"https:\/\/api.w.org\/{rel}","templated":true}]}}