{"id":18581,"date":"2024-12-23T12:29:39","date_gmt":"2024-12-23T04:29:39","guid":{"rendered":"https:\/\/www.vape4wholesale.com\/?post_type=product&#038;p=18581"},"modified":"2026-01-26T13:39:48","modified_gmt":"2026-01-26T13:39:48","slug":"zzooy-firzen-35000-puffs-einweg-vape-groshandel","status":"publish","type":"product","link":"https:\/\/www.vape4wholesale.com\/de\/product\/zzooy-firzen-35000-puffs-disposable-vape-wholesale","title":{"rendered":"Zooy Firzen 35000 Puffs Einweg Vape Gro\u00dfhandel"},"content":{"rendered":"<p>die <a title=\"Zooy\" href=\"https:\/\/www.vape4wholesale.com\/de\/produkt_marke\/zooy\/\"><strong>Zooy<\/strong><\/a> Firzen 35000 mit K\u00fchlung und Nikotin-Einstellung mit drei Stufen ausgestattet. bauen mit 30ml ejuice pod und 650mah Akku erm\u00f6glicht es, bis zu 35.000 Z\u00fcge zu unterst\u00fctzen.<\/p>\n<p>Der Zooy Firzen ist aus Metall gefertigt und f\u00e4llt durch sein flaches \u00c4u\u00dferes auf. Beim Dampfen zeigt die Unterseite verschiedene Farben an, wobei ein rotes Licht aufleuchtet, um anzuzeigen, dass Sie eine niedrige K\u00fchlstufe mit wenig Nikotin eingestellt haben. Das gr\u00fcne Licht leuchtet auf, um anzuzeigen, dass Sie die mittelk\u00fchle, mittlere Nikotineinstellung verwenden. Ein blaues Licht zeigt an, dass Sie die Einstellung f\u00fcr hohe K\u00fchlung und hohen Nikotinwert verwenden.<\/p>\n<p>Wie k\u00f6nnen Sie die Einstellungen von Zooy Firezen \u00e4ndern? Das ist ganz einfach, klicken Sie einfach zweimal, um zur n\u00e4chsten Stufe zu wechseln.<\/p>\n<h2>Zooy Firzen 35000 Einweg Vape Schnelle Details<\/h2>\n<ul>\n<li>Puffs Unterst\u00fctzung: 35,000<\/li>\n<li>Hauptfunktion: K\u00fchle &amp; Nikotinkontrolle<\/li>\n<li>Fl\u00fcssig: 30ml<\/li>\n<li>Batteriekapazit\u00e4t: 650mAh<\/li>\n<li>K\u00f6rpergewicht: 90g<\/li>\n<li>Geh\u00e4use Gr\u00f6\u00dfe: 103.5*45*21mm<\/li>\n<li>1,0+1,0 Ohm Doppel-Mesh-Spule<\/li>\n<li>3 Farben LGB Licht<\/li>\n<li>TYPE-C Wiederaufladbar<\/li>\n<\/ul>\n<h2>Verf\u00fcgbare Geschmacksrichtungen<\/h2>\n<ul>\n<li>01. Wassermelone Eis<\/li>\n<li>02. Aloe Traube<\/li>\n<li>03. Erdbeer-Banane<\/li>\n<li>04. Erdbeer-Himbeer-Kiwi<\/li>\n<li>05. Heidelbeer-Himbeer-Limonade<\/li>\n<li>06. Ananas-Kokosnuss<\/li>\n<li>07. Menthol<\/li>\n<li>08. Erdbeere Wassermelone<\/li>\n<li>09. Gemischte Beere<\/li>\n<li>10. Brombeere Cranberry<\/li>\n<\/ul>\n<h2>Details zur Verpackung<\/h2>\n<ul>\n<li>1St\u00fcck\/Einzelkarton<\/li>\n<li>10 St\u00fcck\/Displaybox<\/li>\n<li>200 St\u00fcck\/Karton<\/li>\n<li>20kg\/Karton<\/li>\n<\/ul>\n<figure id=\"attachment_18582\" aria-describedby=\"caption-attachment-18582\" style=\"width: 800px\" class=\"wp-caption alignnone\"><img loading=\"lazy\" decoding=\"async\" class=\"size-full wp-image-18582\" title=\"Zooy Firzen 35000 Puffs Einweg Vape Gro\u00dfhandel\" src=\"https:\/\/www.vape4wholesale.com\/wp-content\/uploads\/2024\/12\/Zooy-Firzen-35000-Puffs-Disposable-Vape-Wholesale.webp\" alt=\"Zooy Firzen 35000 Puffs Einweg Vape Gro\u00dfhandel\" width=\"800\" height=\"800\" srcset=\"https:\/\/www.vape4wholesale.com\/wp-content\/uploads\/2024\/12\/Zooy-Firzen-35000-Puffs-Disposable-Vape-Wholesale.webp 800w, https:\/\/www.vape4wholesale.com\/wp-content\/uploads\/2024\/12\/Zooy-Firzen-35000-Puffs-Disposable-Vape-Wholesale-247x247.webp 247w, https:\/\/www.vape4wholesale.com\/wp-content\/uploads\/2024\/12\/Zooy-Firzen-35000-Puffs-Disposable-Vape-Wholesale-100x100.webp 100w, https:\/\/www.vape4wholesale.com\/wp-content\/uploads\/2024\/12\/Zooy-Firzen-35000-Puffs-Disposable-Vape-Wholesale-510x510.webp 510w, https:\/\/www.vape4wholesale.com\/wp-content\/uploads\/2024\/12\/Zooy-Firzen-35000-Puffs-Disposable-Vape-Wholesale-64x64.webp 64w, https:\/\/www.vape4wholesale.com\/wp-content\/uploads\/2024\/12\/Zooy-Firzen-35000-Puffs-Disposable-Vape-Wholesale-300x300.webp 300w, https:\/\/www.vape4wholesale.com\/wp-content\/uploads\/2024\/12\/Zooy-Firzen-35000-Puffs-Disposable-Vape-Wholesale-150x150.webp 150w, https:\/\/www.vape4wholesale.com\/wp-content\/uploads\/2024\/12\/Zooy-Firzen-35000-Puffs-Disposable-Vape-Wholesale-768x768.webp 768w, https:\/\/www.vape4wholesale.com\/wp-content\/uploads\/2024\/12\/Zooy-Firzen-35000-Puffs-Disposable-Vape-Wholesale-12x12.webp 12w\" sizes=\"auto, (max-width: 800px) 100vw, 800px\" \/><figcaption id=\"caption-attachment-18582\" class=\"wp-caption-text\">Zooy Firzen 35000 Puffs Einweg Vape Gro\u00dfhandel<\/figcaption><\/figure>\n<figure id=\"attachment_18583\" aria-describedby=\"caption-attachment-18583\" style=\"width: 800px\" class=\"wp-caption alignnone\"><img loading=\"lazy\" decoding=\"async\" class=\"wp-image-18583 size-full\" title=\"Zooy Firzen 35000 Puffs Einweg Vape Gro\u00dfhandel Display Box\" src=\"https:\/\/www.vape4wholesale.com\/wp-content\/uploads\/2024\/12\/Zooy-Firzen-35000-Puffs-Disposable-Vape-Wholesale-Display-Box.webp\" alt=\"Zooy Firzen 35000 Puffs Einweg Vape Gro\u00dfhandel Display Box\" width=\"800\" height=\"800\" srcset=\"https:\/\/www.vape4wholesale.com\/wp-content\/uploads\/2024\/12\/Zooy-Firzen-35000-Puffs-Disposable-Vape-Wholesale-Display-Box.webp 800w, https:\/\/www.vape4wholesale.com\/wp-content\/uploads\/2024\/12\/Zooy-Firzen-35000-Puffs-Disposable-Vape-Wholesale-Display-Box-247x247.webp 247w, https:\/\/www.vape4wholesale.com\/wp-content\/uploads\/2024\/12\/Zooy-Firzen-35000-Puffs-Disposable-Vape-Wholesale-Display-Box-100x100.webp 100w, https:\/\/www.vape4wholesale.com\/wp-content\/uploads\/2024\/12\/Zooy-Firzen-35000-Puffs-Disposable-Vape-Wholesale-Display-Box-510x510.webp 510w, https:\/\/www.vape4wholesale.com\/wp-content\/uploads\/2024\/12\/Zooy-Firzen-35000-Puffs-Disposable-Vape-Wholesale-Display-Box-64x64.webp 64w, https:\/\/www.vape4wholesale.com\/wp-content\/uploads\/2024\/12\/Zooy-Firzen-35000-Puffs-Disposable-Vape-Wholesale-Display-Box-300x300.webp 300w, https:\/\/www.vape4wholesale.com\/wp-content\/uploads\/2024\/12\/Zooy-Firzen-35000-Puffs-Disposable-Vape-Wholesale-Display-Box-150x150.webp 150w, https:\/\/www.vape4wholesale.com\/wp-content\/uploads\/2024\/12\/Zooy-Firzen-35000-Puffs-Disposable-Vape-Wholesale-Display-Box-768x768.webp 768w, https:\/\/www.vape4wholesale.com\/wp-content\/uploads\/2024\/12\/Zooy-Firzen-35000-Puffs-Disposable-Vape-Wholesale-Display-Box-12x12.webp 12w\" sizes=\"auto, (max-width: 800px) 100vw, 800px\" \/><figcaption id=\"caption-attachment-18583\" class=\"wp-caption-text\">Zooy Firzen 35000 Puffs Einweg Vape Gro\u00dfhandel Display Box<\/figcaption><\/figure>\n<h2>WARUM WIR?<\/h2>\r\n<ul>\r\n<li>Echte, vertrauensw\u00fcrdige und professionelle Vape-Quelle.<\/li>\r\n<li>100% Echtheitsgarantie: Wir bieten nur originale und echte Produkte, lehnen F\u00e4lschungen ab.<\/li>\r\n<li>100% Liefergarantie: Wir verwenden die beste Versandmethode, um sicherzustellen, dass Sie die Bestellung 100% erhalten.<\/li>\r\n<li>Wir geben Ihnen die Tracking-Nummer und den Versandaufkleber nach dem Versand und verfolgen die Ware f\u00fcr Sie, bis Sie sie abholen.<\/li>\r\n<li>Keine Zollprobleme, keine Z\u00f6lle<\/li>\r\n<\/ul>","protected":false},"excerpt":{"rendered":"<div class=\"wsppc_div_block woocommerce_before_add_to_cart_form\">\r\n<p><strong><span style=\"color: #00a859;\">Zollabfertigung<\/span> vor Lieferung &amp; 100% Liefergarantie, Lieferung in ca. 19-25 Tagen.\u00a0<\/strong><\/p>\r\n<\/div>","protected":false},"featured_media":18582,"comment_status":"open","ping_status":"closed","template":"","meta":[],"pwb-brand":[1273],"product_cat":[873],"product_tag":[1022,1023,1024,22,24],"class_list":{"0":"post-18581","1":"product","2":"type-product","3":"status-publish","4":"has-post-thumbnail","6":"pwb-brand-zooy","7":"product_cat-above-20k-puffs","8":"product_tag-zooy","9":"product_tag-35000-puffs","10":"product_tag-30-ml","11":"product_tag-disposable","12":"product_tag-wholesale","13":"wcpa_has_options","15":"first","16":"instock","17":"shipping-taxable","18":"purchasable","19":"product-type-variable"},"aioseo_notices":[],"brands":[{"id":1273,"name":"Zooy","slug":"zooy"}],"_links":{"self":[{"href":"https:\/\/www.vape4wholesale.com\/de\/wp-json\/wp\/v2\/product\/18581","targetHints":{"allow":["GET"]}}],"collection":[{"href":"https:\/\/www.vape4wholesale.com\/de\/wp-json\/wp\/v2\/product"}],"about":[{"href":"https:\/\/www.vape4wholesale.com\/de\/wp-json\/wp\/v2\/types\/product"}],"replies":[{"embeddable":true,"href":"https:\/\/www.vape4wholesale.com\/de\/wp-json\/wp\/v2\/comments?post=18581"}],"wp:featuredmedia":[{"embeddable":true,"href":"https:\/\/www.vape4wholesale.com\/de\/wp-json\/wp\/v2\/media\/18582"}],"wp:attachment":[{"href":"https:\/\/www.vape4wholesale.com\/de\/wp-json\/wp\/v2\/media?parent=18581"}],"wp:term":[{"taxonomy":"pwb-brand","embeddable":true,"href":"https:\/\/www.vape4wholesale.com\/de\/wp-json\/wp\/v2\/pwb-brand?post=18581"},{"taxonomy":"product_cat","embeddable":true,"href":"https:\/\/www.vape4wholesale.com\/de\/wp-json\/wp\/v2\/product_cat?post=18581"},{"taxonomy":"product_tag","embeddable":true,"href":"https:\/\/www.vape4wholesale.com\/de\/wp-json\/wp\/v2\/product_tag?post=18581"}],"curies":[{"name":"wp","href":"https:\/\/api.w.org\/{rel}","templated":true}]}}