{"id":1852,"date":"2022-07-29T10:37:10","date_gmt":"2022-07-29T02:37:10","guid":{"rendered":"https:\/\/www.vape4wholesale.com\/?post_type=product&#038;p=1852"},"modified":"2026-01-26T13:43:25","modified_gmt":"2026-01-26T13:43:25","slug":"randm-tornado-7000-puffs-einweg-vape-groshandel","status":"publish","type":"product","link":"https:\/\/www.vape4wholesale.com\/de\/produkt\/randm-tornado-7000-puffs-einweg-vape-groshandel","title":{"rendered":"RandM Tornado 7000 Puffs Einweg Vape Gro\u00dfhandel"},"content":{"rendered":"<p><strong><a href=\"https:\/\/www.vape4wholesale.com\/de\/produkt_marke\/randm\/\">RandM<\/a> Tornado 7000<\/strong>\u00a0ist ein Einweg-Vape-Ger\u00e4t mit Airflow-Steuerung und es ist wiederaufladbar. Es enth\u00e4lt 14ml 5% Nikotinsalz E-Saft und verdampfen bis zu 7000 Z\u00fcge. Es gibt 20 Geschmacksrichtungen f\u00fcr Sie zu w\u00e4hlen. Die Luftstromsteuerung k\u00f6nnen Sie die beste Stelle w\u00e4hlen Sie sich selbst und es kommt mit einem wiederaufladbaren Typ-C-Anschluss an der Unterseite des Ger\u00e4ts, die Sie beenden den letzten Tropfen des ejuice in den Tank die ganze Zeit gurantte.<\/p>\n<h2><b data-stringify-type=\"bold\">RandM Tornado 7000 Einweg Vape Eigenschaften<\/b><\/h2>\n<ul>\n<li>0\/2\/3\/5% Nikotinsalz<\/li>\n<li>14ML E-Fl\u00fcssigkeit<\/li>\n<li>7000 Puffs pro Ger\u00e4t<\/li>\n<li>Luftstromregelung<\/li>\n<li>Typ-C Aufladung<\/li>\n<li>Wiederaufladbare Batterie<\/li>\n<li>Integrierter 850mAh Akku<\/li>\n<li>52 Geschmacksrichtungen verf\u00fcgbar<\/li>\n<li>10 St\u00fcck in einem Displaykarton<\/li>\n<li>240 St\u00fcck in einem Karton\/ 17kg<\/li>\n<li>Gr\u00f6\u00dfe des Kartons: 46.2*26.9*30.6 CM<\/li>\n<\/ul>\n<h2><b data-stringify-type=\"bold\">Verf\u00fcgbare Geschmacksrichtungen<\/b><\/h2>\n<p>1. k\u00fchle Minze<br \/>\n2. \u00fcppiges Eis<br \/>\n3. mandarinenf\u00f6rmiges Eis<br \/>\n4. erdbeer-donut<br \/>\n5. gummib\u00e4rchen<br \/>\n6. blaubeere auf eis<br \/>\n7. die Mango auf Eis<br \/>\n8.Pfirsich-Eis<br \/>\n9.Bananeneis<br \/>\n10. traubeneis<br \/>\n11. rosa Limonade<br \/>\n12.Pina Colada Rum<br \/>\n13. gemischte Beeren<br \/>\n14.Bananen-Milchshake<br \/>\n15.stawberry Wassermelone<br \/>\n16. roter Apfel-Zitrone<br \/>\n17. ananas eis<br \/>\n18.Zuckerwatte<br \/>\n19.Erdbeer-Banane<br \/>\n20.Erdbeereis<br \/>\n21.erdbeere kiwi<br \/>\n22. rotes Energieeis<br \/>\n23.blaue Razz-Limonade<br \/>\n24.rotes Apfeleis<br \/>\n25,Beerenlimonade<br \/>\n26. blaubeeriger Kaugummi<br \/>\n27.Bluesour Himbeere<br \/>\n28.Herr blau<br \/>\n29.apfel pfirsich birne<br \/>\n30 Blaubeere-Granatapfel<br \/>\n31.Vimto<br \/>\n32.Kiwi Passionsfrucht-Guave<br \/>\n33.Cola<br \/>\n34.saurer Apfel<br \/>\n35.schwarze Johannisbeere Menthol<br \/>\n36.Tigerblut<br \/>\n37 Pfirsich-Blaubeer-Bonbons<br \/>\n38.Pfirsich Mango<br \/>\n39.Erdbeere Red Bull<br \/>\n40.schwarzes Johannisbeereis<br \/>\n41.erdbeer-wassermelonen-limonade<br \/>\n42.Kirsche<br \/>\n43.blau Razz Cherry<br \/>\n44.Kegeln<br \/>\n45.heidelbeere himbeere<br \/>\n46. Strohgelbe Traube<br \/>\n47. Heidelbeere Kirsche Cranberry<br \/>\n48. apfelbeerige Explosion<br \/>\n49.Kirsche Cola<br \/>\n50.Zitrone&amp;Limette<br \/>\n51. Rosa Burst<br \/>\n52. Pazifik-K\u00fchler<\/p>\n<h2><strong>Verpacken<\/strong><\/h2>\n<p>240 PCS\/Karton, 17KG<\/p>\n<p><img loading=\"lazy\" decoding=\"async\" class=\"alignnone size-full wp-image-12769\" title=\"RandM Tornado 7000 Wiederaufladbare Airflow Control Einweg Vape Gro\u00dfhandel\" src=\"https:\/\/www.vape4wholesale.com\/wp-content\/uploads\/2022\/07\/RandM-Tornado-7000-Rechargeable-Airflow-Control-Disposable-Vape-Wholesale.jpg\" alt=\"RandM Tornado 7000 Wiederaufladbare Airflow Control Einweg Vape Gro\u00dfhandel\" width=\"800\" height=\"684\" srcset=\"https:\/\/www.vape4wholesale.com\/wp-content\/uploads\/2022\/07\/RandM-Tornado-7000-Rechargeable-Airflow-Control-Disposable-Vape-Wholesale.jpg 800w, https:\/\/www.vape4wholesale.com\/wp-content\/uploads\/2022\/07\/RandM-Tornado-7000-Rechargeable-Airflow-Control-Disposable-Vape-Wholesale-510x436.jpg 510w\" sizes=\"auto, (max-width: 800px) 100vw, 800px\" \/> <img loading=\"lazy\" decoding=\"async\" class=\"alignnone size-full wp-image-12770\" title=\"RandM Tornado 7000 Disposable Vape Gro\u00dfhandel Erdbeer Donut Aromen\" src=\"https:\/\/www.vape4wholesale.com\/wp-content\/uploads\/2022\/07\/RandM-Tornado-7000-Disposable-Vape-Wholesale-Strawberry-Donut-Flavors.jpg\" alt=\"RandM Tornado 7000 Disposable Vape Gro\u00dfhandel Erdbeer Donut Aromen\" width=\"800\" height=\"800\" srcset=\"https:\/\/www.vape4wholesale.com\/wp-content\/uploads\/2022\/07\/RandM-Tornado-7000-Disposable-Vape-Wholesale-Strawberry-Donut-Flavors.jpg 800w, https:\/\/www.vape4wholesale.com\/wp-content\/uploads\/2022\/07\/RandM-Tornado-7000-Disposable-Vape-Wholesale-Strawberry-Donut-Flavors-247x247.jpg 247w, https:\/\/www.vape4wholesale.com\/wp-content\/uploads\/2022\/07\/RandM-Tornado-7000-Disposable-Vape-Wholesale-Strawberry-Donut-Flavors-100x100.jpg 100w, https:\/\/www.vape4wholesale.com\/wp-content\/uploads\/2022\/07\/RandM-Tornado-7000-Disposable-Vape-Wholesale-Strawberry-Donut-Flavors-510x510.jpg 510w, https:\/\/www.vape4wholesale.com\/wp-content\/uploads\/2022\/07\/RandM-Tornado-7000-Disposable-Vape-Wholesale-Strawberry-Donut-Flavors-64x64.jpg 64w, https:\/\/www.vape4wholesale.com\/wp-content\/uploads\/2022\/07\/RandM-Tornado-7000-Disposable-Vape-Wholesale-Strawberry-Donut-Flavors-300x300.jpg 300w, https:\/\/www.vape4wholesale.com\/wp-content\/uploads\/2022\/07\/RandM-Tornado-7000-Disposable-Vape-Wholesale-Strawberry-Donut-Flavors-150x150.jpg 150w, https:\/\/www.vape4wholesale.com\/wp-content\/uploads\/2022\/07\/RandM-Tornado-7000-Disposable-Vape-Wholesale-Strawberry-Donut-Flavors-768x768.jpg 768w\" sizes=\"auto, (max-width: 800px) 100vw, 800px\" \/> <img loading=\"lazy\" decoding=\"async\" class=\"alignnone size-full wp-image-12771\" title=\"RandM Tornado 7000 Disposable Vape Gro\u00dfhandel Erdbeere Eis Aromen\" src=\"https:\/\/www.vape4wholesale.com\/wp-content\/uploads\/2022\/07\/RandM-Tornado-7000-Disposable-Vape-Wholesale-Strawberry-ice-Flavors.jpg\" alt=\"RandM Tornado 7000 Disposable Vape Gro\u00dfhandel Erdbeere Eis Aromen\" width=\"800\" height=\"800\" srcset=\"https:\/\/www.vape4wholesale.com\/wp-content\/uploads\/2022\/07\/RandM-Tornado-7000-Disposable-Vape-Wholesale-Strawberry-ice-Flavors.jpg 800w, https:\/\/www.vape4wholesale.com\/wp-content\/uploads\/2022\/07\/RandM-Tornado-7000-Disposable-Vape-Wholesale-Strawberry-ice-Flavors-247x247.jpg 247w, https:\/\/www.vape4wholesale.com\/wp-content\/uploads\/2022\/07\/RandM-Tornado-7000-Disposable-Vape-Wholesale-Strawberry-ice-Flavors-100x100.jpg 100w, https:\/\/www.vape4wholesale.com\/wp-content\/uploads\/2022\/07\/RandM-Tornado-7000-Disposable-Vape-Wholesale-Strawberry-ice-Flavors-510x510.jpg 510w, https:\/\/www.vape4wholesale.com\/wp-content\/uploads\/2022\/07\/RandM-Tornado-7000-Disposable-Vape-Wholesale-Strawberry-ice-Flavors-64x64.jpg 64w, https:\/\/www.vape4wholesale.com\/wp-content\/uploads\/2022\/07\/RandM-Tornado-7000-Disposable-Vape-Wholesale-Strawberry-ice-Flavors-300x300.jpg 300w, https:\/\/www.vape4wholesale.com\/wp-content\/uploads\/2022\/07\/RandM-Tornado-7000-Disposable-Vape-Wholesale-Strawberry-ice-Flavors-150x150.jpg 150w, https:\/\/www.vape4wholesale.com\/wp-content\/uploads\/2022\/07\/RandM-Tornado-7000-Disposable-Vape-Wholesale-Strawberry-ice-Flavors-768x768.jpg 768w\" sizes=\"auto, (max-width: 800px) 100vw, 800px\" \/> <img loading=\"lazy\" decoding=\"async\" class=\"alignnone size-full wp-image-12772\" title=\"RandM Tornado 7000 Disposable Vape Gro\u00dfhandel Erdbeere Wassermelone Aromen\" src=\"https:\/\/www.vape4wholesale.com\/wp-content\/uploads\/2022\/07\/RandM-Tornado-7000-Disposable-Vape-Wholesale-Strawberry-Watermelon-Flavors.jpg\" alt=\"RandM Tornado 7000 Disposable Vape Gro\u00dfhandel Erdbeere Wassermelone Aromen\" width=\"800\" height=\"800\" srcset=\"https:\/\/www.vape4wholesale.com\/wp-content\/uploads\/2022\/07\/RandM-Tornado-7000-Disposable-Vape-Wholesale-Strawberry-Watermelon-Flavors.jpg 800w, https:\/\/www.vape4wholesale.com\/wp-content\/uploads\/2022\/07\/RandM-Tornado-7000-Disposable-Vape-Wholesale-Strawberry-Watermelon-Flavors-247x247.jpg 247w, https:\/\/www.vape4wholesale.com\/wp-content\/uploads\/2022\/07\/RandM-Tornado-7000-Disposable-Vape-Wholesale-Strawberry-Watermelon-Flavors-100x100.jpg 100w, https:\/\/www.vape4wholesale.com\/wp-content\/uploads\/2022\/07\/RandM-Tornado-7000-Disposable-Vape-Wholesale-Strawberry-Watermelon-Flavors-510x510.jpg 510w, https:\/\/www.vape4wholesale.com\/wp-content\/uploads\/2022\/07\/RandM-Tornado-7000-Disposable-Vape-Wholesale-Strawberry-Watermelon-Flavors-64x64.jpg 64w, https:\/\/www.vape4wholesale.com\/wp-content\/uploads\/2022\/07\/RandM-Tornado-7000-Disposable-Vape-Wholesale-Strawberry-Watermelon-Flavors-300x300.jpg 300w, https:\/\/www.vape4wholesale.com\/wp-content\/uploads\/2022\/07\/RandM-Tornado-7000-Disposable-Vape-Wholesale-Strawberry-Watermelon-Flavors-150x150.jpg 150w, https:\/\/www.vape4wholesale.com\/wp-content\/uploads\/2022\/07\/RandM-Tornado-7000-Disposable-Vape-Wholesale-Strawberry-Watermelon-Flavors-768x768.jpg 768w\" sizes=\"auto, (max-width: 800px) 100vw, 800px\" \/> <img loading=\"lazy\" decoding=\"async\" class=\"alignnone size-full wp-image-12773\" title=\"RandM Tornado 7000 Einweg Vape Gro\u00dfhandel Mandarine Eis Aromen\" src=\"https:\/\/www.vape4wholesale.com\/wp-content\/uploads\/2022\/07\/RandM-Tornado-7000-Disposable-Vape-Wholesale-Tangerine-Ice-Flavors.jpg\" alt=\"RandM Tornado 7000 Einweg Vape Gro\u00dfhandel Mandarine Eis Aromen\" width=\"800\" height=\"800\" srcset=\"https:\/\/www.vape4wholesale.com\/wp-content\/uploads\/2022\/07\/RandM-Tornado-7000-Disposable-Vape-Wholesale-Tangerine-Ice-Flavors.jpg 800w, https:\/\/www.vape4wholesale.com\/wp-content\/uploads\/2022\/07\/RandM-Tornado-7000-Disposable-Vape-Wholesale-Tangerine-Ice-Flavors-247x247.jpg 247w, https:\/\/www.vape4wholesale.com\/wp-content\/uploads\/2022\/07\/RandM-Tornado-7000-Disposable-Vape-Wholesale-Tangerine-Ice-Flavors-100x100.jpg 100w, https:\/\/www.vape4wholesale.com\/wp-content\/uploads\/2022\/07\/RandM-Tornado-7000-Disposable-Vape-Wholesale-Tangerine-Ice-Flavors-510x510.jpg 510w\" sizes=\"auto, (max-width: 800px) 100vw, 800px\" \/> <img loading=\"lazy\" decoding=\"async\" class=\"alignnone size-full wp-image-12774\" title=\"RandM Tornado 7000 wiederaufladbare Airflow Control Einweg Vape Gro\u00dfhandel 3 Aromen\" src=\"https:\/\/www.vape4wholesale.com\/wp-content\/uploads\/2022\/07\/RandM-Tornado-7000-Rechargeable-Airflow-Control-Disposable-Vape-Wholesale-3-Flavors.jpg\" alt=\"RandM Tornado 7000 wiederaufladbare Airflow Control Einweg Vape Gro\u00dfhandel 3 Aromen\" width=\"800\" height=\"800\" srcset=\"https:\/\/www.vape4wholesale.com\/wp-content\/uploads\/2022\/07\/RandM-Tornado-7000-Rechargeable-Airflow-Control-Disposable-Vape-Wholesale-3-Flavors.jpg 800w, https:\/\/www.vape4wholesale.com\/wp-content\/uploads\/2022\/07\/RandM-Tornado-7000-Rechargeable-Airflow-Control-Disposable-Vape-Wholesale-3-Flavors-247x247.jpg 247w, https:\/\/www.vape4wholesale.com\/wp-content\/uploads\/2022\/07\/RandM-Tornado-7000-Rechargeable-Airflow-Control-Disposable-Vape-Wholesale-3-Flavors-100x100.jpg 100w, https:\/\/www.vape4wholesale.com\/wp-content\/uploads\/2022\/07\/RandM-Tornado-7000-Rechargeable-Airflow-Control-Disposable-Vape-Wholesale-3-Flavors-510x510.jpg 510w, https:\/\/www.vape4wholesale.com\/wp-content\/uploads\/2022\/07\/RandM-Tornado-7000-Rechargeable-Airflow-Control-Disposable-Vape-Wholesale-3-Flavors-64x64.jpg 64w, https:\/\/www.vape4wholesale.com\/wp-content\/uploads\/2022\/07\/RandM-Tornado-7000-Rechargeable-Airflow-Control-Disposable-Vape-Wholesale-3-Flavors-300x300.jpg 300w, https:\/\/www.vape4wholesale.com\/wp-content\/uploads\/2022\/07\/RandM-Tornado-7000-Rechargeable-Airflow-Control-Disposable-Vape-Wholesale-3-Flavors-150x150.jpg 150w, https:\/\/www.vape4wholesale.com\/wp-content\/uploads\/2022\/07\/RandM-Tornado-7000-Rechargeable-Airflow-Control-Disposable-Vape-Wholesale-3-Flavors-768x768.jpg 768w\" sizes=\"auto, (max-width: 800px) 100vw, 800px\" \/> <img loading=\"lazy\" decoding=\"async\" class=\"alignnone size-full wp-image-12775\" title=\"RandM Tornado 7000 wiederaufladbare Airflow Control Einweg Vape Gro\u00dfhandel 20 Aromen\" src=\"https:\/\/www.vape4wholesale.com\/wp-content\/uploads\/2022\/07\/RandM-Tornado-7000-Rechargeable-Airflow-Control-Disposable-Vape-Wholesale-20-Flavors.jpg\" alt=\"RandM Tornado 7000 wiederaufladbare Airflow Control Einweg Vape Gro\u00dfhandel 20 Aromen\" width=\"800\" height=\"800\" srcset=\"https:\/\/www.vape4wholesale.com\/wp-content\/uploads\/2022\/07\/RandM-Tornado-7000-Rechargeable-Airflow-Control-Disposable-Vape-Wholesale-20-Flavors.jpg 800w, https:\/\/www.vape4wholesale.com\/wp-content\/uploads\/2022\/07\/RandM-Tornado-7000-Rechargeable-Airflow-Control-Disposable-Vape-Wholesale-20-Flavors-247x247.jpg 247w, https:\/\/www.vape4wholesale.com\/wp-content\/uploads\/2022\/07\/RandM-Tornado-7000-Rechargeable-Airflow-Control-Disposable-Vape-Wholesale-20-Flavors-100x100.jpg 100w, https:\/\/www.vape4wholesale.com\/wp-content\/uploads\/2022\/07\/RandM-Tornado-7000-Rechargeable-Airflow-Control-Disposable-Vape-Wholesale-20-Flavors-510x510.jpg 510w, https:\/\/www.vape4wholesale.com\/wp-content\/uploads\/2022\/07\/RandM-Tornado-7000-Rechargeable-Airflow-Control-Disposable-Vape-Wholesale-20-Flavors-64x64.jpg 64w, https:\/\/www.vape4wholesale.com\/wp-content\/uploads\/2022\/07\/RandM-Tornado-7000-Rechargeable-Airflow-Control-Disposable-Vape-Wholesale-20-Flavors-300x300.jpg 300w, https:\/\/www.vape4wholesale.com\/wp-content\/uploads\/2022\/07\/RandM-Tornado-7000-Rechargeable-Airflow-Control-Disposable-Vape-Wholesale-20-Flavors-150x150.jpg 150w, https:\/\/www.vape4wholesale.com\/wp-content\/uploads\/2022\/07\/RandM-Tornado-7000-Rechargeable-Airflow-Control-Disposable-Vape-Wholesale-20-Flavors-768x768.jpg 768w\" sizes=\"auto, (max-width: 800px) 100vw, 800px\" \/> <img loading=\"lazy\" decoding=\"async\" class=\"alignnone size-full wp-image-12776\" title=\"RandM Tornado 7000 wiederaufladbare Airflow Control Einweg Vape Gro\u00dfhandel Aromen\" src=\"https:\/\/www.vape4wholesale.com\/wp-content\/uploads\/2022\/07\/RandM-Tornado-7000-Rechargeable-Airflow-Control-Disposable-Vape-Wholesale-Flavors.jpg\" alt=\"RandM Tornado 7000 wiederaufladbare Airflow Control Einweg Vape Gro\u00dfhandel Aromen\" width=\"800\" height=\"450\" srcset=\"https:\/\/www.vape4wholesale.com\/wp-content\/uploads\/2022\/07\/RandM-Tornado-7000-Rechargeable-Airflow-Control-Disposable-Vape-Wholesale-Flavors.jpg 800w, https:\/\/www.vape4wholesale.com\/wp-content\/uploads\/2022\/07\/RandM-Tornado-7000-Rechargeable-Airflow-Control-Disposable-Vape-Wholesale-Flavors-510x287.jpg 510w, https:\/\/www.vape4wholesale.com\/wp-content\/uploads\/2022\/07\/RandM-Tornado-7000-Rechargeable-Airflow-Control-Disposable-Vape-Wholesale-Flavors-64x36.jpg 64w, https:\/\/www.vape4wholesale.com\/wp-content\/uploads\/2022\/07\/RandM-Tornado-7000-Rechargeable-Airflow-Control-Disposable-Vape-Wholesale-Flavors-300x169.jpg 300w, https:\/\/www.vape4wholesale.com\/wp-content\/uploads\/2022\/07\/RandM-Tornado-7000-Rechargeable-Airflow-Control-Disposable-Vape-Wholesale-Flavors-768x432.jpg 768w\" sizes=\"auto, (max-width: 800px) 100vw, 800px\" \/> <img loading=\"lazy\" decoding=\"async\" class=\"alignnone size-full wp-image-12777\" title=\"RandM Tornado 7000 Disposable Vape Gro\u00dfhandel Erdbeere Banane Aromen\" src=\"https:\/\/www.vape4wholesale.com\/wp-content\/uploads\/2022\/07\/RandM-Tornado-7000-Disposable-Vape-Wholesale-Strawberry-Banana-Flavors.jpg\" alt=\"RandM Tornado 7000 Disposable Vape Gro\u00dfhandel Erdbeere Banane Aromen\" width=\"800\" height=\"800\" srcset=\"https:\/\/www.vape4wholesale.com\/wp-content\/uploads\/2022\/07\/RandM-Tornado-7000-Disposable-Vape-Wholesale-Strawberry-Banana-Flavors.jpg 800w, https:\/\/www.vape4wholesale.com\/wp-content\/uploads\/2022\/07\/RandM-Tornado-7000-Disposable-Vape-Wholesale-Strawberry-Banana-Flavors-247x247.jpg 247w, https:\/\/www.vape4wholesale.com\/wp-content\/uploads\/2022\/07\/RandM-Tornado-7000-Disposable-Vape-Wholesale-Strawberry-Banana-Flavors-100x100.jpg 100w, https:\/\/www.vape4wholesale.com\/wp-content\/uploads\/2022\/07\/RandM-Tornado-7000-Disposable-Vape-Wholesale-Strawberry-Banana-Flavors-510x510.jpg 510w, https:\/\/www.vape4wholesale.com\/wp-content\/uploads\/2022\/07\/RandM-Tornado-7000-Disposable-Vape-Wholesale-Strawberry-Banana-Flavors-64x64.jpg 64w, https:\/\/www.vape4wholesale.com\/wp-content\/uploads\/2022\/07\/RandM-Tornado-7000-Disposable-Vape-Wholesale-Strawberry-Banana-Flavors-300x300.jpg 300w, https:\/\/www.vape4wholesale.com\/wp-content\/uploads\/2022\/07\/RandM-Tornado-7000-Disposable-Vape-Wholesale-Strawberry-Banana-Flavors-150x150.jpg 150w, https:\/\/www.vape4wholesale.com\/wp-content\/uploads\/2022\/07\/RandM-Tornado-7000-Disposable-Vape-Wholesale-Strawberry-Banana-Flavors-768x768.jpg 768w\" sizes=\"auto, (max-width: 800px) 100vw, 800px\" \/><\/p>","protected":false},"excerpt":{"rendered":"[scf-template id=&#8217;11434&#8242;]\n<table class=\"woocommerce-product-attributes shop_attributes\" aria-label=\"Details zum Produkt\" data-no-translation-aria-label=\"\">\n\t\t\t<tr class=\"woocommerce-product-attributes-item woocommerce-product-attributes-item--weight\">\n\t\t\t<th class=\"woocommerce-product-attributes-item__label\" scope=\"row\" data-no-translation=\"\" data-trp-gettext=\"\">Gewicht<\/th>\n\t\t\t<td class=\"woocommerce-product-attributes-item__value\">0.075 kg<\/td>\n\t\t<\/tr>\n\t<\/table>","protected":false},"featured_media":12769,"comment_status":"open","ping_status":"closed","template":"","meta":[],"pwb-brand":[1270],"product_cat":[869],"product_tag":[22,24,177,178,180],"class_list":{"0":"post-1852","1":"product","2":"type-product","3":"status-publish","4":"has-post-thumbnail","6":"pwb-brand-randm","7":"product_cat-5000-8000-puffs","8":"product_tag-disposable","9":"product_tag-wholesale","10":"product_tag-14-0ml","11":"product_tag-7000-puffs","12":"product_tag-randm-tornado","13":"wcpa_has_options","15":"first","16":"outofstock","17":"shipping-taxable","18":"purchasable","19":"product-type-variable","20":"has-default-attributes"},"aioseo_notices":[],"brands":[{"id":1270,"name":"Randm","slug":"randm"}],"_links":{"self":[{"href":"https:\/\/www.vape4wholesale.com\/de\/wp-json\/wp\/v2\/product\/1852","targetHints":{"allow":["GET"]}}],"collection":[{"href":"https:\/\/www.vape4wholesale.com\/de\/wp-json\/wp\/v2\/product"}],"about":[{"href":"https:\/\/www.vape4wholesale.com\/de\/wp-json\/wp\/v2\/types\/product"}],"replies":[{"embeddable":true,"href":"https:\/\/www.vape4wholesale.com\/de\/wp-json\/wp\/v2\/comments?post=1852"}],"wp:featuredmedia":[{"embeddable":true,"href":"https:\/\/www.vape4wholesale.com\/de\/wp-json\/wp\/v2\/media\/12769"}],"wp:attachment":[{"href":"https:\/\/www.vape4wholesale.com\/de\/wp-json\/wp\/v2\/media?parent=1852"}],"wp:term":[{"taxonomy":"pwb-brand","embeddable":true,"href":"https:\/\/www.vape4wholesale.com\/de\/wp-json\/wp\/v2\/pwb-brand?post=1852"},{"taxonomy":"product_cat","embeddable":true,"href":"https:\/\/www.vape4wholesale.com\/de\/wp-json\/wp\/v2\/product_cat?post=1852"},{"taxonomy":"product_tag","embeddable":true,"href":"https:\/\/www.vape4wholesale.com\/de\/wp-json\/wp\/v2\/product_tag?post=1852"}],"curies":[{"name":"wp","href":"https:\/\/api.w.org\/{rel}","templated":true}]}}