{"id":18450,"date":"2024-12-22T12:10:02","date_gmt":"2024-12-22T04:10:02","guid":{"rendered":"https:\/\/www.vape4wholesale.com\/?post_type=product&#038;p=18450"},"modified":"2026-01-29T05:32:28","modified_gmt":"2026-01-29T05:32:28","slug":"waspe-aiviou-25000-puffs-einweg-vape-groshandel","status":"publish","type":"product","link":"https:\/\/www.vape4wholesale.com\/de\/product\/waspe-aiviou-25000-puffs-disposable-vape-wholesale","title":{"rendered":"WASPE Aiviou 25000 Puffs Einweg Vape Gro\u00dfhandel"},"content":{"rendered":"<p>Die <strong><a title=\"WASPE\" href=\"https:\/\/www.vape4wholesale.com\/de\/produkt_marke\/waspe\/\">WASPE<\/a> Aiviou 25000 Einweg Vape<\/strong> wird mit 25 ml E-Saft bef\u00fcllt und liefert bis zu 25.000 Z\u00fcge. Das eingebaute klassische Display ist funktional und n\u00fctzlich und erinnert Sie daran, Ihren Verdampfer aufzuladen, nur f\u00fcr den Fall. Die Dual Mesh Coils verk\u00f6rpern moderne Technologie, und nat\u00fcrlich unterst\u00fctzt dieser Vape den beliebten Boost-Modus. F\u00fcr eine verantwortungsvolle Nutzung gibt es auch eine Kindersicherung, um die Nutzung durch Minderj\u00e4hrige zu verhindern, und der WASPE 25000 bietet viel Saugkraft und guten Geschmack ohne Schnickschnack.<\/p>\n<p>Die WASPE Aiviou 25000 25K Puffs kommt mit LCD-Display Bildschirm, der eine fortschrittliche vaping Ger\u00e4t f\u00fcr \u00fcberlegene Leistung und Komfort ausgelegt ist. Diese Einweg-Vape hat eine gro\u00dfe Kapazit\u00e4t von bis zu 25.000 Puffs, um eine lang anhaltende Nutzung und Zufriedenheit zu gew\u00e4hrleisten.<\/p>\n<p>Der WASPE Aiviou 25000 verf\u00fcgt \u00fcber ein gro\u00dfes Fassungsverm\u00f6gen von 25 ml E-Liquid und ist in den Nikotinoptionen 0%, 2% und 5% erh\u00e4ltlich, um verschiedenen Vorlieben gerecht zu werden. Das Ger\u00e4t ist mit Dual-Mesh-Coils ausgestattet, um die Dampfproduktion und Geschmacksabgabe f\u00fcr eine glatte, angenehme Dampferfahrung zu verbessern.<\/p>\n<p>Der WASPE Aiviou 25000 ist benutzerfreundlich gestaltet und verf\u00fcgt \u00fcber ein LCD-Display, das detaillierte Informationen auf einen Blick liefert, sowie einen Typ-C-Ladeanschluss, der ein schnelles und effizientes Aufladen gew\u00e4hrleistet, um Ausfallzeiten zu minimieren. Mit einer Akkukapazit\u00e4t von 650 mAh bietet dieses Modell zuverl\u00e4ssige Leistung f\u00fcr lange Nutzungszeiten.<\/p>\n<p>Der WASPE Aiviou 25000 25K Puffs Original Edition LCD Display Disposable Vape ist die perfekte Kombination aus Innovation und Qualit\u00e4t. Ob Sie ein Anf\u00e4nger oder ein erfahrener Vaper sind, garantiert WASPE eine Qualit\u00e4t vaping Erfahrung, die Ihre Erwartungen erf\u00fcllt.<\/p>\n<p>&nbsp;<\/p>\n<h2>WASPE Aiviou 25000 25K Einweg Vape Schnelle Details<\/h2>\n<ul>\n<li>Eingebauter, wiederaufladbarer 650mAh-Akku<\/li>\n<li>Vorgef\u00fcllt mit 25ml E-Saft<\/li>\n<li>Dual Mesh Coil Design mit 2 Vaping Modi: ECO\/Boost-Modus<\/li>\n<li>Digitales Display zeigt Modus, Akkulaufzeit und E-Saftmenge an.<\/li>\n<li>Puffs unterst\u00fctzt. 25000 Ports<\/li>\n<li>Kindersicherung<\/li>\n<li>5% (50mg) Nikotinkonzentration<\/li>\n<li>USB Typ-C Laden<\/li>\n<\/ul>\n<h2>Verf\u00fcgbare Geschmacksrichtungen<\/h2>\n<ul>\n<li>1. Wassermelone Eis<\/li>\n<li>2. Heidelbeere auf Eis<\/li>\n<li>3. Wassermelone mit Erdbeeren<\/li>\n<li>4. Heidelbeer-Himbeer-Limonade<\/li>\n<li>5. Kirsche Eis<\/li>\n<li>6. Pfirsich Mango Wassermelone<\/li>\n<li>7. Gemischte Beeren<\/li>\n<li>8. Pfirsich-Eis<\/li>\n<li>9. Erdbeer-Kiwi<\/li>\n<li>10. Traubeneis<\/li>\n<\/ul>\n<h2>Details zur Verpackung<\/h2>\n<ul>\n<li>1 St\u00fcck\/Einzelkarton<\/li>\n<li>10 St\u00fcck\/Displaybox<\/li>\n<li>200 St\u00fcck in einem Karton<\/li>\n<li>Jeder Karton 21 kg<\/li>\n<\/ul>\n<figure id=\"attachment_18476\" aria-describedby=\"caption-attachment-18476\" style=\"width: 800px\" class=\"wp-caption alignnone\"><img loading=\"lazy\" decoding=\"async\" class=\"wp-image-18476 size-full\" title=\"WASPE Aiviou 25000 Puffs Einweg Vape Gro\u00dfhandel\" src=\"https:\/\/www.vape4wholesale.com\/wp-content\/uploads\/2024\/12\/WSAPE-Aiviou-25000-Puffs-Disposable-Vape-Wholesale.jpg\" alt=\"WASPE Aiviou 25000 Puffs Einweg Vape Gro\u00dfhandel\" width=\"800\" height=\"800\" srcset=\"https:\/\/www.vape4wholesale.com\/wp-content\/uploads\/2024\/12\/WSAPE-Aiviou-25000-Puffs-Disposable-Vape-Wholesale.jpg 800w, https:\/\/www.vape4wholesale.com\/wp-content\/uploads\/2024\/12\/WSAPE-Aiviou-25000-Puffs-Disposable-Vape-Wholesale-247x247.jpg 247w, https:\/\/www.vape4wholesale.com\/wp-content\/uploads\/2024\/12\/WSAPE-Aiviou-25000-Puffs-Disposable-Vape-Wholesale-100x100.jpg 100w, https:\/\/www.vape4wholesale.com\/wp-content\/uploads\/2024\/12\/WSAPE-Aiviou-25000-Puffs-Disposable-Vape-Wholesale-510x510.jpg 510w, https:\/\/www.vape4wholesale.com\/wp-content\/uploads\/2024\/12\/WSAPE-Aiviou-25000-Puffs-Disposable-Vape-Wholesale-64x64.jpg 64w, https:\/\/www.vape4wholesale.com\/wp-content\/uploads\/2024\/12\/WSAPE-Aiviou-25000-Puffs-Disposable-Vape-Wholesale-300x300.jpg 300w, https:\/\/www.vape4wholesale.com\/wp-content\/uploads\/2024\/12\/WSAPE-Aiviou-25000-Puffs-Disposable-Vape-Wholesale-150x150.jpg 150w, https:\/\/www.vape4wholesale.com\/wp-content\/uploads\/2024\/12\/WSAPE-Aiviou-25000-Puffs-Disposable-Vape-Wholesale-768x768.jpg 768w, https:\/\/www.vape4wholesale.com\/wp-content\/uploads\/2024\/12\/WSAPE-Aiviou-25000-Puffs-Disposable-Vape-Wholesale-12x12.jpg 12w\" sizes=\"auto, (max-width: 800px) 100vw, 800px\" \/><figcaption id=\"caption-attachment-18476\" class=\"wp-caption-text\">WASPE Aiviou 25000 Puffs Einweg Vape Gro\u00dfhandel<\/figcaption><\/figure>\n<h2>WARUM WIR?<\/h2>\r\n<ul>\r\n<li>Echte, vertrauensw\u00fcrdige und professionelle Vape-Quelle.<\/li>\r\n<li>100% Echtheitsgarantie: Wir bieten nur originale und echte Produkte, lehnen F\u00e4lschungen ab.<\/li>\r\n<li>100% Liefergarantie: Wir verwenden die beste Versandmethode, um sicherzustellen, dass Sie die Bestellung 100% erhalten.<\/li>\r\n<li>Wir geben Ihnen die Tracking-Nummer und den Versandaufkleber nach dem Versand und verfolgen die Ware f\u00fcr Sie, bis Sie sie abholen.<\/li>\r\n<li>Keine Zollprobleme, keine Z\u00f6lle<\/li>\r\n<\/ul>","protected":false},"excerpt":{"rendered":"<div class=\"wsppc_div_block woocommerce_before_add_to_cart_form\">\r\n<p><strong><span style=\"color: #00a859;\">Zollabfertigung<\/span> vor Lieferung &amp; 100% Liefergarantie, Lieferung in ca. 19-25 Tagen.\u00a0<\/strong><\/p>\r\n<\/div>","protected":false},"featured_media":18476,"comment_status":"open","ping_status":"closed","template":"","meta":[],"pwb-brand":[1272],"product_cat":[873],"product_tag":[22,24,692,915,999],"class_list":{"0":"post-18450","1":"product","2":"type-product","3":"status-publish","4":"has-post-thumbnail","6":"pwb-brand-waspe","7":"product_cat-above-20k-puffs","8":"product_tag-disposable","9":"product_tag-wholesale","10":"product_tag-25-0ml","11":"product_tag-25000-puffs","12":"product_tag-waspe","13":"wcpa_has_options","15":"first","16":"outofstock","17":"shipping-taxable","18":"purchasable","19":"product-type-variable"},"aioseo_notices":[],"brands":[{"id":1272,"name":"Waspe","slug":"waspe"}],"_links":{"self":[{"href":"https:\/\/www.vape4wholesale.com\/de\/wp-json\/wp\/v2\/product\/18450","targetHints":{"allow":["GET"]}}],"collection":[{"href":"https:\/\/www.vape4wholesale.com\/de\/wp-json\/wp\/v2\/product"}],"about":[{"href":"https:\/\/www.vape4wholesale.com\/de\/wp-json\/wp\/v2\/types\/product"}],"replies":[{"embeddable":true,"href":"https:\/\/www.vape4wholesale.com\/de\/wp-json\/wp\/v2\/comments?post=18450"}],"wp:featuredmedia":[{"embeddable":true,"href":"https:\/\/www.vape4wholesale.com\/de\/wp-json\/wp\/v2\/media\/18476"}],"wp:attachment":[{"href":"https:\/\/www.vape4wholesale.com\/de\/wp-json\/wp\/v2\/media?parent=18450"}],"wp:term":[{"taxonomy":"pwb-brand","embeddable":true,"href":"https:\/\/www.vape4wholesale.com\/de\/wp-json\/wp\/v2\/pwb-brand?post=18450"},{"taxonomy":"product_cat","embeddable":true,"href":"https:\/\/www.vape4wholesale.com\/de\/wp-json\/wp\/v2\/product_cat?post=18450"},{"taxonomy":"product_tag","embeddable":true,"href":"https:\/\/www.vape4wholesale.com\/de\/wp-json\/wp\/v2\/product_tag?post=18450"}],"curies":[{"name":"wp","href":"https:\/\/api.w.org\/{rel}","templated":true}]}}