{"id":18353,"date":"2024-12-19T14:43:33","date_gmt":"2024-12-19T06:43:33","guid":{"rendered":"https:\/\/www.vape4wholesale.com\/?post_type=product&#038;p=18353"},"modified":"2026-01-27T13:58:08","modified_gmt":"2026-01-27T13:58:08","slug":"bang-36000-puffs-smart-voll-bildschirm-einweg-vape-groshandel","status":"publish","type":"product","link":"https:\/\/www.vape4wholesale.com\/de\/product\/bang-36000-puffs-smart-full-screen-disposable-vape-wholesale","title":{"rendered":"Bang 36000 Puffs Smart Vollbild Einweg Vape Gro\u00dfhandel"},"content":{"rendered":"<p><strong><a title=\"Bang\" href=\"https:\/\/www.vape4wholesale.com\/de\/produkt_marke\/bang\/\">Bang<\/a> 36000 Puffs Smart Vollbild<\/strong> Disposable Vape ist ein hochmodernes Ger\u00e4t, das f\u00fcr Dampfer entwickelt wurde, die Innovation und Kontrolle sch\u00e4tzen. Mit bis zu 36000 Z\u00fcgen sorgt dieser fortschrittliche Verdampfer f\u00fcr lang anhaltende Zufriedenheit und hervorragende Leistung.<\/p>\n<p>Dieses Ger\u00e4t bietet ein unschlagbares Vaping-Erlebnis. Es richtet sich an ein breites Spektrum von Nutzern und bietet Optionen sowohl f\u00fcr Nikotinliebhaber als auch f\u00fcr diejenigen, die ein nikotinfreies Erlebnis suchen.<\/p>\n<p>Angetrieben von einem 850mAh-Akku mit Typ-C-Ladung sorgt der Bang 36000 f\u00fcr ununterbrochene Dampfsessions. Der Fingerabdrucksensor sorgt f\u00fcr zus\u00e4tzliche Sicherheit und moderne Funktionen, die ihn sowohl pers\u00f6nlich als auch benutzerfreundlich machen.<\/p>\n<p>Erh\u00e4ltlich in den Nikotinst\u00e4rken 0%, 2%, 3% und 5% und mit 12 k\u00f6stlichen Geschmacksrichtungen bietet dieses Ger\u00e4t eine gro\u00dfe Auswahl an Geschmacksrichtungen und Nikotinpr\u00e4ferenzen.<\/p>\n<p>Bestellen Sie unsere gro\u00dfe Auswahl an 12 Geschmacksrichtungen von Bang 36000 Puffs Disposable Vape mit bestem Preis und schnellem Versand, sehen Sie die <a title=\"Video des Bang 36K\" href=\"https:\/\/youtu.be\/o42OkKkQv0o?si=_WOO-oAe1LgSc6AM\" target=\"_blank\" rel=\"noopener\">Video des Bang 36K<\/a><\/p>\n<h2>Bang 36000 Puffs Einweg-Vape Schnelle Details<\/h2>\n<ul>\n<li>Nikotinst\u00e4rke: 0\/2\/3\/5%<\/li>\n<li>PUFFS: bis zu 36000<\/li>\n<li>E-Fl\u00fcssigkeit Kapazit\u00e4t : 36ml<\/li>\n<li>Dual Mesh Spule<\/li>\n<li>LED-Anzeige f\u00fcr Batterie- und Fl\u00fcssigkeitsstand<\/li>\n<li>Widerstand: 1,0 Ohm<\/li>\n<li>Batteriekapazit\u00e4t: 850mAh wiederaufladbar<\/li>\n<li>Ladungstyp: Typ C<\/li>\n<li>K\u00f6rpergewicht: 124,6 g<\/li>\n<\/ul>\n<h2>Verf\u00fcgbare Geschmacksrichtungen<\/h2>\n<ol>\n<li>Mix Obst<\/li>\n<li>Dreifach-Beere<\/li>\n<li>Pfirsich Mango Wassermelone<\/li>\n<li>Heidelbeere-Himbeere<\/li>\n<li>Schwarzer Drache Eis<\/li>\n<li>Traubeneis<\/li>\n<li>Blaubeereis<\/li>\n<li>Erdbeere Wassermelone<\/li>\n<li>Erdbeere-Banane<\/li>\n<li>Erdbeer-Kiwi<\/li>\n<li>Erdbeer-Mango<\/li>\n<li>Wassermelone Eis<\/li>\n<\/ol>\n<h2>Informationen zur Verpackung<\/h2>\n<ul>\n<li>124.6g\/ einmaliges Dampfen<\/li>\n<li>10 PCS\/ Displaykarton<\/li>\n<li>160 PCS\/Karton<\/li>\n<li>Gewicht: 21.38KG<\/li>\n<li>49.6*36*27.7CM<\/li>\n<\/ul>\n<figure id=\"attachment_20325\" aria-describedby=\"caption-attachment-20325\" style=\"width: 800px\" class=\"wp-caption alignnone\"><img loading=\"lazy\" decoding=\"async\" class=\"size-full wp-image-20325\" title=\"Bang 36000 Puffs Smart Vollbild Einweg Vape Gro\u00dfhandel Erdbeere Kiwi\" src=\"https:\/\/www.vape4wholesale.com\/wp-content\/uploads\/2024\/12\/Bang-36000-Puffs-Smart-Full-Screen-Disposable-Vape-Wholesale-Strawberry-Kiwi-1.webp\" alt=\"Bang 36000 Puffs Smart Vollbild Einweg Vape Gro\u00dfhandel Erdbeere Kiwi\" width=\"800\" height=\"800\" srcset=\"https:\/\/www.vape4wholesale.com\/wp-content\/uploads\/2024\/12\/Bang-36000-Puffs-Smart-Full-Screen-Disposable-Vape-Wholesale-Strawberry-Kiwi-1.webp 800w, https:\/\/www.vape4wholesale.com\/wp-content\/uploads\/2024\/12\/Bang-36000-Puffs-Smart-Full-Screen-Disposable-Vape-Wholesale-Strawberry-Kiwi-1-247x247.webp 247w, https:\/\/www.vape4wholesale.com\/wp-content\/uploads\/2024\/12\/Bang-36000-Puffs-Smart-Full-Screen-Disposable-Vape-Wholesale-Strawberry-Kiwi-1-100x100.webp 100w, https:\/\/www.vape4wholesale.com\/wp-content\/uploads\/2024\/12\/Bang-36000-Puffs-Smart-Full-Screen-Disposable-Vape-Wholesale-Strawberry-Kiwi-1-510x510.webp 510w, https:\/\/www.vape4wholesale.com\/wp-content\/uploads\/2024\/12\/Bang-36000-Puffs-Smart-Full-Screen-Disposable-Vape-Wholesale-Strawberry-Kiwi-1-64x64.webp 64w, https:\/\/www.vape4wholesale.com\/wp-content\/uploads\/2024\/12\/Bang-36000-Puffs-Smart-Full-Screen-Disposable-Vape-Wholesale-Strawberry-Kiwi-1-300x300.webp 300w, https:\/\/www.vape4wholesale.com\/wp-content\/uploads\/2024\/12\/Bang-36000-Puffs-Smart-Full-Screen-Disposable-Vape-Wholesale-Strawberry-Kiwi-1-150x150.webp 150w, https:\/\/www.vape4wholesale.com\/wp-content\/uploads\/2024\/12\/Bang-36000-Puffs-Smart-Full-Screen-Disposable-Vape-Wholesale-Strawberry-Kiwi-1-768x768.webp 768w, https:\/\/www.vape4wholesale.com\/wp-content\/uploads\/2024\/12\/Bang-36000-Puffs-Smart-Full-Screen-Disposable-Vape-Wholesale-Strawberry-Kiwi-1-12x12.webp 12w\" sizes=\"auto, (max-width: 800px) 100vw, 800px\" \/><figcaption id=\"caption-attachment-20325\" class=\"wp-caption-text\">Bang 36000 Puffs Smart Vollbild Einweg Vape Gro\u00dfhandel<\/figcaption><\/figure>\n<figure id=\"attachment_20330\" aria-describedby=\"caption-attachment-20330\" style=\"width: 1020px\" class=\"wp-caption alignnone\"><img loading=\"lazy\" decoding=\"async\" class=\"size-large wp-image-20330\" title=\"Bang 36000 Puffs Smart Full Screen Einweg-Vape-Paket\" src=\"https:\/\/www.vape4wholesale.com\/wp-content\/uploads\/2024\/12\/Bang-36000-Puffs-Smart-Full-Screen-Disposable-Vape-Package-1024x479.webp\" alt=\"Bang 36000 Puffs Smart Full Screen Einweg-Vape-Paket\" width=\"1020\" height=\"477\" srcset=\"https:\/\/www.vape4wholesale.com\/wp-content\/uploads\/2024\/12\/Bang-36000-Puffs-Smart-Full-Screen-Disposable-Vape-Package-1024x479.webp 1024w, https:\/\/www.vape4wholesale.com\/wp-content\/uploads\/2024\/12\/Bang-36000-Puffs-Smart-Full-Screen-Disposable-Vape-Package-510x238.webp 510w, https:\/\/www.vape4wholesale.com\/wp-content\/uploads\/2024\/12\/Bang-36000-Puffs-Smart-Full-Screen-Disposable-Vape-Package-64x30.webp 64w, https:\/\/www.vape4wholesale.com\/wp-content\/uploads\/2024\/12\/Bang-36000-Puffs-Smart-Full-Screen-Disposable-Vape-Package-300x140.webp 300w, https:\/\/www.vape4wholesale.com\/wp-content\/uploads\/2024\/12\/Bang-36000-Puffs-Smart-Full-Screen-Disposable-Vape-Package-768x359.webp 768w, https:\/\/www.vape4wholesale.com\/wp-content\/uploads\/2024\/12\/Bang-36000-Puffs-Smart-Full-Screen-Disposable-Vape-Package-18x8.webp 18w, https:\/\/www.vape4wholesale.com\/wp-content\/uploads\/2024\/12\/Bang-36000-Puffs-Smart-Full-Screen-Disposable-Vape-Package.webp 1200w\" sizes=\"auto, (max-width: 1020px) 100vw, 1020px\" \/><figcaption id=\"caption-attachment-20330\" class=\"wp-caption-text\">Bang 36000 Puffs Smart Full Screen Einweg-Vape-Paket<\/figcaption><\/figure>\n<h2>WARUM WIR?<\/h2>\r\n<ul>\r\n<li>Echte, vertrauensw\u00fcrdige und professionelle Vape-Quelle.<\/li>\r\n<li>100% Echtheitsgarantie: Wir bieten nur originale und echte Produkte, lehnen F\u00e4lschungen ab.<\/li>\r\n<li>100% Liefergarantie: Wir verwenden die beste Versandmethode, um sicherzustellen, dass Sie die Bestellung 100% erhalten.<\/li>\r\n<li>Wir geben Ihnen die Tracking-Nummer und den Versandaufkleber nach dem Versand und verfolgen die Ware f\u00fcr Sie, bis Sie sie abholen.<\/li>\r\n<li>Keine Zollprobleme, keine Z\u00f6lle<\/li>\r\n<\/ul>","protected":false},"excerpt":{"rendered":"<div class=\"wsppc_div_block woocommerce_before_add_to_cart_form\">\r\n<p><strong><span style=\"color: #00a859;\">Zollabfertigung<\/span> vor Lieferung &amp; 100% Liefergarantie, Lieferung in ca. 19-25 Tagen.\u00a0<\/strong><\/p>\r\n<\/div>","protected":false},"featured_media":18382,"comment_status":"open","ping_status":"closed","template":"","meta":[],"pwb-brand":[1275],"product_cat":[873],"product_tag":[249,849,988,22,24],"class_list":{"0":"post-18353","1":"product","2":"type-product","3":"status-publish","4":"has-post-thumbnail","6":"pwb-brand-bang","7":"product_cat-above-20k-puffs","8":"product_tag-bang","9":"product_tag-36-0ml","10":"product_tag-36000-puffs","11":"product_tag-disposable","12":"product_tag-wholesale","13":"wcpa_has_options","15":"first","16":"instock","17":"shipping-taxable","18":"purchasable","19":"product-type-variable"},"aioseo_notices":[],"brands":[{"id":1275,"name":"Bang","slug":"bang"}],"_links":{"self":[{"href":"https:\/\/www.vape4wholesale.com\/de\/wp-json\/wp\/v2\/product\/18353","targetHints":{"allow":["GET"]}}],"collection":[{"href":"https:\/\/www.vape4wholesale.com\/de\/wp-json\/wp\/v2\/product"}],"about":[{"href":"https:\/\/www.vape4wholesale.com\/de\/wp-json\/wp\/v2\/types\/product"}],"replies":[{"embeddable":true,"href":"https:\/\/www.vape4wholesale.com\/de\/wp-json\/wp\/v2\/comments?post=18353"}],"wp:featuredmedia":[{"embeddable":true,"href":"https:\/\/www.vape4wholesale.com\/de\/wp-json\/wp\/v2\/media\/18382"}],"wp:attachment":[{"href":"https:\/\/www.vape4wholesale.com\/de\/wp-json\/wp\/v2\/media?parent=18353"}],"wp:term":[{"taxonomy":"pwb-brand","embeddable":true,"href":"https:\/\/www.vape4wholesale.com\/de\/wp-json\/wp\/v2\/pwb-brand?post=18353"},{"taxonomy":"product_cat","embeddable":true,"href":"https:\/\/www.vape4wholesale.com\/de\/wp-json\/wp\/v2\/product_cat?post=18353"},{"taxonomy":"product_tag","embeddable":true,"href":"https:\/\/www.vape4wholesale.com\/de\/wp-json\/wp\/v2\/product_tag?post=18353"}],"curies":[{"name":"wp","href":"https:\/\/api.w.org\/{rel}","templated":true}]}}