{"id":17889,"date":"2024-12-07T01:15:58","date_gmt":"2024-12-06T17:15:58","guid":{"rendered":"https:\/\/www.vape4wholesale.com\/?post_type=product&#038;p=17889"},"modified":"2026-01-27T14:25:12","modified_gmt":"2026-01-27T14:25:12","slug":"fizzy-nova-20000-puffs-einweg-vape-groshandel-2","status":"publish","type":"product","link":"https:\/\/www.vape4wholesale.com\/de\/produkt\/fizzy-nova-20000-puffs-einweg-vape-groshandel-2","title":{"rendered":"Fizzy Nova 20000 Puffs Einweg Vape Gro\u00dfhandel"},"content":{"rendered":"<div class=\"flex max-w-full flex-col flex-grow\">\n<div class=\"min-h-[20px] text-message flex w-full flex-col items-end gap-2 break-words [.text-message+&amp;]:mt-5 overflow-x-auto whitespace-normal\" dir=\"auto\" data-message-author-role=\"assistant\" data-message-id=\"d8d0442a-f24b-41de-be5b-3d184e60a653\">\n<div class=\"flex w-full flex-col gap-1 empty:hidden first:pt-[3px]\">\n<div class=\"markdown prose w-full break-words dark:prose-invert light\">\n<p style=\"font-weight: 400;\">Die\u00a0<strong><a title=\"FIZZY\" href=\"https:\/\/www.vape4wholesale.com\/de\/produkt_marke\/sprudel\/\">FIZZY<\/a> NOVA<\/strong> 20000 Puffs Disposable Vape bietet einen 850mAh Typ-C Akku und eine 28ml Pod-Kapazit\u00e4t, die bis zu 20.000 Z\u00fcge liefert. Es kommt in 5% und 2% Salz nic Optionen, die intensiven Geschmack mit jedem Schlag zu liefern. Der TUR-Modus verbessert die Dampfproduktion und Geschmacksabgabe. Die LED-Anzeige zeigt den Batteriestand und das verbleibende E-Liquid an, um die \u00dcberwachung zu erleichtern. Das schlichte, aber funktionelle Design des Vape entspricht der Farbe der Fruchtaromen, so dass Sie Ihre Favoriten leicht erkennen k\u00f6nnen. Dieser Einwegverdampfer ist ideal f\u00fcr Dampfer, die Wert auf Komfort und gro\u00dfartigen Geschmack legen.<\/p>\n<p>Das integrierte LCD-Display h\u00e4lt Sie auf dem Laufenden und erm\u00f6glicht es Ihnen, die Akkulaufzeit und den F\u00fcllstand des E-Liquids einfach zu \u00fcberwachen. Der 850mAh-Akku sorgt daf\u00fcr, dass Sie genug Energie haben, um weiterzumachen, und mit einem praktischen Typ-C-Ladeanschluss ist das Aufladen schnell und einfach.<\/p>\n<p>Erh\u00e4ltlich in 12 k\u00f6stlichen Geschmacksrichtungen, bietet die Fizzy Nova 20000 Puffs etwas f\u00fcr jeden Geschmack. Egal, ob Sie auf der Suche nach einem starken Nikotinhub oder einer sanfteren Erfahrung sind, dieses Ger\u00e4t hat Sie abgedeckt. Verpackt in 10er-Sets, ist es perfekt f\u00fcr den pers\u00f6nlichen Gebrauch und das Teilen mit anderen Rauchern.<\/p>\n<p>Bestellen Sie unsere gro\u00dfe Auswahl 12 Geschmacksrichtungen Fizzy Nova 20000 mit dem besten Preis und schnellem Versand.<\/p>\n<\/div>\n<\/div>\n<\/div>\n<\/div>\n<h2><strong>Fizzy Nova 20000 Schnelle Details<br \/>\n<\/strong><\/h2>\n<ul>\n<li>2% 5% Nikotin<\/li>\n<li>Puffs:20000<\/li>\n<li>Fassungsverm\u00f6gen:28ml<\/li>\n<li>12 Geschmacksrichtungen verf\u00fcgbar<\/li>\n<li>Doppelte Masche<\/li>\n<li>LCD-Anzeige<\/li>\n<li>Typ-C-Protokoll<\/li>\n<li>850mAh<\/li>\n<li>Maschenspule<\/li>\n<li>10St\u00fcck\/Packung<\/li>\n<\/ul>\n<h2><strong>Verf\u00fcgbare Geschmacksrichtungen<\/strong><\/h2>\n<ol>\n<li>Zitrone-Limette<\/li>\n<li>Kirsche mit Kohlens\u00e4ure<\/li>\n<li>Gemischte Beere<\/li>\n<li>Erdbeer-Kiwi<\/li>\n<li>Wassermelone<\/li>\n<li>Rosa Limonade<\/li>\n<li>Strawberry<\/li>\n<li>Pfirsich<\/li>\n<li>Blaubeere<\/li>\n<li>Weintrauben<\/li>\n<li>Heidelbeere-Kokosnuss<\/li>\n<li>Himbeere-Zitrone<\/li>\n<\/ol>\n<figure id=\"attachment_17890\" aria-describedby=\"caption-attachment-17890\" style=\"width: 800px\" class=\"wp-caption alignnone\"><img loading=\"lazy\" decoding=\"async\" class=\"size-full wp-image-17890\" title=\"Fizzy Nova 20000 Puffs Einweg Vape Gro\u00dfhandel Wassermelone\" src=\"https:\/\/www.vape4wholesale.com\/wp-content\/uploads\/2024\/12\/Fizzy-Nova-20000-Puffs-Disposable-Vape-Wholesale-Watermelon.jpg\" alt=\"Fizzy Nova 20000 Puffs Einweg Vape Gro\u00dfhandel Wassermelone\" width=\"800\" height=\"800\" srcset=\"https:\/\/www.vape4wholesale.com\/wp-content\/uploads\/2024\/12\/Fizzy-Nova-20000-Puffs-Disposable-Vape-Wholesale-Watermelon.jpg 800w, https:\/\/www.vape4wholesale.com\/wp-content\/uploads\/2024\/12\/Fizzy-Nova-20000-Puffs-Disposable-Vape-Wholesale-Watermelon-247x247.jpg 247w, https:\/\/www.vape4wholesale.com\/wp-content\/uploads\/2024\/12\/Fizzy-Nova-20000-Puffs-Disposable-Vape-Wholesale-Watermelon-100x100.jpg 100w, https:\/\/www.vape4wholesale.com\/wp-content\/uploads\/2024\/12\/Fizzy-Nova-20000-Puffs-Disposable-Vape-Wholesale-Watermelon-510x510.jpg 510w\" sizes=\"auto, (max-width: 800px) 100vw, 800px\" \/><figcaption id=\"caption-attachment-17890\" class=\"wp-caption-text\">Fizzy Nova 20000 Puffs Einweg Vape Gro\u00dfhandel<\/figcaption><\/figure>\n<h2>WARUM WIR?<\/h2>\r\n<ul>\r\n<li>Echte, vertrauensw\u00fcrdige und professionelle Vape-Quelle.<\/li>\r\n<li>100% Echtheitsgarantie: Wir bieten nur originale und echte Produkte, lehnen F\u00e4lschungen ab.<\/li>\r\n<li>100% Liefergarantie: Wir verwenden die beste Versandmethode, um sicherzustellen, dass Sie die Bestellung 100% erhalten.<\/li>\r\n<li>Wir geben Ihnen die Tracking-Nummer und den Versandaufkleber nach dem Versand und verfolgen die Ware f\u00fcr Sie, bis Sie sie abholen.<\/li>\r\n<li>Keine Zollprobleme, keine Z\u00f6lle<\/li>\r\n<\/ul>","protected":false},"excerpt":{"rendered":"<p><b><span style=\"color: #00a859;\">Free shipping<\/span>\u00a0from Europe warehouse, 7-15 working days delivery time.<\/b><\/p>\r\n<div class=\"wsppc_div_block woocommerce_before_add_to_cart_form\">\r\n<p><strong>Clear customs before delivery &amp; 100% Delivery Guarantee<\/strong><\/p>\r\n<\/div>","protected":false},"featured_media":17890,"comment_status":"open","ping_status":"closed","template":"","meta":[],"pwb-brand":[1279],"product_cat":[938],"product_tag":[24,793,794,948,22],"class_list":{"0":"post-17889","1":"product","2":"type-product","3":"status-publish","4":"has-post-thumbnail","6":"pwb-brand-fihp","7":"product_cat-europe-warehouse","8":"product_tag-wholesale","9":"product_tag-28-0ml","10":"product_tag-20000-puffs","11":"product_tag-fizzy","12":"product_tag-disposable","13":"product_shipping_class-eu-warehouse","14":"wcpa_has_options","16":"first","17":"outofstock","18":"shipping-taxable","19":"purchasable","20":"product-type-variable"},"aioseo_notices":[],"brands":[{"id":1279,"name":"FIHP","slug":"fihp"}],"_links":{"self":[{"href":"https:\/\/www.vape4wholesale.com\/de\/wp-json\/wp\/v2\/product\/17889","targetHints":{"allow":["GET"]}}],"collection":[{"href":"https:\/\/www.vape4wholesale.com\/de\/wp-json\/wp\/v2\/product"}],"about":[{"href":"https:\/\/www.vape4wholesale.com\/de\/wp-json\/wp\/v2\/types\/product"}],"replies":[{"embeddable":true,"href":"https:\/\/www.vape4wholesale.com\/de\/wp-json\/wp\/v2\/comments?post=17889"}],"wp:featuredmedia":[{"embeddable":true,"href":"https:\/\/www.vape4wholesale.com\/de\/wp-json\/wp\/v2\/media\/17890"}],"wp:attachment":[{"href":"https:\/\/www.vape4wholesale.com\/de\/wp-json\/wp\/v2\/media?parent=17889"}],"wp:term":[{"taxonomy":"pwb-brand","embeddable":true,"href":"https:\/\/www.vape4wholesale.com\/de\/wp-json\/wp\/v2\/pwb-brand?post=17889"},{"taxonomy":"product_cat","embeddable":true,"href":"https:\/\/www.vape4wholesale.com\/de\/wp-json\/wp\/v2\/product_cat?post=17889"},{"taxonomy":"product_tag","embeddable":true,"href":"https:\/\/www.vape4wholesale.com\/de\/wp-json\/wp\/v2\/product_tag?post=17889"}],"curies":[{"name":"wp","href":"https:\/\/api.w.org\/{rel}","templated":true}]}}