{"id":17176,"date":"2024-10-26T23:03:00","date_gmt":"2024-10-26T15:03:00","guid":{"rendered":"https:\/\/www.vape4wholesale.com\/?post_type=product&#038;p=17176"},"modified":"2026-01-27T14:33:54","modified_gmt":"2026-01-27T14:33:54","slug":"bang-box-30000-puffs-einweg-vape-groshandel","status":"publish","type":"product","link":"https:\/\/www.vape4wholesale.com\/de\/product\/bang-box-30000-puffs-disposable-vape-wholesale","title":{"rendered":"Bang Box 30000 Puffs Einweg Vape Gro\u00dfhandel"},"content":{"rendered":"<p>Die Bang Box 30000 Puffs ist ein wiederaufladbarer Einwegdampfer mit einer 35 ML E-Liquid-Kapazit\u00e4t, der bis zu 30.000 Puffs und einen verbesserten Geschmack durch die Dual-Mesh-Coil-Technologie bietet und exklusiv bei V4W erh\u00e4ltlich ist. Es verf\u00fcgt \u00fcber 2 Modi, normal und Boost-Modus, mit Boost-Modus, werden Sie riesige Dampf Erfahrung haben.<\/p>\n<p>Die Bang Box 30000 ist mit einer benutzerfreundlichen Anzeige f\u00fcr den Stromverbrauch und den Batteriestand ausgestattet, die es Ihnen erm\u00f6glicht, den Verbrauch zu \u00fcberwachen und das Ger\u00e4t bequem \u00fcber den modernen Typ-C-Ladeanschluss aufzuladen.<\/p>\n<p>Bestellen Sie unsere gro\u00dfe Auswahl an 12 Geschmacksrichtungen von Bang Box 30000 zum besten Preis und mit schnellstem Versand.<\/p>\n<h2><strong>Bang Box 30000 Einweg-Vape Schnelle Details:<\/strong><\/h2>\n<ul>\n<li>Puffs:30000 Puffs<\/li>\n<li>Fassungsverm\u00f6gen: 35ml<\/li>\n<li>Akku: 850mAh<\/li>\n<li>Nikotin:0% 2% 3% 5%<\/li>\n<li>12 Geschmacksrichtungen verf\u00fcgbar<\/li>\n<li>Dual Mesh Spule<\/li>\n<li>2 Modi: Normal\/Boost<\/li>\n<li>Smart Screen: E-Juice\/Leistungsanzeige<\/li>\n<\/ul>\n<h2><strong>Bang Box 30000 Geschmacksrichtungen verf\u00fcgbar<\/strong><\/h2>\n<ol>\n<li>Apfel Pfirsich<\/li>\n<li>Schwarzer Burst<\/li>\n<li>Blaubeereis<\/li>\n<li>Heidelbeere-Granatapfel<\/li>\n<li>Heidelbeer-Himbeer-Eis sauer<\/li>\n<li>Blue Burst<\/li>\n<li>Doppelte Traube<\/li>\n<li>Dschungel-Saft<\/li>\n<li>Erdbeer-Kiwi<\/li>\n<li>Wassermelone Eis<\/li>\n<li>Erdbeere Wassermelone<\/li>\n<li>Passionsfrucht<\/li>\n<\/ol>\n<h2><strong>Details zur Verpackung<\/strong><\/h2>\n<ul>\n<li>Single mit kleinem Paket<\/li>\n<li>10 St\u00fcck in einer mittleren Schachtel<\/li>\n<li>200 St\u00fcck pro Karton<\/li>\n<\/ul>\n<figure id=\"attachment_17192\" aria-describedby=\"caption-attachment-17192\" style=\"width: 800px\" class=\"wp-caption alignnone\"><img loading=\"lazy\" decoding=\"async\" class=\"size-full wp-image-17192\" title=\"Bang Box 30000 Puffs Einweg Vape Gro\u00dfhandel Wassermelone Eis\" src=\"https:\/\/www.vape4wholesale.com\/wp-content\/uploads\/2024\/10\/Bang-Box-30000-Puffs-Disposable-Vape-Wholesale-Watermelon-Ice.jpg\" alt=\"Bang Box 30000 Puffs Einweg Vape Gro\u00dfhandel Wassermelone Eis\" width=\"800\" height=\"800\" srcset=\"https:\/\/www.vape4wholesale.com\/wp-content\/uploads\/2024\/10\/Bang-Box-30000-Puffs-Disposable-Vape-Wholesale-Watermelon-Ice.jpg 800w, https:\/\/www.vape4wholesale.com\/wp-content\/uploads\/2024\/10\/Bang-Box-30000-Puffs-Disposable-Vape-Wholesale-Watermelon-Ice-247x247.jpg 247w, https:\/\/www.vape4wholesale.com\/wp-content\/uploads\/2024\/10\/Bang-Box-30000-Puffs-Disposable-Vape-Wholesale-Watermelon-Ice-100x100.jpg 100w, https:\/\/www.vape4wholesale.com\/wp-content\/uploads\/2024\/10\/Bang-Box-30000-Puffs-Disposable-Vape-Wholesale-Watermelon-Ice-510x510.jpg 510w, https:\/\/www.vape4wholesale.com\/wp-content\/uploads\/2024\/10\/Bang-Box-30000-Puffs-Disposable-Vape-Wholesale-Watermelon-Ice-64x64.jpg 64w, https:\/\/www.vape4wholesale.com\/wp-content\/uploads\/2024\/10\/Bang-Box-30000-Puffs-Disposable-Vape-Wholesale-Watermelon-Ice-300x300.jpg 300w, https:\/\/www.vape4wholesale.com\/wp-content\/uploads\/2024\/10\/Bang-Box-30000-Puffs-Disposable-Vape-Wholesale-Watermelon-Ice-150x150.jpg 150w, https:\/\/www.vape4wholesale.com\/wp-content\/uploads\/2024\/10\/Bang-Box-30000-Puffs-Disposable-Vape-Wholesale-Watermelon-Ice-768x768.jpg 768w, https:\/\/www.vape4wholesale.com\/wp-content\/uploads\/2024\/10\/Bang-Box-30000-Puffs-Disposable-Vape-Wholesale-Watermelon-Ice-12x12.jpg 12w\" sizes=\"auto, (max-width: 800px) 100vw, 800px\" \/><figcaption id=\"caption-attachment-17192\" class=\"wp-caption-text\">Bang Box 30000 Puffs Einweg Vape Gro\u00dfhandel<\/figcaption><\/figure>\n<h2>WARUM WIR?<\/h2>\r\n<ul>\r\n<li>Echte, vertrauensw\u00fcrdige und professionelle Vape-Quelle.<\/li>\r\n<li>100% Echtheitsgarantie: Wir bieten nur originale und echte Produkte, lehnen F\u00e4lschungen ab.<\/li>\r\n<li>100% Liefergarantie: Wir verwenden die beste Versandmethode, um sicherzustellen, dass Sie die Bestellung 100% erhalten.<\/li>\r\n<li>Wir geben Ihnen die Tracking-Nummer und den Versandaufkleber nach dem Versand und verfolgen die Ware f\u00fcr Sie, bis Sie sie abholen.<\/li>\r\n<li>Keine Zollprobleme, keine Z\u00f6lle<\/li>\r\n<\/ul>","protected":false},"excerpt":{"rendered":"<div class=\"wsppc_div_block woocommerce_before_add_to_cart_form\">\r\n<p><strong><span style=\"color: #00a859;\">Zollabfertigung<\/span> vor Lieferung &amp; 100% Liefergarantie, Lieferung in ca. 19-25 Tagen.\u00a0<\/strong><\/p>\r\n<\/div>","protected":false},"featured_media":17184,"comment_status":"open","ping_status":"closed","template":"","meta":[],"pwb-brand":[1275],"product_cat":[873],"product_tag":[22,24,249,850,933],"class_list":{"0":"post-17176","1":"product","2":"type-product","3":"status-publish","4":"has-post-thumbnail","6":"pwb-brand-bang","7":"product_cat-above-20k-puffs","8":"product_tag-disposable","9":"product_tag-wholesale","10":"product_tag-bang","11":"product_tag-30000-puffs","12":"product_tag-35-0ml","13":"wcpa_has_options","15":"first","16":"instock","17":"shipping-taxable","18":"purchasable","19":"product-type-variable"},"aioseo_notices":[],"brands":[{"id":1275,"name":"Bang","slug":"bang"}],"_links":{"self":[{"href":"https:\/\/www.vape4wholesale.com\/de\/wp-json\/wp\/v2\/product\/17176","targetHints":{"allow":["GET"]}}],"collection":[{"href":"https:\/\/www.vape4wholesale.com\/de\/wp-json\/wp\/v2\/product"}],"about":[{"href":"https:\/\/www.vape4wholesale.com\/de\/wp-json\/wp\/v2\/types\/product"}],"replies":[{"embeddable":true,"href":"https:\/\/www.vape4wholesale.com\/de\/wp-json\/wp\/v2\/comments?post=17176"}],"wp:featuredmedia":[{"embeddable":true,"href":"https:\/\/www.vape4wholesale.com\/de\/wp-json\/wp\/v2\/media\/17184"}],"wp:attachment":[{"href":"https:\/\/www.vape4wholesale.com\/de\/wp-json\/wp\/v2\/media?parent=17176"}],"wp:term":[{"taxonomy":"pwb-brand","embeddable":true,"href":"https:\/\/www.vape4wholesale.com\/de\/wp-json\/wp\/v2\/pwb-brand?post=17176"},{"taxonomy":"product_cat","embeddable":true,"href":"https:\/\/www.vape4wholesale.com\/de\/wp-json\/wp\/v2\/product_cat?post=17176"},{"taxonomy":"product_tag","embeddable":true,"href":"https:\/\/www.vape4wholesale.com\/de\/wp-json\/wp\/v2\/product_tag?post=17176"}],"curies":[{"name":"wp","href":"https:\/\/api.w.org\/{rel}","templated":true}]}}