{"id":17032,"date":"2024-10-18T22:01:00","date_gmt":"2024-10-18T14:01:00","guid":{"rendered":"https:\/\/www.vape4wholesale.com\/?post_type=product&#038;p=17032"},"modified":"2026-01-27T14:35:14","modified_gmt":"2026-01-27T14:35:14","slug":"fumot-tornado-30k-musik-einweg-vape-groshandel","status":"publish","type":"product","link":"https:\/\/www.vape4wholesale.com\/de\/product\/fumot-tornado-30k-music-disposable-vape-wholesale","title":{"rendered":"Fumot Tornado 30K Musik Einweg Vape Gro\u00dfhandel"},"content":{"rendered":"<p>Fumot Tornado 30K Music ist ein 30K Puffs Einweg vape Ger\u00e4t von RandM angetrieben. Tornado 30K Music verwendet eine 1.0\u03a9 Mesh Coil und eine eingebaute 600mAh wiederaufladbare Batterie. Es gibt insgesamt 30 Geschmacksrichtungen und 4 Nikotinst\u00e4rken f\u00fcr Sie zu w\u00e4hlen.<\/p>\n<p>Das interessanteste Merkmal des Tornado 30K Music ist, dass das RGB-Licht im Rhythmus der Musik blinken kann. Stellen Sie sich vor, Sie k\u00f6nnen damit in einer Bar zu Ihrem eigenen Vape tanzen.<\/p>\n<h2><strong>Fumot Tornado 30K Musik Details:<\/strong><\/h2>\n<p>\u2611 0% 2% 3% 5% Nikotin<br \/>\n\u2611 Puffs: 30000<br \/>\n\u2611 30 Geschmacksrichtungen verf\u00fcgbar<br \/>\n\u2611 600mAh Wiederaufladbar<br \/>\n\u2611 1.0\u03a9 Masche Spule<br \/>\n\u2611 Typ-C<br \/>\n\u2611 je Karton kg<br \/>\n\u2611 Die Lichter wechseln mit der Musik<\/p>\n<h2><strong>Fumot Tornado 30K Music Optionale Geschmacksrichtungen:<\/strong><\/h2>\n<p>1. Bananeneis<br \/>\n2. Schwarzes Eis<br \/>\n3. Blaues Razzia-Eis<br \/>\n4. Heidelbeere auf Eis<br \/>\n5. Heidelbeere-Himbeere<br \/>\n6. Blaubeere-Sauer-Himbeere<br \/>\n7. Kirsche Eis<br \/>\n8. Kirsche Cola<br \/>\n9. Cola-Eis<br \/>\n10. K\u00fchle Minze<br \/>\n11. Doppelter Apfel<br \/>\n12. Dr. Blau<br \/>\n13. Traubeneis<br \/>\n14. Eis-Pop<br \/>\n15. Kiwi Passionsfrucht Guave<br \/>\n16. Liebe 66<br \/>\n17. \u00dcppiges Eis<br \/>\n18. Gemischte Beeren<br \/>\n19. Pfirsichbeere<br \/>\n20. Pfirsich-Eis<br \/>\n21. Pfirsich-Mango-Ananas<br \/>\n22. Ananaseis<br \/>\n23. Rosa Limonade<br \/>\n24. Kegeln<br \/>\n25. Erdbeere-Banane<br \/>\n26. Erdbeere Traube<br \/>\n27. Erdbeereis<br \/>\n28. Wassermelone mit Erdbeeren<br \/>\n29. Dreifache Mango<br \/>\n30. Vimto<\/p>\n<p>&nbsp;<\/p>\n<h2>Details zur Verpackung<\/h2>\n<ul>\n<li>160St\u00fcck\/Karton<\/li>\n<li>Gewicht 20.07Kg<\/li>\n<li>Gr\u00f6\u00dfe des Kartons: 412*332*325MM<\/li>\n<\/ul>\n<figure id=\"attachment_17096\" aria-describedby=\"caption-attachment-17096\" style=\"width: 800px\" class=\"wp-caption alignnone\"><img loading=\"lazy\" decoding=\"async\" class=\"wp-image-17096 size-full\" title=\"Fumot Tornado 30K Musik Einweg Vape Gro\u00dfhandel (1)\" src=\"https:\/\/www.vape4wholesale.com\/wp-content\/uploads\/2024\/10\/Fumot-Tornado-30K-Music-Disposable-Vape-Wholesale-1.jpg\" alt=\"Fumot Tornado 30K Musik Einweg Vape Gro\u00dfhandel (1)\" width=\"800\" height=\"800\" srcset=\"https:\/\/www.vape4wholesale.com\/wp-content\/uploads\/2024\/10\/Fumot-Tornado-30K-Music-Disposable-Vape-Wholesale-1.jpg 800w, https:\/\/www.vape4wholesale.com\/wp-content\/uploads\/2024\/10\/Fumot-Tornado-30K-Music-Disposable-Vape-Wholesale-1-247x247.jpg 247w, https:\/\/www.vape4wholesale.com\/wp-content\/uploads\/2024\/10\/Fumot-Tornado-30K-Music-Disposable-Vape-Wholesale-1-100x100.jpg 100w, https:\/\/www.vape4wholesale.com\/wp-content\/uploads\/2024\/10\/Fumot-Tornado-30K-Music-Disposable-Vape-Wholesale-1-510x510.jpg 510w\" sizes=\"auto, (max-width: 800px) 100vw, 800px\" \/><figcaption id=\"caption-attachment-17096\" class=\"wp-caption-text\">Fumot Tornado 30K Musik Einweg Vape Gro\u00dfhandel<\/figcaption><\/figure>\n<p><img loading=\"lazy\" decoding=\"async\" class=\"alignnone size-full wp-image-17094\" title=\"Fumot Tornado 30K Musik Einweg Vape Gro\u00dfhandel (2)\" src=\"https:\/\/www.vape4wholesale.com\/wp-content\/uploads\/2024\/10\/Fumot-Tornado-30K-Music-Disposable-Vape-Wholesale-2.jpg\" alt=\"Fumot Tornado 30K Musik Einweg Vape Gro\u00dfhandel (2)\" width=\"800\" height=\"800\" srcset=\"https:\/\/www.vape4wholesale.com\/wp-content\/uploads\/2024\/10\/Fumot-Tornado-30K-Music-Disposable-Vape-Wholesale-2.jpg 800w, https:\/\/www.vape4wholesale.com\/wp-content\/uploads\/2024\/10\/Fumot-Tornado-30K-Music-Disposable-Vape-Wholesale-2-247x247.jpg 247w, https:\/\/www.vape4wholesale.com\/wp-content\/uploads\/2024\/10\/Fumot-Tornado-30K-Music-Disposable-Vape-Wholesale-2-100x100.jpg 100w, https:\/\/www.vape4wholesale.com\/wp-content\/uploads\/2024\/10\/Fumot-Tornado-30K-Music-Disposable-Vape-Wholesale-2-510x510.jpg 510w, https:\/\/www.vape4wholesale.com\/wp-content\/uploads\/2024\/10\/Fumot-Tornado-30K-Music-Disposable-Vape-Wholesale-2-64x64.jpg 64w, https:\/\/www.vape4wholesale.com\/wp-content\/uploads\/2024\/10\/Fumot-Tornado-30K-Music-Disposable-Vape-Wholesale-2-300x300.jpg 300w, https:\/\/www.vape4wholesale.com\/wp-content\/uploads\/2024\/10\/Fumot-Tornado-30K-Music-Disposable-Vape-Wholesale-2-150x150.jpg 150w, https:\/\/www.vape4wholesale.com\/wp-content\/uploads\/2024\/10\/Fumot-Tornado-30K-Music-Disposable-Vape-Wholesale-2-768x768.jpg 768w, https:\/\/www.vape4wholesale.com\/wp-content\/uploads\/2024\/10\/Fumot-Tornado-30K-Music-Disposable-Vape-Wholesale-2-12x12.jpg 12w\" sizes=\"auto, (max-width: 800px) 100vw, 800px\" \/> <img loading=\"lazy\" decoding=\"async\" class=\"alignnone size-full wp-image-17095\" title=\"Fumot Tornado 30K Musik Einweg Vape Gro\u00dfhandel (3)\" src=\"https:\/\/www.vape4wholesale.com\/wp-content\/uploads\/2024\/10\/Fumot-Tornado-30K-Music-Disposable-Vape-Wholesale-3.jpg\" alt=\"Fumot Tornado 30K Musik Einweg Vape Gro\u00dfhandel (3)\" width=\"800\" height=\"800\" srcset=\"https:\/\/www.vape4wholesale.com\/wp-content\/uploads\/2024\/10\/Fumot-Tornado-30K-Music-Disposable-Vape-Wholesale-3.jpg 800w, https:\/\/www.vape4wholesale.com\/wp-content\/uploads\/2024\/10\/Fumot-Tornado-30K-Music-Disposable-Vape-Wholesale-3-247x247.jpg 247w, https:\/\/www.vape4wholesale.com\/wp-content\/uploads\/2024\/10\/Fumot-Tornado-30K-Music-Disposable-Vape-Wholesale-3-100x100.jpg 100w, https:\/\/www.vape4wholesale.com\/wp-content\/uploads\/2024\/10\/Fumot-Tornado-30K-Music-Disposable-Vape-Wholesale-3-510x510.jpg 510w\" sizes=\"auto, (max-width: 800px) 100vw, 800px\" \/><\/p>\n<h2>WARUM WIR?<\/h2>\r\n<ul>\r\n<li>Echte, vertrauensw\u00fcrdige und professionelle Vape-Quelle.<\/li>\r\n<li>100% Echtheitsgarantie: Wir bieten nur originale und echte Produkte, lehnen F\u00e4lschungen ab.<\/li>\r\n<li>100% Liefergarantie: Wir verwenden die beste Versandmethode, um sicherzustellen, dass Sie die Bestellung 100% erhalten.<\/li>\r\n<li>Wir geben Ihnen die Tracking-Nummer und den Versandaufkleber nach dem Versand und verfolgen die Ware f\u00fcr Sie, bis Sie sie abholen.<\/li>\r\n<li>Keine Zollprobleme, keine Z\u00f6lle<\/li>\r\n<\/ul>","protected":false},"excerpt":{"rendered":"<p><strong><span style=\"color: #d83131;\">HINWEIS: Dieses Produkt wurde eingestellt und ist nicht mehr erh\u00e4ltlich. Sie k\u00f6nnen ein \u00e4hnliches Produkt \u00fcber die Schaltfl\u00e4che unten kaufen<\/span><\/strong><\/p>\n<a href=\"\/de\/produkt\/uwin-randm-tornado-beat-35k-einweg-vape\/\" class=\"button secondary is-secondary is-medium\" >\n\t\t<span>\u2192Bestellen Sie das \u00e4hnliche Produkt<\/span>\n\t<\/a>","protected":false},"featured_media":17095,"comment_status":"open","ping_status":"closed","template":"","meta":[],"pwb-brand":[1269],"product_cat":[873],"product_tag":[692,850,22,24,592],"class_list":{"0":"post-17032","1":"product","2":"type-product","3":"status-publish","4":"has-post-thumbnail","6":"pwb-brand-fumot","7":"product_cat-above-20k-puffs","8":"product_tag-25-0ml","9":"product_tag-30000-puffs","10":"product_tag-disposable","11":"product_tag-wholesale","12":"product_tag-fumot","13":"wcpa_has_options","15":"first","16":"outofstock","17":"featured","18":"shipping-taxable","19":"purchasable","20":"product-type-variable"},"aioseo_notices":[],"brands":[{"id":1269,"name":"Fumot","slug":"fumot"}],"_links":{"self":[{"href":"https:\/\/www.vape4wholesale.com\/de\/wp-json\/wp\/v2\/product\/17032","targetHints":{"allow":["GET"]}}],"collection":[{"href":"https:\/\/www.vape4wholesale.com\/de\/wp-json\/wp\/v2\/product"}],"about":[{"href":"https:\/\/www.vape4wholesale.com\/de\/wp-json\/wp\/v2\/types\/product"}],"replies":[{"embeddable":true,"href":"https:\/\/www.vape4wholesale.com\/de\/wp-json\/wp\/v2\/comments?post=17032"}],"wp:featuredmedia":[{"embeddable":true,"href":"https:\/\/www.vape4wholesale.com\/de\/wp-json\/wp\/v2\/media\/17095"}],"wp:attachment":[{"href":"https:\/\/www.vape4wholesale.com\/de\/wp-json\/wp\/v2\/media?parent=17032"}],"wp:term":[{"taxonomy":"pwb-brand","embeddable":true,"href":"https:\/\/www.vape4wholesale.com\/de\/wp-json\/wp\/v2\/pwb-brand?post=17032"},{"taxonomy":"product_cat","embeddable":true,"href":"https:\/\/www.vape4wholesale.com\/de\/wp-json\/wp\/v2\/product_cat?post=17032"},{"taxonomy":"product_tag","embeddable":true,"href":"https:\/\/www.vape4wholesale.com\/de\/wp-json\/wp\/v2\/product_tag?post=17032"}],"curies":[{"name":"wp","href":"https:\/\/api.w.org\/{rel}","templated":true}]}}