{"id":16797,"date":"2024-07-23T10:59:00","date_gmt":"2024-07-23T02:59:00","guid":{"rendered":"https:\/\/www.vape4wholesale.com\/?post_type=product&#038;p=16797"},"modified":"2026-01-27T14:44:18","modified_gmt":"2026-01-27T14:44:18","slug":"vapsolo-feed-bar-shisha-15000-einweg-vape-groshandel","status":"publish","type":"product","link":"https:\/\/www.vape4wholesale.com\/de\/product\/vapsolo-feed-bar-shisha-15000-disposable-vape-wholesale","title":{"rendered":"Vapsolo Feed Bar Shisha 15000 Einweg Vape Gro\u00dfhandel"},"content":{"rendered":"<p>Die Vapsolo Feed Bar Shisha 15000 ist eine raffinierte und herausragende Shisha-\u00e4hnliche Einwegdampflanze, die in Leder eingewickelt ist und \u00fcber ein digitales Display verf\u00fcgt, das die aktuelle Leistungsstufe und den Prozentsatz der verbleibenden Fl\u00fcssigkeit anzeigt.<\/p>\n<p>Es kommt mit 25ml eliquid, 650 mAh Akku mit einem Widerstand von 0,6 Ohm, um sicherzustellen, dass Sie den besten Geschmack erleben und mehr Rauch bekommen. Es unterst\u00fctzt bis zu 15.000 Z\u00fcge.<\/p>\n<p>Bestellen Sie unsere gro\u00dfe Auswahl an 10 Geschmacksrichtungen von Vapsolo DG18000 zum besten Preis und mit schnellem Versand.<\/p>\n<h2><strong>Vapsolo Feed Bar Shisha 15000 Puffs Schnelle Details:<\/strong><\/h2>\n<ul>\n<li>650mAh Eingebauter Akku<\/li>\n<li>Wiederaufladbarer Akku (Typ-C-Anschluss)<\/li>\n<li>Fassungsverm\u00f6gen des Saftes: 25ml<\/li>\n<li>Effiziente und konsistente Leistungsabgabe<\/li>\n<li>Spulenwiderstand: 0.6\u03a9<\/li>\n<li>0% , 2% Nikotinspiegel<\/li>\n<li>Befriedigen Sie fast 15000 Puffs<\/li>\n<li>Maschenspule<\/li>\n<li>Duale Pods<\/li>\n<li>Schutz: \u00dcberhitzung, Kurzschluss<\/li>\n<\/ul>\n<h2><strong>Verf\u00fcgbare Geschmacksrichtungen:<\/strong><\/h2>\n<ol>\n<li>Beereneis<\/li>\n<li>Schwarzes Johannisbeereis<\/li>\n<li>Blue Razz Limonade<\/li>\n<li>Blaubeerkaugummi<\/li>\n<li>Kirsche Fiesta<\/li>\n<li>Weintrauben-Minze<\/li>\n<li>Zitronenminze<\/li>\n<li>\u00dcppiges Eis<\/li>\n<li>Magische Liebe<\/li>\n<li>Mango-Eis<\/li>\n<li>Pfirsich-Eis<\/li>\n<li>Erdbeer-Kiwi<\/li>\n<li>Erdbeer-Punsch<\/li>\n<li>Sweetpassion Obst<\/li>\n<li>Zwei \u00c4pfel<\/li>\n<\/ol>\n<h2><strong>Details zur Verpackung:<\/strong><\/h2>\n<p>1St\u00fcck pro Einzelkarton<br data-filtered=\"filtered\" \/>10 St\u00fcck pro Mittelkarton<br data-filtered=\"filtered\" \/>200 St\u00fcck pro Karton\/ 19kg<\/p>\n<figure id=\"attachment_16798\" aria-describedby=\"caption-attachment-16798\" style=\"width: 600px\" class=\"wp-caption alignnone\"><img loading=\"lazy\" decoding=\"async\" class=\"size-full wp-image-16798\" title=\"Vapsolo Feed Bar Shisha 15000 Einweg Vape Gro\u00dfhandel GRAPE MINT\" src=\"https:\/\/www.vape4wholesale.com\/wp-content\/uploads\/2024\/09\/Vapsolo-Feed-Bar-Shisha-15000-Disposable-Vape-Wholesale-GRAPE-MINT.png\" alt=\"Vapsolo Feed Bar Shisha 15000 Einweg Vape Gro\u00dfhandel GRAPE MINT\" width=\"600\" height=\"600\" srcset=\"https:\/\/www.vape4wholesale.com\/wp-content\/uploads\/2024\/09\/Vapsolo-Feed-Bar-Shisha-15000-Disposable-Vape-Wholesale-GRAPE-MINT.png 600w, https:\/\/www.vape4wholesale.com\/wp-content\/uploads\/2024\/09\/Vapsolo-Feed-Bar-Shisha-15000-Disposable-Vape-Wholesale-GRAPE-MINT-247x247.png 247w, https:\/\/www.vape4wholesale.com\/wp-content\/uploads\/2024\/09\/Vapsolo-Feed-Bar-Shisha-15000-Disposable-Vape-Wholesale-GRAPE-MINT-100x100.png 100w, https:\/\/www.vape4wholesale.com\/wp-content\/uploads\/2024\/09\/Vapsolo-Feed-Bar-Shisha-15000-Disposable-Vape-Wholesale-GRAPE-MINT-510x510.png 510w, https:\/\/www.vape4wholesale.com\/wp-content\/uploads\/2024\/09\/Vapsolo-Feed-Bar-Shisha-15000-Disposable-Vape-Wholesale-GRAPE-MINT-64x64.png 64w, https:\/\/www.vape4wholesale.com\/wp-content\/uploads\/2024\/09\/Vapsolo-Feed-Bar-Shisha-15000-Disposable-Vape-Wholesale-GRAPE-MINT-300x300.png 300w, https:\/\/www.vape4wholesale.com\/wp-content\/uploads\/2024\/09\/Vapsolo-Feed-Bar-Shisha-15000-Disposable-Vape-Wholesale-GRAPE-MINT-150x150.png 150w, https:\/\/www.vape4wholesale.com\/wp-content\/uploads\/2024\/09\/Vapsolo-Feed-Bar-Shisha-15000-Disposable-Vape-Wholesale-GRAPE-MINT-12x12.png 12w\" sizes=\"auto, (max-width: 600px) 100vw, 600px\" \/><figcaption id=\"caption-attachment-16798\" class=\"wp-caption-text\">Vapsolo Feed Bar Shisha 15000 Einweg Vape Gro\u00dfhandel<\/figcaption><\/figure>\n<h2>WARUM WIR?<\/h2>\r\n<ul>\r\n<li>Echte, vertrauensw\u00fcrdige und professionelle Vape-Quelle.<\/li>\r\n<li>100% Echtheitsgarantie: Wir bieten nur originale und echte Produkte, lehnen F\u00e4lschungen ab.<\/li>\r\n<li>100% Liefergarantie: Wir verwenden die beste Versandmethode, um sicherzustellen, dass Sie die Bestellung 100% erhalten.<\/li>\r\n<li>Wir geben Ihnen die Tracking-Nummer und den Versandaufkleber nach dem Versand und verfolgen die Ware f\u00fcr Sie, bis Sie sie abholen.<\/li>\r\n<li>Keine Zollprobleme, keine Z\u00f6lle<\/li>\r\n<\/ul>\n<p>&nbsp;<\/p>","protected":false},"excerpt":{"rendered":"<p><b><span style=\"color: #00a859;\">Kostenloser Versand<\/span>\u00a0Aus dem Europa-Lager, Lieferzeit 7-15 Werktage.<\/b><\/p>\r\n<div class=\"wsppc_div_block woocommerce_before_add_to_cart_form\">\r\n<p><strong>Zollabfertigung vor Lieferung &amp; 100% Liefergarantie<\/strong><\/p>\r\n<\/div>","protected":false},"featured_media":16798,"comment_status":"open","ping_status":"closed","template":"","meta":[],"pwb-brand":[1271],"product_cat":[872],"product_tag":[22,24,684,692,726,899],"class_list":{"0":"post-16797","1":"product","2":"type-product","3":"status-publish","4":"has-post-thumbnail","6":"pwb-brand-vapsolo","7":"product_cat-15k-20k-puffs","8":"product_tag-disposable","9":"product_tag-wholesale","10":"product_tag-15000-puffs","11":"product_tag-25-0ml","12":"product_tag-shisha","13":"product_tag-vapsolo","14":"product_shipping_class-vapsolo-cn-eu","15":"wcpa_has_options","17":"first","18":"instock","19":"shipping-taxable","20":"purchasable","21":"product-type-variable"},"aioseo_notices":[],"brands":[{"id":1271,"name":"Vapsolo","slug":"vapsolo"}],"_links":{"self":[{"href":"https:\/\/www.vape4wholesale.com\/de\/wp-json\/wp\/v2\/product\/16797","targetHints":{"allow":["GET"]}}],"collection":[{"href":"https:\/\/www.vape4wholesale.com\/de\/wp-json\/wp\/v2\/product"}],"about":[{"href":"https:\/\/www.vape4wholesale.com\/de\/wp-json\/wp\/v2\/types\/product"}],"replies":[{"embeddable":true,"href":"https:\/\/www.vape4wholesale.com\/de\/wp-json\/wp\/v2\/comments?post=16797"}],"wp:featuredmedia":[{"embeddable":true,"href":"https:\/\/www.vape4wholesale.com\/de\/wp-json\/wp\/v2\/media\/16798"}],"wp:attachment":[{"href":"https:\/\/www.vape4wholesale.com\/de\/wp-json\/wp\/v2\/media?parent=16797"}],"wp:term":[{"taxonomy":"pwb-brand","embeddable":true,"href":"https:\/\/www.vape4wholesale.com\/de\/wp-json\/wp\/v2\/pwb-brand?post=16797"},{"taxonomy":"product_cat","embeddable":true,"href":"https:\/\/www.vape4wholesale.com\/de\/wp-json\/wp\/v2\/product_cat?post=16797"},{"taxonomy":"product_tag","embeddable":true,"href":"https:\/\/www.vape4wholesale.com\/de\/wp-json\/wp\/v2\/product_tag?post=16797"}],"curies":[{"name":"wp","href":"https:\/\/api.w.org\/{rel}","templated":true}]}}