{"id":16776,"date":"2024-07-23T10:20:13","date_gmt":"2024-07-23T02:20:13","guid":{"rendered":"https:\/\/www.vape4wholesale.com\/?post_type=product&#038;p=16776"},"modified":"2026-01-27T14:46:39","modified_gmt":"2026-01-27T14:46:39","slug":"vapsolo-dg18000-einweg-vape-groshandel","status":"publish","type":"product","link":"https:\/\/www.vape4wholesale.com\/de\/product\/vapsolo-dg18000-disposable-vape-wholesale","title":{"rendered":"Vapsolo DG18000 Einweg Vape Gro\u00dfhandel"},"content":{"rendered":"<p>Die Vapsolo DG18000 ist ein digitaler Bildschirm entworfen Einweg vape, ist sein K\u00f6rper von 2 \u00e4hnlichen Farben zusammen gen\u00e4ht gemacht, es bauen mit 28ml eliquid und mit 650mah Akku, die bis zu 18000 Puffs unterst\u00fctzen.<\/p>\n<p>Der Vapsolo DG18000 verf\u00fcgt \u00fcber ein System zur Steuerung des Luftstroms und \u00fcber 2 Modi: Smart-Modus und Boost-Modus.<\/p>\n<p>Der LCD-Bildschirm zeigt den Batterie- und Fl\u00fcssigkeitsstand in Echtzeit an.<\/p>\n<p>Bestellen Sie unsere gro\u00dfe Auswahl an 10 Geschmacksrichtungen von Vapsolo DG18000 zum besten Preis und mit schnellem Versand.<\/p>\n<h2>Vapsolo DG18000 Schnelle Details<\/h2>\n<ul>\n<li>650mAh wiederaufladbare Batterie<\/li>\n<li>28ml vorgef\u00fcllte e-Fl\u00fcssigkeit<\/li>\n<li>2%\/5% Nikotinst\u00e4rke<\/li>\n<li>Erreicht bis zu 18000 Puffs<\/li>\n<li>Nicht nachf\u00fcllbare Ausf\u00fchrung<\/li>\n<li>Dual Mesh Spule<\/li>\n<li>Typ-C-Ladeanschluss<\/li>\n<li>10 Geschmacksrichtungen verf\u00fcgbar<\/li>\n<\/ul>\n<h2><strong>Verf\u00fcgbare Geschmacksrichtungen:<\/strong><\/h2>\n<ul>\n<li>Pfirsich Mango Ananas<\/li>\n<li>Passionsfrucht-Kiwi-Eis<\/li>\n<li>Heidelbeere Kirsche Cranberry<\/li>\n<li>Wassermelone Eis<\/li>\n<li>Erdbeer-Kiwi<\/li>\n<li>Zitrone-Limette<\/li>\n<li>Erdbeere-Banane<\/li>\n<li>Roter Stier<\/li>\n<li>Gemischte Beere<\/li>\n<li>Prime Strawberry Watermelon (Erdbeer-Wassermelone)<\/li>\n<\/ul>\n<h2><strong>Details zur Verpackung:<\/strong><\/h2>\n<ul>\n<li>Single mit kleinem Paket<\/li>\n<li>10 St\u00fcck in einer mittleren Schachtel<\/li>\n<li>200 St\u00fcck pro Karton \/19KG<\/li>\n<\/ul>\n<figure id=\"attachment_16777\" aria-describedby=\"caption-attachment-16777\" style=\"width: 600px\" class=\"wp-caption alignnone\"><img loading=\"lazy\" decoding=\"async\" class=\"size-full wp-image-16777\" title=\"Vapsolo DG18000 Einweg Vape Gro\u00dfhandel Heidelbeere Kirsche cranberr\" src=\"https:\/\/www.vape4wholesale.com\/wp-content\/uploads\/2024\/09\/Vapsolo-DG18000-Disposable-Vape-Wholesale-blueberry-cherry-cranberr.png\" alt=\"Vapsolo DG18000 Einweg Vape Gro\u00dfhandel Heidelbeere Kirsche cranberr\" width=\"600\" height=\"600\" srcset=\"https:\/\/www.vape4wholesale.com\/wp-content\/uploads\/2024\/09\/Vapsolo-DG18000-Disposable-Vape-Wholesale-blueberry-cherry-cranberr.png 600w, https:\/\/www.vape4wholesale.com\/wp-content\/uploads\/2024\/09\/Vapsolo-DG18000-Disposable-Vape-Wholesale-blueberry-cherry-cranberr-247x247.png 247w, https:\/\/www.vape4wholesale.com\/wp-content\/uploads\/2024\/09\/Vapsolo-DG18000-Disposable-Vape-Wholesale-blueberry-cherry-cranberr-100x100.png 100w, https:\/\/www.vape4wholesale.com\/wp-content\/uploads\/2024\/09\/Vapsolo-DG18000-Disposable-Vape-Wholesale-blueberry-cherry-cranberr-510x510.png 510w, https:\/\/www.vape4wholesale.com\/wp-content\/uploads\/2024\/09\/Vapsolo-DG18000-Disposable-Vape-Wholesale-blueberry-cherry-cranberr-64x64.png 64w, https:\/\/www.vape4wholesale.com\/wp-content\/uploads\/2024\/09\/Vapsolo-DG18000-Disposable-Vape-Wholesale-blueberry-cherry-cranberr-300x300.png 300w, https:\/\/www.vape4wholesale.com\/wp-content\/uploads\/2024\/09\/Vapsolo-DG18000-Disposable-Vape-Wholesale-blueberry-cherry-cranberr-150x150.png 150w, https:\/\/www.vape4wholesale.com\/wp-content\/uploads\/2024\/09\/Vapsolo-DG18000-Disposable-Vape-Wholesale-blueberry-cherry-cranberr-12x12.png 12w\" sizes=\"auto, (max-width: 600px) 100vw, 600px\" \/><figcaption id=\"caption-attachment-16777\" class=\"wp-caption-text\">Vapsolo DG18000 Einweg Vape Gro\u00dfhandel<\/figcaption><\/figure>\n<h2>WARUM WIR?<\/h2>\r\n<ul>\r\n<li>Echte, vertrauensw\u00fcrdige und professionelle Vape-Quelle.<\/li>\r\n<li>100% Echtheitsgarantie: Wir bieten nur originale und echte Produkte, lehnen F\u00e4lschungen ab.<\/li>\r\n<li>100% Liefergarantie: Wir verwenden die beste Versandmethode, um sicherzustellen, dass Sie die Bestellung 100% erhalten.<\/li>\r\n<li>Wir geben Ihnen die Tracking-Nummer und den Versandaufkleber nach dem Versand und verfolgen die Ware f\u00fcr Sie, bis Sie sie abholen.<\/li>\r\n<li>Keine Zollprobleme, keine Z\u00f6lle<\/li>\r\n<\/ul>","protected":false},"excerpt":{"rendered":"<p><b><span style=\"color: #00a859;\">Kostenloser Versand<\/span>\u00a0Aus dem Europa-Lager, Lieferzeit 7-15 Werktage.<\/b><\/p>\r\n<div class=\"wsppc_div_block woocommerce_before_add_to_cart_form\">\r\n<p><strong>Zollabfertigung vor Lieferung &amp; 100% Liefergarantie<\/strong><\/p>\r\n<\/div>","protected":false},"featured_media":16777,"comment_status":"open","ping_status":"closed","template":"","meta":[],"pwb-brand":[1271],"product_cat":[872],"product_tag":[22,24,719,793,899],"class_list":{"0":"post-16776","1":"product","2":"type-product","3":"status-publish","4":"has-post-thumbnail","6":"pwb-brand-vapsolo","7":"product_cat-15k-20k-puffs","8":"product_tag-disposable","9":"product_tag-wholesale","10":"product_tag-18000-puffs","11":"product_tag-28-0ml","12":"product_tag-vapsolo","13":"product_shipping_class-vapsolo-cn-eu","14":"wcpa_has_options","16":"first","17":"instock","18":"shipping-taxable","19":"purchasable","20":"product-type-variable"},"aioseo_notices":[],"brands":[{"id":1271,"name":"Vapsolo","slug":"vapsolo"}],"_links":{"self":[{"href":"https:\/\/www.vape4wholesale.com\/de\/wp-json\/wp\/v2\/product\/16776","targetHints":{"allow":["GET"]}}],"collection":[{"href":"https:\/\/www.vape4wholesale.com\/de\/wp-json\/wp\/v2\/product"}],"about":[{"href":"https:\/\/www.vape4wholesale.com\/de\/wp-json\/wp\/v2\/types\/product"}],"replies":[{"embeddable":true,"href":"https:\/\/www.vape4wholesale.com\/de\/wp-json\/wp\/v2\/comments?post=16776"}],"wp:featuredmedia":[{"embeddable":true,"href":"https:\/\/www.vape4wholesale.com\/de\/wp-json\/wp\/v2\/media\/16777"}],"wp:attachment":[{"href":"https:\/\/www.vape4wholesale.com\/de\/wp-json\/wp\/v2\/media?parent=16776"}],"wp:term":[{"taxonomy":"pwb-brand","embeddable":true,"href":"https:\/\/www.vape4wholesale.com\/de\/wp-json\/wp\/v2\/pwb-brand?post=16776"},{"taxonomy":"product_cat","embeddable":true,"href":"https:\/\/www.vape4wholesale.com\/de\/wp-json\/wp\/v2\/product_cat?post=16776"},{"taxonomy":"product_tag","embeddable":true,"href":"https:\/\/www.vape4wholesale.com\/de\/wp-json\/wp\/v2\/product_tag?post=16776"}],"curies":[{"name":"wp","href":"https:\/\/api.w.org\/{rel}","templated":true}]}}