{"id":16512,"date":"2024-07-31T23:32:00","date_gmt":"2024-07-31T15:32:00","guid":{"rendered":"https:\/\/www.vape4wholesale.com\/?post_type=product&#038;p=16512"},"modified":"2026-01-26T13:40:20","modified_gmt":"2026-01-26T13:40:20","slug":"bang-30000-puffs-einweg-vape-groshandel-2","status":"publish","type":"product","link":"https:\/\/www.vape4wholesale.com\/de\/product\/bang-king-coloor-30000-puffs-disposable-vape-wholesale","title":{"rendered":"Bang King Coloor 30000 Puffs Einweg Vape Gro\u00dfhandel"},"content":{"rendered":"<p>Die Bang King Coloor 30000 Puffs mit doppeltem Geschmack entwickelt, die eine au\u00dfergew\u00f6hnliche Erfahrung vaping Ziel, es mit 1,0 Ohm Mesh-Spule ausgestattet und enth\u00e4lt 36ml e-Fl\u00fcssigkeit.<\/p>\n<p>Erh\u00e4ltlich in den Nikotinst\u00e4rken 0%, 2%, 3% und 5%, um verschiedenen Vorlieben und Bed\u00fcrfnissen gerecht zu werden. Der wiederaufladbare 550-mAh-Akku mit Typ-C-Ladeunterst\u00fctzung sorgt daf\u00fcr, dass Sie Ihren Verdampfer schnell und effizient aufladen k\u00f6nnen, damit er jederzeit einsatzbereit ist.<\/p>\n<p>Der TheBang 30000 Puffs wurde sowohl f\u00fcr Anf\u00e4nger als auch f\u00fcr erfahrene Dampfer entwickelt und kombiniert hohe Kapazit\u00e4t, Benutzerfreundlichkeit und fortschrittliche Technologie. Seine au\u00dfergew\u00f6hnliche Geschmacksabgabe und sein benutzerfreundliches Design machen ihn zu einer erstklassigen Wahl auf dem Vaping-Markt. erhalten Sie den besten Gro\u00dfhandelspreis und schnellen Versand von Vape4Wholesale<\/p>\n<h2><strong>Bang King Coloor 30000 Puffs Merkmale<\/strong><\/h2>\n<ul>\n<li>Puffs: Bis zu 30000 Z\u00fcge<\/li>\n<li>Kern: Mesh Spule 1.0ohm<\/li>\n<li>E-Fl\u00fcssigkeit: 36ml<\/li>\n<li>Nikotin: 0%\/ 2%\/ 3%\/ 5%<\/li>\n<li>Akku: 550mAh<\/li>\n<li>Wiederaufladbar: Typ-C<\/li>\n<li>LCD-Digitalanzeige<\/li>\n<li>Doppelter Geschmack<\/li>\n<li>Bang 30000 Puffs<\/li>\n<\/ul>\n<h2><strong>Geschmacksliste<\/strong><\/h2>\n<ul>\n<li>Wassermelonen-Eis &amp; Heidelbeer-Minze<\/li>\n<li>Wassermeloneneis &amp; Erdbeere und Mango<\/li>\n<li>Erdbeere Wassermelone &amp; Kiwi Passionsfrucht Guave<\/li>\n<li>Erdbeere, Wassermelone und Traubeneis<\/li>\n<li>Blaubeereis &amp; Schwarzer Drache Eis<\/li>\n<li>Heidelbeereis &amp; Erdbeere und Banane<\/li>\n<li>Red Bull &amp; Blaubeer-Wassermelone<\/li>\n<li>Red Bull &amp; Wassermelone Bubble Candy<\/li>\n<li>Heidelbeere Himbeere &amp; Pfirsich Mango Wassermelone<\/li>\n<li>Heidelbeere-Himbeere &amp; gemischtes Schimmelobst<\/li>\n<li>Erdbeer-Kiwi-Pfirsich-Eis<\/li>\n<li>Erdbeere-Kiwi &amp; Saurer Apfel-Himbeere<\/li>\n<\/ul>\n<figure id=\"attachment_16526\" aria-describedby=\"caption-attachment-16526\" style=\"width: 800px\" class=\"wp-caption alignnone\"><img loading=\"lazy\" decoding=\"async\" class=\"wp-image-16526 size-full\" title=\"Bang King Coloor 30000 Puffs Einweg Vape Gro\u00dfhandel (2)\" src=\"https:\/\/www.vape4wholesale.com\/wp-content\/uploads\/2024\/07\/Bang-King-Coloor-30000-Puffs-Disposable-Vape-Wholesale-2.jpg\" alt=\"Bang King Coloor 30000 Puffs Einweg Vape Gro\u00dfhandel (2)\" width=\"800\" height=\"800\" srcset=\"https:\/\/www.vape4wholesale.com\/wp-content\/uploads\/2024\/07\/Bang-King-Coloor-30000-Puffs-Disposable-Vape-Wholesale-2.jpg 800w, https:\/\/www.vape4wholesale.com\/wp-content\/uploads\/2024\/07\/Bang-King-Coloor-30000-Puffs-Disposable-Vape-Wholesale-2-247x247.jpg 247w, https:\/\/www.vape4wholesale.com\/wp-content\/uploads\/2024\/07\/Bang-King-Coloor-30000-Puffs-Disposable-Vape-Wholesale-2-100x100.jpg 100w, https:\/\/www.vape4wholesale.com\/wp-content\/uploads\/2024\/07\/Bang-King-Coloor-30000-Puffs-Disposable-Vape-Wholesale-2-510x510.jpg 510w\" sizes=\"auto, (max-width: 800px) 100vw, 800px\" \/><figcaption id=\"caption-attachment-16526\" class=\"wp-caption-text\">Bang King Coloor 30000 Puffs Einweg Vape Gro\u00dfhandel<\/figcaption><\/figure>\n<p><img loading=\"lazy\" decoding=\"async\" class=\"alignnone size-full wp-image-16527\" title=\"Bang King Coloor 30000 Puffs Einweg Vape Gro\u00dfhandel (3)\" src=\"https:\/\/www.vape4wholesale.com\/wp-content\/uploads\/2024\/07\/Bang-King-Coloor-30000-Puffs-Disposable-Vape-Wholesale-3.jpg\" alt=\"Bang King Coloor 30000 Puffs Einweg Vape Gro\u00dfhandel (3)\" width=\"800\" height=\"800\" srcset=\"https:\/\/www.vape4wholesale.com\/wp-content\/uploads\/2024\/07\/Bang-King-Coloor-30000-Puffs-Disposable-Vape-Wholesale-3.jpg 800w, https:\/\/www.vape4wholesale.com\/wp-content\/uploads\/2024\/07\/Bang-King-Coloor-30000-Puffs-Disposable-Vape-Wholesale-3-247x247.jpg 247w, https:\/\/www.vape4wholesale.com\/wp-content\/uploads\/2024\/07\/Bang-King-Coloor-30000-Puffs-Disposable-Vape-Wholesale-3-100x100.jpg 100w, https:\/\/www.vape4wholesale.com\/wp-content\/uploads\/2024\/07\/Bang-King-Coloor-30000-Puffs-Disposable-Vape-Wholesale-3-510x510.jpg 510w\" sizes=\"auto, (max-width: 800px) 100vw, 800px\" \/><\/p>\n<h2>WARUM WIR?<\/h2>\r\n<ul>\r\n<li>Echte, vertrauensw\u00fcrdige und professionelle Vape-Quelle.<\/li>\r\n<li>100% Echtheitsgarantie: Wir bieten nur originale und echte Produkte, lehnen F\u00e4lschungen ab.<\/li>\r\n<li>100% Liefergarantie: Wir verwenden die beste Versandmethode, um sicherzustellen, dass Sie die Bestellung 100% erhalten.<\/li>\r\n<li>Wir geben Ihnen die Tracking-Nummer und den Versandaufkleber nach dem Versand und verfolgen die Ware f\u00fcr Sie, bis Sie sie abholen.<\/li>\r\n<li>Keine Zollprobleme, keine Z\u00f6lle<\/li>\r\n<\/ul>","protected":false},"excerpt":{"rendered":"<div class=\"wsppc_div_block woocommerce_before_add_to_cart_form\">\r\n<p><strong><span style=\"color: #00a859;\">Zollabfertigung<\/span> vor Lieferung &amp; 100% Liefergarantie, Lieferung in ca. 19-25 Tagen.\u00a0<\/strong><\/p>\r\n<\/div>","protected":false},"featured_media":16537,"comment_status":"open","ping_status":"closed","template":"","meta":[],"pwb-brand":[1275],"product_cat":[873],"product_tag":[22,24,249,849,850],"class_list":{"0":"post-16512","1":"product","2":"type-product","3":"status-publish","4":"has-post-thumbnail","6":"pwb-brand-bang","7":"product_cat-above-20k-puffs","8":"product_tag-disposable","9":"product_tag-wholesale","10":"product_tag-bang","11":"product_tag-36-0ml","12":"product_tag-30000-puffs","13":"wcpa_has_options","15":"first","16":"instock","17":"shipping-taxable","18":"purchasable","19":"product-type-variable"},"aioseo_notices":[],"brands":[{"id":1275,"name":"Bang","slug":"bang"}],"_links":{"self":[{"href":"https:\/\/www.vape4wholesale.com\/de\/wp-json\/wp\/v2\/product\/16512","targetHints":{"allow":["GET"]}}],"collection":[{"href":"https:\/\/www.vape4wholesale.com\/de\/wp-json\/wp\/v2\/product"}],"about":[{"href":"https:\/\/www.vape4wholesale.com\/de\/wp-json\/wp\/v2\/types\/product"}],"replies":[{"embeddable":true,"href":"https:\/\/www.vape4wholesale.com\/de\/wp-json\/wp\/v2\/comments?post=16512"}],"wp:featuredmedia":[{"embeddable":true,"href":"https:\/\/www.vape4wholesale.com\/de\/wp-json\/wp\/v2\/media\/16537"}],"wp:attachment":[{"href":"https:\/\/www.vape4wholesale.com\/de\/wp-json\/wp\/v2\/media?parent=16512"}],"wp:term":[{"taxonomy":"pwb-brand","embeddable":true,"href":"https:\/\/www.vape4wholesale.com\/de\/wp-json\/wp\/v2\/pwb-brand?post=16512"},{"taxonomy":"product_cat","embeddable":true,"href":"https:\/\/www.vape4wholesale.com\/de\/wp-json\/wp\/v2\/product_cat?post=16512"},{"taxonomy":"product_tag","embeddable":true,"href":"https:\/\/www.vape4wholesale.com\/de\/wp-json\/wp\/v2\/product_tag?post=16512"}],"curies":[{"name":"wp","href":"https:\/\/api.w.org\/{rel}","templated":true}]}}