{"id":16486,"date":"2024-07-30T21:08:00","date_gmt":"2024-07-30T13:08:00","guid":{"rendered":"https:\/\/www.vape4wholesale.com\/?post_type=product&#038;p=16486"},"modified":"2026-01-26T13:40:22","modified_gmt":"2026-01-26T13:40:22","slug":"bang-25000-puffs-einweg-vape-groshandel","status":"publish","type":"product","link":"https:\/\/www.vape4wholesale.com\/de\/product\/bang-25000-puffs-disposable-vape-wholesale","title":{"rendered":"Bang 25000 Puffs Einweg Vape Gro\u00dfhandel"},"content":{"rendered":"<p>Die Bang 25000 ist eine sch\u00f6ne desgined disaposable vape kommt mit Batterie und e-Saft F\u00fcllstandsanzeige, und es bauen mit 650mAh Akku auch mit 25ml eliquid, die bis zu 25000 Puffs unterst\u00fctzen.<\/p>\n<p>Bestellen Sie unsere gro\u00dfe Auswahl von 10 Geschmacksrichtungen von Bang 25000 disaposable vape mit besten Preis und schnellen Versand<\/p>\n<h2><strong>Bang 25000 Puffs Einweg Vape Details:<\/strong><\/h2>\n<ul>\n<li>650mAh wiederaufladbare Batterie<\/li>\n<li>25ml vorgef\u00fcllte e-Fl\u00fcssigkeit<\/li>\n<li>0\/2\/3\/5% Nikotinst\u00e4rke<\/li>\n<li>Erreichen Sie bis zu 25000 Puffs<\/li>\n<li>1,0-Ohm-Mesh-Spule<\/li>\n<li>Typ-C-Ladeanschluss<\/li>\n<\/ul>\n<h2><strong>Bang 25000 Puffs Optionale Geschmacksrichtungen:<\/strong><\/h2>\n<ul>\n<li>Blaubeereis<\/li>\n<li>Heidelbeere-Himbeere<\/li>\n<li>Blaubeer-Minze<\/li>\n<li>Traubeneis<\/li>\n<li>Erdbeere Wassermelone<\/li>\n<li>Erdbeer-Kiwi<\/li>\n<li>Wassermelonenblasen-Kaugummi<\/li>\n<li>Tigerblut<\/li>\n<li>Wassermelone Eis<\/li>\n<li>Erdbeereis<\/li>\n<li>Mango Pfirsich<\/li>\n<li>Mix Obst<\/li>\n<\/ul>\n<figure id=\"attachment_16498\" aria-describedby=\"caption-attachment-16498\" style=\"width: 800px\" class=\"wp-caption alignnone\"><img loading=\"lazy\" decoding=\"async\" class=\"size-full wp-image-16498\" title=\"Bang 25000 Puffs Einweg Vape Gro\u00dfhandel Tigerblut\" src=\"https:\/\/www.vape4wholesale.com\/wp-content\/uploads\/2024\/07\/Bang-25000-Puffs-Disposable-Vape-Wholesale-Tiger-blood.jpg\" alt=\"Bang 25000 Puffs Einweg Vape Gro\u00dfhandel Tigerblut\" width=\"800\" height=\"800\" srcset=\"https:\/\/www.vape4wholesale.com\/wp-content\/uploads\/2024\/07\/Bang-25000-Puffs-Disposable-Vape-Wholesale-Tiger-blood.jpg 800w, https:\/\/www.vape4wholesale.com\/wp-content\/uploads\/2024\/07\/Bang-25000-Puffs-Disposable-Vape-Wholesale-Tiger-blood-247x247.jpg 247w, https:\/\/www.vape4wholesale.com\/wp-content\/uploads\/2024\/07\/Bang-25000-Puffs-Disposable-Vape-Wholesale-Tiger-blood-100x100.jpg 100w, https:\/\/www.vape4wholesale.com\/wp-content\/uploads\/2024\/07\/Bang-25000-Puffs-Disposable-Vape-Wholesale-Tiger-blood-510x510.jpg 510w, https:\/\/www.vape4wholesale.com\/wp-content\/uploads\/2024\/07\/Bang-25000-Puffs-Disposable-Vape-Wholesale-Tiger-blood-64x64.jpg 64w, https:\/\/www.vape4wholesale.com\/wp-content\/uploads\/2024\/07\/Bang-25000-Puffs-Disposable-Vape-Wholesale-Tiger-blood-300x300.jpg 300w, https:\/\/www.vape4wholesale.com\/wp-content\/uploads\/2024\/07\/Bang-25000-Puffs-Disposable-Vape-Wholesale-Tiger-blood-150x150.jpg 150w, https:\/\/www.vape4wholesale.com\/wp-content\/uploads\/2024\/07\/Bang-25000-Puffs-Disposable-Vape-Wholesale-Tiger-blood-768x768.jpg 768w, https:\/\/www.vape4wholesale.com\/wp-content\/uploads\/2024\/07\/Bang-25000-Puffs-Disposable-Vape-Wholesale-Tiger-blood-12x12.jpg 12w\" sizes=\"auto, (max-width: 800px) 100vw, 800px\" \/><figcaption id=\"caption-attachment-16498\" class=\"wp-caption-text\">Bang 25000 Puffs Einweg Vape Gro\u00dfhandel<\/figcaption><\/figure>\n<h2>WARUM WIR?<\/h2>\r\n<ul>\r\n<li>Echte, vertrauensw\u00fcrdige und professionelle Vape-Quelle.<\/li>\r\n<li>100% Echtheitsgarantie: Wir bieten nur originale und echte Produkte, lehnen F\u00e4lschungen ab.<\/li>\r\n<li>100% Liefergarantie: Wir verwenden die beste Versandmethode, um sicherzustellen, dass Sie die Bestellung 100% erhalten.<\/li>\r\n<li>Wir geben Ihnen die Tracking-Nummer und den Versandaufkleber nach dem Versand und verfolgen die Ware f\u00fcr Sie, bis Sie sie abholen.<\/li>\r\n<li>Keine Zollprobleme, keine Z\u00f6lle<\/li>\r\n<\/ul>","protected":false},"excerpt":{"rendered":"<div class=\"wsppc_div_block woocommerce_before_add_to_cart_form\">\r\n<p><strong><span style=\"color: #00a859;\">Clear customs<\/span> before delivery &amp; 100% Delivery Guarantee, Delivery in 19~25 days around.\u00a0<\/strong><\/p>\r\n<\/div>","protected":false},"featured_media":16492,"comment_status":"open","ping_status":"closed","template":"","meta":[],"pwb-brand":[1275],"product_cat":[873],"product_tag":[22,24,249,692,915],"class_list":{"0":"post-16486","1":"product","2":"type-product","3":"status-publish","4":"has-post-thumbnail","6":"pwb-brand-bang","7":"product_cat-above-20k-puffs","8":"product_tag-disposable","9":"product_tag-wholesale","10":"product_tag-bang","11":"product_tag-25-0ml","12":"product_tag-25000-puffs","13":"wcpa_has_options","15":"first","16":"instock","17":"featured","18":"shipping-taxable","19":"purchasable","20":"product-type-variable"},"aioseo_notices":[],"brands":[{"id":1275,"name":"Bang","slug":"bang"}],"_links":{"self":[{"href":"https:\/\/www.vape4wholesale.com\/de\/wp-json\/wp\/v2\/product\/16486","targetHints":{"allow":["GET"]}}],"collection":[{"href":"https:\/\/www.vape4wholesale.com\/de\/wp-json\/wp\/v2\/product"}],"about":[{"href":"https:\/\/www.vape4wholesale.com\/de\/wp-json\/wp\/v2\/types\/product"}],"replies":[{"embeddable":true,"href":"https:\/\/www.vape4wholesale.com\/de\/wp-json\/wp\/v2\/comments?post=16486"}],"wp:featuredmedia":[{"embeddable":true,"href":"https:\/\/www.vape4wholesale.com\/de\/wp-json\/wp\/v2\/media\/16492"}],"wp:attachment":[{"href":"https:\/\/www.vape4wholesale.com\/de\/wp-json\/wp\/v2\/media?parent=16486"}],"wp:term":[{"taxonomy":"pwb-brand","embeddable":true,"href":"https:\/\/www.vape4wholesale.com\/de\/wp-json\/wp\/v2\/pwb-brand?post=16486"},{"taxonomy":"product_cat","embeddable":true,"href":"https:\/\/www.vape4wholesale.com\/de\/wp-json\/wp\/v2\/product_cat?post=16486"},{"taxonomy":"product_tag","embeddable":true,"href":"https:\/\/www.vape4wholesale.com\/de\/wp-json\/wp\/v2\/product_tag?post=16486"}],"curies":[{"name":"wp","href":"https:\/\/api.w.org\/{rel}","templated":true}]}}