{"id":16445,"date":"2024-07-24T15:10:00","date_gmt":"2024-07-24T07:10:00","guid":{"rendered":"https:\/\/www.vape4wholesale.com\/?post_type=product&#038;p=16445"},"modified":"2026-03-18T00:14:59","modified_gmt":"2026-03-17T16:14:59","slug":"vapsolo-zwillinge-20000-puffs-einweg-vape-groshandel","status":"publish","type":"product","link":"https:\/\/www.vape4wholesale.com\/de\/produkt\/vapsolo-zwillinge-20000-puffs-einweg-vape-groshandel","title":{"rendered":"Vapsolo Zwillinge 20000 Puffs Einweg Vape Gro\u00dfhandel"},"content":{"rendered":"<p>Die <a href=\"\/de\/produkt_marke\/vapsolo\/\" rel=\"sponsored\">VapSolo<\/a> Twins 20000 ist ein Premium-und modernste Einweg vape, kommt es mit 25ml eliquid und mit 0,6\u03a9 Widerstand Mesh-Spule, und es bauen mit 650mah rechargebale Batterie stellen Sie sicher, es unterst\u00fctzen bis zu 2000 Puffs.<\/p>\n<p>Es verf\u00fcgt \u00fcber doppelte Aromen f\u00fcr Schalter und mit intelligenten Bildschirm, um die Batterie und eliquid Rest anzuzeigen.<\/p>\n<p>Bestellen Sie unsere gro\u00dfe Auswahl an 10 Geschmacksrichtungen von Vapsolo Twins zum besten Preis und mit schnellem Versand.<\/p>\n<p>Beobachten Sie die <a title=\"vapesolo Zwillinge Video\" href=\"https:\/\/youtube.com\/shorts\/jYfwcxRsAnc?si=cJjFvkdWPRfrGENx\" target=\"_blank\" rel=\"noopener\">vapesolo Zwillinge Video<\/a> um mehr \u00fcber die Funktionen dieses Produkts zu erfahren.<\/p>\n<h2>Vapsolo Zwillinge 20000 Puffs Einweg Vape Schnelles Detail<\/h2>\n<ul>\n<li>Pusten: Bis zu 20000 Z\u00fcge<\/li>\n<li>Fl\u00fcssigkeit: 19 mL vorgef\u00fcllte Dul Tant<\/li>\n<li>Nikotin: 0%\/2%\/3%\/5%<\/li>\n<li>Akku: 650mAh Wiederaufladbar<\/li>\n<li>Kern: Maschenspule 1,0 \u03a9<\/li>\n<li>Wiederaufladbar, Typ-C-Ladeanschluss<\/li>\n<li>Smart-Display-Bildschirm<\/li>\n<li>Dual Mesh Spule<\/li>\n<li>Luftstromkontrolle<\/li>\n<li>2 in 1 Multi Flavour Choice<\/li>\n<li>Ziehaktivierter Pod-Bausatz<\/li>\n<li>Einfach zu bedienen &amp; MTL Vaping Ger\u00e4t<\/li>\n<\/ul>\n<h2>Verf\u00fcgbare Geschmacksrichtungen<\/h2>\n<p>01# Lemon Lime &amp; Watermelon Ice<br \/>\n02# Grape Ice &amp; Strawberry Kiwi<br \/>\n03# Pineapple Coconut&amp; Strawberry Banana<br \/>\n04# Orange Mango Watermelon &amp; Red Bull<br \/>\n05# Blueberry Ice &amp; Fizzy Cherry<br \/>\n06# Watermelon Ice &amp; Mixed Berry<br \/>\n07# Strawberry Banana &amp; Fizzy Cherry<br \/>\n08# Strawberry Raspberry Cherry Ice &amp; Grape Ice<br \/>\n09# Blue Razz Lemonade &amp; Lemon Lime<br \/>\n10# Wassermeloneneis &amp; Erdbeer-Mango<br \/>\n11# Dreifach Melone &amp; Himbeere Wassermelone<br \/>\n12# Black ice Dragon Fruit Strawberry &amp; Raspberry Watermelon<br \/>\n13# Pineapple Coconut &amp; Watermelon Ice<br \/>\n14# Strawberry Ice &amp; Mango Peach Watermelon<br \/>\n15# Strawberry Kiwi &amp; Strawberry Raspberry Cherry Ice<br \/>\n16# Triple Melon &amp; Pineapple Coconut<br \/>\n17# Cherry Cola&amp; Juicy Peach Ice<br \/>\n18# Strawberry Watermelon&amp; Gummy Bear<br \/>\n19# Blueberry Blackcurrant&amp; Grapefruit Refresher<br \/>\n20# Passion Fruit Mojito&amp; Triple Mint<\/p>\n<h2>Details zur Verpackung<\/h2>\n<ul>\n<li>Einzelgewicht\uff1a108g\/St\u00fcck<\/li>\n<li>200 Stck.\/Ktn;10 Stck.\/Karton<\/li>\n<li>23.3kg\/ctn<\/li>\n<li>Gr\u00f6\u00dfe des Kartons: 44*43*26.5CM<\/li>\n<\/ul>\n<figure id=\"attachment_16450\" aria-describedby=\"caption-attachment-16450\" style=\"width: 800px\" class=\"wp-caption alignnone\"><img loading=\"lazy\" decoding=\"async\" class=\"size-full wp-image-16450\" title=\"Vapsolo Twins 20000 Puffs Einweg Vape Gro\u00dfhandel BLACK ICE DRAGONFRUIT STRAWBERRY\" src=\"https:\/\/www.vape4wholesale.com\/wp-content\/uploads\/2024\/07\/Vapsolo-Twins-20000-Puffs-Disposable-Vape-Wholesale-BLACK-ICE-DRAGONFRUIT-STRAWBERRY.jpg\" alt=\"Vapsolo Twins 20000 Puffs Einweg Vape Gro\u00dfhandel BLACK ICE DRAGONFRUIT STRAWBERRY\" width=\"800\" height=\"800\" srcset=\"https:\/\/www.vape4wholesale.com\/wp-content\/uploads\/2024\/07\/Vapsolo-Twins-20000-Puffs-Disposable-Vape-Wholesale-BLACK-ICE-DRAGONFRUIT-STRAWBERRY.jpg 800w, https:\/\/www.vape4wholesale.com\/wp-content\/uploads\/2024\/07\/Vapsolo-Twins-20000-Puffs-Disposable-Vape-Wholesale-BLACK-ICE-DRAGONFRUIT-STRAWBERRY-247x247.jpg 247w, https:\/\/www.vape4wholesale.com\/wp-content\/uploads\/2024\/07\/Vapsolo-Twins-20000-Puffs-Disposable-Vape-Wholesale-BLACK-ICE-DRAGONFRUIT-STRAWBERRY-100x100.jpg 100w, https:\/\/www.vape4wholesale.com\/wp-content\/uploads\/2024\/07\/Vapsolo-Twins-20000-Puffs-Disposable-Vape-Wholesale-BLACK-ICE-DRAGONFRUIT-STRAWBERRY-510x510.jpg 510w, https:\/\/www.vape4wholesale.com\/wp-content\/uploads\/2024\/07\/Vapsolo-Twins-20000-Puffs-Disposable-Vape-Wholesale-BLACK-ICE-DRAGONFRUIT-STRAWBERRY-64x64.jpg 64w, https:\/\/www.vape4wholesale.com\/wp-content\/uploads\/2024\/07\/Vapsolo-Twins-20000-Puffs-Disposable-Vape-Wholesale-BLACK-ICE-DRAGONFRUIT-STRAWBERRY-300x300.jpg 300w, https:\/\/www.vape4wholesale.com\/wp-content\/uploads\/2024\/07\/Vapsolo-Twins-20000-Puffs-Disposable-Vape-Wholesale-BLACK-ICE-DRAGONFRUIT-STRAWBERRY-150x150.jpg 150w, https:\/\/www.vape4wholesale.com\/wp-content\/uploads\/2024\/07\/Vapsolo-Twins-20000-Puffs-Disposable-Vape-Wholesale-BLACK-ICE-DRAGONFRUIT-STRAWBERRY-768x768.jpg 768w, https:\/\/www.vape4wholesale.com\/wp-content\/uploads\/2024\/07\/Vapsolo-Twins-20000-Puffs-Disposable-Vape-Wholesale-BLACK-ICE-DRAGONFRUIT-STRAWBERRY-12x12.jpg 12w\" sizes=\"auto, (max-width: 800px) 100vw, 800px\" \/><figcaption id=\"caption-attachment-16450\" class=\"wp-caption-text\">Vapsolo Zwillinge 20000 Puffs Einweg Vape Gro\u00dfhandel<\/figcaption><\/figure>\n<h2>WARUM WIR?<\/h2>\r\n<ul>\r\n<li>Echte, vertrauensw\u00fcrdige und professionelle Vape-Quelle.<\/li>\r\n<li>100% Echtheitsgarantie: Wir bieten nur originale und echte Produkte, lehnen F\u00e4lschungen ab.<\/li>\r\n<li>100% Liefergarantie: Wir verwenden die beste Versandmethode, um sicherzustellen, dass Sie die Bestellung 100% erhalten.<\/li>\r\n<li>Wir geben Ihnen die Tracking-Nummer und den Versandaufkleber nach dem Versand und verfolgen die Ware f\u00fcr Sie, bis Sie sie abholen.<\/li>\r\n<li>Keine Zollprobleme, keine Z\u00f6lle<\/li>\r\n<\/ul>","protected":false},"excerpt":{"rendered":"<p><b><span style=\"color: #00a859;\">Free shipping<\/span>\u00a0from Europe warehouse, 7-15 working days delivery time.<\/b><\/p>\r\n<div class=\"wsppc_div_block woocommerce_before_add_to_cart_form\">\r\n<p><strong>Clear customs before delivery &amp; 100% Delivery Guarantee<\/strong><\/p>\r\n<\/div>","protected":false},"featured_media":16447,"comment_status":"open","ping_status":"closed","template":"","meta":[],"pwb-brand":[1271],"product_cat":[938],"product_tag":[22,24,692,794,899],"class_list":{"0":"post-16445","1":"product","2":"type-product","3":"status-publish","4":"has-post-thumbnail","6":"pwb-brand-vapsolo","7":"product_cat-europe-warehouse","8":"product_tag-disposable","9":"product_tag-wholesale","10":"product_tag-25-0ml","11":"product_tag-20000-puffs","12":"product_tag-vapsolo","13":"product_shipping_class-eu-warehouse","14":"wcpa_has_options","16":"first","17":"instock","18":"shipping-taxable","19":"purchasable","20":"product-type-variable"},"aioseo_notices":[],"brands":[{"id":1271,"name":"Vapsolo","slug":"vapsolo"}],"_links":{"self":[{"href":"https:\/\/www.vape4wholesale.com\/de\/wp-json\/wp\/v2\/product\/16445","targetHints":{"allow":["GET"]}}],"collection":[{"href":"https:\/\/www.vape4wholesale.com\/de\/wp-json\/wp\/v2\/product"}],"about":[{"href":"https:\/\/www.vape4wholesale.com\/de\/wp-json\/wp\/v2\/types\/product"}],"replies":[{"embeddable":true,"href":"https:\/\/www.vape4wholesale.com\/de\/wp-json\/wp\/v2\/comments?post=16445"}],"wp:featuredmedia":[{"embeddable":true,"href":"https:\/\/www.vape4wholesale.com\/de\/wp-json\/wp\/v2\/media\/16447"}],"wp:attachment":[{"href":"https:\/\/www.vape4wholesale.com\/de\/wp-json\/wp\/v2\/media?parent=16445"}],"wp:term":[{"taxonomy":"pwb-brand","embeddable":true,"href":"https:\/\/www.vape4wholesale.com\/de\/wp-json\/wp\/v2\/pwb-brand?post=16445"},{"taxonomy":"product_cat","embeddable":true,"href":"https:\/\/www.vape4wholesale.com\/de\/wp-json\/wp\/v2\/product_cat?post=16445"},{"taxonomy":"product_tag","embeddable":true,"href":"https:\/\/www.vape4wholesale.com\/de\/wp-json\/wp\/v2\/product_tag?post=16445"}],"curies":[{"name":"wp","href":"https:\/\/api.w.org\/{rel}","templated":true}]}}