{"id":16414,"date":"2024-07-23T14:13:00","date_gmt":"2024-07-23T06:13:00","guid":{"rendered":"https:\/\/www.vape4wholesale.com\/?post_type=product&#038;p=16414"},"modified":"2026-02-02T07:02:18","modified_gmt":"2026-02-02T07:02:18","slug":"vapsolo-viking-12000-puffs-einweg-vape-groshandel","status":"publish","type":"product","link":"https:\/\/www.vape4wholesale.com\/de\/product\/vapsolo-viking-12000-puffs-disposable-vape-wholesale","title":{"rendered":"Vapsolo Viking 12000 Puffs Einweg Vape Gro\u00dfhandel"},"content":{"rendered":"<p>Die <a href=\"\/de\/produkt_marke\/vapsolo\/\">VapSolo<\/a> Viking 12000 ist ein einzigartiges Design Einweg vape, die mit Mesh-Spule kommt, vorgef\u00fcllt 22ml e-Fl\u00fcssigkeit, und mit 650mAh Typ-C-Akku. Mit seiner 4-stufigen Airflow-Management-Steuerung, und mit LCD-Display k\u00f6nnen Sie sehen, Batterie und Fl\u00fcssigkeit Kapazit\u00e4t verbleibenden.<\/p>\n<p>Bestellen Sie unsere gro\u00dfe Auswahl von 15 Geschmacksrichtungen des Vapsolo Viking 12000 Einwegdampfers zum besten Preis und mit schnellem Versand.<\/p>\n<div>\n<h2>Vapsolo Viking 12000 Puffs Einweg Vape Schnelles Detail<\/h2>\n<ul>\n<li>Puste: Bis zu 12000 Z\u00fcge<\/li>\n<li>Fl\u00fcssigkeit: 22 mL Vorgef\u00fcllt<\/li>\n<li>Nikotin: 2%\/5%<\/li>\n<li>Akku: 650mAh Wiederaufladbar<\/li>\n<li>Kern: Maschenspule 1,0 \u03a9<\/li>\n<li>Vorgef\u00fcllte +Mesh-Spule*2<\/li>\n<li>Wiederaufladbar, Typ-C-Ladeanschluss<\/li>\n<li>Luftstromregelung: 4 Stufen<\/li>\n<li>Strom- und E-Saft-Anzeige<\/li>\n<\/ul>\n<\/div>\n<div>\n<div class=\"wmkc-template-12\">\n<h2 class=\"wmkc-white\">Verf\u00fcgbare Geschmacksrichtungen<\/h2>\n<\/div>\n<ol>\n<li>Heidelbeere-Himbeere<\/li>\n<li>Blaubeere<\/li>\n<li>Kirsche mit Kohlens\u00e4ure<\/li>\n<li>Wassermelone Eis<\/li>\n<li>Erdbeer-Kiwi<\/li>\n<li>Erdbeere Wassermelone<\/li>\n<li>Sommertraum<\/li>\n<li>Heidelbeere Kirsche Cranberry<\/li>\n<li>Zitrone-Limette<\/li>\n<li>Gummib\u00e4rchen<\/li>\n<li>Erdbeere-Banane<\/li>\n<li>Frische Minze<\/li>\n<li>Erdbeer-Himbeer-Eis<\/li>\n<li>Zitrone Pfirsich<\/li>\n<li>Rotes Apfel-Eis<\/li>\n<\/ol>\n<\/div>\n<h2>Details zur Verpackung:<\/h2>\n<ul>\n<li>200 Stck.\/Ktn;10 Stck.\/Karton<\/li>\n<li>Gewicht\uff1a85g\/St\u00fcck<\/li>\n<li>18.6kg\/ctn<\/li>\n<li>Gr\u00f6\u00dfe des Kartons: 44*43*26.5CM<\/li>\n<\/ul>\n<figure id=\"attachment_16422\" aria-describedby=\"caption-attachment-16422\" style=\"width: 800px\" class=\"wp-caption alignnone\"><img loading=\"lazy\" decoding=\"async\" class=\"size-full wp-image-16422\" title=\"Vapsolo Viking 12000 Puffs Einweg Vape Gro\u00dfhandel Zitrone Pfirsich\" src=\"https:\/\/www.vape4wholesale.com\/wp-content\/uploads\/2024\/07\/Vapsolo-Viking-12000-Puffs-Disposable-Vape-Wholesale-Lemon-Peach.jpg\" alt=\"Vapsolo Viking 12000 Puffs Einweg Vape Gro\u00dfhandel Zitrone Pfirsich\" width=\"800\" height=\"800\" srcset=\"https:\/\/www.vape4wholesale.com\/wp-content\/uploads\/2024\/07\/Vapsolo-Viking-12000-Puffs-Disposable-Vape-Wholesale-Lemon-Peach.jpg 800w, https:\/\/www.vape4wholesale.com\/wp-content\/uploads\/2024\/07\/Vapsolo-Viking-12000-Puffs-Disposable-Vape-Wholesale-Lemon-Peach-247x247.jpg 247w, https:\/\/www.vape4wholesale.com\/wp-content\/uploads\/2024\/07\/Vapsolo-Viking-12000-Puffs-Disposable-Vape-Wholesale-Lemon-Peach-100x100.jpg 100w, https:\/\/www.vape4wholesale.com\/wp-content\/uploads\/2024\/07\/Vapsolo-Viking-12000-Puffs-Disposable-Vape-Wholesale-Lemon-Peach-510x510.jpg 510w, https:\/\/www.vape4wholesale.com\/wp-content\/uploads\/2024\/07\/Vapsolo-Viking-12000-Puffs-Disposable-Vape-Wholesale-Lemon-Peach-64x64.jpg 64w, https:\/\/www.vape4wholesale.com\/wp-content\/uploads\/2024\/07\/Vapsolo-Viking-12000-Puffs-Disposable-Vape-Wholesale-Lemon-Peach-300x300.jpg 300w, https:\/\/www.vape4wholesale.com\/wp-content\/uploads\/2024\/07\/Vapsolo-Viking-12000-Puffs-Disposable-Vape-Wholesale-Lemon-Peach-150x150.jpg 150w, https:\/\/www.vape4wholesale.com\/wp-content\/uploads\/2024\/07\/Vapsolo-Viking-12000-Puffs-Disposable-Vape-Wholesale-Lemon-Peach-768x768.jpg 768w, https:\/\/www.vape4wholesale.com\/wp-content\/uploads\/2024\/07\/Vapsolo-Viking-12000-Puffs-Disposable-Vape-Wholesale-Lemon-Peach-12x12.jpg 12w\" sizes=\"auto, (max-width: 800px) 100vw, 800px\" \/><figcaption id=\"caption-attachment-16422\" class=\"wp-caption-text\">Vapsolo Viking 12000 Puffs Einweg Vape Gro\u00dfhandel<\/figcaption><\/figure>\n<h2>WARUM WIR?<\/h2>\r\n<ul>\r\n<li>Echte, vertrauensw\u00fcrdige und professionelle Vape-Quelle.<\/li>\r\n<li>100% Echtheitsgarantie: Wir bieten nur originale und echte Produkte, lehnen F\u00e4lschungen ab.<\/li>\r\n<li>100% Liefergarantie: Wir verwenden die beste Versandmethode, um sicherzustellen, dass Sie die Bestellung 100% erhalten.<\/li>\r\n<li>Wir geben Ihnen die Tracking-Nummer und den Versandaufkleber nach dem Versand und verfolgen die Ware f\u00fcr Sie, bis Sie sie abholen.<\/li>\r\n<li>Keine Zollprobleme, keine Z\u00f6lle<\/li>\r\n<\/ul>","protected":false},"excerpt":{"rendered":"<p><b><span style=\"color: #00a859;\">Kostenloser Versand<\/span>\u00a0Aus dem Europa-Lager, Lieferzeit 7-15 Werktage.<\/b><\/p>\r\n<div class=\"wsppc_div_block woocommerce_before_add_to_cart_form\">\r\n<p><strong>Zollabfertigung vor Lieferung &amp; 100% Liefergarantie<\/strong><\/p>\r\n<\/div>","protected":false},"featured_media":16419,"comment_status":"open","ping_status":"closed","template":"","meta":[],"pwb-brand":[1271],"product_cat":[871],"product_tag":[22,24,556,877,899],"class_list":{"0":"post-16414","1":"product","2":"type-product","3":"status-publish","4":"has-post-thumbnail","6":"pwb-brand-vapsolo","7":"product_cat-10-15k-puffs","8":"product_tag-disposable","9":"product_tag-wholesale","10":"product_tag-12000-puffs","11":"product_tag-22-0ml","12":"product_tag-vapsolo","13":"product_shipping_class-vapsolo-cn-eu","14":"wcpa_has_options","16":"first","17":"outofstock","18":"shipping-taxable","19":"purchasable","20":"product-type-variable"},"aioseo_notices":[],"brands":[{"id":1271,"name":"Vapsolo","slug":"vapsolo"}],"_links":{"self":[{"href":"https:\/\/www.vape4wholesale.com\/de\/wp-json\/wp\/v2\/product\/16414","targetHints":{"allow":["GET"]}}],"collection":[{"href":"https:\/\/www.vape4wholesale.com\/de\/wp-json\/wp\/v2\/product"}],"about":[{"href":"https:\/\/www.vape4wholesale.com\/de\/wp-json\/wp\/v2\/types\/product"}],"replies":[{"embeddable":true,"href":"https:\/\/www.vape4wholesale.com\/de\/wp-json\/wp\/v2\/comments?post=16414"}],"wp:featuredmedia":[{"embeddable":true,"href":"https:\/\/www.vape4wholesale.com\/de\/wp-json\/wp\/v2\/media\/16419"}],"wp:attachment":[{"href":"https:\/\/www.vape4wholesale.com\/de\/wp-json\/wp\/v2\/media?parent=16414"}],"wp:term":[{"taxonomy":"pwb-brand","embeddable":true,"href":"https:\/\/www.vape4wholesale.com\/de\/wp-json\/wp\/v2\/pwb-brand?post=16414"},{"taxonomy":"product_cat","embeddable":true,"href":"https:\/\/www.vape4wholesale.com\/de\/wp-json\/wp\/v2\/product_cat?post=16414"},{"taxonomy":"product_tag","embeddable":true,"href":"https:\/\/www.vape4wholesale.com\/de\/wp-json\/wp\/v2\/product_tag?post=16414"}],"curies":[{"name":"wp","href":"https:\/\/api.w.org\/{rel}","templated":true}]}}